{"id":22,"date":"2024-10-16T15:27:25","date_gmt":"2024-10-16T13:27:25","guid":{"rendered":"https:\/\/labs.100x100.net\/projects\/segales\/?page_id=22"},"modified":"2024-10-29T15:37:50","modified_gmt":"2024-10-29T14:37:50","slug":"noticias","status":"publish","type":"page","link":"https:\/\/labs.100x100.net\/projects\/segales\/noticias\/","title":{"rendered":"Noticias"},"content":{"rendered":"","protected":false},"excerpt":{"rendered":"","protected":false},"author":1,"featured_media":0,"parent":0,"menu_order":0,"comment_status":"closed","ping_status":"closed","template":"page-noticias.php","meta":{"_acf_changed":false,"footnotes":""},"class_list":["post-22","page","type-page","status-publish","hentry"],"acf":[],"yoast_head":"<!-- This site is optimized with the Yoast SEO plugin v23.8 - https:\/\/yoast.com\/wordpress\/plugins\/seo\/ -->\n<title>Noticias - Segal\u00e9s - Innovaci\u00f3n en Maquinaria Industrial<\/title>\n<meta name=\"description\" content=\"Inf\u00f3rmese sobre las \u00faltimas novedades de Segal\u00e9s en maquinaria para la separaci\u00f3n, el manejo y el tratamiento de residuos para todo tipo de industrias\" \/>\n<meta name=\"robots\" content=\"noindex, follow, max-snippet:-1, max-image-preview:large, max-video-preview:-1\" \/>\n<meta property=\"og:locale\" content=\"es_ES\" \/>\n<meta property=\"og:type\" content=\"article\" \/>\n<meta property=\"og:title\" content=\"Noticias - Segal\u00e9s - Innovaci\u00f3n en Maquinaria Industrial\" \/>\n<meta property=\"og:description\" content=\"Inf\u00f3rmese sobre las \u00faltimas novedades de Segal\u00e9s en maquinaria para la separaci\u00f3n, el manejo y el tratamiento de residuos para todo tipo de industrias\" \/>\n<meta property=\"og:url\" content=\"https:\/\/labs.100x100.net\/projects\/segales\/noticias\/\" \/>\n<meta property=\"og:site_name\" content=\"Segal\u00e9s\" \/>\n<meta property=\"article:modified_time\" content=\"2024-10-29T14:37:50+00:00\" \/>\n<meta name=\"twitter:card\" content=\"summary_large_image\" \/>\n<script type=\"application\/ld+json\" class=\"yoast-schema-graph\">{\"@context\":\"https:\/\/schema.org\",\"@graph\":[{\"@type\":\"WebPage\",\"@id\":\"https:\/\/labs.100x100.net\/projects\/segales\/noticias\/\",\"url\":\"https:\/\/labs.100x100.net\/projects\/segales\/noticias\/\",\"name\":\"Noticias - Segal\u00e9s - Innovaci\u00f3n en Maquinaria Industrial\",\"isPartOf\":{\"@id\":\"https:\/\/labs.100x100.net\/projects\/segales\/#website\"},\"datePublished\":\"2024-10-16T13:27:25+00:00\",\"dateModified\":\"2024-10-29T14:37:50+00:00\",\"description\":\"Inf\u00f3rmese sobre las \u00faltimas novedades de Segal\u00e9s en maquinaria para la separaci\u00f3n, el manejo y el tratamiento de residuos para todo tipo de industrias\",\"breadcrumb\":{\"@id\":\"https:\/\/labs.100x100.net\/projects\/segales\/noticias\/#breadcrumb\"},\"inLanguage\":\"es\",\"potentialAction\":[{\"@type\":\"ReadAction\",\"target\":[\"https:\/\/labs.100x100.net\/projects\/segales\/noticias\/\"]}]},{\"@type\":\"BreadcrumbList\",\"@id\":\"https:\/\/labs.100x100.net\/projects\/segales\/noticias\/#breadcrumb\",\"itemListElement\":[{\"@type\":\"ListItem\",\"position\":1,\"name\":\"Portada\",\"item\":\"https:\/\/labs.100x100.net\/projects\/segales\/\"},{\"@type\":\"ListItem\",\"position\":2,\"name\":\"Noticias\"}]},{\"@type\":\"WebSite\",\"@id\":\"https:\/\/labs.100x100.net\/projects\/segales\/#website\",\"url\":\"https:\/\/labs.100x100.net\/projects\/segales\/\",\"name\":\"Segal\u00e9s\",\"description\":\"Maquinaria producci\u00f3n ganadera, biog\u00e1s, industria y tratamientos purines y vacunos\",\"potentialAction\":[{\"@type\":\"SearchAction\",\"target\":{\"@type\":\"EntryPoint\",\"urlTemplate\":\"https:\/\/labs.100x100.net\/projects\/segales\/?s={search_term_string}\"},\"query-input\":{\"@type\":\"PropertyValueSpecification\",\"valueRequired\":true,\"valueName\":\"search_term_string\"}}],\"inLanguage\":\"es\"}]}<\/script>\n<!-- \/ Yoast SEO plugin. -->","yoast_head_json":{"title":"Noticias - Segal\u00e9s - Innovaci\u00f3n en Maquinaria Industrial","description":"Inf\u00f3rmese sobre las \u00faltimas novedades de Segal\u00e9s en maquinaria para la separaci\u00f3n, el manejo y el tratamiento de residuos para todo tipo de industrias","robots":{"index":"noindex","follow":"follow","max-snippet":"max-snippet:-1","max-image-preview":"max-image-preview:large","max-video-preview":"max-video-preview:-1"},"og_locale":"es_ES","og_type":"article","og_title":"Noticias - Segal\u00e9s - Innovaci\u00f3n en Maquinaria Industrial","og_description":"Inf\u00f3rmese sobre las \u00faltimas novedades de Segal\u00e9s en maquinaria para la separaci\u00f3n, el manejo y el tratamiento de residuos para todo tipo de industrias","og_url":"https:\/\/labs.100x100.net\/projects\/segales\/noticias\/","og_site_name":"Segal\u00e9s","article_modified_time":"2024-10-29T14:37:50+00:00","twitter_card":"summary_large_image","schema":{"@context":"https:\/\/schema.org","@graph":[{"@type":"WebPage","@id":"https:\/\/labs.100x100.net\/projects\/segales\/noticias\/","url":"https:\/\/labs.100x100.net\/projects\/segales\/noticias\/","name":"Noticias - Segal\u00e9s - Innovaci\u00f3n en Maquinaria Industrial","isPartOf":{"@id":"https:\/\/labs.100x100.net\/projects\/segales\/#website"},"datePublished":"2024-10-16T13:27:25+00:00","dateModified":"2024-10-29T14:37:50+00:00","description":"Inf\u00f3rmese sobre las \u00faltimas novedades de Segal\u00e9s en maquinaria para la separaci\u00f3n, el manejo y el tratamiento de residuos para todo tipo de industrias","breadcrumb":{"@id":"https:\/\/labs.100x100.net\/projects\/segales\/noticias\/#breadcrumb"},"inLanguage":"es","potentialAction":[{"@type":"ReadAction","target":["https:\/\/labs.100x100.net\/projects\/segales\/noticias\/"]}]},{"@type":"BreadcrumbList","@id":"https:\/\/labs.100x100.net\/projects\/segales\/noticias\/#breadcrumb","itemListElement":[{"@type":"ListItem","position":1,"name":"Portada","item":"https:\/\/labs.100x100.net\/projects\/segales\/"},{"@type":"ListItem","position":2,"name":"Noticias"}]},{"@type":"WebSite","@id":"https:\/\/labs.100x100.net\/projects\/segales\/#website","url":"https:\/\/labs.100x100.net\/projects\/segales\/","name":"Segal\u00e9s","description":"Maquinaria producci\u00f3n ganadera, biog\u00e1s, industria y tratamientos purines y vacunos","potentialAction":[{"@type":"SearchAction","target":{"@type":"EntryPoint","urlTemplate":"https:\/\/labs.100x100.net\/projects\/segales\/?s={search_term_string}"},"query-input":{"@type":"PropertyValueSpecification","valueRequired":true,"valueName":"search_term_string"}}],"inLanguage":"es"}]}},"_links":{"self":[{"href":"https:\/\/labs.100x100.net\/projects\/segales\/wp-json\/wp\/v2\/pages\/22"}],"collection":[{"href":"https:\/\/labs.100x100.net\/projects\/segales\/wp-json\/wp\/v2\/pages"}],"about":[{"href":"https:\/\/labs.100x100.net\/projects\/segales\/wp-json\/wp\/v2\/types\/page"}],"author":[{"embeddable":true,"href":"https:\/\/labs.100x100.net\/projects\/segales\/wp-json\/wp\/v2\/users\/1"}],"replies":[{"embeddable":true,"href":"https:\/\/labs.100x100.net\/projects\/segales\/wp-json\/wp\/v2\/comments?post=22"}],"version-history":[{"count":1,"href":"https:\/\/labs.100x100.net\/projects\/segales\/wp-json\/wp\/v2\/pages\/22\/revisions"}],"predecessor-version":[{"id":23,"href":"https:\/\/labs.100x100.net\/projects\/segales\/wp-json\/wp\/v2\/pages\/22\/revisions\/23"}],"wp:attachment":[{"href":"https:\/\/labs.100x100.net\/projects\/segales\/wp-json\/wp\/v2\/media?parent=22"}],"curies":[{"name":"wp","href":"https:\/\/api.w.org\/{rel}","templated":true}]}}