{"id":18,"date":"2024-10-16T15:26:56","date_gmt":"2024-10-16T13:26:56","guid":{"rendered":"https:\/\/labs.100x100.net\/projects\/segales\/?page_id=18"},"modified":"2024-10-29T15:51:31","modified_gmt":"2024-10-29T14:51:31","slug":"vision-mision","status":"publish","type":"page","link":"https:\/\/labs.100x100.net\/projects\/segales\/vision-mision\/","title":{"rendered":"Visi\u00f3n Misi\u00f3n"},"content":{"rendered":"","protected":false},"excerpt":{"rendered":"","protected":false},"author":1,"featured_media":0,"parent":0,"menu_order":0,"comment_status":"closed","ping_status":"closed","template":"page-vision.php","meta":{"_acf_changed":false,"footnotes":""},"class_list":["post-18","page","type-page","status-publish","hentry"],"acf":[],"yoast_head":"<!-- This site is optimized with the Yoast SEO plugin v23.8 - https:\/\/yoast.com\/wordpress\/plugins\/seo\/ -->\n<title>Visi\u00f3n Misi\u00f3n - Liderando el futuro de la mec\u00e1nica medioambiental - Segal\u00e9s<\/title>\n<meta name=\"description\" content=\"En Segal\u00e9s, nuestra misi\u00f3n es ofrecer soluciones mec\u00e1nicas de alta calidad, adaptadas a las necesidades espec\u00edficas de nuestros clientes.\" \/>\n<meta name=\"robots\" content=\"noindex, follow, max-snippet:-1, max-image-preview:large, max-video-preview:-1\" \/>\n<meta property=\"og:locale\" content=\"es_ES\" \/>\n<meta property=\"og:type\" content=\"article\" \/>\n<meta property=\"og:title\" content=\"Visi\u00f3n Misi\u00f3n - Liderando el futuro de la mec\u00e1nica medioambiental - Segal\u00e9s\" \/>\n<meta property=\"og:description\" content=\"En Segal\u00e9s, nuestra misi\u00f3n es ofrecer soluciones mec\u00e1nicas de alta calidad, adaptadas a las necesidades espec\u00edficas de nuestros clientes.\" \/>\n<meta property=\"og:url\" content=\"https:\/\/labs.100x100.net\/projects\/segales\/vision-mision\/\" \/>\n<meta property=\"og:site_name\" content=\"Segal\u00e9s\" \/>\n<meta property=\"article:modified_time\" content=\"2024-10-29T14:51:31+00:00\" \/>\n<meta name=\"twitter:card\" content=\"summary_large_image\" \/>\n<script type=\"application\/ld+json\" class=\"yoast-schema-graph\">{\"@context\":\"https:\/\/schema.org\",\"@graph\":[{\"@type\":\"WebPage\",\"@id\":\"https:\/\/labs.100x100.net\/projects\/segales\/vision-mision\/\",\"url\":\"https:\/\/labs.100x100.net\/projects\/segales\/vision-mision\/\",\"name\":\"Visi\u00f3n Misi\u00f3n - Liderando el futuro de la mec\u00e1nica medioambiental - Segal\u00e9s\",\"isPartOf\":{\"@id\":\"https:\/\/labs.100x100.net\/projects\/segales\/#website\"},\"datePublished\":\"2024-10-16T13:26:56+00:00\",\"dateModified\":\"2024-10-29T14:51:31+00:00\",\"description\":\"En Segal\u00e9s, nuestra misi\u00f3n es ofrecer soluciones mec\u00e1nicas de alta calidad, adaptadas a las necesidades espec\u00edficas de nuestros clientes.\",\"breadcrumb\":{\"@id\":\"https:\/\/labs.100x100.net\/projects\/segales\/vision-mision\/#breadcrumb\"},\"inLanguage\":\"es\",\"potentialAction\":[{\"@type\":\"ReadAction\",\"target\":[\"https:\/\/labs.100x100.net\/projects\/segales\/vision-mision\/\"]}]},{\"@type\":\"BreadcrumbList\",\"@id\":\"https:\/\/labs.100x100.net\/projects\/segales\/vision-mision\/#breadcrumb\",\"itemListElement\":[{\"@type\":\"ListItem\",\"position\":1,\"name\":\"Portada\",\"item\":\"https:\/\/labs.100x100.net\/projects\/segales\/\"},{\"@type\":\"ListItem\",\"position\":2,\"name\":\"Visi\u00f3n Misi\u00f3n\"}]},{\"@type\":\"WebSite\",\"@id\":\"https:\/\/labs.100x100.net\/projects\/segales\/#website\",\"url\":\"https:\/\/labs.100x100.net\/projects\/segales\/\",\"name\":\"Segal\u00e9s\",\"description\":\"Maquinaria producci\u00f3n ganadera, biog\u00e1s, industria y tratamientos purines y vacunos\",\"potentialAction\":[{\"@type\":\"SearchAction\",\"target\":{\"@type\":\"EntryPoint\",\"urlTemplate\":\"https:\/\/labs.100x100.net\/projects\/segales\/?s={search_term_string}\"},\"query-input\":{\"@type\":\"PropertyValueSpecification\",\"valueRequired\":true,\"valueName\":\"search_term_string\"}}],\"inLanguage\":\"es\"}]}<\/script>\n<!-- \/ Yoast SEO plugin. -->","yoast_head_json":{"title":"Visi\u00f3n Misi\u00f3n - Liderando el futuro de la mec\u00e1nica medioambiental - Segal\u00e9s","description":"En Segal\u00e9s, nuestra misi\u00f3n es ofrecer soluciones mec\u00e1nicas de alta calidad, adaptadas a las necesidades espec\u00edficas de nuestros clientes.","robots":{"index":"noindex","follow":"follow","max-snippet":"max-snippet:-1","max-image-preview":"max-image-preview:large","max-video-preview":"max-video-preview:-1"},"og_locale":"es_ES","og_type":"article","og_title":"Visi\u00f3n Misi\u00f3n - Liderando el futuro de la mec\u00e1nica medioambiental - Segal\u00e9s","og_description":"En Segal\u00e9s, nuestra misi\u00f3n es ofrecer soluciones mec\u00e1nicas de alta calidad, adaptadas a las necesidades espec\u00edficas de nuestros clientes.","og_url":"https:\/\/labs.100x100.net\/projects\/segales\/vision-mision\/","og_site_name":"Segal\u00e9s","article_modified_time":"2024-10-29T14:51:31+00:00","twitter_card":"summary_large_image","schema":{"@context":"https:\/\/schema.org","@graph":[{"@type":"WebPage","@id":"https:\/\/labs.100x100.net\/projects\/segales\/vision-mision\/","url":"https:\/\/labs.100x100.net\/projects\/segales\/vision-mision\/","name":"Visi\u00f3n Misi\u00f3n - Liderando el futuro de la mec\u00e1nica medioambiental - Segal\u00e9s","isPartOf":{"@id":"https:\/\/labs.100x100.net\/projects\/segales\/#website"},"datePublished":"2024-10-16T13:26:56+00:00","dateModified":"2024-10-29T14:51:31+00:00","description":"En Segal\u00e9s, nuestra misi\u00f3n es ofrecer soluciones mec\u00e1nicas de alta calidad, adaptadas a las necesidades espec\u00edficas de nuestros clientes.","breadcrumb":{"@id":"https:\/\/labs.100x100.net\/projects\/segales\/vision-mision\/#breadcrumb"},"inLanguage":"es","potentialAction":[{"@type":"ReadAction","target":["https:\/\/labs.100x100.net\/projects\/segales\/vision-mision\/"]}]},{"@type":"BreadcrumbList","@id":"https:\/\/labs.100x100.net\/projects\/segales\/vision-mision\/#breadcrumb","itemListElement":[{"@type":"ListItem","position":1,"name":"Portada","item":"https:\/\/labs.100x100.net\/projects\/segales\/"},{"@type":"ListItem","position":2,"name":"Visi\u00f3n Misi\u00f3n"}]},{"@type":"WebSite","@id":"https:\/\/labs.100x100.net\/projects\/segales\/#website","url":"https:\/\/labs.100x100.net\/projects\/segales\/","name":"Segal\u00e9s","description":"Maquinaria producci\u00f3n ganadera, biog\u00e1s, industria y tratamientos purines y vacunos","potentialAction":[{"@type":"SearchAction","target":{"@type":"EntryPoint","urlTemplate":"https:\/\/labs.100x100.net\/projects\/segales\/?s={search_term_string}"},"query-input":{"@type":"PropertyValueSpecification","valueRequired":true,"valueName":"search_term_string"}}],"inLanguage":"es"}]}},"_links":{"self":[{"href":"https:\/\/labs.100x100.net\/projects\/segales\/wp-json\/wp\/v2\/pages\/18"}],"collection":[{"href":"https:\/\/labs.100x100.net\/projects\/segales\/wp-json\/wp\/v2\/pages"}],"about":[{"href":"https:\/\/labs.100x100.net\/projects\/segales\/wp-json\/wp\/v2\/types\/page"}],"author":[{"embeddable":true,"href":"https:\/\/labs.100x100.net\/projects\/segales\/wp-json\/wp\/v2\/users\/1"}],"replies":[{"embeddable":true,"href":"https:\/\/labs.100x100.net\/projects\/segales\/wp-json\/wp\/v2\/comments?post=18"}],"version-history":[{"count":2,"href":"https:\/\/labs.100x100.net\/projects\/segales\/wp-json\/wp\/v2\/pages\/18\/revisions"}],"predecessor-version":[{"id":145,"href":"https:\/\/labs.100x100.net\/projects\/segales\/wp-json\/wp\/v2\/pages\/18\/revisions\/145"}],"wp:attachment":[{"href":"https:\/\/labs.100x100.net\/projects\/segales\/wp-json\/wp\/v2\/media?parent=18"}],"curies":[{"name":"wp","href":"https:\/\/api.w.org\/{rel}","templated":true}]}}