{"id":14,"date":"2024-10-16T15:26:33","date_gmt":"2024-10-16T13:26:33","guid":{"rendered":"https:\/\/labs.100x100.net\/projects\/segales\/?page_id=14"},"modified":"2024-10-29T15:29:39","modified_gmt":"2024-10-29T14:29:39","slug":"medioambiente","status":"publish","type":"page","link":"https:\/\/labs.100x100.net\/projects\/segales\/medioambiente\/","title":{"rendered":"Medioambiente"},"content":{"rendered":"","protected":false},"excerpt":{"rendered":"","protected":false},"author":1,"featured_media":0,"parent":0,"menu_order":0,"comment_status":"closed","ping_status":"closed","template":"page-medioambiente.php","meta":{"_acf_changed":false,"footnotes":""},"class_list":["post-14","page","type-page","status-publish","hentry"],"acf":[],"yoast_head":"<!-- This site is optimized with the Yoast SEO plugin v23.8 - https:\/\/yoast.com\/wordpress\/plugins\/seo\/ -->\n<title>Compromiso con el Medioambiente - Segal\u00e9s<\/title>\n<meta name=\"description\" content=\"Desde nuestros inicios hace ya m\u00e1s de cinco d\u00e9cadas, Segal\u00e9s ha destacado por su compromiso con el medioambiente.\" \/>\n<meta name=\"robots\" content=\"noindex, follow, max-snippet:-1, max-image-preview:large, max-video-preview:-1\" \/>\n<meta property=\"og:locale\" content=\"es_ES\" \/>\n<meta property=\"og:type\" content=\"article\" \/>\n<meta property=\"og:title\" content=\"Compromiso con el Medioambiente - Segal\u00e9s\" \/>\n<meta property=\"og:description\" content=\"Desde nuestros inicios hace ya m\u00e1s de cinco d\u00e9cadas, Segal\u00e9s ha destacado por su compromiso con el medioambiente.\" \/>\n<meta property=\"og:url\" content=\"https:\/\/labs.100x100.net\/projects\/segales\/medioambiente\/\" \/>\n<meta property=\"og:site_name\" content=\"Segal\u00e9s\" \/>\n<meta property=\"article:modified_time\" content=\"2024-10-29T14:29:39+00:00\" \/>\n<meta name=\"twitter:card\" content=\"summary_large_image\" \/>\n<script type=\"application\/ld+json\" class=\"yoast-schema-graph\">{\"@context\":\"https:\/\/schema.org\",\"@graph\":[{\"@type\":\"WebPage\",\"@id\":\"https:\/\/labs.100x100.net\/projects\/segales\/medioambiente\/\",\"url\":\"https:\/\/labs.100x100.net\/projects\/segales\/medioambiente\/\",\"name\":\"Compromiso con el Medioambiente - Segal\u00e9s\",\"isPartOf\":{\"@id\":\"https:\/\/labs.100x100.net\/projects\/segales\/#website\"},\"datePublished\":\"2024-10-16T13:26:33+00:00\",\"dateModified\":\"2024-10-29T14:29:39+00:00\",\"description\":\"Desde nuestros inicios hace ya m\u00e1s de cinco d\u00e9cadas, Segal\u00e9s ha destacado por su compromiso con el medioambiente.\",\"breadcrumb\":{\"@id\":\"https:\/\/labs.100x100.net\/projects\/segales\/medioambiente\/#breadcrumb\"},\"inLanguage\":\"es\",\"potentialAction\":[{\"@type\":\"ReadAction\",\"target\":[\"https:\/\/labs.100x100.net\/projects\/segales\/medioambiente\/\"]}]},{\"@type\":\"BreadcrumbList\",\"@id\":\"https:\/\/labs.100x100.net\/projects\/segales\/medioambiente\/#breadcrumb\",\"itemListElement\":[{\"@type\":\"ListItem\",\"position\":1,\"name\":\"Portada\",\"item\":\"https:\/\/labs.100x100.net\/projects\/segales\/\"},{\"@type\":\"ListItem\",\"position\":2,\"name\":\"Medioambiente\"}]},{\"@type\":\"WebSite\",\"@id\":\"https:\/\/labs.100x100.net\/projects\/segales\/#website\",\"url\":\"https:\/\/labs.100x100.net\/projects\/segales\/\",\"name\":\"Segal\u00e9s\",\"description\":\"Maquinaria producci\u00f3n ganadera, biog\u00e1s, industria y tratamientos purines y vacunos\",\"potentialAction\":[{\"@type\":\"SearchAction\",\"target\":{\"@type\":\"EntryPoint\",\"urlTemplate\":\"https:\/\/labs.100x100.net\/projects\/segales\/?s={search_term_string}\"},\"query-input\":{\"@type\":\"PropertyValueSpecification\",\"valueRequired\":true,\"valueName\":\"search_term_string\"}}],\"inLanguage\":\"es\"}]}<\/script>\n<!-- \/ Yoast SEO plugin. -->","yoast_head_json":{"title":"Compromiso con el Medioambiente - Segal\u00e9s","description":"Desde nuestros inicios hace ya m\u00e1s de cinco d\u00e9cadas, Segal\u00e9s ha destacado por su compromiso con el medioambiente.","robots":{"index":"noindex","follow":"follow","max-snippet":"max-snippet:-1","max-image-preview":"max-image-preview:large","max-video-preview":"max-video-preview:-1"},"og_locale":"es_ES","og_type":"article","og_title":"Compromiso con el Medioambiente - Segal\u00e9s","og_description":"Desde nuestros inicios hace ya m\u00e1s de cinco d\u00e9cadas, Segal\u00e9s ha destacado por su compromiso con el medioambiente.","og_url":"https:\/\/labs.100x100.net\/projects\/segales\/medioambiente\/","og_site_name":"Segal\u00e9s","article_modified_time":"2024-10-29T14:29:39+00:00","twitter_card":"summary_large_image","schema":{"@context":"https:\/\/schema.org","@graph":[{"@type":"WebPage","@id":"https:\/\/labs.100x100.net\/projects\/segales\/medioambiente\/","url":"https:\/\/labs.100x100.net\/projects\/segales\/medioambiente\/","name":"Compromiso con el Medioambiente - Segal\u00e9s","isPartOf":{"@id":"https:\/\/labs.100x100.net\/projects\/segales\/#website"},"datePublished":"2024-10-16T13:26:33+00:00","dateModified":"2024-10-29T14:29:39+00:00","description":"Desde nuestros inicios hace ya m\u00e1s de cinco d\u00e9cadas, Segal\u00e9s ha destacado por su compromiso con el medioambiente.","breadcrumb":{"@id":"https:\/\/labs.100x100.net\/projects\/segales\/medioambiente\/#breadcrumb"},"inLanguage":"es","potentialAction":[{"@type":"ReadAction","target":["https:\/\/labs.100x100.net\/projects\/segales\/medioambiente\/"]}]},{"@type":"BreadcrumbList","@id":"https:\/\/labs.100x100.net\/projects\/segales\/medioambiente\/#breadcrumb","itemListElement":[{"@type":"ListItem","position":1,"name":"Portada","item":"https:\/\/labs.100x100.net\/projects\/segales\/"},{"@type":"ListItem","position":2,"name":"Medioambiente"}]},{"@type":"WebSite","@id":"https:\/\/labs.100x100.net\/projects\/segales\/#website","url":"https:\/\/labs.100x100.net\/projects\/segales\/","name":"Segal\u00e9s","description":"Maquinaria producci\u00f3n ganadera, biog\u00e1s, industria y tratamientos purines y vacunos","potentialAction":[{"@type":"SearchAction","target":{"@type":"EntryPoint","urlTemplate":"https:\/\/labs.100x100.net\/projects\/segales\/?s={search_term_string}"},"query-input":{"@type":"PropertyValueSpecification","valueRequired":true,"valueName":"search_term_string"}}],"inLanguage":"es"}]}},"_links":{"self":[{"href":"https:\/\/labs.100x100.net\/projects\/segales\/wp-json\/wp\/v2\/pages\/14"}],"collection":[{"href":"https:\/\/labs.100x100.net\/projects\/segales\/wp-json\/wp\/v2\/pages"}],"about":[{"href":"https:\/\/labs.100x100.net\/projects\/segales\/wp-json\/wp\/v2\/types\/page"}],"author":[{"embeddable":true,"href":"https:\/\/labs.100x100.net\/projects\/segales\/wp-json\/wp\/v2\/users\/1"}],"replies":[{"embeddable":true,"href":"https:\/\/labs.100x100.net\/projects\/segales\/wp-json\/wp\/v2\/comments?post=14"}],"version-history":[{"count":3,"href":"https:\/\/labs.100x100.net\/projects\/segales\/wp-json\/wp\/v2\/pages\/14\/revisions"}],"predecessor-version":[{"id":153,"href":"https:\/\/labs.100x100.net\/projects\/segales\/wp-json\/wp\/v2\/pages\/14\/revisions\/153"}],"wp:attachment":[{"href":"https:\/\/labs.100x100.net\/projects\/segales\/wp-json\/wp\/v2\/media?parent=14"}],"curies":[{"name":"wp","href":"https:\/\/api.w.org\/{rel}","templated":true}]}}