{"id":12,"date":"2024-10-16T15:05:55","date_gmt":"2024-10-16T13:05:55","guid":{"rendered":"https:\/\/labs.100x100.net\/projects\/segales\/?page_id=12"},"modified":"2024-10-29T15:25:19","modified_gmt":"2024-10-29T14:25:19","slug":"historia","status":"publish","type":"page","link":"https:\/\/labs.100x100.net\/projects\/segales\/historia\/","title":{"rendered":"Historia"},"content":{"rendered":"","protected":false},"excerpt":{"rendered":"","protected":false},"author":1,"featured_media":0,"parent":0,"menu_order":0,"comment_status":"closed","ping_status":"closed","template":"page-historia.php","meta":{"_acf_changed":false,"footnotes":""},"class_list":["post-12","page","type-page","status-publish","hentry"],"acf":[],"yoast_head":"<!-- This site is optimized with the Yoast SEO plugin v23.8 - https:\/\/yoast.com\/wordpress\/plugins\/seo\/ -->\n<title>Historia de Segal\u00e9s - M\u00e1s de 50 A\u00f1os en Maquinaria Industrial<\/title>\n<meta name=\"description\" content=\"Descubra la historia de Segal\u00e9s, expertos en maquinaria para el tratamiento y gesti\u00f3n de residuos industriales, con m\u00e1s de 50 a\u00f1os de innovaci\u00f3n y calidad\" \/>\n<meta name=\"robots\" content=\"noindex, follow, max-snippet:-1, max-image-preview:large, max-video-preview:-1\" \/>\n<meta property=\"og:locale\" content=\"es_ES\" \/>\n<meta property=\"og:type\" content=\"article\" \/>\n<meta property=\"og:title\" content=\"Historia de Segal\u00e9s - M\u00e1s de 50 A\u00f1os en Maquinaria Industrial\" \/>\n<meta property=\"og:description\" content=\"Descubra la historia de Segal\u00e9s, expertos en maquinaria para el tratamiento y gesti\u00f3n de residuos industriales, con m\u00e1s de 50 a\u00f1os de innovaci\u00f3n y calidad\" \/>\n<meta property=\"og:url\" content=\"https:\/\/labs.100x100.net\/projects\/segales\/historia\/\" \/>\n<meta property=\"og:site_name\" content=\"Segal\u00e9s\" \/>\n<meta property=\"article:modified_time\" content=\"2024-10-29T14:25:19+00:00\" \/>\n<meta name=\"twitter:card\" content=\"summary_large_image\" \/>\n<script type=\"application\/ld+json\" class=\"yoast-schema-graph\">{\"@context\":\"https:\/\/schema.org\",\"@graph\":[{\"@type\":\"WebPage\",\"@id\":\"https:\/\/labs.100x100.net\/projects\/segales\/historia\/\",\"url\":\"https:\/\/labs.100x100.net\/projects\/segales\/historia\/\",\"name\":\"Historia de Segal\u00e9s - M\u00e1s de 50 A\u00f1os en Maquinaria Industrial\",\"isPartOf\":{\"@id\":\"https:\/\/labs.100x100.net\/projects\/segales\/#website\"},\"datePublished\":\"2024-10-16T13:05:55+00:00\",\"dateModified\":\"2024-10-29T14:25:19+00:00\",\"description\":\"Descubra la historia de Segal\u00e9s, expertos en maquinaria para el tratamiento y gesti\u00f3n de residuos industriales, con m\u00e1s de 50 a\u00f1os de innovaci\u00f3n y calidad\",\"breadcrumb\":{\"@id\":\"https:\/\/labs.100x100.net\/projects\/segales\/historia\/#breadcrumb\"},\"inLanguage\":\"es\",\"potentialAction\":[{\"@type\":\"ReadAction\",\"target\":[\"https:\/\/labs.100x100.net\/projects\/segales\/historia\/\"]}]},{\"@type\":\"BreadcrumbList\",\"@id\":\"https:\/\/labs.100x100.net\/projects\/segales\/historia\/#breadcrumb\",\"itemListElement\":[{\"@type\":\"ListItem\",\"position\":1,\"name\":\"Portada\",\"item\":\"https:\/\/labs.100x100.net\/projects\/segales\/\"},{\"@type\":\"ListItem\",\"position\":2,\"name\":\"Historia\"}]},{\"@type\":\"WebSite\",\"@id\":\"https:\/\/labs.100x100.net\/projects\/segales\/#website\",\"url\":\"https:\/\/labs.100x100.net\/projects\/segales\/\",\"name\":\"Segal\u00e9s\",\"description\":\"Maquinaria producci\u00f3n ganadera, biog\u00e1s, industria y tratamientos purines y vacunos\",\"potentialAction\":[{\"@type\":\"SearchAction\",\"target\":{\"@type\":\"EntryPoint\",\"urlTemplate\":\"https:\/\/labs.100x100.net\/projects\/segales\/?s={search_term_string}\"},\"query-input\":{\"@type\":\"PropertyValueSpecification\",\"valueRequired\":true,\"valueName\":\"search_term_string\"}}],\"inLanguage\":\"es\"}]}<\/script>\n<!-- \/ Yoast SEO plugin. -->","yoast_head_json":{"title":"Historia de Segal\u00e9s - M\u00e1s de 50 A\u00f1os en Maquinaria Industrial","description":"Descubra la historia de Segal\u00e9s, expertos en maquinaria para el tratamiento y gesti\u00f3n de residuos industriales, con m\u00e1s de 50 a\u00f1os de innovaci\u00f3n y calidad","robots":{"index":"noindex","follow":"follow","max-snippet":"max-snippet:-1","max-image-preview":"max-image-preview:large","max-video-preview":"max-video-preview:-1"},"og_locale":"es_ES","og_type":"article","og_title":"Historia de Segal\u00e9s - M\u00e1s de 50 A\u00f1os en Maquinaria Industrial","og_description":"Descubra la historia de Segal\u00e9s, expertos en maquinaria para el tratamiento y gesti\u00f3n de residuos industriales, con m\u00e1s de 50 a\u00f1os de innovaci\u00f3n y calidad","og_url":"https:\/\/labs.100x100.net\/projects\/segales\/historia\/","og_site_name":"Segal\u00e9s","article_modified_time":"2024-10-29T14:25:19+00:00","twitter_card":"summary_large_image","schema":{"@context":"https:\/\/schema.org","@graph":[{"@type":"WebPage","@id":"https:\/\/labs.100x100.net\/projects\/segales\/historia\/","url":"https:\/\/labs.100x100.net\/projects\/segales\/historia\/","name":"Historia de Segal\u00e9s - M\u00e1s de 50 A\u00f1os en Maquinaria Industrial","isPartOf":{"@id":"https:\/\/labs.100x100.net\/projects\/segales\/#website"},"datePublished":"2024-10-16T13:05:55+00:00","dateModified":"2024-10-29T14:25:19+00:00","description":"Descubra la historia de Segal\u00e9s, expertos en maquinaria para el tratamiento y gesti\u00f3n de residuos industriales, con m\u00e1s de 50 a\u00f1os de innovaci\u00f3n y calidad","breadcrumb":{"@id":"https:\/\/labs.100x100.net\/projects\/segales\/historia\/#breadcrumb"},"inLanguage":"es","potentialAction":[{"@type":"ReadAction","target":["https:\/\/labs.100x100.net\/projects\/segales\/historia\/"]}]},{"@type":"BreadcrumbList","@id":"https:\/\/labs.100x100.net\/projects\/segales\/historia\/#breadcrumb","itemListElement":[{"@type":"ListItem","position":1,"name":"Portada","item":"https:\/\/labs.100x100.net\/projects\/segales\/"},{"@type":"ListItem","position":2,"name":"Historia"}]},{"@type":"WebSite","@id":"https:\/\/labs.100x100.net\/projects\/segales\/#website","url":"https:\/\/labs.100x100.net\/projects\/segales\/","name":"Segal\u00e9s","description":"Maquinaria producci\u00f3n ganadera, biog\u00e1s, industria y tratamientos purines y vacunos","potentialAction":[{"@type":"SearchAction","target":{"@type":"EntryPoint","urlTemplate":"https:\/\/labs.100x100.net\/projects\/segales\/?s={search_term_string}"},"query-input":{"@type":"PropertyValueSpecification","valueRequired":true,"valueName":"search_term_string"}}],"inLanguage":"es"}]}},"_links":{"self":[{"href":"https:\/\/labs.100x100.net\/projects\/segales\/wp-json\/wp\/v2\/pages\/12"}],"collection":[{"href":"https:\/\/labs.100x100.net\/projects\/segales\/wp-json\/wp\/v2\/pages"}],"about":[{"href":"https:\/\/labs.100x100.net\/projects\/segales\/wp-json\/wp\/v2\/types\/page"}],"author":[{"embeddable":true,"href":"https:\/\/labs.100x100.net\/projects\/segales\/wp-json\/wp\/v2\/users\/1"}],"replies":[{"embeddable":true,"href":"https:\/\/labs.100x100.net\/projects\/segales\/wp-json\/wp\/v2\/comments?post=12"}],"version-history":[{"count":5,"href":"https:\/\/labs.100x100.net\/projects\/segales\/wp-json\/wp\/v2\/pages\/12\/revisions"}],"predecessor-version":[{"id":175,"href":"https:\/\/labs.100x100.net\/projects\/segales\/wp-json\/wp\/v2\/pages\/12\/revisions\/175"}],"wp:attachment":[{"href":"https:\/\/labs.100x100.net\/projects\/segales\/wp-json\/wp\/v2\/media?parent=12"}],"curies":[{"name":"wp","href":"https:\/\/api.w.org\/{rel}","templated":true}]}}