{"id":10,"date":"2024-10-16T14:08:57","date_gmt":"2024-10-16T12:08:57","guid":{"rendered":"https:\/\/labs.100x100.net\/projects\/segales\/?page_id=10"},"modified":"2024-10-29T15:21:51","modified_gmt":"2024-10-29T14:21:51","slug":"contacto","status":"publish","type":"page","link":"https:\/\/labs.100x100.net\/projects\/segales\/contacto\/","title":{"rendered":"Contacto"},"content":{"rendered":"","protected":false},"excerpt":{"rendered":"","protected":false},"author":1,"featured_media":0,"parent":0,"menu_order":0,"comment_status":"closed","ping_status":"closed","template":"page-contacto.php","meta":{"_acf_changed":false,"footnotes":""},"class_list":["post-10","page","type-page","status-publish","hentry"],"acf":[],"yoast_head":"<!-- This site is optimized with the Yoast SEO plugin v23.8 - https:\/\/yoast.com\/wordpress\/plugins\/seo\/ -->\n<title>Contacto - Segal\u00e9s - Maquinaria para Residuos Industriales<\/title>\n<meta name=\"description\" content=\"Cont\u00e1ctenos en Segales para soluciones de separaci\u00f3n y tratamiento de residuos industriales. M\u00e1s de 50 a\u00f1os de experiencia en el sector.\" \/>\n<meta name=\"robots\" content=\"noindex, follow, max-snippet:-1, max-image-preview:large, max-video-preview:-1\" \/>\n<meta property=\"og:locale\" content=\"es_ES\" \/>\n<meta property=\"og:type\" content=\"article\" \/>\n<meta property=\"og:title\" content=\"Contacto - Segal\u00e9s - Maquinaria para Residuos Industriales\" \/>\n<meta property=\"og:description\" content=\"Cont\u00e1ctenos en Segales para soluciones de separaci\u00f3n y tratamiento de residuos industriales. M\u00e1s de 50 a\u00f1os de experiencia en el sector.\" \/>\n<meta property=\"og:url\" content=\"https:\/\/labs.100x100.net\/projects\/segales\/contacto\/\" \/>\n<meta property=\"og:site_name\" content=\"Segal\u00e9s\" \/>\n<meta property=\"article:modified_time\" content=\"2024-10-29T14:21:51+00:00\" \/>\n<meta property=\"og:image\" content=\"https:\/\/labs.100x100.net\/projects\/segales\/custom\/uploads\/2024\/10\/historia0-scaled.jpg\" \/>\n\t<meta property=\"og:image:width\" content=\"2560\" \/>\n\t<meta property=\"og:image:height\" content=\"1422\" \/>\n\t<meta property=\"og:image:type\" content=\"image\/jpeg\" \/>\n<meta name=\"twitter:card\" content=\"summary_large_image\" \/>\n<meta name=\"twitter:image\" content=\"https:\/\/labs.100x100.net\/projects\/segales\/custom\/uploads\/2024\/10\/historia0-scaled.jpg\" \/>\n<script type=\"application\/ld+json\" class=\"yoast-schema-graph\">{\"@context\":\"https:\/\/schema.org\",\"@graph\":[{\"@type\":\"WebPage\",\"@id\":\"https:\/\/labs.100x100.net\/projects\/segales\/contacto\/\",\"url\":\"https:\/\/labs.100x100.net\/projects\/segales\/contacto\/\",\"name\":\"Contacto - Segal\u00e9s - Maquinaria para Residuos Industriales\",\"isPartOf\":{\"@id\":\"https:\/\/labs.100x100.net\/projects\/segales\/#website\"},\"datePublished\":\"2024-10-16T12:08:57+00:00\",\"dateModified\":\"2024-10-29T14:21:51+00:00\",\"description\":\"Cont\u00e1ctenos en Segales para soluciones de separaci\u00f3n y tratamiento de residuos industriales. M\u00e1s de 50 a\u00f1os de experiencia en el sector.\",\"breadcrumb\":{\"@id\":\"https:\/\/labs.100x100.net\/projects\/segales\/contacto\/#breadcrumb\"},\"inLanguage\":\"es\",\"potentialAction\":[{\"@type\":\"ReadAction\",\"target\":[\"https:\/\/labs.100x100.net\/projects\/segales\/contacto\/\"]}]},{\"@type\":\"BreadcrumbList\",\"@id\":\"https:\/\/labs.100x100.net\/projects\/segales\/contacto\/#breadcrumb\",\"itemListElement\":[{\"@type\":\"ListItem\",\"position\":1,\"name\":\"Portada\",\"item\":\"https:\/\/labs.100x100.net\/projects\/segales\/\"},{\"@type\":\"ListItem\",\"position\":2,\"name\":\"Contacto\"}]},{\"@type\":\"WebSite\",\"@id\":\"https:\/\/labs.100x100.net\/projects\/segales\/#website\",\"url\":\"https:\/\/labs.100x100.net\/projects\/segales\/\",\"name\":\"Segal\u00e9s\",\"description\":\"Maquinaria producci\u00f3n ganadera, biog\u00e1s, industria y tratamientos purines y vacunos\",\"potentialAction\":[{\"@type\":\"SearchAction\",\"target\":{\"@type\":\"EntryPoint\",\"urlTemplate\":\"https:\/\/labs.100x100.net\/projects\/segales\/?s={search_term_string}\"},\"query-input\":{\"@type\":\"PropertyValueSpecification\",\"valueRequired\":true,\"valueName\":\"search_term_string\"}}],\"inLanguage\":\"es\"}]}<\/script>\n<!-- \/ Yoast SEO plugin. -->","yoast_head_json":{"title":"Contacto - Segal\u00e9s - Maquinaria para Residuos Industriales","description":"Cont\u00e1ctenos en Segales para soluciones de separaci\u00f3n y tratamiento de residuos industriales. M\u00e1s de 50 a\u00f1os de experiencia en el sector.","robots":{"index":"noindex","follow":"follow","max-snippet":"max-snippet:-1","max-image-preview":"max-image-preview:large","max-video-preview":"max-video-preview:-1"},"og_locale":"es_ES","og_type":"article","og_title":"Contacto - Segal\u00e9s - Maquinaria para Residuos Industriales","og_description":"Cont\u00e1ctenos en Segales para soluciones de separaci\u00f3n y tratamiento de residuos industriales. M\u00e1s de 50 a\u00f1os de experiencia en el sector.","og_url":"https:\/\/labs.100x100.net\/projects\/segales\/contacto\/","og_site_name":"Segal\u00e9s","article_modified_time":"2024-10-29T14:21:51+00:00","og_image":[{"width":2560,"height":1422,"url":"https:\/\/labs.100x100.net\/projects\/segales\/custom\/uploads\/2024\/10\/historia0-scaled.jpg","type":"image\/jpeg"}],"twitter_card":"summary_large_image","twitter_image":"https:\/\/labs.100x100.net\/projects\/segales\/custom\/uploads\/2024\/10\/historia0-scaled.jpg","schema":{"@context":"https:\/\/schema.org","@graph":[{"@type":"WebPage","@id":"https:\/\/labs.100x100.net\/projects\/segales\/contacto\/","url":"https:\/\/labs.100x100.net\/projects\/segales\/contacto\/","name":"Contacto - Segal\u00e9s - Maquinaria para Residuos Industriales","isPartOf":{"@id":"https:\/\/labs.100x100.net\/projects\/segales\/#website"},"datePublished":"2024-10-16T12:08:57+00:00","dateModified":"2024-10-29T14:21:51+00:00","description":"Cont\u00e1ctenos en Segales para soluciones de separaci\u00f3n y tratamiento de residuos industriales. M\u00e1s de 50 a\u00f1os de experiencia en el sector.","breadcrumb":{"@id":"https:\/\/labs.100x100.net\/projects\/segales\/contacto\/#breadcrumb"},"inLanguage":"es","potentialAction":[{"@type":"ReadAction","target":["https:\/\/labs.100x100.net\/projects\/segales\/contacto\/"]}]},{"@type":"BreadcrumbList","@id":"https:\/\/labs.100x100.net\/projects\/segales\/contacto\/#breadcrumb","itemListElement":[{"@type":"ListItem","position":1,"name":"Portada","item":"https:\/\/labs.100x100.net\/projects\/segales\/"},{"@type":"ListItem","position":2,"name":"Contacto"}]},{"@type":"WebSite","@id":"https:\/\/labs.100x100.net\/projects\/segales\/#website","url":"https:\/\/labs.100x100.net\/projects\/segales\/","name":"Segal\u00e9s","description":"Maquinaria producci\u00f3n ganadera, biog\u00e1s, industria y tratamientos purines y vacunos","potentialAction":[{"@type":"SearchAction","target":{"@type":"EntryPoint","urlTemplate":"https:\/\/labs.100x100.net\/projects\/segales\/?s={search_term_string}"},"query-input":{"@type":"PropertyValueSpecification","valueRequired":true,"valueName":"search_term_string"}}],"inLanguage":"es"}]}},"_links":{"self":[{"href":"https:\/\/labs.100x100.net\/projects\/segales\/wp-json\/wp\/v2\/pages\/10"}],"collection":[{"href":"https:\/\/labs.100x100.net\/projects\/segales\/wp-json\/wp\/v2\/pages"}],"about":[{"href":"https:\/\/labs.100x100.net\/projects\/segales\/wp-json\/wp\/v2\/types\/page"}],"author":[{"embeddable":true,"href":"https:\/\/labs.100x100.net\/projects\/segales\/wp-json\/wp\/v2\/users\/1"}],"replies":[{"embeddable":true,"href":"https:\/\/labs.100x100.net\/projects\/segales\/wp-json\/wp\/v2\/comments?post=10"}],"version-history":[{"count":2,"href":"https:\/\/labs.100x100.net\/projects\/segales\/wp-json\/wp\/v2\/pages\/10\/revisions"}],"predecessor-version":[{"id":168,"href":"https:\/\/labs.100x100.net\/projects\/segales\/wp-json\/wp\/v2\/pages\/10\/revisions\/168"}],"wp:attachment":[{"href":"https:\/\/labs.100x100.net\/projects\/segales\/wp-json\/wp\/v2\/media?parent=10"}],"curies":[{"name":"wp","href":"https:\/\/api.w.org\/{rel}","templated":true}]}}