{"id":299,"date":"2010-11-04T10:38:41","date_gmt":"2010-11-04T10:38:41","guid":{"rendered":"https:\/\/larutadelasal.com\/"},"modified":"2019-04-28T17:16:23","modified_gmt":"2019-04-28T15:16:23","slug":"ediciones-anteriores","status":"publish","type":"page","link":"https:\/\/labs.100x100.net\/projects\/rutasal\/ediciones-anteriores\/","title":{"rendered":"EDICIONES ANTERIORES"},"content":{"rendered":"","protected":false},"excerpt":{"rendered":"","protected":false},"author":1,"featured_media":0,"parent":0,"menu_order":0,"comment_status":"open","ping_status":"open","template":"tmpl-anteriores.php","meta":{"_acf_changed":false,"footnotes":""},"acf":[],"yoast_head":"<!-- This site is optimized with the Yoast SEO plugin v23.0 - https:\/\/yoast.com\/wordpress\/plugins\/seo\/ -->\n<title>EDICIONES ANTERIORES | Regata La Ruta de la Sal<\/title>\n<meta name=\"description\" content=\"Aqu\u00ed encontrar\u00e1s toda la informaci\u00f3n de las Ediciones Anteriores de la Regata La Ruta de la Sal. En 32 a\u00f1os han navegado en La Sal unas 6.080 embarcaciones.\" \/>\n<meta name=\"robots\" content=\"noindex, follow, max-snippet:-1, max-image-preview:large, max-video-preview:-1\" \/>\n<meta property=\"og:locale\" content=\"es_ES\" \/>\n<meta property=\"og:type\" content=\"article\" \/>\n<meta property=\"og:title\" content=\"Ediciones Anteriores | Regata La Ruta de la Sal\" \/>\n<meta property=\"og:description\" content=\"Aqu\u00ed encontrar\u00e1s toda la informaci\u00f3n de las Ediciones Anteriores de la Regata La Ruta de la Sal. En 32 a\u00f1os han navegado en La Sal unas 6.080 embarcaciones.\" \/>\n<meta property=\"og:url\" content=\"https:\/\/labs.100x100.net\/projects\/rutasal\/ediciones-anteriores\/\" \/>\n<meta property=\"og:site_name\" content=\"Regata La Ruta de la Sal\" \/>\n<meta property=\"article:publisher\" content=\"https:\/\/www.facebook.com\/rutadelasal\/\" \/>\n<meta property=\"article:modified_time\" content=\"2019-04-28T15:16:23+00:00\" \/>\n<meta property=\"og:image\" content=\"https:\/\/labs.100x100.net\/projects\/rutasal\/custom\/uploads\/2019\/04\/Regata-la-ruta-de-la-sal-salida-ediciones-anteriores-e1556464561420.jpg\" \/>\n\t<meta property=\"og:image:width\" content=\"1000\" \/>\n\t<meta property=\"og:image:height\" content=\"660\" \/>\n\t<meta property=\"og:image:type\" content=\"image\/jpeg\" \/>\n<meta name=\"twitter:card\" content=\"summary_large_image\" \/>\n<meta name=\"twitter:site\" content=\"@AnamMedi\" \/>\n<script type=\"application\/ld+json\" class=\"yoast-schema-graph\">{\"@context\":\"https:\/\/schema.org\",\"@graph\":[{\"@type\":\"WebPage\",\"@id\":\"https:\/\/labs.100x100.net\/projects\/rutasal\/ediciones-anteriores\/\",\"url\":\"https:\/\/labs.100x100.net\/projects\/rutasal\/ediciones-anteriores\/\",\"name\":\"EDICIONES ANTERIORES | Regata La Ruta de la Sal\",\"isPartOf\":{\"@id\":\"https:\/\/labs.100x100.net\/projects\/rutasal\/#website\"},\"datePublished\":\"2010-11-04T10:38:41+00:00\",\"dateModified\":\"2019-04-28T15:16:23+00:00\",\"description\":\"Aqu\u00ed encontrar\u00e1s toda la informaci\u00f3n de las Ediciones Anteriores de la Regata La Ruta de la Sal. En 32 a\u00f1os han navegado en La Sal unas 6.080 embarcaciones.\",\"breadcrumb\":{\"@id\":\"https:\/\/labs.100x100.net\/projects\/rutasal\/ediciones-anteriores\/#breadcrumb\"},\"inLanguage\":\"es\",\"potentialAction\":[{\"@type\":\"ReadAction\",\"target\":[\"https:\/\/labs.100x100.net\/projects\/rutasal\/ediciones-anteriores\/\"]}]},{\"@type\":\"BreadcrumbList\",\"@id\":\"https:\/\/labs.100x100.net\/projects\/rutasal\/ediciones-anteriores\/#breadcrumb\",\"itemListElement\":[{\"@type\":\"ListItem\",\"position\":1,\"name\":\"Portada\",\"item\":\"https:\/\/labs.100x100.net\/projects\/rutasal\/\"},{\"@type\":\"ListItem\",\"position\":2,\"name\":\"EDICIONES ANTERIORES\"}]},{\"@type\":\"WebSite\",\"@id\":\"https:\/\/labs.100x100.net\/projects\/rutasal\/#website\",\"url\":\"https:\/\/labs.100x100.net\/projects\/rutasal\/\",\"name\":\"Regata La Ruta de la Sal\",\"description\":\"Regata La Ruta de la Sal es una regata de Altura Mediterr\u00e1nea para barcos de crucero a vela con destino en Ibiza, que se disputa anualmente en Semana Santa.\",\"potentialAction\":[{\"@type\":\"SearchAction\",\"target\":{\"@type\":\"EntryPoint\",\"urlTemplate\":\"https:\/\/labs.100x100.net\/projects\/rutasal\/?s={search_term_string}\"},\"query-input\":\"required name=search_term_string\"}],\"inLanguage\":\"es\"}]}<\/script>\n<!-- \/ Yoast SEO plugin. -->","yoast_head_json":{"title":"EDICIONES ANTERIORES | Regata La Ruta de la Sal","description":"Aqu\u00ed encontrar\u00e1s toda la informaci\u00f3n de las Ediciones Anteriores de la Regata La Ruta de la Sal. En 32 a\u00f1os han navegado en La Sal unas 6.080 embarcaciones.","robots":{"index":"noindex","follow":"follow","max-snippet":"max-snippet:-1","max-image-preview":"max-image-preview:large","max-video-preview":"max-video-preview:-1"},"og_locale":"es_ES","og_type":"article","og_title":"Ediciones Anteriores | Regata La Ruta de la Sal","og_description":"Aqu\u00ed encontrar\u00e1s toda la informaci\u00f3n de las Ediciones Anteriores de la Regata La Ruta de la Sal. En 32 a\u00f1os han navegado en La Sal unas 6.080 embarcaciones.","og_url":"https:\/\/labs.100x100.net\/projects\/rutasal\/ediciones-anteriores\/","og_site_name":"Regata La Ruta de la Sal","article_publisher":"https:\/\/www.facebook.com\/rutadelasal\/","article_modified_time":"2019-04-28T15:16:23+00:00","og_image":[{"width":1000,"height":660,"url":"https:\/\/labs.100x100.net\/projects\/rutasal\/custom\/uploads\/2019\/04\/Regata-la-ruta-de-la-sal-salida-ediciones-anteriores-e1556464561420.jpg","type":"image\/jpeg"}],"twitter_card":"summary_large_image","twitter_site":"@AnamMedi","schema":{"@context":"https:\/\/schema.org","@graph":[{"@type":"WebPage","@id":"https:\/\/labs.100x100.net\/projects\/rutasal\/ediciones-anteriores\/","url":"https:\/\/labs.100x100.net\/projects\/rutasal\/ediciones-anteriores\/","name":"EDICIONES ANTERIORES | Regata La Ruta de la Sal","isPartOf":{"@id":"https:\/\/labs.100x100.net\/projects\/rutasal\/#website"},"datePublished":"2010-11-04T10:38:41+00:00","dateModified":"2019-04-28T15:16:23+00:00","description":"Aqu\u00ed encontrar\u00e1s toda la informaci\u00f3n de las Ediciones Anteriores de la Regata La Ruta de la Sal. En 32 a\u00f1os han navegado en La Sal unas 6.080 embarcaciones.","breadcrumb":{"@id":"https:\/\/labs.100x100.net\/projects\/rutasal\/ediciones-anteriores\/#breadcrumb"},"inLanguage":"es","potentialAction":[{"@type":"ReadAction","target":["https:\/\/labs.100x100.net\/projects\/rutasal\/ediciones-anteriores\/"]}]},{"@type":"BreadcrumbList","@id":"https:\/\/labs.100x100.net\/projects\/rutasal\/ediciones-anteriores\/#breadcrumb","itemListElement":[{"@type":"ListItem","position":1,"name":"Portada","item":"https:\/\/labs.100x100.net\/projects\/rutasal\/"},{"@type":"ListItem","position":2,"name":"EDICIONES ANTERIORES"}]},{"@type":"WebSite","@id":"https:\/\/labs.100x100.net\/projects\/rutasal\/#website","url":"https:\/\/labs.100x100.net\/projects\/rutasal\/","name":"Regata La Ruta de la Sal","description":"Regata La Ruta de la Sal es una regata de Altura Mediterr\u00e1nea para barcos de crucero a vela con destino en Ibiza, que se disputa anualmente en Semana Santa.","potentialAction":[{"@type":"SearchAction","target":{"@type":"EntryPoint","urlTemplate":"https:\/\/labs.100x100.net\/projects\/rutasal\/?s={search_term_string}"},"query-input":"required name=search_term_string"}],"inLanguage":"es"}]}},"_links":{"self":[{"href":"https:\/\/labs.100x100.net\/projects\/rutasal\/wp-json\/wp\/v2\/pages\/299"}],"collection":[{"href":"https:\/\/labs.100x100.net\/projects\/rutasal\/wp-json\/wp\/v2\/pages"}],"about":[{"href":"https:\/\/labs.100x100.net\/projects\/rutasal\/wp-json\/wp\/v2\/types\/page"}],"author":[{"embeddable":true,"href":"https:\/\/labs.100x100.net\/projects\/rutasal\/wp-json\/wp\/v2\/users\/1"}],"replies":[{"embeddable":true,"href":"https:\/\/labs.100x100.net\/projects\/rutasal\/wp-json\/wp\/v2\/comments?post=299"}],"version-history":[{"count":1,"href":"https:\/\/labs.100x100.net\/projects\/rutasal\/wp-json\/wp\/v2\/pages\/299\/revisions"}],"predecessor-version":[{"id":3285,"href":"https:\/\/labs.100x100.net\/projects\/rutasal\/wp-json\/wp\/v2\/pages\/299\/revisions\/3285"}],"wp:attachment":[{"href":"https:\/\/labs.100x100.net\/projects\/rutasal\/wp-json\/wp\/v2\/media?parent=299"}],"curies":[{"name":"wp","href":"https:\/\/api.w.org\/{rel}","templated":true}]}}