{"id":24,"date":"2010-10-15T08:03:58","date_gmt":"2010-10-15T06:03:58","guid":{"rendered":"https:\/\/larutadelasal.com\/"},"modified":"2024-03-20T00:42:06","modified_gmt":"2024-03-19T22:42:06","slug":"anuncio-de-regata","status":"publish","type":"page","link":"https:\/\/labs.100x100.net\/projects\/rutasal\/anuncio-de-regata\/","title":{"rendered":"ANUNCIO DE REGATA &#8211; NOTICE OF RACE"},"content":{"rendered":"<h2 style=\"text-align: center;\"><\/h2>\n<h2 style=\"text-align: center;\">LA RUTA DE LA SAL 2024<\/h2>\n<h2 style=\"text-align: center;\">XXXVI EDICI\u00d3N<\/h2>\n<p style=\"text-align: center;\">Anuncio de regata &#8211; Notice of the race<\/p>\n<p style=\"text-align: center;\">\u00faltima actualizaci\u00f3n \/ last update: 19\/02\/2024<\/p>\n<p style=\"text-align: center;\"><a class=\"calltoaction\" href=\"http:\/\/larutadelasal.com\/custom\/uploads\/2024\/03\/AR-RDLS-2024_v2.pdf\" target=\"_blank\" rel=\"noopener noreferrer\">ANUNCIO DE REGATA 2024<\/a><\/p>\n<hr \/>\n<p style=\"text-align: center;\"><strong>DESTACADOS\u00a0<\/strong><\/p>\n<p>La preinscripci\u00f3n se realiza a trav\u00e9s del <strong><a href=\"https:\/\/larutadelasal.com\/hoja-de-inscripcion\/\">formulario<\/a><\/strong>.<\/p>\n<p>Una vez enviado el formulario confirme la inscripci\u00f3n mediante el <strong>pago por transferencia<\/strong> de los derechos correspondientes. La reserva de plaza solo se hace efectiva con el pago de los derechos de inscripci\u00f3n.\u00a0La cantidad a abonar y los datos para la transferencia aparecen en el Anuncio de Regatas.<\/p>\n<p>Una vez confirmada la plaza mediante el pago, env\u00ede antes del 7 de marzo 2024, la <strong>documentaci\u00f3n requerida<\/strong>:<\/p>\n<p>&#8211;\u00a0 \u00a0<strong>Certificado de navegabilidad<\/strong>. Los barcos con bandera extranjera presentar\u00e1n documentaci\u00f3n del registro de la embarcaci\u00f3n en su pa\u00eds.<\/p>\n<p>&#8211;\u00a0 \u00a0<strong>RECIBO en vigor del seguro<\/strong> de la embarcaci\u00f3n.<\/p>\n<p>&#8211;\u00a0 \u00a0N\u00famero de radiobaliza <strong>MMSI <\/strong><\/p>\n<p>&#8211;\u00a0 \u00a0Certificado de <strong>rating ORC <\/strong>2024 anual o uno v\u00e1lido tan solo para esta regata. Solicitar a la Federaci\u00f3n Espa\u00f1ola de Vela: tecnicocrucero@rfev.es .<\/p>\n<p>&#8211;\u00a0 \u00a0<strong>Licencias federativas<\/strong> anuales o v\u00e1lidas tan solo para esta regata para cada uno de los tripulantes. Solicitar a su propio club o a su federaci\u00f3n territorial de vela.<\/p>\n<hr \/>\n<p style=\"text-align: center;\"><strong>HIGHLIGHTS\u00a0<\/strong><\/p>\n<p>The pre-registration is done through the <strong><a href=\"https:\/\/larutadelasal.com\/hoja-de-inscripcion\/\">web form<\/a><\/strong>.<\/p>\n<p>Once the form has been sent, confirm the registration with the <strong>payment by bank transfer<\/strong> of the corresponding inscription rights. You can check the amount to pay and the details for the bank transfer in the Notice of the Race. Reserve your place as soon as possible. In the previous edition the available moorings were exhausted one month before the start of the race and reservation of place is only made effective once the\u00a0 registration fee has been paid.<\/p>\n<p>Once confirmed the place through payment, send before March 7, 2024 the <strong>required documents<\/strong>:<\/p>\n<p>&#8211; Certificado de navegabilidad. Foreign-flagged vessels will present documentation of the vessel&#8217;s registration in their country.<\/p>\n<p>&#8211; Certficate or RECEIPT of the insurance of the boat.<\/p>\n<p>&#8211; MMSI radio beacon number<\/p>\n<p>&#8211; Annual ORC 2024 rating certificate or one valid only for this regatta. Request it to the Federaci\u00f3n Espa\u00f1ola de Vela: tecnicocrucero@rfev.es<\/p>\n<p>-Sailing Federation licenses.\u00a0 Annual or valid only for this regatta for each crew member. Ask your own club or your territorial sailing federation.<\/p>\n<hr \/>\n<p>&nbsp;<\/p>\n","protected":false},"excerpt":{"rendered":"<p>LA RUTA DE LA SAL 2024 XXXVI EDICI\u00d3N Anuncio de regata &#8211; Notice of the race \u00faltima actualizaci\u00f3n \/ last update: 19\/02\/2024 ANUNCIO DE REGATA 2024 DESTACADOS\u00a0 La preinscripci\u00f3n se realiza a trav\u00e9s del formulario. Una vez enviado el formulario confirme la inscripci\u00f3n mediante el pago por transferencia de los derechos correspondientes. La reserva de [&hellip;]<\/p>\n","protected":false},"author":1,"featured_media":0,"parent":0,"menu_order":0,"comment_status":"closed","ping_status":"closed","template":"","meta":{"_acf_changed":false,"footnotes":""},"acf":[],"yoast_head":"<!-- This site is optimized with the Yoast SEO plugin v23.0 - https:\/\/yoast.com\/wordpress\/plugins\/seo\/ -->\n<title>ANUNCIO DE REGATA - NOTICE OF RACE | Regata La Ruta de la Sal<\/title>\n<meta name=\"description\" content=\"Consulta el Anuncio de Regata de La Ruta de la Sal competici\u00f3n n\u00e1utica organizada por Club N\u00e1utico Skipper y Difusi\u00f3n N\u00e1utica.\" \/>\n<meta name=\"robots\" content=\"noindex, follow, max-snippet:-1, max-image-preview:large, max-video-preview:-1\" \/>\n<meta property=\"og:locale\" content=\"es_ES\" \/>\n<meta property=\"og:type\" content=\"article\" \/>\n<meta property=\"og:title\" content=\"Anuncio Regata | Regata La Ruta de la Sal\" \/>\n<meta property=\"og:description\" content=\"Consulta el Anuncio de Regata de La Ruta de la Sal organizada por Club N\u00e1utico Skipper y Difusi\u00f3n N\u00e1utica.\" \/>\n<meta property=\"og:url\" content=\"https:\/\/labs.100x100.net\/projects\/rutasal\/anuncio-de-regata\/\" \/>\n<meta property=\"og:site_name\" content=\"Regata La Ruta de la Sal\" \/>\n<meta property=\"article:publisher\" content=\"https:\/\/www.facebook.com\/rutadelasal\/\" \/>\n<meta property=\"article:modified_time\" content=\"2024-03-19T22:42:06+00:00\" \/>\n<meta property=\"og:image\" content=\"https:\/\/labs.100x100.net\/projects\/rutasal\/custom\/uploads\/2019\/04\/Regata-la-ruta-de-la-sal.jpg\" \/>\n\t<meta property=\"og:image:width\" content=\"990\" \/>\n\t<meta property=\"og:image:height\" content=\"558\" \/>\n\t<meta property=\"og:image:type\" content=\"image\/jpeg\" \/>\n<meta name=\"twitter:card\" content=\"summary_large_image\" \/>\n<meta name=\"twitter:site\" content=\"@AnamMedi\" \/>\n<meta name=\"twitter:label1\" content=\"Tiempo de lectura\" \/>\n\t<meta name=\"twitter:data1\" content=\"2 minutos\" \/>\n<script type=\"application\/ld+json\" class=\"yoast-schema-graph\">{\"@context\":\"https:\/\/schema.org\",\"@graph\":[{\"@type\":\"WebPage\",\"@id\":\"https:\/\/labs.100x100.net\/projects\/rutasal\/anuncio-de-regata\/\",\"url\":\"https:\/\/labs.100x100.net\/projects\/rutasal\/anuncio-de-regata\/\",\"name\":\"ANUNCIO DE REGATA - NOTICE OF RACE | Regata La Ruta de la Sal\",\"isPartOf\":{\"@id\":\"https:\/\/labs.100x100.net\/projects\/rutasal\/#website\"},\"datePublished\":\"2010-10-15T06:03:58+00:00\",\"dateModified\":\"2024-03-19T22:42:06+00:00\",\"description\":\"Consulta el Anuncio de Regata de La Ruta de la Sal competici\u00f3n n\u00e1utica organizada por Club N\u00e1utico Skipper y Difusi\u00f3n N\u00e1utica.\",\"breadcrumb\":{\"@id\":\"https:\/\/labs.100x100.net\/projects\/rutasal\/anuncio-de-regata\/#breadcrumb\"},\"inLanguage\":\"es\",\"potentialAction\":[{\"@type\":\"ReadAction\",\"target\":[\"https:\/\/labs.100x100.net\/projects\/rutasal\/anuncio-de-regata\/\"]}]},{\"@type\":\"BreadcrumbList\",\"@id\":\"https:\/\/labs.100x100.net\/projects\/rutasal\/anuncio-de-regata\/#breadcrumb\",\"itemListElement\":[{\"@type\":\"ListItem\",\"position\":1,\"name\":\"Portada\",\"item\":\"https:\/\/labs.100x100.net\/projects\/rutasal\/\"},{\"@type\":\"ListItem\",\"position\":2,\"name\":\"ANUNCIO DE REGATA &#8211; NOTICE OF RACE\"}]},{\"@type\":\"WebSite\",\"@id\":\"https:\/\/labs.100x100.net\/projects\/rutasal\/#website\",\"url\":\"https:\/\/labs.100x100.net\/projects\/rutasal\/\",\"name\":\"Regata La Ruta de la Sal\",\"description\":\"Regata La Ruta de la Sal es una regata de Altura Mediterr\u00e1nea para barcos de crucero a vela con destino en Ibiza, que se disputa anualmente en Semana Santa.\",\"potentialAction\":[{\"@type\":\"SearchAction\",\"target\":{\"@type\":\"EntryPoint\",\"urlTemplate\":\"https:\/\/labs.100x100.net\/projects\/rutasal\/?s={search_term_string}\"},\"query-input\":\"required name=search_term_string\"}],\"inLanguage\":\"es\"}]}<\/script>\n<!-- \/ Yoast SEO plugin. -->","yoast_head_json":{"title":"ANUNCIO DE REGATA - NOTICE OF RACE | Regata La Ruta de la Sal","description":"Consulta el Anuncio de Regata de La Ruta de la Sal competici\u00f3n n\u00e1utica organizada por Club N\u00e1utico Skipper y Difusi\u00f3n N\u00e1utica.","robots":{"index":"noindex","follow":"follow","max-snippet":"max-snippet:-1","max-image-preview":"max-image-preview:large","max-video-preview":"max-video-preview:-1"},"og_locale":"es_ES","og_type":"article","og_title":"Anuncio Regata | Regata La Ruta de la Sal","og_description":"Consulta el Anuncio de Regata de La Ruta de la Sal organizada por Club N\u00e1utico Skipper y Difusi\u00f3n N\u00e1utica.","og_url":"https:\/\/labs.100x100.net\/projects\/rutasal\/anuncio-de-regata\/","og_site_name":"Regata La Ruta de la Sal","article_publisher":"https:\/\/www.facebook.com\/rutadelasal\/","article_modified_time":"2024-03-19T22:42:06+00:00","og_image":[{"width":990,"height":558,"url":"https:\/\/labs.100x100.net\/projects\/rutasal\/custom\/uploads\/2019\/04\/Regata-la-ruta-de-la-sal.jpg","type":"image\/jpeg"}],"twitter_card":"summary_large_image","twitter_site":"@AnamMedi","twitter_misc":{"Tiempo de lectura":"2 minutos"},"schema":{"@context":"https:\/\/schema.org","@graph":[{"@type":"WebPage","@id":"https:\/\/labs.100x100.net\/projects\/rutasal\/anuncio-de-regata\/","url":"https:\/\/labs.100x100.net\/projects\/rutasal\/anuncio-de-regata\/","name":"ANUNCIO DE REGATA - NOTICE OF RACE | Regata La Ruta de la Sal","isPartOf":{"@id":"https:\/\/labs.100x100.net\/projects\/rutasal\/#website"},"datePublished":"2010-10-15T06:03:58+00:00","dateModified":"2024-03-19T22:42:06+00:00","description":"Consulta el Anuncio de Regata de La Ruta de la Sal competici\u00f3n n\u00e1utica organizada por Club N\u00e1utico Skipper y Difusi\u00f3n N\u00e1utica.","breadcrumb":{"@id":"https:\/\/labs.100x100.net\/projects\/rutasal\/anuncio-de-regata\/#breadcrumb"},"inLanguage":"es","potentialAction":[{"@type":"ReadAction","target":["https:\/\/labs.100x100.net\/projects\/rutasal\/anuncio-de-regata\/"]}]},{"@type":"BreadcrumbList","@id":"https:\/\/labs.100x100.net\/projects\/rutasal\/anuncio-de-regata\/#breadcrumb","itemListElement":[{"@type":"ListItem","position":1,"name":"Portada","item":"https:\/\/labs.100x100.net\/projects\/rutasal\/"},{"@type":"ListItem","position":2,"name":"ANUNCIO DE REGATA &#8211; NOTICE OF RACE"}]},{"@type":"WebSite","@id":"https:\/\/labs.100x100.net\/projects\/rutasal\/#website","url":"https:\/\/labs.100x100.net\/projects\/rutasal\/","name":"Regata La Ruta de la Sal","description":"Regata La Ruta de la Sal es una regata de Altura Mediterr\u00e1nea para barcos de crucero a vela con destino en Ibiza, que se disputa anualmente en Semana Santa.","potentialAction":[{"@type":"SearchAction","target":{"@type":"EntryPoint","urlTemplate":"https:\/\/labs.100x100.net\/projects\/rutasal\/?s={search_term_string}"},"query-input":"required name=search_term_string"}],"inLanguage":"es"}]}},"_links":{"self":[{"href":"https:\/\/labs.100x100.net\/projects\/rutasal\/wp-json\/wp\/v2\/pages\/24"}],"collection":[{"href":"https:\/\/labs.100x100.net\/projects\/rutasal\/wp-json\/wp\/v2\/pages"}],"about":[{"href":"https:\/\/labs.100x100.net\/projects\/rutasal\/wp-json\/wp\/v2\/types\/page"}],"author":[{"embeddable":true,"href":"https:\/\/labs.100x100.net\/projects\/rutasal\/wp-json\/wp\/v2\/users\/1"}],"replies":[{"embeddable":true,"href":"https:\/\/labs.100x100.net\/projects\/rutasal\/wp-json\/wp\/v2\/comments?post=24"}],"version-history":[{"count":41,"href":"https:\/\/labs.100x100.net\/projects\/rutasal\/wp-json\/wp\/v2\/pages\/24\/revisions"}],"predecessor-version":[{"id":9523,"href":"https:\/\/labs.100x100.net\/projects\/rutasal\/wp-json\/wp\/v2\/pages\/24\/revisions\/9523"}],"wp:attachment":[{"href":"https:\/\/labs.100x100.net\/projects\/rutasal\/wp-json\/wp\/v2\/media?parent=24"}],"curies":[{"name":"wp","href":"https:\/\/api.w.org\/{rel}","templated":true}]}}