{"id":47,"date":"2026-04-13T12:41:14","date_gmt":"2026-04-13T10:41:14","guid":{"rendered":"https:\/\/labs.100x100.net\/projects\/realstories\/?page_id=47"},"modified":"2026-04-13T12:43:29","modified_gmt":"2026-04-13T10:43:29","slug":"avis-legal","status":"publish","type":"page","link":"https:\/\/labs.100x100.net\/projects\/realstories\/ca\/avis-legal\/","title":{"rendered":"Av\u00eds legal"},"content":{"rendered":"<p>En compliment amb el deure informaci\u00f3 disposat a la Llei 34\/2002 de Serveis de la Societat de la Informaci\u00f3 i el Comer\u00e7 Electr\u00f2nic (LSSI-CE) d&#8217;11 de juliol, es faciliten a continuaci\u00f3 les dades d&#8217;informaci\u00f3 general seg\u00fcents d&#8217;aquest lloc web.<\/p>\n<p>La titularitat d&#8217;aquest lloc web, www.realstories.es, (d&#8217;ara endavant, Lloc Web) l&#8217;ostenta: REAL STORIES, S.L., prove\u00efda de NIF: B66648155 i inscrita a: Registre Mercantil de Barcelona amb les dades registrals seg\u00fcents: , el representant de les quals \u00e9s: Carles Fiestas, i les dades de contacte de les quals s\u00f3n:<br \/>\nAdre\u00e7a: Carrer Llull 70, 3r-5a 08005 Barcelona, \u200b\u200bEspanya<br \/>\nTel\u00e8fon de contacte: 619212072<br \/>\nFax:<br \/>\nEmail de contacte: hola@realstories.es<\/p>\n<p>TERMES I CONDICIONS GENERALS D&#8217;\u00daS:<br \/>\nL&#8217;objecte de les condicions: El Lloc Web<br \/>\nL&#8217;objecte d&#8217;aquestes Condicions Generals d&#8217;\u00das (d&#8217;ara endavant, Condicions) \u00e9s regular l&#8217;acc\u00e9s i la utilitzaci\u00f3 del Lloc Web. Als efectes de les presents Condicions s&#8217;entendr\u00e0 com a Lloc Web: l&#8217;aparen\u00e7a externa de les interf\u00edcies de pantalla, tant de forma est\u00e0tica com de forma din\u00e0mica, \u00e9s a dir, l&#8217;arbre de navegaci\u00f3; i tots els elements integrats tant a les interf\u00edcies de pantalla com a l&#8217;arbre de navegaci\u00f3 (d&#8217;ara endavant, Continguts) i tots aquells serveis o recursos en l\u00ednia que si escau ofereixi als Usuaris (d&#8217;ara endavant, Serveis).<\/p>\n<p>Real Stories es reserva la facultat de modificar, en qualsevol moment, i sense av\u00eds previ, la presentaci\u00f3 i configuraci\u00f3 del Lloc Web i dels Continguts i Serveis que hi poguessin estar incorporats. L&#8217;Usuari reconeix i accepta que en qualsevol moment Real Stories pugui interrompre, desactivar i\/o cancel\u00b7lar qualsevol d&#8217;aquests elements que s&#8217;integren al Lloc Web o accedir-hi.<\/p>\n<p>L&#8217;acc\u00e9s al Lloc Web per l&#8217;Usuari t\u00e9 car\u00e0cter lliure i, per regla general, \u00e9s gratu\u00eft sense que l&#8217;Usuari hagi de proporcionar una contraprestaci\u00f3 per poder gaudir-ne, llevat del cost de connexi\u00f3 a trav\u00e9s de la xarxa de telecomunicacions subministrada pel prove\u00efdor d&#8217;acc\u00e9s que hagi contractat l&#8217;Usuari.<\/p>\n<p>A part del cost de connexi\u00f3 a trav\u00e9s de la xarxa de telecomunicacions subministrada pel prove\u00efdor d&#8217;acc\u00e9s, i que hagi contractat l&#8217;Usuari, alguns dels Continguts o Serveis oferts per Real Stories o, si escau, tercers a trav\u00e9s del Lloc Web poden trobar-se subjectes a la contractaci\u00f3 pr\u00e8via del Contingut o Servei, en aquest cas s&#8217;especificar\u00e0 de forma clara i\/o es les que aix\u00f2 es regeixi.<\/p>\n<p>La utilitzaci\u00f3 d&#8217;algun dels continguts o serveis del lloc web es pot fer mitjan\u00e7ant la subscripci\u00f3 o el registre previ de l&#8217;usuari.<br \/>\nLa utilitzaci\u00f3 dels continguts no requereix pr\u00e8via subscripci\u00f3 o registre.<\/p>\n<p>L&#8217;acc\u00e9s, la navegaci\u00f3 i l&#8217;\u00fas del Lloc Web, aix\u00ed com pels espais habilitats per interactuar entre els Usuaris, i l&#8217;Usuari i Real Stories, com els comentaris i\/o espais de blogging, confereix la condici\u00f3 d&#8217;Usuari, per la qual cosa s&#8217;accepten, des que s&#8217;inicia la navegaci\u00f3 pel Lloc Web, totes les Condicions legalment establertes, aix\u00ed com els seus ulteriors modificats cas. Atesa la rellev\u00e0ncia de l&#8217;anterior, es recomana a l&#8217;Usuari llegir-les cada vegada que visiteu el Lloc Web.<br \/>\nEl lloc web de Real Stories proporciona una gran diversitat d&#8217;informaci\u00f3, serveis i dades. L&#8217;Usuari assumeix la seva responsabilitat per fer un \u00fas correcte del Lloc Web. Aquesta responsabilitat s&#8217;estendr\u00e0 a:<br \/>\nUn \u00fas de la informaci\u00f3, continguts i\/o serveis i dades ofertes per Real Stories sense que sigui contrari al que disposen aquestes Condicions, la Llei, la moral o l&#8217;ordre p\u00fablic, o que de qualsevol altra manera puguin suposar lesi\u00f3 dels drets de tercers o del mateix funcionament del Lloc Web.<br \/>\nLa veracitat i licitud de les informacions aportades per l&#8217;Usuari als formularis estesos per Real Stories per a l&#8217;acc\u00e9s a certs Continguts o Serveis oferts pel Lloc Web. En tot cas, l&#8217;Usuari notificar\u00e0 de forma immediata a Real Stories sobre qualsevol fet que permeti l&#8217;\u00fas indegut de la informaci\u00f3 registrada en aquests formularis, com ara, per\u00f2 no nom\u00e9s, el robatori, la p\u00e8rdua, o l&#8217;acc\u00e9s no autoritzat a identificadors i\/o contrasenyes, a fi de procedir a cancel\u00b7lar-la immediatament.<\/p>\n<p>Real Stories es reserva el dret de retirar tots aquells comentaris i aportacions que vulnerin la llei, el respecte a la dignitat de la persona, que siguin discriminatoris, xen\u00f2fobs, racistes, pornogr\u00e0fics, spamming, que atemptin contra la joventut o la inf\u00e0ncia, l&#8217;ordre o la seguretat p\u00fablica o que, al seu parer, no resultessin adequats per a la seva opini\u00f3.<br \/>\nEn qualsevol cas, Real Stories no ser\u00e0 responsable de les opinions abocades pels usuaris a trav\u00e9s de comentaris o altres eines de blogging o de participaci\u00f3 que hi pugui haver.<\/p>\n<p>El mer acc\u00e9s a aquest Lloc Web no suposa entaular cap mena de relaci\u00f3 de car\u00e0cter comercial entre Real Stories i l&#8217;Usuari.<\/p>\n<p>L&#8217;Usuari declara que \u00e9s m\u00e9s gran i disposar de la capacitat jur\u00eddica suficient per vincular-se per aquestes Condicions. Per tant, aquest lloc web de Real Stories no s&#8217;adre\u00e7a a menors d&#8217;edat. Real Stories declina qualsevol responsabilitat per l\u00b4incompliment d\u00b4aquest requisit.<\/p>\n<p>Sempre en el respecte de la legislaci\u00f3 vigent, aquest Lloc Web de Real Stories s&#8217;adre\u00e7a a totes les persones, sense importar-ne l&#8217;edat, que puguin accedir i\/o navegar per les p\u00e0gines del Lloc Web.<br \/>\nEl Lloc Web est\u00e0 dirigit principalment a Usuaris residents a Espanya. Real Stories no assegura que el Lloc Web compleixi amb legislacions d&#8217;altres pa\u00efsos, ja sigui totalment o parcialment. Si l&#8217;Usuari resideix o t\u00e9 el seu domiciliat en un altre lloc i decideix accedir i\/o navegar al Lloc Web ho far\u00e0 sota la seva pr\u00f2pia responsabilitat, assegureu-vos que aquest acc\u00e9s i navegaci\u00f3 compleix amb la legislaci\u00f3 local que li \u00e9s aplicable, no assumint Real Stories cap responsabilitat que es pugui derivar d&#8217;aquest acc\u00e9s.<\/p>\n<p>ACC\u00c9S I NAVEGACI\u00d3 AL LLOC WEB:<br \/>\nReal Stories no garanteix la continu\u00eftat, disponibilitat i utilitat del Lloc Web, ni dels Continguts o Serveis. Real Stories far\u00e0 tot el possible pel bon funcionament del Lloc Web, per\u00f2, no es responsabilitza ni garanteix que l&#8217;acc\u00e9s a aquest Lloc Web no sigui ininterromput o que estigui lliure d&#8217;error.<br \/>\nTampoc no es responsabilitza o garanteix que el contingut o programari al qual es pugui accedir a trav\u00e9s d&#8217;aquest Lloc Web, estigui lliure d&#8217;error o causi un dany al sistema inform\u00e0tic (programari i maquinari) de l&#8217;Usuari. En cap cas Real Stories ser\u00e0 responsable per les p\u00e8rdues, danys o perjudicis de qualsevol tipus que sorgeixin per l&#8217;acc\u00e9s, navegaci\u00f3 i \u00fas del Lloc Web, incloent-hi, per\u00f2 no limitant-se, als ocasionats als sistemes inform\u00e0tics o els provocats per la introducci\u00f3 de virus.<br \/>\nReal Stories tampoc no es fa responsable dels danys que poguessin ocasionar-se als usuaris per un \u00fas inadequat d&#8217;aquest Lloc Web. En particular, no es fa responsable de cap manera de les caigudes, interrupcions, falta o defecte de les telecomunicacions que poguessin oc\u00f3rrer.<\/p>\n<p>POL\u00cdTICA D&#8217;ENLLA\u00c7OS:<br \/>\nS&#8217;informa que el Lloc Web de Real Stories posa o pot posar a disposici\u00f3 dels usuaris mitjans d&#8217;enlla\u00e7 (com, entre d&#8217;altres, links, banners, botons), directoris i motors de cerca que permeten als usuaris accedir a llocs web pertanyents i\/o gestionats per tercers.<br \/>\nLa instal\u00b7laci\u00f3 d&#8217;aquests enlla\u00e7os, directoris i motors de cerca al Lloc Web t\u00e9 per objecte facilitar als Usuaris la cerca i acc\u00e9s a la informaci\u00f3 disponible a Internet, sense que es pugui considerar un suggeriment, recomanaci\u00f3 o invitaci\u00f3 per visitar-los.<br \/>\nReal Stories no ofereix ni comercialitza per si ni per mitj\u00e0 de tercers els productes i\/o serveis disponibles en aquests llocs enlla\u00e7ats.<\/p>\n<p>Real Stories ofereix continguts patrocinats, anuncis i\/o enlla\u00e7os d&#8217;afiliats. La informaci\u00f3 que apareix en aquests enlla\u00e7os d&#8217;afiliats o els anuncis inserits, s\u00f3n facilitats pels mateixos anunciants, per la qual cosa Real Stories no es fa responsable de possibles inexactituds o errors que poguessin contenir els anuncis, ni garanteix de cap manera l&#8217;experi\u00e8ncia, integritat o responsabilitat dels anunciants o la qualitat dels seus productes i\/o serveis.<br \/>\nAix\u00ed mateix, tampoc garantir\u00e0 la disponibilitat t\u00e8cnica, exactitud, veracitat, validesa o legalitat de llocs aliens a la seva propietat a qu\u00e8 es pugui accedir per mitj\u00e0 dels enlla\u00e7os.<\/p>\n<p>Real Stories en cap cas revisar\u00e0 o controlar\u00e0 el contingut d&#8217;altres llocs web, aix\u00ed com tampoc aprova, examina ni fa propis els productes i serveis, continguts, arxius i qualsevol altre material existent als referits llocs enlla\u00e7ats.<\/p>\n<p>Real Stories no assumeix cap responsabilitat pels danys i perjudicis que poguessin produir-se per l&#8217;acc\u00e9s, \u00fas, qualitat o licitud dels continguts, comunicacions, opinions, productes i serveis dels llocs web no gestionats per Real Stories i que siguin enlla\u00e7ats a aquest Lloc Web.<\/p>\n<p>L&#8217;Usuari o tercer que faci un hiperenlla\u00e7 des d&#8217;una p\u00e0gina web d&#8217;un altre, diferent, lloc web al Lloc Web de Real Stories haur\u00e0 de saber que:<br \/>\nNo es permet la reproducci\u00f3 \u2014totalment o parcialment\u2014 de cap dels Continguts i\/o Serveis del Lloc Web sense autoritzaci\u00f3 expressa de Real Stories.<br \/>\nNo es permet tampoc cap manifestaci\u00f3 falsa, inexacta o incorrecta sobre el Lloc Web de Real Stories, ni sobre els Continguts i\/o Serveis del mateix.<\/p>\n<p>A excepci\u00f3 de l&#8217;hiperenlla\u00e7, el lloc web on s&#8217;estableixi aquest hiperenlla\u00e7 no contindr\u00e0 cap element, d&#8217;aquest Lloc Web, protegit com a propietat intel\u00b7lectual per l&#8217;ordenament jur\u00eddic espanyol, llevat d&#8217;autoritzaci\u00f3 expressa de Real Stories.<\/p>\n<p>L&#8217;establiment del hipervincle no implicar\u00e0 l&#8217;exist\u00e8ncia de relacions entre Real Stories i el titular del lloc web des del qual es realitzi, ni el coneixement i l&#8217;acceptaci\u00f3 de Real Stories dels continguts, serveis i\/o activitats ofertes en aquest lloc web, i viceversa.<\/p>\n<p>PROPIETAT INTEL\u00b7LECTUAL I INDUSTRIAL:<br \/>\nReal Stories per si o com a part cession\u00e0ria, \u00e9s titular de tots els drets de propietat intel\u00b7lectual i industrial del Lloc Web, aix\u00ed com dels elements continguts en aquest (a t\u00edtol enunciatiu i no exhaustiu, imatges, so, \u00e0udio, v\u00eddeo, programari o textos, marques o logotips, combinacions de colors, estructura i disseny, selecci\u00f3 de materials usats, programes d&#8217;ordinador necessaris. Seran, per tant, obres protegides com a propietat intel\u00b7lectual per l&#8217;ordenament jur\u00eddic espanyol, i els seran aplicables tant la normativa espanyola i comunit\u00e0ria en aquest camp, com els tractats internacionals relatius a la mat\u00e8ria i subscrits per Espanya.<br \/>\nTots els drets reservats.<\/p>\n<p>En virtut del que disposa la Llei de propietat intel\u00b7lectual, queden expressament prohibides la reproducci\u00f3, la distribuci\u00f3 i la comunicaci\u00f3 p\u00fablica, inclosa la seva modalitat de posada a disposici\u00f3, de la totalitat o part dels continguts d&#8217;aquesta p\u00e0gina web, amb fins comercials, en qualsevol suport i per qualsevol mitj\u00e0 t\u00e8cnic, sense l&#8217;autoritzaci\u00f3 de Real Stories.<\/p>\n<p>L&#8217;usuari es compromet a respectar els drets de propietat intel\u00b7lectual i industrial de Real Stories. Podreu visualitzar els elements del Lloc Web o fins i tot imprimir-los, copiar-los i emmagatzemar-los al disc dur del vostre ordinador o en qualsevol altre suport f\u00edsic sempre que sigui, exclusivament, per al seu \u00fas personal. L&#8217;Usuari, per\u00f2, no podr\u00e0 suprimir, alterar, o manipular qualsevol dispositiu de protecci\u00f3 o sistema de seguretat que estigu\u00e9s instal\u00b7lat al Lloc Web.<br \/>\nEn cas que l&#8217;Usuari o tercer consideri que qualsevol dels Continguts del Lloc Web suposi una violaci\u00f3 dels drets de protecci\u00f3 de la propietat intel\u00b7lectual, ho haur\u00e0 de comunicar immediatament a Real Stories a trav\u00e9s de les dades de contacte de l&#8217;apartat d&#8217;INFORMACI\u00d3 GENERAL d&#8217;aquest Av\u00eds Legal i Condicions Generals d&#8217;\u00das.<\/p>\n<p>ACCIONS LEGALS, LEGISLACI\u00d3 APLICABLE I JURISDICCI\u00d3:<br \/>\nReal Stories es reserva la facultat de presentar les accions civils o penals que consideri necess\u00e0ries per la utilitzaci\u00f3 indeguda del Lloc Web i Continguts, o per l&#8217;incompliment de les presents Condicions.<\/p>\n<p>La relaci\u00f3 entre l&#8217;Usuari i el Real Stories es regir\u00e0 per la normativa vigent i aplicable al territori espanyol. Si sorgeix qualsevol controv\u00e8rsia en relaci\u00f3 amb la interpretaci\u00f3 i\/o l&#8217;aplicaci\u00f3 d&#8217;aquestes Condicions, les parts sotmetran els seus conflictes a la jurisdicci\u00f3 ordin\u00e0ria sotmetent-se als jutges i tribunals que corresponguin d&#8217;acord amb el dret.<\/p>\n","protected":false},"excerpt":{"rendered":"<p>En compliment amb el deure informaci\u00f3 disposat a la Llei 34\/2002 de Serveis de la Societat de la Informaci\u00f3 i el Comer\u00e7 Electr\u00f2nic (LSSI-CE) d&#8217;11 de juliol, es faciliten a continuaci\u00f3 les dades d&#8217;informaci\u00f3 general seg\u00fcents d&#8217;aquest lloc web. La titularitat d&#8217;aquest lloc web, www.realstories.es, (d&#8217;ara endavant, Lloc Web) l&#8217;ostenta: REAL STORIES, S.L., prove\u00efda de [&hellip;]<\/p>\n","protected":false},"author":1,"featured_media":0,"parent":0,"menu_order":0,"comment_status":"closed","ping_status":"closed","template":"","meta":{"_acf_changed":false,"footnotes":""},"class_list":["post-47","page","type-page","status-publish","hentry"],"acf":[],"_links":{"self":[{"href":"https:\/\/labs.100x100.net\/projects\/realstories\/ca\/wp-json\/wp\/v2\/pages\/47","targetHints":{"allow":["GET"]}}],"collection":[{"href":"https:\/\/labs.100x100.net\/projects\/realstories\/ca\/wp-json\/wp\/v2\/pages"}],"about":[{"href":"https:\/\/labs.100x100.net\/projects\/realstories\/ca\/wp-json\/wp\/v2\/types\/page"}],"author":[{"embeddable":true,"href":"https:\/\/labs.100x100.net\/projects\/realstories\/ca\/wp-json\/wp\/v2\/users\/1"}],"replies":[{"embeddable":true,"href":"https:\/\/labs.100x100.net\/projects\/realstories\/ca\/wp-json\/wp\/v2\/comments?post=47"}],"version-history":[{"count":1,"href":"https:\/\/labs.100x100.net\/projects\/realstories\/ca\/wp-json\/wp\/v2\/pages\/47\/revisions"}],"predecessor-version":[{"id":48,"href":"https:\/\/labs.100x100.net\/projects\/realstories\/ca\/wp-json\/wp\/v2\/pages\/47\/revisions\/48"}],"wp:attachment":[{"href":"https:\/\/labs.100x100.net\/projects\/realstories\/ca\/wp-json\/wp\/v2\/media?parent=47"}],"curies":[{"name":"wp","href":"https:\/\/api.w.org\/{rel}","templated":true}]}}