{"id":77,"date":"2021-02-11T08:40:37","date_gmt":"2021-02-11T08:40:37","guid":{"rendered":"https:\/\/www.nkwings.com\/home\/"},"modified":"2025-08-06T21:04:53","modified_gmt":"2025-08-06T21:04:53","slug":"padel-tennis-pickleball","status":"publish","type":"page","link":"https:\/\/labs.100x100.net\/projects\/nkwings\/","title":{"rendered":"Home"},"content":{"rendered":"","protected":false},"excerpt":{"rendered":"","protected":false},"author":1,"featured_media":0,"parent":0,"menu_order":0,"comment_status":"closed","ping_status":"closed","template":"page-home.php","meta":{"_acf_changed":false,"footnotes":""},"class_list":["post-77","page","type-page","status-publish","hentry"],"acf":[],"yoast_head":"<!-- This site is optimized with the Yoast SEO plugin v27.3 - https:\/\/yoast.com\/product\/yoast-seo-wordpress\/ -->\n<title>nk\u00b7wings - Colecci\u00f3n Sports Outwearables para mujeres activas<\/title>\n<meta name=\"description\" content=\"Descubre la COLECCI\u00d3N de ropa deportiva nkwings para mujeres activas. Tu compa\u00f1era 24\/7 en el gimnasio, la cancha, el paseo.\" \/>\n<meta name=\"robots\" content=\"noindex, follow\" \/>\n<meta property=\"og:locale\" content=\"es_ES\" \/>\n<meta property=\"og:type\" content=\"article\" \/>\n<meta property=\"og:title\" content=\"nk\u00b7wings - Colecci\u00f3n Sports Outwearables para mujeres activas\" \/>\n<meta property=\"og:description\" content=\"Descubre la COLECCI\u00d3N de ropa deportiva nkwings para mujeres activas. Tu compa\u00f1era 24\/7 en el gimnasio, la cancha, el paseo.\" \/>\n<meta property=\"og:url\" content=\"https:\/\/labs.100x100.net\/projects\/nkwings\/\" \/>\n<meta property=\"og:site_name\" content=\"nk\u00b7wings\" \/>\n<meta property=\"article:publisher\" content=\"https:\/\/www.facebook.com\/nkwings-108195127810174\/\" \/>\n<meta property=\"article:modified_time\" content=\"2025-08-06T21:04:53+00:00\" \/>\n<meta name=\"twitter:card\" content=\"summary_large_image\" \/>\n<script type=\"application\/ld+json\" class=\"yoast-schema-graph\">{\"@context\":\"https:\\\/\\\/schema.org\",\"@graph\":[{\"@type\":\"WebPage\",\"@id\":\"https:\\\/\\\/labs.100x100.net\\\/projects\\\/nkwings\\\/\",\"url\":\"https:\\\/\\\/labs.100x100.net\\\/projects\\\/nkwings\\\/\",\"name\":\"nk\u00b7wings - Colecci\u00f3n Sports Outwearables para mujeres activas\",\"isPartOf\":{\"@id\":\"https:\\\/\\\/labs.100x100.net\\\/projects\\\/nkwings\\\/#website\"},\"datePublished\":\"2021-02-11T08:40:37+00:00\",\"dateModified\":\"2025-08-06T21:04:53+00:00\",\"description\":\"Descubre la COLECCI\u00d3N de ropa deportiva nkwings para mujeres activas. Tu compa\u00f1era 24\\\/7 en el gimnasio, la cancha, el paseo.\",\"inLanguage\":\"es\",\"potentialAction\":[{\"@type\":\"ReadAction\",\"target\":[\"https:\\\/\\\/labs.100x100.net\\\/projects\\\/nkwings\\\/\"]}]},{\"@type\":\"WebSite\",\"@id\":\"https:\\\/\\\/labs.100x100.net\\\/projects\\\/nkwings\\\/#website\",\"url\":\"https:\\\/\\\/labs.100x100.net\\\/projects\\\/nkwings\\\/\",\"name\":\"nk\u00b7wings\",\"description\":\"\",\"publisher\":{\"@id\":\"https:\\\/\\\/labs.100x100.net\\\/projects\\\/nkwings\\\/#organization\"},\"potentialAction\":[{\"@type\":\"SearchAction\",\"target\":{\"@type\":\"EntryPoint\",\"urlTemplate\":\"https:\\\/\\\/labs.100x100.net\\\/projects\\\/nkwings\\\/?s={search_term_string}\"},\"query-input\":{\"@type\":\"PropertyValueSpecification\",\"valueRequired\":true,\"valueName\":\"search_term_string\"}}],\"inLanguage\":\"es\"},{\"@type\":\"Organization\",\"@id\":\"https:\\\/\\\/labs.100x100.net\\\/projects\\\/nkwings\\\/#organization\",\"name\":\"MYATTITUDE SL\",\"url\":\"https:\\\/\\\/labs.100x100.net\\\/projects\\\/nkwings\\\/\",\"logo\":{\"@type\":\"ImageObject\",\"inLanguage\":\"es\",\"@id\":\"https:\\\/\\\/labs.100x100.net\\\/projects\\\/nkwings\\\/#\\\/schema\\\/logo\\\/image\\\/\",\"url\":\"\",\"contentUrl\":\"\",\"caption\":\"MYATTITUDE SL\"},\"image\":{\"@id\":\"https:\\\/\\\/labs.100x100.net\\\/projects\\\/nkwings\\\/#\\\/schema\\\/logo\\\/image\\\/\"},\"sameAs\":[\"https:\\\/\\\/www.facebook.com\\\/nkwings-108195127810174\\\/\",\"https:\\\/\\\/www.instagram.com\\\/nk_wings\\\/\",\"https:\\\/\\\/www.linkedin.com\\\/company\\\/nkwings\\\/\"]}]}<\/script>\n<!-- \/ Yoast SEO plugin. -->","yoast_head_json":{"title":"nk\u00b7wings - Colecci\u00f3n Sports Outwearables para mujeres activas","description":"Descubre la COLECCI\u00d3N de ropa deportiva nkwings para mujeres activas. Tu compa\u00f1era 24\/7 en el gimnasio, la cancha, el paseo.","robots":{"index":"noindex","follow":"follow"},"og_locale":"es_ES","og_type":"article","og_title":"nk\u00b7wings - Colecci\u00f3n Sports Outwearables para mujeres activas","og_description":"Descubre la COLECCI\u00d3N de ropa deportiva nkwings para mujeres activas. Tu compa\u00f1era 24\/7 en el gimnasio, la cancha, el paseo.","og_url":"https:\/\/labs.100x100.net\/projects\/nkwings\/","og_site_name":"nk\u00b7wings","article_publisher":"https:\/\/www.facebook.com\/nkwings-108195127810174\/","article_modified_time":"2025-08-06T21:04:53+00:00","twitter_card":"summary_large_image","schema":{"@context":"https:\/\/schema.org","@graph":[{"@type":"WebPage","@id":"https:\/\/labs.100x100.net\/projects\/nkwings\/","url":"https:\/\/labs.100x100.net\/projects\/nkwings\/","name":"nk\u00b7wings - Colecci\u00f3n Sports Outwearables para mujeres activas","isPartOf":{"@id":"https:\/\/labs.100x100.net\/projects\/nkwings\/#website"},"datePublished":"2021-02-11T08:40:37+00:00","dateModified":"2025-08-06T21:04:53+00:00","description":"Descubre la COLECCI\u00d3N de ropa deportiva nkwings para mujeres activas. Tu compa\u00f1era 24\/7 en el gimnasio, la cancha, el paseo.","inLanguage":"es","potentialAction":[{"@type":"ReadAction","target":["https:\/\/labs.100x100.net\/projects\/nkwings\/"]}]},{"@type":"WebSite","@id":"https:\/\/labs.100x100.net\/projects\/nkwings\/#website","url":"https:\/\/labs.100x100.net\/projects\/nkwings\/","name":"nk\u00b7wings","description":"","publisher":{"@id":"https:\/\/labs.100x100.net\/projects\/nkwings\/#organization"},"potentialAction":[{"@type":"SearchAction","target":{"@type":"EntryPoint","urlTemplate":"https:\/\/labs.100x100.net\/projects\/nkwings\/?s={search_term_string}"},"query-input":{"@type":"PropertyValueSpecification","valueRequired":true,"valueName":"search_term_string"}}],"inLanguage":"es"},{"@type":"Organization","@id":"https:\/\/labs.100x100.net\/projects\/nkwings\/#organization","name":"MYATTITUDE SL","url":"https:\/\/labs.100x100.net\/projects\/nkwings\/","logo":{"@type":"ImageObject","inLanguage":"es","@id":"https:\/\/labs.100x100.net\/projects\/nkwings\/#\/schema\/logo\/image\/","url":"","contentUrl":"","caption":"MYATTITUDE SL"},"image":{"@id":"https:\/\/labs.100x100.net\/projects\/nkwings\/#\/schema\/logo\/image\/"},"sameAs":["https:\/\/www.facebook.com\/nkwings-108195127810174\/","https:\/\/www.instagram.com\/nk_wings\/","https:\/\/www.linkedin.com\/company\/nkwings\/"]}]}},"_links":{"self":[{"href":"https:\/\/labs.100x100.net\/projects\/nkwings\/wp-json\/wp\/v2\/pages\/77","targetHints":{"allow":["GET"]}}],"collection":[{"href":"https:\/\/labs.100x100.net\/projects\/nkwings\/wp-json\/wp\/v2\/pages"}],"about":[{"href":"https:\/\/labs.100x100.net\/projects\/nkwings\/wp-json\/wp\/v2\/types\/page"}],"author":[{"embeddable":true,"href":"https:\/\/labs.100x100.net\/projects\/nkwings\/wp-json\/wp\/v2\/users\/1"}],"replies":[{"embeddable":true,"href":"https:\/\/labs.100x100.net\/projects\/nkwings\/wp-json\/wp\/v2\/comments?post=77"}],"version-history":[{"count":0,"href":"https:\/\/labs.100x100.net\/projects\/nkwings\/wp-json\/wp\/v2\/pages\/77\/revisions"}],"wp:attachment":[{"href":"https:\/\/labs.100x100.net\/projects\/nkwings\/wp-json\/wp\/v2\/media?parent=77"}],"curies":[{"name":"wp","href":"https:\/\/api.w.org\/{rel}","templated":true}]}}