{"id":146,"date":"2025-12-03T10:32:31","date_gmt":"2025-12-03T09:32:31","guid":{"rendered":"https:\/\/labs.100x100.net\/projects\/nemu\/?page_id=146"},"modified":"2026-03-02T09:56:10","modified_gmt":"2026-03-02T08:56:10","slug":"sobre-surf","status":"publish","type":"page","link":"https:\/\/labs.100x100.net\/projects\/nemu\/sobre-surf\/","title":{"rendered":"Sobre surf"},"content":{"rendered":"","protected":false},"excerpt":{"rendered":"","protected":false},"author":1,"featured_media":0,"parent":0,"menu_order":0,"comment_status":"closed","ping_status":"closed","template":"page-blog.php","meta":{"_acf_changed":false,"footnotes":""},"class_list":["post-146","page","type-page","status-publish","hentry"],"acf":[],"yoast_head":"<!-- This site is optimized with the Yoast SEO plugin v27.0 - https:\/\/yoast.com\/product\/yoast-seo-wordpress\/ -->\n<title>Blog de Surf y Consejos | NEMU Surf<\/title>\n<meta name=\"description\" content=\"Blog de surf con consejos, gu\u00edas y contenido sobre tablas, quillas y accesorios. Informaci\u00f3n \u00fatil para mejorar tu experiencia en el agua.\" \/>\n<meta name=\"robots\" content=\"index, follow, max-snippet:-1, max-image-preview:large, max-video-preview:-1\" \/>\n<link rel=\"canonical\" href=\"\/sobre-surf\/\" \/>\n<meta property=\"og:locale\" content=\"es_ES\" \/>\n<meta property=\"og:type\" content=\"article\" \/>\n<meta property=\"og:title\" content=\"Blog de Surf y Consejos | NEMU Surf\" \/>\n<meta property=\"og:description\" content=\"Blog de surf con consejos, gu\u00edas y contenido sobre tablas, quillas y accesorios. Informaci\u00f3n \u00fatil para mejorar tu experiencia en el agua.\" \/>\n<meta property=\"og:url\" content=\"\/sobre-surf\/\" \/>\n<meta property=\"og:site_name\" content=\"NEMU Surf\" \/>\n<meta property=\"article:modified_time\" content=\"2026-03-02T08:56:10+00:00\" \/>\n<meta property=\"og:image\" content=\"https:\/\/hundreds-wordpress-uploads.s3.amazonaws.com\/nemu\/uploads\/2026\/01\/forecast-surf-nemu-quillas-blog-scaled.jpg\" \/>\n\t<meta property=\"og:image:width\" content=\"2560\" \/>\n\t<meta property=\"og:image:height\" content=\"1707\" \/>\n\t<meta property=\"og:image:type\" content=\"image\/jpeg\" \/>\n<meta name=\"twitter:card\" content=\"summary_large_image\" \/>\n<script type=\"application\/ld+json\" class=\"yoast-schema-graph\">{\"@context\":\"https:\/\/schema.org\",\"@graph\":[{\"@type\":\"WebPage\",\"@id\":\"https:\/\/labs.100x100.net\/projects\/nemu\/sobre-surf\/\",\"url\":\"\/sobre-surf\/\",\"name\":\"Blog de Surf y Consejos | NEMU Surf\",\"isPartOf\":{\"@id\":\"https:\/\/labs.100x100.net\/projects\/nemu\/#website\"},\"datePublished\":\"2025-12-03T09:32:31+00:00\",\"dateModified\":\"2026-03-02T08:56:10+00:00\",\"description\":\"Blog de surf con consejos, gu\u00edas y contenido sobre tablas, quillas y accesorios. Informaci\u00f3n \u00fatil para mejorar tu experiencia en el agua.\",\"breadcrumb\":{\"@id\":\"\/sobre-surf\/#breadcrumb\"},\"inLanguage\":\"es\",\"potentialAction\":[{\"@type\":\"ReadAction\",\"target\":[\"\/sobre-surf\/\"]}]},{\"@type\":\"BreadcrumbList\",\"@id\":\"\/sobre-surf\/#breadcrumb\",\"itemListElement\":[{\"@type\":\"ListItem\",\"position\":1,\"name\":\"Portada\",\"item\":\"https:\/\/labs.100x100.net\/projects\/nemu\/\"},{\"@type\":\"ListItem\",\"position\":2,\"name\":\"Sobre surf\"}]},{\"@type\":\"WebSite\",\"@id\":\"https:\/\/labs.100x100.net\/projects\/nemu\/#website\",\"url\":\"https:\/\/labs.100x100.net\/projects\/nemu\/\",\"name\":\"NEMU Surf\",\"description\":\"\",\"potentialAction\":[{\"@type\":\"SearchAction\",\"target\":{\"@type\":\"EntryPoint\",\"urlTemplate\":\"https:\/\/labs.100x100.net\/projects\/nemu\/?s={search_term_string}\"},\"query-input\":{\"@type\":\"PropertyValueSpecification\",\"valueRequired\":true,\"valueName\":\"search_term_string\"}}],\"inLanguage\":\"es\"}]}<\/script>\n<!-- \/ Yoast SEO plugin. -->","yoast_head_json":{"title":"Blog de Surf y Consejos | NEMU Surf","description":"Blog de surf con consejos, gu\u00edas y contenido sobre tablas, quillas y accesorios. Informaci\u00f3n \u00fatil para mejorar tu experiencia en el agua.","robots":{"index":"index","follow":"follow","max-snippet":"max-snippet:-1","max-image-preview":"max-image-preview:large","max-video-preview":"max-video-preview:-1"},"canonical":"\/sobre-surf\/","og_locale":"es_ES","og_type":"article","og_title":"Blog de Surf y Consejos | NEMU Surf","og_description":"Blog de surf con consejos, gu\u00edas y contenido sobre tablas, quillas y accesorios. Informaci\u00f3n \u00fatil para mejorar tu experiencia en el agua.","og_url":"\/sobre-surf\/","og_site_name":"NEMU Surf","article_modified_time":"2026-03-02T08:56:10+00:00","og_image":[{"width":2560,"height":1707,"url":"https:\/\/hundreds-wordpress-uploads.s3.amazonaws.com\/nemu\/uploads\/2026\/01\/forecast-surf-nemu-quillas-blog-scaled.jpg","type":"image\/jpeg"}],"twitter_card":"summary_large_image","schema":{"@context":"https:\/\/schema.org","@graph":[{"@type":"WebPage","@id":"https:\/\/labs.100x100.net\/projects\/nemu\/sobre-surf\/","url":"\/sobre-surf\/","name":"Blog de Surf y Consejos | NEMU Surf","isPartOf":{"@id":"https:\/\/labs.100x100.net\/projects\/nemu\/#website"},"datePublished":"2025-12-03T09:32:31+00:00","dateModified":"2026-03-02T08:56:10+00:00","description":"Blog de surf con consejos, gu\u00edas y contenido sobre tablas, quillas y accesorios. Informaci\u00f3n \u00fatil para mejorar tu experiencia en el agua.","breadcrumb":{"@id":"\/sobre-surf\/#breadcrumb"},"inLanguage":"es","potentialAction":[{"@type":"ReadAction","target":["\/sobre-surf\/"]}]},{"@type":"BreadcrumbList","@id":"\/sobre-surf\/#breadcrumb","itemListElement":[{"@type":"ListItem","position":1,"name":"Portada","item":"https:\/\/labs.100x100.net\/projects\/nemu\/"},{"@type":"ListItem","position":2,"name":"Sobre surf"}]},{"@type":"WebSite","@id":"https:\/\/labs.100x100.net\/projects\/nemu\/#website","url":"https:\/\/labs.100x100.net\/projects\/nemu\/","name":"NEMU Surf","description":"","potentialAction":[{"@type":"SearchAction","target":{"@type":"EntryPoint","urlTemplate":"https:\/\/labs.100x100.net\/projects\/nemu\/?s={search_term_string}"},"query-input":{"@type":"PropertyValueSpecification","valueRequired":true,"valueName":"search_term_string"}}],"inLanguage":"es"}]}},"_links":{"self":[{"href":"https:\/\/labs.100x100.net\/projects\/nemu\/wp-json\/wp\/v2\/pages\/146","targetHints":{"allow":["GET"]}}],"collection":[{"href":"https:\/\/labs.100x100.net\/projects\/nemu\/wp-json\/wp\/v2\/pages"}],"about":[{"href":"https:\/\/labs.100x100.net\/projects\/nemu\/wp-json\/wp\/v2\/types\/page"}],"author":[{"embeddable":true,"href":"https:\/\/labs.100x100.net\/projects\/nemu\/wp-json\/wp\/v2\/users\/1"}],"replies":[{"embeddable":true,"href":"https:\/\/labs.100x100.net\/projects\/nemu\/wp-json\/wp\/v2\/comments?post=146"}],"version-history":[{"count":1,"href":"https:\/\/labs.100x100.net\/projects\/nemu\/wp-json\/wp\/v2\/pages\/146\/revisions"}],"predecessor-version":[{"id":147,"href":"https:\/\/labs.100x100.net\/projects\/nemu\/wp-json\/wp\/v2\/pages\/146\/revisions\/147"}],"wp:attachment":[{"href":"https:\/\/labs.100x100.net\/projects\/nemu\/wp-json\/wp\/v2\/media?parent=146"}],"curies":[{"name":"wp","href":"https:\/\/api.w.org\/{rel}","templated":true}]}}