{"id":130,"date":"2025-12-02T20:39:25","date_gmt":"2025-12-02T19:39:25","guid":{"rendered":"https:\/\/labs.100x100.net\/projects\/nemu\/?page_id=130"},"modified":"2026-02-18T17:42:10","modified_gmt":"2026-02-18T16:42:10","slug":"aviso-legal","status":"publish","type":"page","link":"https:\/\/labs.100x100.net\/projects\/nemu\/aviso-legal\/","title":{"rendered":"Aviso legal"},"content":{"rendered":"<h4>1. Datos identificativos<\/h4>\n<p>En cumplimiento con el deber de informaci\u00f3n establecido en la Ley 34\/2002, de 11 de julio, de Servicios de la Sociedad de la Informaci\u00f3n y del Comercio Electr\u00f3nico (LSSI-CE), se informa de que el titular del sitio web <strong>www.nemusurf.com<\/strong> (en adelante, \u201cel Sitio Web\u201d) es:<\/p>\n<ul>\n<li><strong>Titular:<\/strong> Sail and Roses SL<\/li>\n<li><strong>CIF\/NIF:<\/strong> B64351778<\/li>\n<li><strong>Domicilio social:<\/strong> Doctor Trueta 168, Porta 7, 08005 Barcelona<\/li>\n<li><strong>Email de contacto:<\/strong> <a href=\"mailto:info@sailandroses.com\">info@sailandroses.com<\/a><\/li>\n<\/ul>\n<p>&nbsp;<\/p>\n<h4>2. Uso del sitio web<\/h4>\n<p>El acceso y uso del Sitio Web atribuye la condici\u00f3n de usuario e implica la aceptaci\u00f3n del presente Aviso Legal. El usuario se compromete a hacer un uso adecuado de los contenidos y servicios, conforme a la legislaci\u00f3n vigente.<\/p>\n<h4>3. Propiedad intelectual e industrial<\/h4>\n<p>Todos los contenidos del Sitio Web (textos, im\u00e1genes, logotipos, dise\u00f1os, etc.) est\u00e1n protegidos por derechos de propiedad intelectual e industrial, siendo titularidad de NEMU Surf o de terceros que han autorizado su uso.<\/p>\n<p>Queda prohibida la reproducci\u00f3n, distribuci\u00f3n o uso no autorizado de dichos contenidos sin el consentimiento expreso del titular.<\/p>\n<h4>4. Limitaci\u00f3n de responsabilidad<\/h4>\n<p>NEMU Surf no garantiza la disponibilidad y continuidad del Sitio Web ni se responsabiliza de posibles fallos t\u00e9cnicos, interrupciones del servicio o da\u00f1os derivados del uso del mismo.<\/p>\n<p>Asimismo, no se hace responsable de los enlaces a sitios web de terceros ni de los contenidos que estos puedan contener.<\/p>\n<h4>5. Protecci\u00f3n de datos personales<\/h4>\n<p>El tratamiento de los datos personales de los usuarios se rige por la Pol\u00edtica de Privacidad del Sitio Web, accesible a trav\u00e9s del enlace correspondiente.<\/p>\n<h4>6. Modificaciones del aviso legal<\/h4>\n<p>NEMU Surf se reserva el derecho de modificar el presente Aviso Legal en cualquier momento, por lo que se recomienda su revisi\u00f3n peri\u00f3dica.<\/p>\n<h4>7. Legislaci\u00f3n aplicable y jurisdicci\u00f3n<\/h4>\n<p>El presente Aviso Legal se rige por la legislaci\u00f3n espa\u00f1ola.<\/p>\n<p>Para la resoluci\u00f3n de cualquier conflicto, las partes se someten a los Juzgados y Tribunales del domicilio del usuario o, en su defecto, a los de Barcelona.<\/p>\n","protected":false},"excerpt":{"rendered":"<p>1. Datos identificativos En cumplimiento con el deber de informaci\u00f3n establecido en la Ley 34\/2002, de 11 de julio, de Servicios de la Sociedad de la Informaci\u00f3n y del Comercio Electr\u00f3nico (LSSI-CE), se informa de que el titular del sitio web www.nemusurf.com (en adelante, \u201cel Sitio Web\u201d) es: Titular: Sail and Roses SL CIF\/NIF: B64351778 [&hellip;]<\/p>\n","protected":false},"author":1,"featured_media":0,"parent":0,"menu_order":0,"comment_status":"closed","ping_status":"closed","template":"","meta":{"_acf_changed":false,"footnotes":""},"class_list":["post-130","page","type-page","status-publish","hentry"],"acf":[],"yoast_head":"<!-- This site is optimized with the Yoast SEO plugin v27.0 - https:\/\/yoast.com\/product\/yoast-seo-wordpress\/ -->\n<title>Aviso legal | NEMU Surf<\/title>\n<meta name=\"robots\" content=\"noindex, nofollow\" \/>\n<meta property=\"og:locale\" content=\"es_ES\" \/>\n<meta property=\"og:type\" content=\"article\" \/>\n<meta property=\"og:title\" content=\"Aviso legal | NEMU Surf\" \/>\n<meta property=\"og:description\" content=\"1. Datos identificativos En cumplimiento con el deber de informaci\u00f3n establecido en la Ley 34\/2002, de 11 de julio, de Servicios de la Sociedad de la Informaci\u00f3n y del Comercio Electr\u00f3nico (LSSI-CE), se informa de que el titular del sitio web www.nemusurf.com (en adelante, \u201cel Sitio Web\u201d) es: Titular: Sail and Roses SL CIF\/NIF: B64351778 [&hellip;]\" \/>\n<meta property=\"og:url\" content=\"https:\/\/labs.100x100.net\/projects\/nemu\/aviso-legal\/\" \/>\n<meta property=\"og:site_name\" content=\"NEMU Surf\" \/>\n<meta property=\"article:modified_time\" content=\"2026-02-18T16:42:10+00:00\" \/>\n<meta name=\"twitter:card\" content=\"summary_large_image\" \/>\n<meta name=\"twitter:label1\" content=\"Tiempo de lectura\" \/>\n\t<meta name=\"twitter:data1\" content=\"2 minutos\" \/>\n<script type=\"application\/ld+json\" class=\"yoast-schema-graph\">{\"@context\":\"https:\/\/schema.org\",\"@graph\":[{\"@type\":\"WebPage\",\"@id\":\"https:\/\/labs.100x100.net\/projects\/nemu\/aviso-legal\/\",\"url\":\"https:\/\/labs.100x100.net\/projects\/nemu\/aviso-legal\/\",\"name\":\"Aviso legal | NEMU Surf\",\"isPartOf\":{\"@id\":\"https:\/\/labs.100x100.net\/projects\/nemu\/#website\"},\"datePublished\":\"2025-12-02T19:39:25+00:00\",\"dateModified\":\"2026-02-18T16:42:10+00:00\",\"breadcrumb\":{\"@id\":\"https:\/\/labs.100x100.net\/projects\/nemu\/aviso-legal\/#breadcrumb\"},\"inLanguage\":\"es\",\"potentialAction\":[{\"@type\":\"ReadAction\",\"target\":[\"https:\/\/labs.100x100.net\/projects\/nemu\/aviso-legal\/\"]}]},{\"@type\":\"BreadcrumbList\",\"@id\":\"https:\/\/labs.100x100.net\/projects\/nemu\/aviso-legal\/#breadcrumb\",\"itemListElement\":[{\"@type\":\"ListItem\",\"position\":1,\"name\":\"Portada\",\"item\":\"https:\/\/labs.100x100.net\/projects\/nemu\/\"},{\"@type\":\"ListItem\",\"position\":2,\"name\":\"Aviso legal\"}]},{\"@type\":\"WebSite\",\"@id\":\"https:\/\/labs.100x100.net\/projects\/nemu\/#website\",\"url\":\"https:\/\/labs.100x100.net\/projects\/nemu\/\",\"name\":\"NEMU Surf\",\"description\":\"\",\"potentialAction\":[{\"@type\":\"SearchAction\",\"target\":{\"@type\":\"EntryPoint\",\"urlTemplate\":\"https:\/\/labs.100x100.net\/projects\/nemu\/?s={search_term_string}\"},\"query-input\":{\"@type\":\"PropertyValueSpecification\",\"valueRequired\":true,\"valueName\":\"search_term_string\"}}],\"inLanguage\":\"es\"}]}<\/script>\n<!-- \/ Yoast SEO plugin. -->","yoast_head_json":{"title":"Aviso legal | NEMU Surf","robots":{"index":"noindex","follow":"nofollow"},"og_locale":"es_ES","og_type":"article","og_title":"Aviso legal | NEMU Surf","og_description":"1. Datos identificativos En cumplimiento con el deber de informaci\u00f3n establecido en la Ley 34\/2002, de 11 de julio, de Servicios de la Sociedad de la Informaci\u00f3n y del Comercio Electr\u00f3nico (LSSI-CE), se informa de que el titular del sitio web www.nemusurf.com (en adelante, \u201cel Sitio Web\u201d) es: Titular: Sail and Roses SL CIF\/NIF: B64351778 [&hellip;]","og_url":"https:\/\/labs.100x100.net\/projects\/nemu\/aviso-legal\/","og_site_name":"NEMU Surf","article_modified_time":"2026-02-18T16:42:10+00:00","twitter_card":"summary_large_image","twitter_misc":{"Tiempo de lectura":"2 minutos"},"schema":{"@context":"https:\/\/schema.org","@graph":[{"@type":"WebPage","@id":"https:\/\/labs.100x100.net\/projects\/nemu\/aviso-legal\/","url":"https:\/\/labs.100x100.net\/projects\/nemu\/aviso-legal\/","name":"Aviso legal | NEMU Surf","isPartOf":{"@id":"https:\/\/labs.100x100.net\/projects\/nemu\/#website"},"datePublished":"2025-12-02T19:39:25+00:00","dateModified":"2026-02-18T16:42:10+00:00","breadcrumb":{"@id":"https:\/\/labs.100x100.net\/projects\/nemu\/aviso-legal\/#breadcrumb"},"inLanguage":"es","potentialAction":[{"@type":"ReadAction","target":["https:\/\/labs.100x100.net\/projects\/nemu\/aviso-legal\/"]}]},{"@type":"BreadcrumbList","@id":"https:\/\/labs.100x100.net\/projects\/nemu\/aviso-legal\/#breadcrumb","itemListElement":[{"@type":"ListItem","position":1,"name":"Portada","item":"https:\/\/labs.100x100.net\/projects\/nemu\/"},{"@type":"ListItem","position":2,"name":"Aviso legal"}]},{"@type":"WebSite","@id":"https:\/\/labs.100x100.net\/projects\/nemu\/#website","url":"https:\/\/labs.100x100.net\/projects\/nemu\/","name":"NEMU Surf","description":"","potentialAction":[{"@type":"SearchAction","target":{"@type":"EntryPoint","urlTemplate":"https:\/\/labs.100x100.net\/projects\/nemu\/?s={search_term_string}"},"query-input":{"@type":"PropertyValueSpecification","valueRequired":true,"valueName":"search_term_string"}}],"inLanguage":"es"}]}},"_links":{"self":[{"href":"https:\/\/labs.100x100.net\/projects\/nemu\/wp-json\/wp\/v2\/pages\/130","targetHints":{"allow":["GET"]}}],"collection":[{"href":"https:\/\/labs.100x100.net\/projects\/nemu\/wp-json\/wp\/v2\/pages"}],"about":[{"href":"https:\/\/labs.100x100.net\/projects\/nemu\/wp-json\/wp\/v2\/types\/page"}],"author":[{"embeddable":true,"href":"https:\/\/labs.100x100.net\/projects\/nemu\/wp-json\/wp\/v2\/users\/1"}],"replies":[{"embeddable":true,"href":"https:\/\/labs.100x100.net\/projects\/nemu\/wp-json\/wp\/v2\/comments?post=130"}],"version-history":[{"count":7,"href":"https:\/\/labs.100x100.net\/projects\/nemu\/wp-json\/wp\/v2\/pages\/130\/revisions"}],"predecessor-version":[{"id":584,"href":"https:\/\/labs.100x100.net\/projects\/nemu\/wp-json\/wp\/v2\/pages\/130\/revisions\/584"}],"wp:attachment":[{"href":"https:\/\/labs.100x100.net\/projects\/nemu\/wp-json\/wp\/v2\/media?parent=130"}],"curies":[{"name":"wp","href":"https:\/\/api.w.org\/{rel}","templated":true}]}}