{"id":538,"date":"2025-03-06T12:02:05","date_gmt":"2025-03-06T11:02:05","guid":{"rendered":"https:\/\/labs.100x100.net\/projects\/impulsosolar\/?page_id=538"},"modified":"2025-03-31T12:47:24","modified_gmt":"2025-03-31T10:47:24","slug":"avis-legal","status":"publish","type":"page","link":"https:\/\/labs.100x100.net\/projects\/impulsosolar\/avis-legal\/","title":{"rendered":"Av\u00eds legal"},"content":{"rendered":"<p>IMPULSO SOLAR, S.L. compleix amb els requisits establerts en la normativa actual sobre Protecci\u00f3 de Dades de Car\u00e0cter Personal i Comer\u00e7 Electr\u00f2nic. A tal fi, ha creat el seg\u00fcent Av\u00eds Legal:<\/p>\n<h3>Condicions generals d&#8217;\u00fas<\/h3>\n<p>Tota persona que accedeixi a aquest lloc web assumeix el paper d&#8217;Usuari, comprometent-se a l&#8217;observan\u00e7a i compliment rigor\u00f3s de les disposicions aqu\u00ed disposades, aix\u00ed com a qualsevol altra disposici\u00f3 legal que fos aplicable.<\/p>\n<p>IMPULSO SOLAR, S.L. es reserva el dret a modificar qualsevol tipus d&#8217;informaci\u00f3 que pogu\u00e9s apar\u00e8ixer en el lloc web, sense que existeixi obligaci\u00f3 de preavisar o posar en coneixement dels Usuaris aquestes obligacions, entenent-se com a suficient amb la publicaci\u00f3 en el seu lloc web.<\/p>\n<p>L&#8217;usuari accepta plenament i sense reserves les disposicions incloses en aquest Av\u00eds Legal, en la versi\u00f3 publicada per IMPULSO SOLAR, S.L. en el moment mateix que l&#8217;Usuari accedeixi al lloc web.<\/p>\n<p>El lloc web pot ser visitat lliurement i l&#8217;Usuari es compromet a utilitzar els seus continguts i serveis de conformitat amb la llei, la moral, els bons costums i el present Av\u00eds Legal. A aquest efecte, l&#8217;Usuari s&#8217;abstindr\u00e0 d&#8217;utilitzar el lloc web amb finalitats o efectes il\u00b7l\u00edcits, prohibits i lesius dels drets i interessos de tercers.<\/p>\n<p>IMPULSO SOLAR, S.L. no es responsabilitza dels errors o omissions, dels continguts del lloc web ni d&#8217;altres continguts als quals es pugui accedir a trav\u00e9s d&#8217;aquest, ni dels danys derivats de la utilitzaci\u00f3 del lloc web, ni per qualsevol actuaci\u00f3 realitzada sobre la base de la informaci\u00f3 que en ella es facilita.<\/p>\n<p>IMPULSO SOLAR, S.L. ni garanteix l&#8217;abs\u00e8ncia de virus o altres elements lesius, que poguessin causar danys o alteracions en el sistema inform\u00e0tic, en els documents electr\u00f2nics o en els fitxers de l&#8217;usuari del lloc web; ni respon dels danys i perjudicis que tals elements poguessin ocasionar a l&#8217;Usuari o tercers.<\/p>\n<p>El lloc web t\u00e9 car\u00e0cter informatiu, per la qual cosa el seu contingut podr\u00e0 ser modificat, ampliat o suprimit en qualsevol moment, sense previ av\u00eds.<\/p>\n<p>IMPULSO SOLAR, S.L. es reserva el dret d&#8217;actualitzar els continguts del lloc web i\/o d&#8217;eliminar-los, aix\u00ed com de limitar i impedir l&#8217;acc\u00e9s a aquests, ja sigui temporal o definitivament, sense pr\u00e8via notificaci\u00f3.<\/p>\n<h5>Drets de propietat intel\u00b7lectual i industrial<\/h5>\n<p>Tots els drets de propietat intel\u00b7lectual i\/o industrial del lloc web i de tots els seus continguts (textos, imatges, dissenys, creativitats, programari, codi font, fragment d&#8217;\u00e0udio, programes inform\u00e0tics, desc\u00e0rregues digitals, bases de dades, noms comercials, marques, logotips, i\/o qualsevol altre signe distintiu, etc.) que formin o hagin format part del mateix en algun moment, estan protegits per Llei i pertanyen a IMPULSO SOLAR, S.L.<\/p>\n<p>En cap cas s&#8217;entendr\u00e0 que l&#8217;acc\u00e9s i \u00fas del lloc web implica la ren\u00fancia, transmissi\u00f3, llic\u00e8ncia, cessi\u00f3, total ni parcial, ni autoritzaci\u00f3 de cap classe, per a l&#8217;explotaci\u00f3, reproducci\u00f3, comunicaci\u00f3 p\u00fablica, difusi\u00f3, divulgaci\u00f3 i\/o transformaci\u00f3 ni del lloc web, ni dels seus continguts, entesos amb l&#8217;amplitud assenyalada en el punt anterior, ni tampoc dels drets de propietat intel\u00b7lectual i\/o industrial inherents a aquests.<\/p>\n<h3>Enlla\u00e7os<\/h3>\n<p>L&#8217;empresa no assumeix cap responsabilitat sobre el contingut, informaci\u00f3 o serveis que puguin oferir els enlla\u00e7os que es presenten en el nostre lloc web, i que tenen car\u00e0cter merament informatiu.<\/p>\n<h3>Legislaci\u00f3 aplicable:<\/h3>\n<p>La present Web es regeix per la legislaci\u00f3 espanyola.<\/p>\n","protected":false},"excerpt":{"rendered":"<p>IMPULSO SOLAR, S.L. compleix amb els requisits establerts en la normativa actual sobre Protecci\u00f3 de Dades de Car\u00e0cter Personal i Comer\u00e7 Electr\u00f2nic. A tal fi, ha creat el seg\u00fcent Av\u00eds Legal: Condicions generals d&#8217;\u00fas Tota persona que accedeixi a aquest lloc web assumeix el paper d&#8217;Usuari, comprometent-se a l&#8217;observan\u00e7a i compliment rigor\u00f3s de les disposicions [&hellip;]<\/p>\n","protected":false},"author":1,"featured_media":0,"parent":0,"menu_order":0,"comment_status":"closed","ping_status":"closed","template":"","meta":{"_acf_changed":false,"footnotes":""},"class_list":["post-538","page","type-page","status-publish","hentry"],"acf":[],"yoast_head":"<!-- This site is optimized with the Yoast SEO plugin v26.0 - https:\/\/yoast.com\/wordpress\/plugins\/seo\/ -->\n<title>Av\u00eds legal - Impulso Solar<\/title>\n<meta name=\"robots\" content=\"noindex, nofollow\" \/>\n<meta property=\"og:locale\" content=\"ca_ES\" \/>\n<meta property=\"og:type\" content=\"article\" \/>\n<meta property=\"og:title\" content=\"Av\u00eds legal - Impulso Solar\" \/>\n<meta property=\"og:description\" content=\"IMPULSO SOLAR, S.L. compleix amb els requisits establerts en la normativa actual sobre Protecci\u00f3 de Dades de Car\u00e0cter Personal i Comer\u00e7 Electr\u00f2nic. A tal fi, ha creat el seg\u00fcent Av\u00eds Legal: Condicions generals d&#8217;\u00fas Tota persona que accedeixi a aquest lloc web assumeix el paper d&#8217;Usuari, comprometent-se a l&#8217;observan\u00e7a i compliment rigor\u00f3s de les disposicions [&hellip;]\" \/>\n<meta property=\"og:url\" content=\"https:\/\/labs.100x100.net\/projects\/impulsosolar\/avis-legal\/\" \/>\n<meta property=\"og:site_name\" content=\"Impulso Solar\" \/>\n<meta property=\"article:modified_time\" content=\"2025-03-31T10:47:24+00:00\" \/>\n<meta name=\"twitter:card\" content=\"summary_large_image\" \/>\n<meta name=\"twitter:label1\" content=\"Temps estimat de lectura\" \/>\n\t<meta name=\"twitter:data1\" content=\"3 minuts\" \/>\n<script type=\"application\/ld+json\" class=\"yoast-schema-graph\">{\"@context\":\"https:\/\/schema.org\",\"@graph\":[{\"@type\":\"WebPage\",\"@id\":\"https:\/\/labs.100x100.net\/projects\/impulsosolar\/avis-legal\/\",\"url\":\"https:\/\/labs.100x100.net\/projects\/impulsosolar\/avis-legal\/\",\"name\":\"Av\u00eds legal - Impulso Solar\",\"isPartOf\":{\"@id\":\"https:\/\/labs.100x100.net\/projects\/impulsosolar\/#website\"},\"datePublished\":\"2025-03-06T11:02:05+00:00\",\"dateModified\":\"2025-03-31T10:47:24+00:00\",\"breadcrumb\":{\"@id\":\"https:\/\/labs.100x100.net\/projects\/impulsosolar\/avis-legal\/#breadcrumb\"},\"inLanguage\":\"ca\",\"potentialAction\":[{\"@type\":\"ReadAction\",\"target\":[\"https:\/\/labs.100x100.net\/projects\/impulsosolar\/avis-legal\/\"]}]},{\"@type\":\"BreadcrumbList\",\"@id\":\"https:\/\/labs.100x100.net\/projects\/impulsosolar\/avis-legal\/#breadcrumb\",\"itemListElement\":[{\"@type\":\"ListItem\",\"position\":1,\"name\":\"Inici\",\"item\":\"https:\/\/labs.100x100.net\/projects\/impulsosolar\/\"},{\"@type\":\"ListItem\",\"position\":2,\"name\":\"Av\u00eds legal\"}]},{\"@type\":\"WebSite\",\"@id\":\"https:\/\/labs.100x100.net\/projects\/impulsosolar\/#website\",\"url\":\"https:\/\/labs.100x100.net\/projects\/impulsosolar\/\",\"name\":\"Impulso Solar\",\"description\":\"\",\"potentialAction\":[{\"@type\":\"SearchAction\",\"target\":{\"@type\":\"EntryPoint\",\"urlTemplate\":\"https:\/\/labs.100x100.net\/projects\/impulsosolar\/?s={search_term_string}\"},\"query-input\":{\"@type\":\"PropertyValueSpecification\",\"valueRequired\":true,\"valueName\":\"search_term_string\"}}],\"inLanguage\":\"ca\"}]}<\/script>\n<!-- \/ Yoast SEO plugin. -->","yoast_head_json":{"title":"Av\u00eds legal - Impulso Solar","robots":{"index":"noindex","follow":"nofollow"},"og_locale":"ca_ES","og_type":"article","og_title":"Av\u00eds legal - Impulso Solar","og_description":"IMPULSO SOLAR, S.L. compleix amb els requisits establerts en la normativa actual sobre Protecci\u00f3 de Dades de Car\u00e0cter Personal i Comer\u00e7 Electr\u00f2nic. A tal fi, ha creat el seg\u00fcent Av\u00eds Legal: Condicions generals d&#8217;\u00fas Tota persona que accedeixi a aquest lloc web assumeix el paper d&#8217;Usuari, comprometent-se a l&#8217;observan\u00e7a i compliment rigor\u00f3s de les disposicions [&hellip;]","og_url":"https:\/\/labs.100x100.net\/projects\/impulsosolar\/avis-legal\/","og_site_name":"Impulso Solar","article_modified_time":"2025-03-31T10:47:24+00:00","twitter_card":"summary_large_image","twitter_misc":{"Temps estimat de lectura":"3 minuts"},"schema":{"@context":"https:\/\/schema.org","@graph":[{"@type":"WebPage","@id":"https:\/\/labs.100x100.net\/projects\/impulsosolar\/avis-legal\/","url":"https:\/\/labs.100x100.net\/projects\/impulsosolar\/avis-legal\/","name":"Av\u00eds legal - Impulso Solar","isPartOf":{"@id":"https:\/\/labs.100x100.net\/projects\/impulsosolar\/#website"},"datePublished":"2025-03-06T11:02:05+00:00","dateModified":"2025-03-31T10:47:24+00:00","breadcrumb":{"@id":"https:\/\/labs.100x100.net\/projects\/impulsosolar\/avis-legal\/#breadcrumb"},"inLanguage":"ca","potentialAction":[{"@type":"ReadAction","target":["https:\/\/labs.100x100.net\/projects\/impulsosolar\/avis-legal\/"]}]},{"@type":"BreadcrumbList","@id":"https:\/\/labs.100x100.net\/projects\/impulsosolar\/avis-legal\/#breadcrumb","itemListElement":[{"@type":"ListItem","position":1,"name":"Inici","item":"https:\/\/labs.100x100.net\/projects\/impulsosolar\/"},{"@type":"ListItem","position":2,"name":"Av\u00eds legal"}]},{"@type":"WebSite","@id":"https:\/\/labs.100x100.net\/projects\/impulsosolar\/#website","url":"https:\/\/labs.100x100.net\/projects\/impulsosolar\/","name":"Impulso Solar","description":"","potentialAction":[{"@type":"SearchAction","target":{"@type":"EntryPoint","urlTemplate":"https:\/\/labs.100x100.net\/projects\/impulsosolar\/?s={search_term_string}"},"query-input":{"@type":"PropertyValueSpecification","valueRequired":true,"valueName":"search_term_string"}}],"inLanguage":"ca"}]}},"_links":{"self":[{"href":"https:\/\/labs.100x100.net\/projects\/impulsosolar\/wp-json\/wp\/v2\/pages\/538","targetHints":{"allow":["GET"]}}],"collection":[{"href":"https:\/\/labs.100x100.net\/projects\/impulsosolar\/wp-json\/wp\/v2\/pages"}],"about":[{"href":"https:\/\/labs.100x100.net\/projects\/impulsosolar\/wp-json\/wp\/v2\/types\/page"}],"author":[{"embeddable":true,"href":"https:\/\/labs.100x100.net\/projects\/impulsosolar\/wp-json\/wp\/v2\/users\/1"}],"replies":[{"embeddable":true,"href":"https:\/\/labs.100x100.net\/projects\/impulsosolar\/wp-json\/wp\/v2\/comments?post=538"}],"version-history":[{"count":1,"href":"https:\/\/labs.100x100.net\/projects\/impulsosolar\/wp-json\/wp\/v2\/pages\/538\/revisions"}],"predecessor-version":[{"id":539,"href":"https:\/\/labs.100x100.net\/projects\/impulsosolar\/wp-json\/wp\/v2\/pages\/538\/revisions\/539"}],"wp:attachment":[{"href":"https:\/\/labs.100x100.net\/projects\/impulsosolar\/wp-json\/wp\/v2\/media?parent=538"}],"curies":[{"name":"wp","href":"https:\/\/api.w.org\/{rel}","templated":true}]}}