{"id":3,"date":"2025-02-20T10:02:40","date_gmt":"2025-02-20T09:02:40","guid":{"rendered":"https:\/\/labs.100x100.net\/projects\/impulsosolar\/?page_id=3"},"modified":"2026-03-20T19:55:19","modified_gmt":"2026-03-20T18:55:19","slug":"politica-privacitat","status":"publish","type":"page","link":"https:\/\/labs.100x100.net\/projects\/impulsosolar\/politica-privacitat\/","title":{"rendered":"Pol\u00edtica de privacitat"},"content":{"rendered":"<p>Les dades personals recollides o generades quan es comuniqui amb IMPULSO SOLAR, S.L. incl\u00f2s els correus electr\u00f2nics, seran tractats per IMPULSO SOLAR, S.L. amb base en la relaci\u00f3 professional existent, i per tal de gestionar aquesta relaci\u00f3 professional, complir amb les obligacions legals corresponents i, si escau, informar-lo de l&#8217;actualitat jur\u00eddica si obtenim el seu consentiment o si tenim un inter\u00e8s leg\u00edtim per la relaci\u00f3 generada amb Un. Les seves dades seran conservades mentre la relaci\u00f3 de contacte professional segueixi en vigor i, posteriorment, mentre hi hagi responsabilitats legals o contractuals o mentre no s&#8217;oposi a l&#8217;enviament d&#8217;informaci\u00f3 legal. Pot exercitar els drets d&#8217;acc\u00e9s, rectificaci\u00f3, supressi\u00f3, limitaci\u00f3 i portabilitat, quan corresponguin, en <a href=\"info@lenteimpulso.com\">info@lenteimpulso.com.<\/a>\u00a0Aix\u00ed mateix, podr\u00e0 formular reclamacions davant l&#8217;autoritat competent. L&#8217;informem que les seves dades no seran cedides a cap tercer, excepte: a) les empreses de Grup, b) que hi hagi obligaci\u00f3 legal o c) expressament l&#8217;hi indiquem, podent accedir-hi prestadors de serveis de sistemes, eines de tecnologia, o altres assessors amb els quals, atenent a la seva sol\u00b7licitud, ens haguem de posar en contacte.<\/p>\n<p>&nbsp;<\/p>\n<p>IMPULSO SOLAR, S.L. protegeix les dades personals segons el que s&#8217;estableix en el Reglament (UE) 2016\/679 del Parlament i del Consell, de 27 d&#8217;abril de 2016, relatiu a la protecci\u00f3 de les persones f\u00edsiques pel que fa al tractament de dades personals i a la lliure circulaci\u00f3 d&#8217;aquestes amb l&#8217;objecte que es respectin les llibertats i els drets fonamentals de les persones a qui pertanyin aquestes dades.<\/p>\n<p>Les seves dades seran tractades amb la m\u00e0xima confidencialitat per a gestionar la nostra relaci\u00f3 comercial. Les dades es conservaran fins que se sol\u00b7liciti la supressi\u00f3 a la seg\u00fcent adre\u00e7a info@lenteimpulso.com, o ho estableixi una disposici\u00f3 legal. Pot presentar una reclamaci\u00f3 davant l&#8217;autoritat de control competent (www.aepd.es) si considera que el tractament no s&#8217;ajusta a la normativa vigent.<\/p>\n<p>IMPULSO SOLAR, S.L. est\u00e0 legitimada per a tractar les seves dades perqu\u00e8 s\u00f3n necess\u00e0ries per a prestar el servei sol\u00b7licitat o pel consentiment que ens atorga en els diferents formularis de contacte de la web.<\/p>\n<p>Les dades no se cediran a tercers excepte en els casos en qu\u00e8 existeixi una obligaci\u00f3 legal.<\/p>\n<p>Per a exercir els drets d&#8217;acc\u00e9s, rectificaci\u00f3, supressi\u00f3 i portabilitat de les seves dades, i la limitaci\u00f3 o oposici\u00f3 al seu tractament, s&#8217;ha de dirigir per escrit a info@lenteimpulso.com<\/p>\n<p>Els Usuaris, mitjan\u00e7ant la marcaci\u00f3 de les caselles corresponents i entrada de dades en els camps, marcats amb un asterisc (*) en el formulari de contacte o presentats en formularis de desc\u00e0rrega, accepten expressament i de forma lliure i inequ\u00edvoca, que les seves dades s\u00f3n necess\u00e0ries per a atendre la seva petici\u00f3, per part del prestador, sent volunt\u00e0ria la inclusi\u00f3 de dades en els camps restants. L&#8217;Usuari garanteix que les dades personals facilitades s\u00f3n certes i es fa responsable de comunicar qualsevol modificaci\u00f3 d&#8217;aquestes.<\/p>\n<p>IMPULSO SOLAR, S.L. informa i garanteix expressament als usuaris que les seves dades personals no seran cedides en cap cas a tercers, i que sempre que realitz\u00e9s algun tipus de cessi\u00f3 de dades personals, es demanar\u00e0 pr\u00e8viament el consentiment expr\u00e9s, informat i inequ\u00edvoc per part els Usuaris. Totes les dades sol\u00b7licitades a trav\u00e9s del lloc web s\u00f3n obligat\u00f2ries, ja que s\u00f3n necess\u00e0ries per a la prestaci\u00f3 d&#8217;un servei \u00f2ptim a l&#8217;Usuari. En cas que no siguin facilitades totes les dades, no es garanteix que la informaci\u00f3 i serveis facilitats siguin completament ajustats a les seves necessitats.<\/p>\n<p>IMPULSO SOLAR, S.L. est\u00e0 complint amb totes les disposicions de les normatives per al tractament de les dades personals de la seva responsabilitat, i amb els principis descrits en l&#8217;article 5 del GDPR, pels quals s\u00f3n tractats de manera l\u00edcita, lleial i transparent en relaci\u00f3 amb l&#8217;interessat i adequats, pertinents i limitats al necessari en relaci\u00f3 amb les finalitats per als quals s\u00f3n tractats.<\/p>\n<p>IMPULSO SOLAR, S.L. garanteix que ha implementat pol\u00edtiques t\u00e8cniques i organitzatives apropiades per a aplicar les mesures de seguretat que estableixen el GDPR amb la finalitat de protegir els drets i llibertats dels Usuaris i els ha comunicat la informaci\u00f3 adequada perqu\u00e8 puguin exercir-los.<\/p>\n<p>Direcci\u00f3: Torre D&#8217;Ara, Passeig de Marina, 180, 08302 Matar\u00f3, Barcelona<br \/>\nTel.: +34 93 548 24 26<br \/>\nE-mail:\u00a0<a href=\"mailto:info@lenteimpulso.com\">info@lenteimpulso.com<\/a><\/p>\n","protected":false},"excerpt":{"rendered":"<p>Les dades personals recollides o generades quan es comuniqui amb IMPULSO SOLAR, S.L. incl\u00f2s els correus electr\u00f2nics, seran tractats per IMPULSO SOLAR, S.L. amb base en la relaci\u00f3 professional existent, i per tal de gestionar aquesta relaci\u00f3 professional, complir amb les obligacions legals corresponents i, si escau, informar-lo de l&#8217;actualitat jur\u00eddica si obtenim el seu [&hellip;]<\/p>\n","protected":false},"author":1,"featured_media":0,"parent":0,"menu_order":0,"comment_status":"closed","ping_status":"closed","template":"","meta":{"_acf_changed":false,"footnotes":""},"class_list":["post-3","page","type-page","status-publish","hentry"],"acf":[],"yoast_head":"<!-- This site is optimized with the Yoast SEO plugin v26.0 - https:\/\/yoast.com\/wordpress\/plugins\/seo\/ -->\n<title>Pol\u00edtica de privacitat - Impulso Solar<\/title>\n<meta name=\"robots\" content=\"noindex, nofollow\" \/>\n<meta property=\"og:locale\" content=\"ca_ES\" \/>\n<meta property=\"og:type\" content=\"article\" \/>\n<meta property=\"og:title\" content=\"Pol\u00edtica de privacitat - Impulso Solar\" \/>\n<meta property=\"og:description\" content=\"Les dades personals recollides o generades quan es comuniqui amb IMPULSO SOLAR, S.L. incl\u00f2s els correus electr\u00f2nics, seran tractats per IMPULSO SOLAR, S.L. amb base en la relaci\u00f3 professional existent, i per tal de gestionar aquesta relaci\u00f3 professional, complir amb les obligacions legals corresponents i, si escau, informar-lo de l&#8217;actualitat jur\u00eddica si obtenim el seu [&hellip;]\" \/>\n<meta property=\"og:url\" content=\"https:\/\/labs.100x100.net\/projects\/impulsosolar\/politica-privacitat\/\" \/>\n<meta property=\"og:site_name\" content=\"Impulso Solar\" \/>\n<meta property=\"article:modified_time\" content=\"2026-03-20T18:55:19+00:00\" \/>\n<meta name=\"twitter:card\" content=\"summary_large_image\" \/>\n<meta name=\"twitter:label1\" content=\"Temps estimat de lectura\" \/>\n\t<meta name=\"twitter:data1\" content=\"4 minuts\" \/>\n<script type=\"application\/ld+json\" class=\"yoast-schema-graph\">{\"@context\":\"https:\/\/schema.org\",\"@graph\":[{\"@type\":\"WebPage\",\"@id\":\"https:\/\/labs.100x100.net\/projects\/impulsosolar\/politica-privacitat\/\",\"url\":\"https:\/\/labs.100x100.net\/projects\/impulsosolar\/politica-privacitat\/\",\"name\":\"Pol\u00edtica de privacitat - Impulso Solar\",\"isPartOf\":{\"@id\":\"https:\/\/labs.100x100.net\/projects\/impulsosolar\/#website\"},\"datePublished\":\"2025-02-20T09:02:40+00:00\",\"dateModified\":\"2026-03-20T18:55:19+00:00\",\"breadcrumb\":{\"@id\":\"https:\/\/labs.100x100.net\/projects\/impulsosolar\/politica-privacitat\/#breadcrumb\"},\"inLanguage\":\"ca\",\"potentialAction\":[{\"@type\":\"ReadAction\",\"target\":[\"https:\/\/labs.100x100.net\/projects\/impulsosolar\/politica-privacitat\/\"]}]},{\"@type\":\"BreadcrumbList\",\"@id\":\"https:\/\/labs.100x100.net\/projects\/impulsosolar\/politica-privacitat\/#breadcrumb\",\"itemListElement\":[{\"@type\":\"ListItem\",\"position\":1,\"name\":\"Inici\",\"item\":\"https:\/\/labs.100x100.net\/projects\/impulsosolar\/\"},{\"@type\":\"ListItem\",\"position\":2,\"name\":\"Pol\u00edtica de privacitat\"}]},{\"@type\":\"WebSite\",\"@id\":\"https:\/\/labs.100x100.net\/projects\/impulsosolar\/#website\",\"url\":\"https:\/\/labs.100x100.net\/projects\/impulsosolar\/\",\"name\":\"Impulso Solar\",\"description\":\"\",\"potentialAction\":[{\"@type\":\"SearchAction\",\"target\":{\"@type\":\"EntryPoint\",\"urlTemplate\":\"https:\/\/labs.100x100.net\/projects\/impulsosolar\/?s={search_term_string}\"},\"query-input\":{\"@type\":\"PropertyValueSpecification\",\"valueRequired\":true,\"valueName\":\"search_term_string\"}}],\"inLanguage\":\"ca\"}]}<\/script>\n<!-- \/ Yoast SEO plugin. -->","yoast_head_json":{"title":"Pol\u00edtica de privacitat - Impulso Solar","robots":{"index":"noindex","follow":"nofollow"},"og_locale":"ca_ES","og_type":"article","og_title":"Pol\u00edtica de privacitat - Impulso Solar","og_description":"Les dades personals recollides o generades quan es comuniqui amb IMPULSO SOLAR, S.L. incl\u00f2s els correus electr\u00f2nics, seran tractats per IMPULSO SOLAR, S.L. amb base en la relaci\u00f3 professional existent, i per tal de gestionar aquesta relaci\u00f3 professional, complir amb les obligacions legals corresponents i, si escau, informar-lo de l&#8217;actualitat jur\u00eddica si obtenim el seu [&hellip;]","og_url":"https:\/\/labs.100x100.net\/projects\/impulsosolar\/politica-privacitat\/","og_site_name":"Impulso Solar","article_modified_time":"2026-03-20T18:55:19+00:00","twitter_card":"summary_large_image","twitter_misc":{"Temps estimat de lectura":"4 minuts"},"schema":{"@context":"https:\/\/schema.org","@graph":[{"@type":"WebPage","@id":"https:\/\/labs.100x100.net\/projects\/impulsosolar\/politica-privacitat\/","url":"https:\/\/labs.100x100.net\/projects\/impulsosolar\/politica-privacitat\/","name":"Pol\u00edtica de privacitat - Impulso Solar","isPartOf":{"@id":"https:\/\/labs.100x100.net\/projects\/impulsosolar\/#website"},"datePublished":"2025-02-20T09:02:40+00:00","dateModified":"2026-03-20T18:55:19+00:00","breadcrumb":{"@id":"https:\/\/labs.100x100.net\/projects\/impulsosolar\/politica-privacitat\/#breadcrumb"},"inLanguage":"ca","potentialAction":[{"@type":"ReadAction","target":["https:\/\/labs.100x100.net\/projects\/impulsosolar\/politica-privacitat\/"]}]},{"@type":"BreadcrumbList","@id":"https:\/\/labs.100x100.net\/projects\/impulsosolar\/politica-privacitat\/#breadcrumb","itemListElement":[{"@type":"ListItem","position":1,"name":"Inici","item":"https:\/\/labs.100x100.net\/projects\/impulsosolar\/"},{"@type":"ListItem","position":2,"name":"Pol\u00edtica de privacitat"}]},{"@type":"WebSite","@id":"https:\/\/labs.100x100.net\/projects\/impulsosolar\/#website","url":"https:\/\/labs.100x100.net\/projects\/impulsosolar\/","name":"Impulso Solar","description":"","potentialAction":[{"@type":"SearchAction","target":{"@type":"EntryPoint","urlTemplate":"https:\/\/labs.100x100.net\/projects\/impulsosolar\/?s={search_term_string}"},"query-input":{"@type":"PropertyValueSpecification","valueRequired":true,"valueName":"search_term_string"}}],"inLanguage":"ca"}]}},"_links":{"self":[{"href":"https:\/\/labs.100x100.net\/projects\/impulsosolar\/wp-json\/wp\/v2\/pages\/3","targetHints":{"allow":["GET"]}}],"collection":[{"href":"https:\/\/labs.100x100.net\/projects\/impulsosolar\/wp-json\/wp\/v2\/pages"}],"about":[{"href":"https:\/\/labs.100x100.net\/projects\/impulsosolar\/wp-json\/wp\/v2\/types\/page"}],"author":[{"embeddable":true,"href":"https:\/\/labs.100x100.net\/projects\/impulsosolar\/wp-json\/wp\/v2\/users\/1"}],"replies":[{"embeddable":true,"href":"https:\/\/labs.100x100.net\/projects\/impulsosolar\/wp-json\/wp\/v2\/comments?post=3"}],"version-history":[{"count":2,"href":"https:\/\/labs.100x100.net\/projects\/impulsosolar\/wp-json\/wp\/v2\/pages\/3\/revisions"}],"predecessor-version":[{"id":2303,"href":"https:\/\/labs.100x100.net\/projects\/impulsosolar\/wp-json\/wp\/v2\/pages\/3\/revisions\/2303"}],"wp:attachment":[{"href":"https:\/\/labs.100x100.net\/projects\/impulsosolar\/wp-json\/wp\/v2\/media?parent=3"}],"curies":[{"name":"wp","href":"https:\/\/api.w.org\/{rel}","templated":true}]}}