{"id":540,"date":"2025-03-06T12:02:05","date_gmt":"2025-03-06T11:02:05","guid":{"rendered":"https:\/\/labs.100x100.net\/projects\/impulsosolar\/?page_id=540"},"modified":"2025-04-29T10:50:47","modified_gmt":"2025-04-29T08:50:47","slug":"aviso-legal","status":"publish","type":"page","link":"https:\/\/labs.100x100.net\/projects\/impulsosolar\/es\/aviso-legal\/","title":{"rendered":"Aviso legal"},"content":{"rendered":"<p>IMPULSO SOLAR, S.L. cumple con los requisitos establecidos en la normativa actual sobre Protecci\u00f3n de Datos de Car\u00e1cter Personal y Comercio Electr\u00f3nico. A tal fin, ha creado el siguiente Aviso Legal:<\/p>\n<h3>Condiciones generales de uso<\/h3>\n<p>Toda persona que acceda a este sitio Web asume el papel de Usuario, comprometi\u00e9ndose a la observancia y cumplimiento riguroso de las disposiciones aqu\u00ed dispuestas, as\u00ed como a cualquier otra disposici\u00f3n legal que fuera de aplicaci\u00f3n.<\/p>\n<p>IMPULSO SOLAR, S.L. se reserva el derecho a modificar cualquier tipo de informaci\u00f3n que pudiera aparecer en el sitio Web, sin que exista obligaci\u00f3n de preavisar o poner en conocimiento de los Usuarios dichas obligaciones, entendi\u00e9ndose como suficiente con la publicaci\u00f3n en su sitio Web.<\/p>\n<p>El usuario acepta plenamente y sin reservas las disposiciones incluidas en este Aviso Legal, en la versi\u00f3n publicada por IMPULSO SOLAR, S.L. en el momento mismo en que el Usuario acceda al sitio Web.<\/p>\n<p>El sitio Web puede ser visitado libremente y el Usuario se compromete a utilizar sus contenidos y servicios de conformidad con la ley, la moral, las buenas costumbres y el presente Aviso Legal. A tal efecto, el Usuario se abstendr\u00e1 de utilizar el sitio Web con fines o efectos il\u00edcitos, prohibidos y lesivos de los derechos e intereses de terceros.<\/p>\n<p>IMPULSO SOLAR, S.L. no se responsabiliza de los errores u omisiones, de los contenidos del sitio Web ni de otros contenidos a los que se pueda acceder a trav\u00e9s del mismo, ni de los da\u00f1os derivados de la utilizaci\u00f3n del sitio Web, ni por cualquier actuaci\u00f3n realizada sobre la base de la informaci\u00f3n que en ella se facilita.<\/p>\n<p>IMPULSO SOLAR, S.L. ni garantiza la ausencia de virus u otros elementos lesivos, que pudieran causar da\u00f1os o alteraciones en el sistema inform\u00e1tico, en los documentos electr\u00f3nicos o en los ficheros del usuario del sitio Web; ni responde de los da\u00f1os y perjuicios que tales elementos pudieran ocasionar al Usuario o terceros.<\/p>\n<p>El sitio Web tiene car\u00e1cter informativo, por lo que su contenido podr\u00e1 ser modificado, ampliado o suprimido en cualquier momento, sin previo aviso.<\/p>\n<p>IMPULSO SOLAR, S.L. se reserva el derecho de actualizar los contenidos del sitio Web y\/o de eliminarlos, as\u00ed como de limitar e impedir el acceso a los mismos, ya sea temporal o definitivamente, sin previa notificaci\u00f3n.<\/p>\n<h3>Derechos de propiedad intelectual e industrial<\/h3>\n<p>Todos los derechos de propiedad intelectual y\/o industrial del sitio Web y de todos sus contenidos (textos, im\u00e1genes, dise\u00f1os, creatividades, software, c\u00f3digo fuente, fragmento de audio, programas inform\u00e1ticos, descargas digitales, bases de datos, nombres comerciales, marcas, logotipos, y\/o cualquier otro signo distintivo, etc.) que formen o hayan formado parte del mismo en alg\u00fan momento, est\u00e1n protegidos por Ley y pertenecen a IMPULSO SOLAR, S.L.<\/p>\n<p>En ning\u00fan caso se entender\u00e1 que el acceso y uso del sitio Web implica la renuncia, transmisi\u00f3n, licencia, cesi\u00f3n, total ni parcial, ni autorizaci\u00f3n de clase alguna, para la explotaci\u00f3n, reproducci\u00f3n, comunicaci\u00f3n p\u00fablica, difusi\u00f3n, divulgaci\u00f3n y\/o transformaci\u00f3n ni del sitio Web, ni de sus contenidos, entendidos con la amplitud se\u00f1alada en el punto anterior, ni tampoco de los derechos de propiedad intelectual y\/o industrial inherentes a los mismos.<\/p>\n<h3>Enlaces<\/h3>\n<p>La empresa no asume ninguna responsabilidad sobre el contenido, informaci\u00f3n o servicios que puedan ofrecer los enlaces que se presentan en nuestro sitio Web, y que tienen car\u00e1cter meramente informativo.<\/p>\n<h3>Legislaci\u00f3n aplicable<\/h3>\n<p>La presente Web se rige por la legislaci\u00f3n espa\u00f1ola<\/p>\n","protected":false},"excerpt":{"rendered":"<p>IMPULSO SOLAR, S.L. cumple con los requisitos establecidos en la normativa actual sobre Protecci\u00f3n de Datos de Car\u00e1cter Personal y Comercio Electr\u00f3nico. A tal fin, ha creado el siguiente Aviso Legal: Condiciones generales de uso Toda persona que acceda a este sitio Web asume el papel de Usuario, comprometi\u00e9ndose a la observancia y cumplimiento riguroso [&hellip;]<\/p>\n","protected":false},"author":1,"featured_media":0,"parent":0,"menu_order":0,"comment_status":"closed","ping_status":"closed","template":"","meta":{"_acf_changed":false,"footnotes":""},"class_list":["post-540","page","type-page","status-publish","hentry"],"acf":[],"yoast_head":"<!-- This site is optimized with the Yoast SEO plugin v26.0 - https:\/\/yoast.com\/wordpress\/plugins\/seo\/ -->\n<title>Aviso legal - Impulso Solar<\/title>\n<meta name=\"robots\" content=\"noindex, nofollow\" \/>\n<meta property=\"og:locale\" content=\"es_ES\" \/>\n<meta property=\"og:type\" content=\"article\" \/>\n<meta property=\"og:title\" content=\"Aviso legal - Impulso Solar\" \/>\n<meta property=\"og:description\" content=\"IMPULSO SOLAR, S.L. cumple con los requisitos establecidos en la normativa actual sobre Protecci\u00f3n de Datos de Car\u00e1cter Personal y Comercio Electr\u00f3nico. A tal fin, ha creado el siguiente Aviso Legal: Condiciones generales de uso Toda persona que acceda a este sitio Web asume el papel de Usuario, comprometi\u00e9ndose a la observancia y cumplimiento riguroso [&hellip;]\" \/>\n<meta property=\"og:url\" content=\"https:\/\/labs.100x100.net\/projects\/impulsosolar\/es\/aviso-legal\/\" \/>\n<meta property=\"og:site_name\" content=\"Impulso Solar\" \/>\n<meta property=\"article:modified_time\" content=\"2025-04-29T08:50:47+00:00\" \/>\n<meta name=\"twitter:card\" content=\"summary_large_image\" \/>\n<meta name=\"twitter:label1\" content=\"Tiempo de lectura\" \/>\n\t<meta name=\"twitter:data1\" content=\"4 minutos\" \/>\n<script type=\"application\/ld+json\" class=\"yoast-schema-graph\">{\"@context\":\"https:\/\/schema.org\",\"@graph\":[{\"@type\":\"WebPage\",\"@id\":\"https:\/\/labs.100x100.net\/projects\/impulsosolar\/es\/aviso-legal\/\",\"url\":\"https:\/\/labs.100x100.net\/projects\/impulsosolar\/es\/aviso-legal\/\",\"name\":\"Aviso legal - Impulso Solar\",\"isPartOf\":{\"@id\":\"https:\/\/labs.100x100.net\/projects\/impulsosolar\/es\/#website\"},\"datePublished\":\"2025-03-06T11:02:05+00:00\",\"dateModified\":\"2025-04-29T08:50:47+00:00\",\"breadcrumb\":{\"@id\":\"https:\/\/labs.100x100.net\/projects\/impulsosolar\/es\/aviso-legal\/#breadcrumb\"},\"inLanguage\":\"es\",\"potentialAction\":[{\"@type\":\"ReadAction\",\"target\":[\"https:\/\/labs.100x100.net\/projects\/impulsosolar\/es\/aviso-legal\/\"]}]},{\"@type\":\"BreadcrumbList\",\"@id\":\"https:\/\/labs.100x100.net\/projects\/impulsosolar\/es\/aviso-legal\/#breadcrumb\",\"itemListElement\":[{\"@type\":\"ListItem\",\"position\":1,\"name\":\"Inici\",\"item\":\"https:\/\/labs.100x100.net\/projects\/impulsosolar\/es\/\"},{\"@type\":\"ListItem\",\"position\":2,\"name\":\"Aviso legal\"}]},{\"@type\":\"WebSite\",\"@id\":\"https:\/\/labs.100x100.net\/projects\/impulsosolar\/es\/#website\",\"url\":\"https:\/\/labs.100x100.net\/projects\/impulsosolar\/es\/\",\"name\":\"Impulso Solar\",\"description\":\"\",\"potentialAction\":[{\"@type\":\"SearchAction\",\"target\":{\"@type\":\"EntryPoint\",\"urlTemplate\":\"https:\/\/labs.100x100.net\/projects\/impulsosolar\/es\/?s={search_term_string}\"},\"query-input\":{\"@type\":\"PropertyValueSpecification\",\"valueRequired\":true,\"valueName\":\"search_term_string\"}}],\"inLanguage\":\"es\"}]}<\/script>\n<!-- \/ Yoast SEO plugin. -->","yoast_head_json":{"title":"Aviso legal - Impulso Solar","robots":{"index":"noindex","follow":"nofollow"},"og_locale":"es_ES","og_type":"article","og_title":"Aviso legal - Impulso Solar","og_description":"IMPULSO SOLAR, S.L. cumple con los requisitos establecidos en la normativa actual sobre Protecci\u00f3n de Datos de Car\u00e1cter Personal y Comercio Electr\u00f3nico. A tal fin, ha creado el siguiente Aviso Legal: Condiciones generales de uso Toda persona que acceda a este sitio Web asume el papel de Usuario, comprometi\u00e9ndose a la observancia y cumplimiento riguroso [&hellip;]","og_url":"https:\/\/labs.100x100.net\/projects\/impulsosolar\/es\/aviso-legal\/","og_site_name":"Impulso Solar","article_modified_time":"2025-04-29T08:50:47+00:00","twitter_card":"summary_large_image","twitter_misc":{"Tiempo de lectura":"4 minutos"},"schema":{"@context":"https:\/\/schema.org","@graph":[{"@type":"WebPage","@id":"https:\/\/labs.100x100.net\/projects\/impulsosolar\/es\/aviso-legal\/","url":"https:\/\/labs.100x100.net\/projects\/impulsosolar\/es\/aviso-legal\/","name":"Aviso legal - Impulso Solar","isPartOf":{"@id":"https:\/\/labs.100x100.net\/projects\/impulsosolar\/es\/#website"},"datePublished":"2025-03-06T11:02:05+00:00","dateModified":"2025-04-29T08:50:47+00:00","breadcrumb":{"@id":"https:\/\/labs.100x100.net\/projects\/impulsosolar\/es\/aviso-legal\/#breadcrumb"},"inLanguage":"es","potentialAction":[{"@type":"ReadAction","target":["https:\/\/labs.100x100.net\/projects\/impulsosolar\/es\/aviso-legal\/"]}]},{"@type":"BreadcrumbList","@id":"https:\/\/labs.100x100.net\/projects\/impulsosolar\/es\/aviso-legal\/#breadcrumb","itemListElement":[{"@type":"ListItem","position":1,"name":"Inici","item":"https:\/\/labs.100x100.net\/projects\/impulsosolar\/es\/"},{"@type":"ListItem","position":2,"name":"Aviso legal"}]},{"@type":"WebSite","@id":"https:\/\/labs.100x100.net\/projects\/impulsosolar\/es\/#website","url":"https:\/\/labs.100x100.net\/projects\/impulsosolar\/es\/","name":"Impulso Solar","description":"","potentialAction":[{"@type":"SearchAction","target":{"@type":"EntryPoint","urlTemplate":"https:\/\/labs.100x100.net\/projects\/impulsosolar\/es\/?s={search_term_string}"},"query-input":{"@type":"PropertyValueSpecification","valueRequired":true,"valueName":"search_term_string"}}],"inLanguage":"es"}]}},"_links":{"self":[{"href":"https:\/\/labs.100x100.net\/projects\/impulsosolar\/es\/wp-json\/wp\/v2\/pages\/540","targetHints":{"allow":["GET"]}}],"collection":[{"href":"https:\/\/labs.100x100.net\/projects\/impulsosolar\/es\/wp-json\/wp\/v2\/pages"}],"about":[{"href":"https:\/\/labs.100x100.net\/projects\/impulsosolar\/es\/wp-json\/wp\/v2\/types\/page"}],"author":[{"embeddable":true,"href":"https:\/\/labs.100x100.net\/projects\/impulsosolar\/es\/wp-json\/wp\/v2\/users\/1"}],"replies":[{"embeddable":true,"href":"https:\/\/labs.100x100.net\/projects\/impulsosolar\/es\/wp-json\/wp\/v2\/comments?post=540"}],"version-history":[{"count":1,"href":"https:\/\/labs.100x100.net\/projects\/impulsosolar\/es\/wp-json\/wp\/v2\/pages\/540\/revisions"}],"predecessor-version":[{"id":541,"href":"https:\/\/labs.100x100.net\/projects\/impulsosolar\/es\/wp-json\/wp\/v2\/pages\/540\/revisions\/541"}],"wp:attachment":[{"href":"https:\/\/labs.100x100.net\/projects\/impulsosolar\/es\/wp-json\/wp\/v2\/media?parent=540"}],"curies":[{"name":"wp","href":"https:\/\/api.w.org\/{rel}","templated":true}]}}