{"id":520,"date":"2025-02-25T09:08:12","date_gmt":"2025-02-25T08:08:12","guid":{"rendered":"https:\/\/labs.100x100.net\/projects\/impulsosolar\/impulsoteca\/"},"modified":"2025-04-10T17:20:56","modified_gmt":"2025-04-10T15:20:56","slug":"impulsoteca","status":"publish","type":"page","link":"https:\/\/labs.100x100.net\/projects\/impulsosolar\/es\/impulsoteca\/","title":{"rendered":"ImpulsoTEC@"},"content":{"rendered":"","protected":false},"excerpt":{"rendered":"","protected":false},"author":1,"featured_media":0,"parent":0,"menu_order":0,"comment_status":"closed","ping_status":"closed","template":"page-impulsoteca.php","meta":{"_acf_changed":false,"footnotes":""},"class_list":["post-520","page","type-page","status-publish","hentry"],"acf":[],"yoast_head":"<!-- This site is optimized with the Yoast SEO plugin v26.0 - https:\/\/yoast.com\/wordpress\/plugins\/seo\/ -->\n<title>ImpulsoTEC@ - Recursos sobre energ\u00eda solar y autoconsumo - Impulso Solar<\/title>\n<meta name=\"description\" content=\"En la impulsoteca encontrar\u00e1s las respuestas que necesites sobre instalaci\u00f3n fotovoltaica, ahorro, bonificaciones fiscales, asistencia, etc.\" \/>\n<meta name=\"robots\" content=\"noindex, follow, max-snippet:-1, max-image-preview:large, max-video-preview:-1\" \/>\n<meta property=\"og:locale\" content=\"es_ES\" \/>\n<meta property=\"og:type\" content=\"article\" \/>\n<meta property=\"og:title\" content=\"ImpulsoTEC@ - Recursos sobre energ\u00eda solar y autoconsumo - Impulso Solar\" \/>\n<meta property=\"og:description\" content=\"En la impulsoteca encontrar\u00e1s las respuestas que necesites sobre instalaci\u00f3n fotovoltaica, ahorro, bonificaciones fiscales, asistencia, etc.\" \/>\n<meta property=\"og:url\" content=\"https:\/\/labs.100x100.net\/projects\/impulsosolar\/es\/impulsoteca\/\" \/>\n<meta property=\"og:site_name\" content=\"Impulso Solar\" \/>\n<meta property=\"article:modified_time\" content=\"2025-04-10T15:20:56+00:00\" \/>\n<meta property=\"og:image\" content=\"https:\/\/hundreds-wordpress-uploads.s3.amazonaws.com\/impulsosolar\/uploads\/2025\/02\/home.jpg\" \/>\n\t<meta property=\"og:image:width\" content=\"1410\" \/>\n\t<meta property=\"og:image:height\" content=\"1400\" \/>\n\t<meta property=\"og:image:type\" content=\"image\/jpeg\" \/>\n<meta name=\"twitter:card\" content=\"summary_large_image\" \/>\n<script type=\"application\/ld+json\" class=\"yoast-schema-graph\">{\"@context\":\"https:\/\/schema.org\",\"@graph\":[{\"@type\":\"WebPage\",\"@id\":\"https:\/\/labs.100x100.net\/projects\/impulsosolar\/es\/impulsoteca\/\",\"url\":\"https:\/\/labs.100x100.net\/projects\/impulsosolar\/es\/impulsoteca\/\",\"name\":\"ImpulsoTEC@ - Recursos sobre energ\u00eda solar y autoconsumo - Impulso Solar\",\"isPartOf\":{\"@id\":\"https:\/\/labs.100x100.net\/projects\/impulsosolar\/es\/#website\"},\"datePublished\":\"2025-02-25T08:08:12+00:00\",\"dateModified\":\"2025-04-10T15:20:56+00:00\",\"description\":\"En la impulsoteca encontrar\u00e1s las respuestas que necesites sobre instalaci\u00f3n fotovoltaica, ahorro, bonificaciones fiscales, asistencia, etc.\",\"breadcrumb\":{\"@id\":\"https:\/\/labs.100x100.net\/projects\/impulsosolar\/es\/impulsoteca\/#breadcrumb\"},\"inLanguage\":\"es\",\"potentialAction\":[{\"@type\":\"ReadAction\",\"target\":[\"https:\/\/labs.100x100.net\/projects\/impulsosolar\/es\/impulsoteca\/\"]}]},{\"@type\":\"BreadcrumbList\",\"@id\":\"https:\/\/labs.100x100.net\/projects\/impulsosolar\/es\/impulsoteca\/#breadcrumb\",\"itemListElement\":[{\"@type\":\"ListItem\",\"position\":1,\"name\":\"Inici\",\"item\":\"https:\/\/labs.100x100.net\/projects\/impulsosolar\/es\/\"},{\"@type\":\"ListItem\",\"position\":2,\"name\":\"ImpulsoTEC@\"}]},{\"@type\":\"WebSite\",\"@id\":\"https:\/\/labs.100x100.net\/projects\/impulsosolar\/es\/#website\",\"url\":\"https:\/\/labs.100x100.net\/projects\/impulsosolar\/es\/\",\"name\":\"Impulso Solar\",\"description\":\"\",\"potentialAction\":[{\"@type\":\"SearchAction\",\"target\":{\"@type\":\"EntryPoint\",\"urlTemplate\":\"https:\/\/labs.100x100.net\/projects\/impulsosolar\/es\/?s={search_term_string}\"},\"query-input\":{\"@type\":\"PropertyValueSpecification\",\"valueRequired\":true,\"valueName\":\"search_term_string\"}}],\"inLanguage\":\"es\"}]}<\/script>\n<!-- \/ Yoast SEO plugin. -->","yoast_head_json":{"title":"ImpulsoTEC@ - Recursos sobre energ\u00eda solar y autoconsumo - Impulso Solar","description":"En la impulsoteca encontrar\u00e1s las respuestas que necesites sobre instalaci\u00f3n fotovoltaica, ahorro, bonificaciones fiscales, asistencia, etc.","robots":{"index":"noindex","follow":"follow","max-snippet":"max-snippet:-1","max-image-preview":"max-image-preview:large","max-video-preview":"max-video-preview:-1"},"og_locale":"es_ES","og_type":"article","og_title":"ImpulsoTEC@ - Recursos sobre energ\u00eda solar y autoconsumo - Impulso Solar","og_description":"En la impulsoteca encontrar\u00e1s las respuestas que necesites sobre instalaci\u00f3n fotovoltaica, ahorro, bonificaciones fiscales, asistencia, etc.","og_url":"https:\/\/labs.100x100.net\/projects\/impulsosolar\/es\/impulsoteca\/","og_site_name":"Impulso Solar","article_modified_time":"2025-04-10T15:20:56+00:00","og_image":[{"width":1410,"height":1400,"url":"https:\/\/hundreds-wordpress-uploads.s3.amazonaws.com\/impulsosolar\/uploads\/2025\/02\/home.jpg","type":"image\/jpeg"}],"twitter_card":"summary_large_image","schema":{"@context":"https:\/\/schema.org","@graph":[{"@type":"WebPage","@id":"https:\/\/labs.100x100.net\/projects\/impulsosolar\/es\/impulsoteca\/","url":"https:\/\/labs.100x100.net\/projects\/impulsosolar\/es\/impulsoteca\/","name":"ImpulsoTEC@ - Recursos sobre energ\u00eda solar y autoconsumo - Impulso Solar","isPartOf":{"@id":"https:\/\/labs.100x100.net\/projects\/impulsosolar\/es\/#website"},"datePublished":"2025-02-25T08:08:12+00:00","dateModified":"2025-04-10T15:20:56+00:00","description":"En la impulsoteca encontrar\u00e1s las respuestas que necesites sobre instalaci\u00f3n fotovoltaica, ahorro, bonificaciones fiscales, asistencia, etc.","breadcrumb":{"@id":"https:\/\/labs.100x100.net\/projects\/impulsosolar\/es\/impulsoteca\/#breadcrumb"},"inLanguage":"es","potentialAction":[{"@type":"ReadAction","target":["https:\/\/labs.100x100.net\/projects\/impulsosolar\/es\/impulsoteca\/"]}]},{"@type":"BreadcrumbList","@id":"https:\/\/labs.100x100.net\/projects\/impulsosolar\/es\/impulsoteca\/#breadcrumb","itemListElement":[{"@type":"ListItem","position":1,"name":"Inici","item":"https:\/\/labs.100x100.net\/projects\/impulsosolar\/es\/"},{"@type":"ListItem","position":2,"name":"ImpulsoTEC@"}]},{"@type":"WebSite","@id":"https:\/\/labs.100x100.net\/projects\/impulsosolar\/es\/#website","url":"https:\/\/labs.100x100.net\/projects\/impulsosolar\/es\/","name":"Impulso Solar","description":"","potentialAction":[{"@type":"SearchAction","target":{"@type":"EntryPoint","urlTemplate":"https:\/\/labs.100x100.net\/projects\/impulsosolar\/es\/?s={search_term_string}"},"query-input":{"@type":"PropertyValueSpecification","valueRequired":true,"valueName":"search_term_string"}}],"inLanguage":"es"}]}},"_links":{"self":[{"href":"https:\/\/labs.100x100.net\/projects\/impulsosolar\/es\/wp-json\/wp\/v2\/pages\/520","targetHints":{"allow":["GET"]}}],"collection":[{"href":"https:\/\/labs.100x100.net\/projects\/impulsosolar\/es\/wp-json\/wp\/v2\/pages"}],"about":[{"href":"https:\/\/labs.100x100.net\/projects\/impulsosolar\/es\/wp-json\/wp\/v2\/types\/page"}],"author":[{"embeddable":true,"href":"https:\/\/labs.100x100.net\/projects\/impulsosolar\/es\/wp-json\/wp\/v2\/users\/1"}],"replies":[{"embeddable":true,"href":"https:\/\/labs.100x100.net\/projects\/impulsosolar\/es\/wp-json\/wp\/v2\/comments?post=520"}],"version-history":[{"count":2,"href":"https:\/\/labs.100x100.net\/projects\/impulsosolar\/es\/wp-json\/wp\/v2\/pages\/520\/revisions"}],"predecessor-version":[{"id":774,"href":"https:\/\/labs.100x100.net\/projects\/impulsosolar\/es\/wp-json\/wp\/v2\/pages\/520\/revisions\/774"}],"wp:attachment":[{"href":"https:\/\/labs.100x100.net\/projects\/impulsosolar\/es\/wp-json\/wp\/v2\/media?parent=520"}],"curies":[{"name":"wp","href":"https:\/\/api.w.org\/{rel}","templated":true}]}}