{"id":7,"date":"2026-03-02T16:37:14","date_gmt":"2026-03-02T15:37:14","guid":{"rendered":"https:\/\/labs.100x100.net\/projects\/horseweek\/?page_id=7"},"modified":"2026-03-02T16:42:47","modified_gmt":"2026-03-02T15:42:47","slug":"aviso-legal","status":"publish","type":"page","link":"https:\/\/labs.100x100.net\/projects\/horseweek\/aviso-legal\/","title":{"rendered":"Aviso legal"},"content":{"rendered":"<h4>1. Datos identificativos<\/h4>\n<p>En cumplimiento con el deber de informaci\u00f3n establecido en la Ley 34\/2002, de 11 de julio, de Servicios de la Sociedad de la Informaci\u00f3n y del Comercio Electr\u00f3nico (LSSI-CE), se informa de que el titular del sitio web <strong>www.menorcahorseweek.com<\/strong> (en adelante, \u201cel Sitio Web\u201d) es:<\/p>\n<ul>\n<li><strong>Titular:<\/strong> Menorca Horse Week SL<\/li>\n<li><strong>CIF\/NIF:<\/strong> B<\/li>\n<li><strong>Domicilio social:<\/strong> Menorca<\/li>\n<li><strong>Email de contacto:<\/strong> <a href=\"mailto:beatriz@menorcahorseweek.com\">beatriz@menorcahorseweek.com<\/a><\/li>\n<\/ul>\n<h4>2. Uso del sitio web<\/h4>\n<p>El acceso y uso del Sitio Web atribuye la condici\u00f3n de usuario e implica la aceptaci\u00f3n del presente Aviso Legal. El usuario se compromete a hacer un uso adecuado de los contenidos y servicios, conforme a la legislaci\u00f3n vigente.<\/p>\n<h4>3. Propiedad intelectual e industrial<\/h4>\n<p>Todos los contenidos del Sitio Web (textos, im\u00e1genes, logotipos, dise\u00f1os, etc.) est\u00e1n protegidos por derechos de propiedad intelectual e industrial, siendo titularidad de Menorca Horse Week o de terceros que han autorizado su uso.<\/p>\n<p>Queda prohibida la reproducci\u00f3n, distribuci\u00f3n o uso no autorizado de dichos contenidos sin el consentimiento expreso del titular.<\/p>\n<h4>4. Limitaci\u00f3n de responsabilidad<\/h4>\n<p>Menorca Horse Week no garantiza la disponibilidad y continuidad del Sitio Web ni se responsabiliza de posibles fallos t\u00e9cnicos, interrupciones del servicio o da\u00f1os derivados del uso del mismo.<\/p>\n<p>Asimismo, no se hace responsable de los enlaces a sitios web de terceros ni de los contenidos que estos puedan contener.<\/p>\n<h4>5. Protecci\u00f3n de datos personales<\/h4>\n<p>El tratamiento de los datos personales de los usuarios se rige por la Pol\u00edtica de Privacidad del Sitio Web, accesible a trav\u00e9s del enlace correspondiente.<\/p>\n<h4>6. Modificaciones del aviso legal<\/h4>\n<p>Menorca Horse Week se reserva el derecho de modificar el presente Aviso Legal en cualquier momento, por lo que se recomienda su revisi\u00f3n peri\u00f3dica.<\/p>\n<h4>7. Legislaci\u00f3n aplicable y jurisdicci\u00f3n<\/h4>\n<p>El presente Aviso Legal se rige por la legislaci\u00f3n espa\u00f1ola.<\/p>\n<p>Para la resoluci\u00f3n de cualquier conflicto, las partes se someten a los Juzgados y Tribunales del domicilio del usuario o, en su defecto, a los de Barcelona.<\/p>\n","protected":false},"excerpt":{"rendered":"<p>1. Datos identificativos En cumplimiento con el deber de informaci\u00f3n establecido en la Ley 34\/2002, de 11 de julio, de Servicios de la Sociedad de la Informaci\u00f3n y del Comercio Electr\u00f3nico (LSSI-CE), se informa de que el titular del sitio web www.menorcahorseweek.com (en adelante, \u201cel Sitio Web\u201d) es: Titular: Menorca Horse Week SL CIF\/NIF: B [&hellip;]<\/p>\n","protected":false},"author":1,"featured_media":0,"parent":0,"menu_order":0,"comment_status":"closed","ping_status":"closed","template":"","meta":{"_acf_changed":false,"footnotes":""},"class_list":["post-7","page","type-page","status-publish","hentry"],"acf":[],"_links":{"self":[{"href":"https:\/\/labs.100x100.net\/projects\/horseweek\/wp-json\/wp\/v2\/pages\/7","targetHints":{"allow":["GET"]}}],"collection":[{"href":"https:\/\/labs.100x100.net\/projects\/horseweek\/wp-json\/wp\/v2\/pages"}],"about":[{"href":"https:\/\/labs.100x100.net\/projects\/horseweek\/wp-json\/wp\/v2\/types\/page"}],"author":[{"embeddable":true,"href":"https:\/\/labs.100x100.net\/projects\/horseweek\/wp-json\/wp\/v2\/users\/1"}],"replies":[{"embeddable":true,"href":"https:\/\/labs.100x100.net\/projects\/horseweek\/wp-json\/wp\/v2\/comments?post=7"}],"version-history":[{"count":3,"href":"https:\/\/labs.100x100.net\/projects\/horseweek\/wp-json\/wp\/v2\/pages\/7\/revisions"}],"predecessor-version":[{"id":12,"href":"https:\/\/labs.100x100.net\/projects\/horseweek\/wp-json\/wp\/v2\/pages\/7\/revisions\/12"}],"wp:attachment":[{"href":"https:\/\/labs.100x100.net\/projects\/horseweek\/wp-json\/wp\/v2\/media?parent=7"}],"curies":[{"name":"wp","href":"https:\/\/api.w.org\/{rel}","templated":true}]}}