{"id":3,"date":"2026-03-02T16:31:14","date_gmt":"2026-03-02T15:31:14","guid":{"rendered":"https:\/\/labs.100x100.net\/projects\/horseweek\/?page_id=3"},"modified":"2026-03-02T16:47:13","modified_gmt":"2026-03-02T15:47:13","slug":"politica-privacidad","status":"publish","type":"page","link":"https:\/\/labs.100x100.net\/projects\/horseweek\/politica-privacidad\/","title":{"rendered":"Pol\u00edtica de privacidad"},"content":{"rendered":"\r\n<p>Los datos personales recogidos o generados cuando se comunique con Menorca Horse Week incluido los correos electr\u00f3nicos, ser\u00e1n tratados por Menorca Horse Week con base en la relaci\u00f3n profesional existente, y con el fin de gestionar esta relaci\u00f3n profesional, cumplir con las obligaciones legales correspondientes y, en su caso, informarle de la actualidad jur\u00eddica si obtenemos su consentimiento o si tenemos un inter\u00e9s leg\u00edtimo por la relaci\u00f3n generada con Ud. Sus datos ser\u00e1n conservados mientras la relaci\u00f3n de contacto profesional siga en vigor y, posteriormente, mientras existan responsabilidades legales o contractuales o mientras no se oponga al env\u00edo de informaci\u00f3n legal. Puede ejercitar los derechos de acceso, rectificaci\u00f3n, supresi\u00f3n, limitaci\u00f3n y portabilidad, cuando correspondan, en <a href=\"mailto:beatriz@menorcahorseweek.com\">beatriz@menorcahorseweek.com<\/a> . Asimismo, podr\u00e1 formular reclamaciones ante la autoridad competente. Le informamos de que sus datos no ser\u00e1n cedidos a ning\u00fan tercero, salvo: a) las empresas del Grupo, b) que exista obligaci\u00f3n legal o c) expresamente se lo indiquemos, pudiendo acceder a ellos prestadores de servicios de sistemas, herramientas de tecnolog\u00eda, u otros asesores con los que, atendiendo a su solicitud, nos tengamos que poner en contacto.<\/p>\r\n<p>Menorca Horse Week protege los datos personales seg\u00fan lo establecido en el Reglamento (UE) 2016\/679 del Parlamento y del Consejo, de 27 de abril de 2016, relativo a la protecci\u00f3n de las personas f\u00edsicas en lo que respecta al tratamiento de datos personales y a la libre circulaci\u00f3n de estos con el objeto que se respeten las libertades y los derechos fundamentales de las personas a quien pertenezcan esos datos.<\/p>\r\n<p>Sus datos ser\u00e1n tratados con la m\u00e1xima confidencialidad para gestionar nuestra relaci\u00f3n comercial. Los datos se conservaran hasta que se solicite la supresi\u00f3n a la siguiente direcci\u00f3n <a href=\"mailto:beatriz@menorcahorseweek.com\">beatriz@menorcahorseweek.com<\/a>, o lo establezca una disposici\u00f3n legal. Puede presentar una reclamaci\u00f3n ante la autoridad de control competente (www.aepd.es) si considera que el tratamiento no se ajusta a la normativa vigente.<\/p>\r\n<p>Menorca Horse Week est\u00e1 legitimada para tratar sus datos porque son necesarios para prestar el servicio solicitado o por el consentimiento que nos otorga en la los diferentes formularios de contacto de la web.<\/p>\r\n<p>Los datos no se ceder\u00e1n a terceros salvo en los casos en que exista una obligaci\u00f3n legal.<\/p>\r\n<p>Para ejercer los derechos de acceso, rectificaci\u00f3n, supresi\u00f3n y portabilidad de sus datos, y la limitaci\u00f3n u oposici\u00f3n a su tratamiento, se debe dirigir por escrito a <a href=\"mailto:beatriz@menorcahorseweek.com\">beatriz@menorcahorseweek.com<\/a>.<\/p>\r\n<p>Los Usuarios, mediante la marcaci\u00f3n de las casillas correspondientes y entrada de datos en los campos, marcados con un asterisco (*) en el formulario de contacto o presentados en formularios de descarga, aceptan expresamente y de forma libre e inequ\u00edvoca, que sus datos son necesarios para atender su petici\u00f3n, por parte del prestador, siendo voluntaria la inclusi\u00f3n de datos en los campos restantes. El Usuario garantiza que los datos personales facilitados son veraces y se hace responsable de comunicar cualquier modificaci\u00f3n de los mismos.<\/p>\r\n<p>Menorca Horse Week informa y garantiza expresamente a los usuarios que sus datos personales no ser\u00e1n cedidos en ning\u00fan caso a terceros, y que siempre que realizara alg\u00fan tipo de cesi\u00f3n de datos personales, se pedir\u00e1 previamente el consentimiento expreso, informado e inequ\u00edvoco por parte los Usuarios. Todos los datos solicitados a trav\u00e9s del sitio web son obligatorios, ya que son necesarios para la prestaci\u00f3n de un servicio \u00f3ptimo al Usuario. En caso de que no sean facilitados todos los datos, no se garantiza que la informaci\u00f3n y servicios facilitados sean completamente ajustados a sus necesidades.<\/p>\r\n<p>Menorca Horse Week est\u00e1 cumpliendo con todas las disposiciones de las normativas para el tratamiento de los datos personales de su responsabilidad, y con los principios descritos en el art\u00edculo 5 del GDPR, por los cuales son tratados de manera l\u00edcita, leal y transparente en relaci\u00f3n con el interesado y adecuados, pertinentes y limitados a lo necesario en relaci\u00f3n con los fines para los que son tratados.<\/p>\r\n<p>Menorca Horse Week garantiza que ha implementado pol\u00edticas t\u00e9cnicas y organizativas apropiadas para aplicar las medidas de seguridad que establecen el GDPR con el fin de proteger los derechos y libertades de los Usuarios y les ha comunicado la informaci\u00f3n adecuada para que puedan ejercerlos.<\/p>\r\n<p>E-mail: <a href=\"mailto:beatriz@menorcahorseweek.com\">beatriz@menorcahorseweek.com<\/a><\/p>","protected":false},"excerpt":{"rendered":"<p>Los datos personales recogidos o generados cuando se comunique con Menorca Horse Week incluido los correos electr\u00f3nicos, ser\u00e1n tratados por Menorca Horse Week con base en la relaci\u00f3n profesional existente, y con el fin de gestionar esta relaci\u00f3n profesional, cumplir con las obligaciones legales correspondientes y, en su caso, informarle de la actualidad jur\u00eddica si [&hellip;]<\/p>\n","protected":false},"author":1,"featured_media":0,"parent":0,"menu_order":0,"comment_status":"closed","ping_status":"closed","template":"","meta":{"_acf_changed":false,"footnotes":""},"class_list":["post-3","page","type-page","status-publish","hentry"],"acf":[],"_links":{"self":[{"href":"https:\/\/labs.100x100.net\/projects\/horseweek\/wp-json\/wp\/v2\/pages\/3","targetHints":{"allow":["GET"]}}],"collection":[{"href":"https:\/\/labs.100x100.net\/projects\/horseweek\/wp-json\/wp\/v2\/pages"}],"about":[{"href":"https:\/\/labs.100x100.net\/projects\/horseweek\/wp-json\/wp\/v2\/types\/page"}],"author":[{"embeddable":true,"href":"https:\/\/labs.100x100.net\/projects\/horseweek\/wp-json\/wp\/v2\/users\/1"}],"replies":[{"embeddable":true,"href":"https:\/\/labs.100x100.net\/projects\/horseweek\/wp-json\/wp\/v2\/comments?post=3"}],"version-history":[{"count":3,"href":"https:\/\/labs.100x100.net\/projects\/horseweek\/wp-json\/wp\/v2\/pages\/3\/revisions"}],"predecessor-version":[{"id":14,"href":"https:\/\/labs.100x100.net\/projects\/horseweek\/wp-json\/wp\/v2\/pages\/3\/revisions\/14"}],"wp:attachment":[{"href":"https:\/\/labs.100x100.net\/projects\/horseweek\/wp-json\/wp\/v2\/media?parent=3"}],"curies":[{"name":"wp","href":"https:\/\/api.w.org\/{rel}","templated":true}]}}