{"id":247,"date":"2022-09-08T18:04:41","date_gmt":"2022-09-08T18:04:41","guid":{"rendered":"https:\/\/labs.100x100.net\/projects\/girbaulab\/?page_id=247"},"modified":"2025-02-07T14:12:00","modified_gmt":"2025-02-07T14:12:00","slug":"aviso-legal","status":"publish","type":"page","link":"https:\/\/labs.100x100.net\/projects\/girbaulab\/es\/aviso-legal\/","title":{"rendered":"Aviso legal"},"content":{"rendered":"<h2>1. INTRODUCCI\u00d3N<\/h2>\n<h4>Consideraciones previas<\/h4>\n<p>Recomendamos que este aviso legal se aplique de manera uniforme a todas las p\u00e1ginas web revisadas.<\/p>\n<p>Las modificaciones recientes abarcan la actualizaci\u00f3n de la versi\u00f3n actual del aviso legal, la incorporaci\u00f3n de un apartado sobre Propiedad Intelectual e Industrial, una descripci\u00f3n m\u00e1s detallada de las Condiciones de Uso y la inclusi\u00f3n de un nuevo apartado sobre Responsabilidad. Adem\u00e1s, se ha a\u00f1adido una secci\u00f3n relativa a la Ley y Jurisdicci\u00f3n Aplicables, junto con descripciones y enlaces actualizados a la pol\u00edtica de privacidad y la pol\u00edtica de cookies.<\/p>\n<p>Deber\u00e1 incluirse una versi\u00f3n de este documento en todos los idiomas disponibles en la p\u00e1gina web, as\u00ed como asegurarse de que el enlace a la misma funciona.<\/p>\n<h2>3.1 AVISO LEGAL<\/h2>\n<p>Girbau, SA, con sede en la ciudad de Vic, su domicilio social es: carretera de Manlleu, Km.1 (Espa\u00f1a), Tel: 938861100, <a href=\"mailto:girbau@girbau.com\">girbau@girbau.com<\/a>, inscrita en la C\u00e1mara de Comercio e Industria (tomo 32066, gran folio 162, folio peque\u00f1o B32798, folio 57, Tomo 65) y NIF A-08276438. La informaci\u00f3n presentada en este apartado da cumplimiento al art\u00edculo 10 del Decreto 34\/2002, de 11 de julio, sobre informaci\u00f3n y servicios de las empresas de comercio electr\u00f3nico.<\/p>\n<h4>Propiedad intelectual e industrial del contenido de la p\u00e1gina web<\/h4>\n<p>Todos los contenidos publicados en la p\u00e1gina web \u2013salvo que se manifieste expresamente lo contrario mediante cita concreta\u2013 son propiedad de Girbau S.A o de terceros que hayan autorizado su uso. Esto incluye, de forma enunciativa y no limitativa, todos los textos, gr\u00e1ficos, interfaces, c\u00f3digos fuente, fotograf\u00edas, v\u00eddeos, marcas comerciales, logotipos, sonidos, canciones e ilustraciones y cualquier otro material audiovisual o multimedia. De igual forma, el dise\u00f1o, la estructura, la selecci\u00f3n, la expresi\u00f3n, el estilo y la organizaci\u00f3n de dicho contenido est\u00e1n protegidos por los derechos de propiedad intelectual e industrial correspondientes.<\/p>\n<p>Girbau S.A. se reserva el derecho a modificar y actualizar, sin previo aviso, los contenidos, la configuraci\u00f3n y el dise\u00f1o de la p\u00e1gina web, as\u00ed como a eliminarlos y a limitar o impedir su acceso de manera temporal o definitiva.<\/p>\n<p>Queda expresamente prohibido, en cualquier caso, la reproducci\u00f3n, copia, comunicaci\u00f3n p\u00fablica, distribuci\u00f3n, modificaci\u00f3n, transformaci\u00f3n, supresi\u00f3n, manipulaci\u00f3n, y cualquier otra forma de utilizaci\u00f3n, con o sin \u00e1nimo de lucro, con fines o por medios publicitarios, promocionales y\/o comerciales de cualquier \u00edndole, de todo o parte de esta p\u00e1gina web o cualquiera de sus contenidos, sin la previa y expresa autorizaci\u00f3n por escrito de Girbau S.A.<\/p>\n<p>Bajo ning\u00fan concepto se entender\u00e1 que, por el acceso a esta p\u00e1gina web, el usuario obtenga licencia o autorizaci\u00f3n alguna de Girbau S.A. o el titular de los derechos a que corresponda, para la utilizaci\u00f3n, m\u00e1s all\u00e1 del uso estrictamente personal, de ning\u00fan contenido, informaci\u00f3n o servicio existentes en la p\u00e1gina web ni sobre ning\u00fan derecho relacionado con ellos, especialmente los de propiedad intelectual e industrial.<\/p>\n<h4>Condiciones de uso de la p\u00e1gina web<\/h4>\n<p>Estas condiciones de uso regulan el acceso y utilizaci\u00f3n de la p\u00e1gina web por todos los usuarios, tanto en espacios de libre acceso como en el espacio privado para aquellos que completen el respectivo formulario de registro.<\/p>\n<p>El acceso y uso de ciertos contenidos de la p\u00e1gina web es gratuito, salvo que se indique lo contrario mediante la configuraci\u00f3n de un espacio de acceso privado. Ambos casos implican la aceptaci\u00f3n del usuario del presente aviso legal sin reservas, el cual podr\u00e1 ser modificado en cualquier momento y sin previo aviso.<\/p>\n<p>En caso de registro a trav\u00e9s del formulario de registro, la cuenta de usuario estar\u00e1 protegida por una contrase\u00f1a elegida por el propio usuario. Este garantiza mantener su contrase\u00f1a en secreto y protegerla de usos no autorizados por terceros. Si un tercero accede o revela sus datos de registro, incluida la contrase\u00f1a, el usuario ser\u00e1 el \u00fanico responsable del uso de los servicios o contenidos de la p\u00e1gina web y de sus consecuencias. El usuario deber\u00e1 notificar inmediatamente a Girbau S.A. sobre cualquier acceso no autorizado a su cuenta o violaci\u00f3n de seguridad que conozca.<\/p>\n<p>Girbau S.A. no se hace responsable ante los usuarios por la revelaci\u00f3n de sus datos personales a terceros, salvo que sea por causas directamente imputables a la empresa, ni por el uso que estos hagan de dichos datos.<\/p>\n<p>Girbau S.A. adopta las medidas t\u00e9cnicas y organizativas necesarias para garantizar la adecuada protecci\u00f3n de los datos personales de los usuarios de la p\u00e1gina web y evitar su alteraci\u00f3n, p\u00e9rdida, destrucci\u00f3n, tratamiento o acceso no autorizado, conforme a la normativa vigente en materia de protecci\u00f3n de datos.<\/p>\n<p>El usuario se compromete a utilizar la p\u00e1gina web, sus contenidos y\/o servicios de acuerdo con este aviso legal y \u00fanicamente para fines l\u00edcitos, cumpliendo con la legislaci\u00f3n aplicable, las buenas costumbres y el orden p\u00fablico. Girbau S.A. se reserva el derecho a denegar o retirar el acceso a la p\u00e1gina web y\/o a sus servicios en cualquier momento y sin necesidad de preaviso a cualquier usuario que no cumpla con lo establecido en este aviso legal, la normativa legal o con los principios de buena fe, moral y orden p\u00fablico.<\/p>\n<p>Asimismo, el usuario se compromete expresamente a no destruir, alterar, inutilizar o da\u00f1ar los datos, programas o documentos electr\u00f3nicos que se encuentren en la p\u00e1gina web, a no obstaculizar el acceso de otros usuarios, as\u00ed como a no realizar acciones que da\u00f1en, interrumpan o generen errores en la p\u00e1gina web. Espec\u00edficamente, el usuario se compromete a no introducir programas, virus, secuencias de caracteres, macros o cualquier otro dispositivo que cause o pueda causar alteraciones en la p\u00e1gina web.<\/p>\n<p>Salvo que se indique lo contrario de manera expl\u00edcita, no est\u00e1 permitido reproducir, copiar, utilizar, distribuir, comercializar, exponer p\u00fablicamente o realizar cualquier otra actividad utilizando la totalidad o parte del contenido de la p\u00e1gina web sin la autorizaci\u00f3n previa por escrito de Girbau S.A.<\/p>\n<p><strong>Responsabilidad<\/strong><\/p>\n<p>Girbau S.A. adopta las medidas necesarias, de acuerdo con el estado de la t\u00e9cnica, para garantizar el correcto funcionamiento de la p\u00e1gina web. Sin embargo, Girbau S.A. no asume la responsabilidad de los perjuicios que puedan derivarse del uso de software o contenidos multimedia que se presenten en la p\u00e1gina web como un servicio adicional. Todos estos elementos se presentan tal como est\u00e1n, y aunque Girbau S.A. debe cumplir con las leyes aplicables en materia de propiedad intelectual, derecho del consumidor o protecci\u00f3n de datos, el usuario entiende que Girbau S.A. no ser\u00e1 responsable de errores o fallos atribuibles a mal uso, incompatibilidades u otras causas ajenas.<\/p>\n<p>Girbau S.A. se exime de cualquier responsabilidad por el uso incorrecto por parte del usuario, as\u00ed como por virus, problemas de conexi\u00f3n o disponibilidad de la p\u00e1gina web. El usuario es el \u00fanico responsable del uso que realice de la p\u00e1gina web y del contenido que reproduzca. Girbau S.A. no se hace responsable de la mala utilizaci\u00f3n del contenido, de errores de seguridad por usar equipos infectados con virus, por el mal funcionamiento del navegador o por da\u00f1os derivados de problemas ajenos a su control. No obstante, Girbau S.A. ha adoptado medidas razonables para evitarlos.<\/p>\n<p>En la p\u00e1gina web, Girbau S.A. puede ofrecer informaci\u00f3n, contenidos y servicios de internet a trav\u00e9s de enlaces o hiperv\u00ednculos. A menos que se indique lo contrario, Girbau S.A. no controla estos contenidos y el usuario asume plena responsabilidad por su navegaci\u00f3n. El establecimiento de un enlace no implica relaciones entre Girbau S.A. y el propietario del sitio enlazado, ni la aceptaci\u00f3n de sus contenidos.<\/p>\n<p>Girbau S.A. se reserva el derecho a prohibir o suspender cualquier enlace a la p\u00e1gina web, especialmente si la actividad del sitio enlazado es il\u00edcita. Girbau S.A. no es responsable de posibles infracciones de derechos de propiedad intelectual o industrial ocasionadas por contenidos suministrados por terceros, ni por los da\u00f1os que estos puedan causar.<\/p>\n<h4>Uso del material contenido en esta p\u00e1gina web<\/h4>\n<p>Girbau SA le autoriza a visualizar y descargar el contenido de las p\u00e1ginas web para su uso personal, sin embargo, no podr\u00e1 reproducir, distribuir, modificar, mostrar, utilizar como base o utilizar este sitio web con fines comerciales sin el consentimiento previo de Girbau S.A.<\/p>\n<p>Girbau SA le autoriza a descargar una copia en su ordenador para uso personal, no comercial y visualizaci\u00f3n en casa.<\/p>\n<h4>Ley y jurisdicci\u00f3n aplicables<\/h4>\n<p>En aquellos casos en los que la normativa vigente permita la posibilidad de someter voluntariamente la relaci\u00f3n entre el titular de la p\u00e1gina web y el usuario a un fuero espec\u00edfico, se pacta que la p\u00e1gina web se rige por la legislaci\u00f3n espa\u00f1ola y cualquier controversia que pueda surgir en relaci\u00f3n con el mismo, se someter\u00e1 por las partes a la jurisdicci\u00f3n y competencia de los Juzgados y Tribunales de Barcelona, salvo que el usuario sea considerado consumidor. En dicho caso, las partes se someten a los juzgados y tribunales del domicilio del usuario.<\/p>\n<h4>Pol\u00edtica de privacidad<\/h4>\n<p>Puede obtener informaci\u00f3n acerca del tratamiento de datos personales que se realiza en la p\u00e1gina web, dirigi\u00e9ndose a nuestra <a href=\"https:\/\/girbaulab.com\/es\/politica-de-privacidad\/\">pol\u00edtica de privacidad,<\/a> que podr\u00e1 encontrar en el pie de p\u00e1gina de la p\u00e1gina web.<\/p>\n<h4>Pol\u00edtica de cookies<\/h4>\n<p>Puede encontrar informaci\u00f3n acerca del uso de las cookies que se realiza en la p\u00e1gina web en la <a href=\"https:\/\/girbaulab.com\/es\/politica-de-cookies\/\">pol\u00edtica de cookies<\/a>, disponible en el pie de p\u00e1gina de la p\u00e1gina web.<\/p>\n<p>Informaci\u00f3n actualizada por \u00faltima vez en 7 febrero\u00a0 2025 .<\/p>\n<p>&nbsp;<\/p>\n<p>&nbsp;<\/p>\n","protected":false},"excerpt":{"rendered":"<p>1. INTRODUCCI\u00d3N Consideraciones previas Recomendamos que este aviso legal se aplique de manera uniforme a todas las p\u00e1ginas web revisadas. Las modificaciones recientes abarcan la actualizaci\u00f3n de la versi\u00f3n actual del aviso legal, la incorporaci\u00f3n de un apartado sobre Propiedad Intelectual e Industrial, una descripci\u00f3n m\u00e1s detallada de las Condiciones de Uso y la inclusi\u00f3n [&hellip;]<\/p>\n","protected":false},"author":1,"featured_media":0,"parent":0,"menu_order":0,"comment_status":"closed","ping_status":"closed","template":"","meta":{"_acf_changed":false,"footnotes":""},"acf":[],"yoast_head":"<!-- This site is optimized with the Yoast SEO plugin v22.6 - https:\/\/yoast.com\/wordpress\/plugins\/seo\/ -->\n<title>Aviso legal - Girbau LAB<\/title>\n<meta name=\"robots\" content=\"noindex, nofollow\" \/>\n<meta property=\"og:locale\" content=\"es_ES\" \/>\n<meta property=\"og:type\" content=\"article\" \/>\n<meta property=\"og:title\" content=\"Aviso legal - Girbau LAB\" \/>\n<meta property=\"og:description\" content=\"1. INTRODUCCI\u00d3N Consideraciones previas Recomendamos que este aviso legal se aplique de manera uniforme a todas las p\u00e1ginas web revisadas. Las modificaciones recientes abarcan la actualizaci\u00f3n de la versi\u00f3n actual del aviso legal, la incorporaci\u00f3n de un apartado sobre Propiedad Intelectual e Industrial, una descripci\u00f3n m\u00e1s detallada de las Condiciones de Uso y la inclusi\u00f3n [&hellip;]\" \/>\n<meta property=\"og:url\" content=\"https:\/\/labs.100x100.net\/projects\/girbaulab\/es\/aviso-legal\/\" \/>\n<meta property=\"og:site_name\" content=\"Girbau LAB\" \/>\n<meta property=\"article:modified_time\" content=\"2025-02-07T14:12:00+00:00\" \/>\n<meta name=\"twitter:card\" content=\"summary_large_image\" \/>\n<meta name=\"twitter:site\" content=\"@girbaulab\" \/>\n<meta name=\"twitter:label1\" content=\"Tiempo de lectura\" \/>\n\t<meta name=\"twitter:data1\" content=\"7 minutos\" \/>\n<script type=\"application\/ld+json\" class=\"yoast-schema-graph\">{\"@context\":\"https:\/\/schema.org\",\"@graph\":[{\"@type\":\"WebPage\",\"@id\":\"https:\/\/labs.100x100.net\/projects\/girbaulab\/es\/aviso-legal\/\",\"url\":\"https:\/\/labs.100x100.net\/projects\/girbaulab\/es\/aviso-legal\/\",\"name\":\"Aviso legal - Girbau LAB\",\"isPartOf\":{\"@id\":\"https:\/\/labs.100x100.net\/projects\/girbaulab\/#website\"},\"datePublished\":\"2022-09-08T18:04:41+00:00\",\"dateModified\":\"2025-02-07T14:12:00+00:00\",\"breadcrumb\":{\"@id\":\"https:\/\/labs.100x100.net\/projects\/girbaulab\/es\/aviso-legal\/#breadcrumb\"},\"inLanguage\":\"es\",\"potentialAction\":[{\"@type\":\"ReadAction\",\"target\":[\"https:\/\/labs.100x100.net\/projects\/girbaulab\/es\/aviso-legal\/\"]}]},{\"@type\":\"BreadcrumbList\",\"@id\":\"https:\/\/labs.100x100.net\/projects\/girbaulab\/es\/aviso-legal\/#breadcrumb\",\"itemListElement\":[{\"@type\":\"ListItem\",\"position\":1,\"name\":\"Home\",\"item\":\"https:\/\/labs.100x100.net\/projects\/girbaulab\/es\/\"},{\"@type\":\"ListItem\",\"position\":2,\"name\":\"Aviso legal\"}]},{\"@type\":\"WebSite\",\"@id\":\"https:\/\/labs.100x100.net\/projects\/girbaulab\/#website\",\"url\":\"https:\/\/labs.100x100.net\/projects\/girbaulab\/\",\"name\":\"Girbau LAB\",\"description\":\"Girbau LAB is a space for collaboration created to add value to the laundry industry through innovation\",\"publisher\":{\"@id\":\"https:\/\/labs.100x100.net\/projects\/girbaulab\/#organization\"},\"potentialAction\":[{\"@type\":\"SearchAction\",\"target\":{\"@type\":\"EntryPoint\",\"urlTemplate\":\"https:\/\/labs.100x100.net\/projects\/girbaulab\/?s={search_term_string}\"},\"query-input\":\"required name=search_term_string\"}],\"inLanguage\":\"es\"},{\"@type\":\"Organization\",\"@id\":\"https:\/\/labs.100x100.net\/projects\/girbaulab\/#organization\",\"name\":\"Girbau LAB\",\"url\":\"https:\/\/labs.100x100.net\/projects\/girbaulab\/\",\"logo\":{\"@type\":\"ImageObject\",\"inLanguage\":\"es\",\"@id\":\"https:\/\/labs.100x100.net\/projects\/girbaulab\/#\/schema\/logo\/image\/\",\"url\":\"https:\/\/hundreds-wordpress-uploads.s3.amazonaws.com\/girbaulab\/uploads\/2022\/10\/Girbau_LAB_logo.png\",\"contentUrl\":\"https:\/\/hundreds-wordpress-uploads.s3.amazonaws.com\/girbaulab\/uploads\/2022\/10\/Girbau_LAB_logo.png\",\"width\":562,\"height\":90,\"caption\":\"Girbau LAB\"},\"image\":{\"@id\":\"https:\/\/labs.100x100.net\/projects\/girbaulab\/#\/schema\/logo\/image\/\"},\"sameAs\":[\"https:\/\/x.com\/girbaulab\",\"https:\/\/www.linkedin.com\/company\/girbaulab\/\"]}]}<\/script>\n<!-- \/ Yoast SEO plugin. -->","yoast_head_json":{"title":"Aviso legal - Girbau LAB","robots":{"index":"noindex","follow":"nofollow"},"og_locale":"es_ES","og_type":"article","og_title":"Aviso legal - Girbau LAB","og_description":"1. INTRODUCCI\u00d3N Consideraciones previas Recomendamos que este aviso legal se aplique de manera uniforme a todas las p\u00e1ginas web revisadas. Las modificaciones recientes abarcan la actualizaci\u00f3n de la versi\u00f3n actual del aviso legal, la incorporaci\u00f3n de un apartado sobre Propiedad Intelectual e Industrial, una descripci\u00f3n m\u00e1s detallada de las Condiciones de Uso y la inclusi\u00f3n [&hellip;]","og_url":"https:\/\/labs.100x100.net\/projects\/girbaulab\/es\/aviso-legal\/","og_site_name":"Girbau LAB","article_modified_time":"2025-02-07T14:12:00+00:00","twitter_card":"summary_large_image","twitter_site":"@girbaulab","twitter_misc":{"Tiempo de lectura":"7 minutos"},"schema":{"@context":"https:\/\/schema.org","@graph":[{"@type":"WebPage","@id":"https:\/\/labs.100x100.net\/projects\/girbaulab\/es\/aviso-legal\/","url":"https:\/\/labs.100x100.net\/projects\/girbaulab\/es\/aviso-legal\/","name":"Aviso legal - Girbau LAB","isPartOf":{"@id":"https:\/\/labs.100x100.net\/projects\/girbaulab\/#website"},"datePublished":"2022-09-08T18:04:41+00:00","dateModified":"2025-02-07T14:12:00+00:00","breadcrumb":{"@id":"https:\/\/labs.100x100.net\/projects\/girbaulab\/es\/aviso-legal\/#breadcrumb"},"inLanguage":"es","potentialAction":[{"@type":"ReadAction","target":["https:\/\/labs.100x100.net\/projects\/girbaulab\/es\/aviso-legal\/"]}]},{"@type":"BreadcrumbList","@id":"https:\/\/labs.100x100.net\/projects\/girbaulab\/es\/aviso-legal\/#breadcrumb","itemListElement":[{"@type":"ListItem","position":1,"name":"Home","item":"https:\/\/labs.100x100.net\/projects\/girbaulab\/es\/"},{"@type":"ListItem","position":2,"name":"Aviso legal"}]},{"@type":"WebSite","@id":"https:\/\/labs.100x100.net\/projects\/girbaulab\/#website","url":"https:\/\/labs.100x100.net\/projects\/girbaulab\/","name":"Girbau LAB","description":"Girbau LAB is a space for collaboration created to add value to the laundry industry through innovation","publisher":{"@id":"https:\/\/labs.100x100.net\/projects\/girbaulab\/#organization"},"potentialAction":[{"@type":"SearchAction","target":{"@type":"EntryPoint","urlTemplate":"https:\/\/labs.100x100.net\/projects\/girbaulab\/?s={search_term_string}"},"query-input":"required name=search_term_string"}],"inLanguage":"es"},{"@type":"Organization","@id":"https:\/\/labs.100x100.net\/projects\/girbaulab\/#organization","name":"Girbau LAB","url":"https:\/\/labs.100x100.net\/projects\/girbaulab\/","logo":{"@type":"ImageObject","inLanguage":"es","@id":"https:\/\/labs.100x100.net\/projects\/girbaulab\/#\/schema\/logo\/image\/","url":"https:\/\/hundreds-wordpress-uploads.s3.amazonaws.com\/girbaulab\/uploads\/2022\/10\/Girbau_LAB_logo.png","contentUrl":"https:\/\/hundreds-wordpress-uploads.s3.amazonaws.com\/girbaulab\/uploads\/2022\/10\/Girbau_LAB_logo.png","width":562,"height":90,"caption":"Girbau LAB"},"image":{"@id":"https:\/\/labs.100x100.net\/projects\/girbaulab\/#\/schema\/logo\/image\/"},"sameAs":["https:\/\/x.com\/girbaulab","https:\/\/www.linkedin.com\/company\/girbaulab\/"]}]}},"_links":{"self":[{"href":"https:\/\/labs.100x100.net\/projects\/girbaulab\/es\/wp-json\/wp\/v2\/pages\/247"}],"collection":[{"href":"https:\/\/labs.100x100.net\/projects\/girbaulab\/es\/wp-json\/wp\/v2\/pages"}],"about":[{"href":"https:\/\/labs.100x100.net\/projects\/girbaulab\/es\/wp-json\/wp\/v2\/types\/page"}],"author":[{"embeddable":true,"href":"https:\/\/labs.100x100.net\/projects\/girbaulab\/es\/wp-json\/wp\/v2\/users\/1"}],"replies":[{"embeddable":true,"href":"https:\/\/labs.100x100.net\/projects\/girbaulab\/es\/wp-json\/wp\/v2\/comments?post=247"}],"version-history":[{"count":3,"href":"https:\/\/labs.100x100.net\/projects\/girbaulab\/es\/wp-json\/wp\/v2\/pages\/247\/revisions"}],"predecessor-version":[{"id":2807,"href":"https:\/\/labs.100x100.net\/projects\/girbaulab\/es\/wp-json\/wp\/v2\/pages\/247\/revisions\/2807"}],"wp:attachment":[{"href":"https:\/\/labs.100x100.net\/projects\/girbaulab\/es\/wp-json\/wp\/v2\/media?parent=247"}],"curies":[{"name":"wp","href":"https:\/\/api.w.org\/{rel}","templated":true}]}}