{"id":241,"date":"2022-09-08T18:03:14","date_gmt":"2022-09-08T18:03:14","guid":{"rendered":"https:\/\/labs.100x100.net\/projects\/girbaulab\/?page_id=241"},"modified":"2025-02-07T14:42:48","modified_gmt":"2025-02-07T14:42:48","slug":"politica-de-privacidad","status":"publish","type":"page","link":"https:\/\/labs.100x100.net\/projects\/girbaulab\/es\/politica-de-privacidad\/","title":{"rendered":"Pol\u00edtica de privacidad"},"content":{"rendered":"<h2>3.2 POL\u00cdTICA DE PRIVACIDAD WWW.GIRBAULAB.COM<\/h2>\n<p><strong>1. Responsable del tratamiento<\/strong><\/p>\n<p>El responsable del tratamiento de tus datos personales es Girbau S.A., con NIF A08276438 y domicilio en Carretera de Manlleu, km 1, 08500 Vic, Barcelona.<\/p>\n<p>Para cualquier consulta o duda relacionada con el tratamiento de tus datos personales, puedes ponerte en contacto con nosotros a trav\u00e9s del correo electr\u00f3nico: dataprotection@girbau.com.<\/p>\n<p><strong>2. Tratamientos de datos<\/strong><\/p>\n<p><strong>2.1 Consultas y solicitudes de informaci\u00f3n<\/strong><\/p>\n<p><strong>Finalidad<\/strong><\/p>\n<p>Girbau S.A. procesar\u00e1 los datos para gestionar y responder a tus consultas o solicitudes, con independencia del medio por el que se reciban. Esto incluye proporcionarte informaci\u00f3n sobre nuestros productos y servicios, as\u00ed como garantizar que tus inquietudes sean atendidas de manera efectiva.<\/p>\n<p><strong>Comunicaciones de datos<\/strong><\/p>\n<p>Los datos relacionados con este tratamiento no se compartir\u00e1n con ning\u00fan tercero.<\/p>\n<p><strong>Base de legitimaci\u00f3n<\/strong><\/p>\n<p>Girbau S.A. tratar\u00e1 los datos sobre la base del consentimiento otorgado por el usuario al contactarnos para estos fines.<\/p>\n<p>Asimismo, Girbau S.A. podr\u00e1 tratar los datos en base al inter\u00e9s leg\u00edtimo de responder a solicitudes de informaci\u00f3n relacionadas. Este inter\u00e9s leg\u00edtimo se sustenta en un an\u00e1lisis de ponderaci\u00f3n, en el que se han evaluado los beneficios del tratamiento tanto para nuestra organizaci\u00f3n como responsable del tratamiento, como para terceros. En cualquier momento, podr\u00e1 solicitar m\u00e1s informaci\u00f3n sobre esta ponderaci\u00f3n contactando con nuestro Delegado de Protecci\u00f3n de Datos (DPD) a la direcci\u00f3n indicada en el apartado correspondiente de la presente pol\u00edtica de privacidad. Asimismo, te recordamos que tienes derecho a oponerte a los tratamientos basados en el inter\u00e9s leg\u00edtimo.<\/p>\n<p><strong>Plazo de conservaci\u00f3n<\/strong><\/p>\n<p>Los datos tratados para responder a las solicitudes de colaboraci\u00f3n o contrataci\u00f3n se conservar\u00e1n mientras sean necesarios para gestionar adecuadamente la solicitud y se cumplir\u00e1n con los plazos legales de conservaci\u00f3n aplicables.<\/p>\n<p><strong>2.2. Comunicaciones comerciales por medios electr\u00f3nicos<\/strong><\/p>\n<p><strong>Finalidad<\/strong><\/p>\n<p>Girbau S.A. tratar\u00e1 los datos personales \u00fanicamente con el fin de enviar comunicaciones comerciales relacionadas con nuestros productos, servicios y ofertas, as\u00ed como informaci\u00f3n corporativa de la empresa, invitaciones a ferias, eventos y otras actividades relevantes. Esto incluye actualizaciones, novedades y promociones que consideremos de inter\u00e9s para el usuario.<\/p>\n<p><strong>Comunicaciones de datos<\/strong><\/p>\n<p>Los datos relacionados con este tratamiento no se compartir\u00e1n con ning\u00fan tercero.<\/p>\n<p><strong>Base de legitimaci\u00f3n<\/strong><\/p>\n<p>Girbau S.A. tratar\u00e1 los datos con base en el consentimiento otorgado por el usuario al suscribirse para recibir dichas comunicaciones comerciales.<\/p>\n<p><strong>Plazo de conservaci\u00f3n<\/strong><\/p>\n<p>Los datos tratados para el env\u00edo de comunicaciones comerciales se conservar\u00e1n mientras el usuario mantenga su consentimiento activo y hasta que decida darse de baja de estas comunicaciones, cumpliendo siempre con los plazos legales aplicables, o hasta que consideremos que ya no tiene inter\u00e9s en ellas.<\/p>\n<p><strong>2.3 Newsletter<\/strong><\/p>\n<p><strong>Finalidad<\/strong><\/p>\n<p>Girbau S.A. procesar\u00e1 los datos exclusivamente para enviarte informaci\u00f3n sobre nuestras ofertas, servicios y promociones relacionadas con nuestros productos a trav\u00e9s de la Newsletter. Nos comprometemos a que estas comunicaciones se alineen con tus necesidades e intereses.<\/p>\n<p><strong>Comunicaciones de datos<\/strong><\/p>\n<p>Los datos relacionados con este tratamiento no se compartir\u00e1n con ning\u00fan tercero.<\/p>\n<p><strong>Base de legitimaci\u00f3n<\/strong><\/p>\n<p>Girbau S.A. tratar\u00e1 los datos sobre la base del consentimiento otorgado por el usuario al suscribirse a la newsletter<\/p>\n<p><strong>Plazo de conservaci\u00f3n<\/strong><\/p>\n<p>Los datos tratados para la suscripci\u00f3n a la newsletter se conservar\u00e1n mientras el usuario mantenga su consentimiento activo y hasta que decida darse de baja de estas comunicaciones, cumpliendo siempre con los plazos legales aplicables, o hasta que consideremos que ya no tiene inter\u00e9s en ellas.<\/p>\n<p><strong>3. Comunicaciones de Datos<\/strong><\/p>\n<p>Sin perjuicio de lo indicado en cada uno de los tratamientos anteriores, los datos personales podr\u00e1n ser accedidos por determinados proveedores que prestan servicios a nuestra empresa, como el env\u00edo de las comunicaciones, el almacenamiento de datos o gesti\u00f3n de p\u00e1ginas web, pero que en ning\u00fan caso trataran los datos para finalidades propias.<\/p>\n<p><strong>4. Transferencias internacionales<\/strong><\/p>\n<p>Por norma general, procuramos tratar siempre los datos personales en Europa o el Espacio Econ\u00f3mico Europeo, asegurando el cumplimiento del RGPD tanto por nuestra parte como de nuestros proveedores de servicios, quienes tratan los datos en nuestro nombre y bajo nuestras instrucciones.<\/p>\n<p>Sin embargo, prestamos nuestros servicios globalmente, por lo que es posible que debamos tratar los datos en otros pa\u00edses, que pueden ofrecer o no las mismas garant\u00edas que el RGPD. En el supuesto que fuera necesario realizar transferencias internacionales desde la UE a pa\u00edses fuera de la UE que no cumplan con dichas garant\u00edas, nos comprometemos a llevarlas siempre a cabo asegurando que se protejan con las garant\u00edas oportunas, que podr\u00e1n incluir las (i) Cl\u00e1usulas Tipo aprobadas por la UE, (ii) Certificaciones de los terceros, (iii) Normas corporativas vinculantes o (iv) cualquier otro mecanismo v\u00e1lido de conformidad con la normativa o aprobado por las autoridades competentes.<\/p>\n<p><strong>5. Derechos de los Interesados<\/strong><\/p>\n<p>Cuando nos proporcionas tus datos personales, tienes una serie de derechos que puedes ejercer en relaci\u00f3n con su tratamiento. A continuaci\u00f3n, se detallan tus derechos y c\u00f3mo puedes ejercerlos:<\/p>\n<ol>\n<li><strong>Acceso:<\/strong> Tienes derecho a acceder a tus datos personales y a solicitar la correcci\u00f3n de cualquier informaci\u00f3n que consideres inexacta.<\/li>\n<li><strong>Rectificaci\u00f3n<\/strong>: Puedes solicitar la modificaci\u00f3n de tus datos personales cuando estos sean inexactos o incompletos, para garantizar que siempre est\u00e9n actualizados.<\/li>\n<li><strong>Supresi\u00f3n<\/strong>: Puedes solicitar la eliminaci\u00f3n de tus datos cuando ya no sean necesarios para los fines con los que fueron recopilados.<\/li>\n<li><strong>Limitaci\u00f3n<\/strong>: En determinadas circunstancias, tienes derecho a solicitar la limitaci\u00f3n del tratamiento de tus datos. En tal caso, los mantendremos \u00fanicamente para el ejercicio o la defensa de reclamaciones.<\/li>\n<li><strong>Oposici\u00f3n<\/strong>: Puedes oponerte al tratamiento de tus datos por motivos relacionados con tu situaci\u00f3n particular. Si decides ejercer este derecho, Girbau S.A. dejar\u00e1 de procesar tus datos, a menos que existan razones leg\u00edtimas que justifiquen su tratamiento o sean necesarios para la defensa de reclamaciones.<\/li>\n<li><strong>Portabilidad<\/strong>: Tienes derecho a solicitar la portabilidad de tus datos conforme a la normativa vigente.<\/li>\n<\/ol>\n<p>Si deseas ejercer alguno de estos derechos, puedes hacerlo contact\u00e1ndonos por correo electr\u00f3nico a <a href=\"mailto:dataprotection@girbau.com\">dataprotection@girbau.com<\/a> o enviando una carta a la siguiente direcci\u00f3n Carretera de Manlleu, km 1 08500 Vic, Barcelona. Aseg\u00farate de indicar \u00abProtecci\u00f3n de Datos\u00bb en el sobre y de incluir tu nombre completo, as\u00ed como la direcci\u00f3n de correo electr\u00f3nico asociada a tu cuenta.<\/p>\n<p>Si consideras que tus derechos no han sido respetados, tienes la opci\u00f3n de presentar una reclamaci\u00f3n ante la Agencia Espa\u00f1ola de Protecci\u00f3n de Datos o ante otros organismos p\u00fablicos competentes en materia de protecci\u00f3n de datos personales.<\/p>\n<p>Actualizado en febrero 2025<\/p>\n","protected":false},"excerpt":{"rendered":"<p>3.2 POL\u00cdTICA DE PRIVACIDAD WWW.GIRBAULAB.COM 1. Responsable del tratamiento El responsable del tratamiento de tus datos personales es Girbau S.A., con NIF A08276438 y domicilio en Carretera de Manlleu, km 1, 08500 Vic, Barcelona. Para cualquier consulta o duda relacionada con el tratamiento de tus datos personales, puedes ponerte en contacto con nosotros a trav\u00e9s [&hellip;]<\/p>\n","protected":false},"author":1,"featured_media":0,"parent":0,"menu_order":0,"comment_status":"closed","ping_status":"closed","template":"","meta":{"_acf_changed":false,"footnotes":""},"acf":[],"yoast_head":"<!-- This site is optimized with the Yoast SEO plugin v22.6 - https:\/\/yoast.com\/wordpress\/plugins\/seo\/ -->\n<title>Pol\u00edtica de privacidad - Girbau LAB<\/title>\n<meta name=\"robots\" content=\"noindex, nofollow\" \/>\n<meta property=\"og:locale\" content=\"es_ES\" \/>\n<meta property=\"og:type\" content=\"article\" \/>\n<meta property=\"og:title\" content=\"Pol\u00edtica de privacidad - Girbau LAB\" \/>\n<meta property=\"og:description\" content=\"3.2 POL\u00cdTICA DE PRIVACIDAD WWW.GIRBAULAB.COM 1. Responsable del tratamiento El responsable del tratamiento de tus datos personales es Girbau S.A., con NIF A08276438 y domicilio en Carretera de Manlleu, km 1, 08500 Vic, Barcelona. Para cualquier consulta o duda relacionada con el tratamiento de tus datos personales, puedes ponerte en contacto con nosotros a trav\u00e9s [&hellip;]\" \/>\n<meta property=\"og:url\" content=\"https:\/\/labs.100x100.net\/projects\/girbaulab\/es\/politica-de-privacidad\/\" \/>\n<meta property=\"og:site_name\" content=\"Girbau LAB\" \/>\n<meta property=\"article:modified_time\" content=\"2025-02-07T14:42:48+00:00\" \/>\n<meta name=\"twitter:card\" content=\"summary_large_image\" \/>\n<meta name=\"twitter:site\" content=\"@girbaulab\" \/>\n<meta name=\"twitter:label1\" content=\"Tiempo de lectura\" \/>\n\t<meta name=\"twitter:data1\" content=\"5 minutos\" \/>\n<script type=\"application\/ld+json\" class=\"yoast-schema-graph\">{\"@context\":\"https:\/\/schema.org\",\"@graph\":[{\"@type\":\"WebPage\",\"@id\":\"https:\/\/labs.100x100.net\/projects\/girbaulab\/es\/politica-de-privacidad\/\",\"url\":\"https:\/\/labs.100x100.net\/projects\/girbaulab\/es\/politica-de-privacidad\/\",\"name\":\"Pol\u00edtica de privacidad - Girbau LAB\",\"isPartOf\":{\"@id\":\"https:\/\/labs.100x100.net\/projects\/girbaulab\/#website\"},\"datePublished\":\"2022-09-08T18:03:14+00:00\",\"dateModified\":\"2025-02-07T14:42:48+00:00\",\"breadcrumb\":{\"@id\":\"https:\/\/labs.100x100.net\/projects\/girbaulab\/es\/politica-de-privacidad\/#breadcrumb\"},\"inLanguage\":\"es\",\"potentialAction\":[{\"@type\":\"ReadAction\",\"target\":[\"https:\/\/labs.100x100.net\/projects\/girbaulab\/es\/politica-de-privacidad\/\"]}]},{\"@type\":\"BreadcrumbList\",\"@id\":\"https:\/\/labs.100x100.net\/projects\/girbaulab\/es\/politica-de-privacidad\/#breadcrumb\",\"itemListElement\":[{\"@type\":\"ListItem\",\"position\":1,\"name\":\"Home\",\"item\":\"https:\/\/labs.100x100.net\/projects\/girbaulab\/es\/\"},{\"@type\":\"ListItem\",\"position\":2,\"name\":\"Pol\u00edtica de privacidad\"}]},{\"@type\":\"WebSite\",\"@id\":\"https:\/\/labs.100x100.net\/projects\/girbaulab\/#website\",\"url\":\"https:\/\/labs.100x100.net\/projects\/girbaulab\/\",\"name\":\"Girbau LAB\",\"description\":\"Girbau LAB is a space for collaboration created to add value to the laundry industry through innovation\",\"publisher\":{\"@id\":\"https:\/\/labs.100x100.net\/projects\/girbaulab\/#organization\"},\"potentialAction\":[{\"@type\":\"SearchAction\",\"target\":{\"@type\":\"EntryPoint\",\"urlTemplate\":\"https:\/\/labs.100x100.net\/projects\/girbaulab\/?s={search_term_string}\"},\"query-input\":\"required name=search_term_string\"}],\"inLanguage\":\"es\"},{\"@type\":\"Organization\",\"@id\":\"https:\/\/labs.100x100.net\/projects\/girbaulab\/#organization\",\"name\":\"Girbau LAB\",\"url\":\"https:\/\/labs.100x100.net\/projects\/girbaulab\/\",\"logo\":{\"@type\":\"ImageObject\",\"inLanguage\":\"es\",\"@id\":\"https:\/\/labs.100x100.net\/projects\/girbaulab\/#\/schema\/logo\/image\/\",\"url\":\"https:\/\/hundreds-wordpress-uploads.s3.amazonaws.com\/girbaulab\/uploads\/2022\/10\/Girbau_LAB_logo.png\",\"contentUrl\":\"https:\/\/hundreds-wordpress-uploads.s3.amazonaws.com\/girbaulab\/uploads\/2022\/10\/Girbau_LAB_logo.png\",\"width\":562,\"height\":90,\"caption\":\"Girbau LAB\"},\"image\":{\"@id\":\"https:\/\/labs.100x100.net\/projects\/girbaulab\/#\/schema\/logo\/image\/\"},\"sameAs\":[\"https:\/\/x.com\/girbaulab\",\"https:\/\/www.linkedin.com\/company\/girbaulab\/\"]}]}<\/script>\n<!-- \/ Yoast SEO plugin. -->","yoast_head_json":{"title":"Pol\u00edtica de privacidad - Girbau LAB","robots":{"index":"noindex","follow":"nofollow"},"og_locale":"es_ES","og_type":"article","og_title":"Pol\u00edtica de privacidad - Girbau LAB","og_description":"3.2 POL\u00cdTICA DE PRIVACIDAD WWW.GIRBAULAB.COM 1. Responsable del tratamiento El responsable del tratamiento de tus datos personales es Girbau S.A., con NIF A08276438 y domicilio en Carretera de Manlleu, km 1, 08500 Vic, Barcelona. Para cualquier consulta o duda relacionada con el tratamiento de tus datos personales, puedes ponerte en contacto con nosotros a trav\u00e9s [&hellip;]","og_url":"https:\/\/labs.100x100.net\/projects\/girbaulab\/es\/politica-de-privacidad\/","og_site_name":"Girbau LAB","article_modified_time":"2025-02-07T14:42:48+00:00","twitter_card":"summary_large_image","twitter_site":"@girbaulab","twitter_misc":{"Tiempo de lectura":"5 minutos"},"schema":{"@context":"https:\/\/schema.org","@graph":[{"@type":"WebPage","@id":"https:\/\/labs.100x100.net\/projects\/girbaulab\/es\/politica-de-privacidad\/","url":"https:\/\/labs.100x100.net\/projects\/girbaulab\/es\/politica-de-privacidad\/","name":"Pol\u00edtica de privacidad - Girbau LAB","isPartOf":{"@id":"https:\/\/labs.100x100.net\/projects\/girbaulab\/#website"},"datePublished":"2022-09-08T18:03:14+00:00","dateModified":"2025-02-07T14:42:48+00:00","breadcrumb":{"@id":"https:\/\/labs.100x100.net\/projects\/girbaulab\/es\/politica-de-privacidad\/#breadcrumb"},"inLanguage":"es","potentialAction":[{"@type":"ReadAction","target":["https:\/\/labs.100x100.net\/projects\/girbaulab\/es\/politica-de-privacidad\/"]}]},{"@type":"BreadcrumbList","@id":"https:\/\/labs.100x100.net\/projects\/girbaulab\/es\/politica-de-privacidad\/#breadcrumb","itemListElement":[{"@type":"ListItem","position":1,"name":"Home","item":"https:\/\/labs.100x100.net\/projects\/girbaulab\/es\/"},{"@type":"ListItem","position":2,"name":"Pol\u00edtica de privacidad"}]},{"@type":"WebSite","@id":"https:\/\/labs.100x100.net\/projects\/girbaulab\/#website","url":"https:\/\/labs.100x100.net\/projects\/girbaulab\/","name":"Girbau LAB","description":"Girbau LAB is a space for collaboration created to add value to the laundry industry through innovation","publisher":{"@id":"https:\/\/labs.100x100.net\/projects\/girbaulab\/#organization"},"potentialAction":[{"@type":"SearchAction","target":{"@type":"EntryPoint","urlTemplate":"https:\/\/labs.100x100.net\/projects\/girbaulab\/?s={search_term_string}"},"query-input":"required name=search_term_string"}],"inLanguage":"es"},{"@type":"Organization","@id":"https:\/\/labs.100x100.net\/projects\/girbaulab\/#organization","name":"Girbau LAB","url":"https:\/\/labs.100x100.net\/projects\/girbaulab\/","logo":{"@type":"ImageObject","inLanguage":"es","@id":"https:\/\/labs.100x100.net\/projects\/girbaulab\/#\/schema\/logo\/image\/","url":"https:\/\/hundreds-wordpress-uploads.s3.amazonaws.com\/girbaulab\/uploads\/2022\/10\/Girbau_LAB_logo.png","contentUrl":"https:\/\/hundreds-wordpress-uploads.s3.amazonaws.com\/girbaulab\/uploads\/2022\/10\/Girbau_LAB_logo.png","width":562,"height":90,"caption":"Girbau LAB"},"image":{"@id":"https:\/\/labs.100x100.net\/projects\/girbaulab\/#\/schema\/logo\/image\/"},"sameAs":["https:\/\/x.com\/girbaulab","https:\/\/www.linkedin.com\/company\/girbaulab\/"]}]}},"_links":{"self":[{"href":"https:\/\/labs.100x100.net\/projects\/girbaulab\/es\/wp-json\/wp\/v2\/pages\/241"}],"collection":[{"href":"https:\/\/labs.100x100.net\/projects\/girbaulab\/es\/wp-json\/wp\/v2\/pages"}],"about":[{"href":"https:\/\/labs.100x100.net\/projects\/girbaulab\/es\/wp-json\/wp\/v2\/types\/page"}],"author":[{"embeddable":true,"href":"https:\/\/labs.100x100.net\/projects\/girbaulab\/es\/wp-json\/wp\/v2\/users\/1"}],"replies":[{"embeddable":true,"href":"https:\/\/labs.100x100.net\/projects\/girbaulab\/es\/wp-json\/wp\/v2\/comments?post=241"}],"version-history":[{"count":3,"href":"https:\/\/labs.100x100.net\/projects\/girbaulab\/es\/wp-json\/wp\/v2\/pages\/241\/revisions"}],"predecessor-version":[{"id":2814,"href":"https:\/\/labs.100x100.net\/projects\/girbaulab\/es\/wp-json\/wp\/v2\/pages\/241\/revisions\/2814"}],"wp:attachment":[{"href":"https:\/\/labs.100x100.net\/projects\/girbaulab\/es\/wp-json\/wp\/v2\/media?parent=241"}],"curies":[{"name":"wp","href":"https:\/\/api.w.org\/{rel}","templated":true}]}}