{"id":164,"date":"2022-09-08T15:35:01","date_gmt":"2022-09-08T15:35:01","guid":{"rendered":"https:\/\/labs.100x100.net\/projects\/girbaulab\/news\/"},"modified":"2022-10-04T16:38:28","modified_gmt":"2022-10-04T16:38:28","slug":"noticias","status":"publish","type":"page","link":"https:\/\/labs.100x100.net\/projects\/girbaulab\/es\/noticias\/","title":{"rendered":"Noticias"},"content":{"rendered":"","protected":false},"excerpt":{"rendered":"","protected":false},"author":1,"featured_media":0,"parent":0,"menu_order":0,"comment_status":"closed","ping_status":"closed","template":"page-news.php","meta":{"_acf_changed":false,"footnotes":""},"acf":[],"yoast_head":"<!-- This site is optimized with the Yoast SEO plugin v22.6 - https:\/\/yoast.com\/wordpress\/plugins\/seo\/ -->\n<title>Noticias - Innovaci\u00f3n colaborativa - Girbau LAB<\/title>\n<meta name=\"description\" content=\"Las \u00faltimas noticias de Girbau LAB. Inspirar la innovaci\u00f3n colaborativa y empujar la industria hacia la econom\u00eda circular y regenerativa\" \/>\n<meta name=\"robots\" content=\"noindex, follow, max-snippet:-1, max-image-preview:large, max-video-preview:-1\" \/>\n<meta property=\"og:locale\" content=\"es_ES\" \/>\n<meta property=\"og:type\" content=\"article\" \/>\n<meta property=\"og:title\" content=\"Noticias - Innovaci\u00f3n colaborativa - Girbau LAB\" \/>\n<meta property=\"og:description\" content=\"Las \u00faltimas noticias de Girbau LAB. Inspirar la innovaci\u00f3n colaborativa y empujar la industria hacia la econom\u00eda circular y regenerativa\" \/>\n<meta property=\"og:url\" content=\"https:\/\/labs.100x100.net\/projects\/girbaulab\/es\/noticias\/\" \/>\n<meta property=\"og:site_name\" content=\"Girbau LAB\" \/>\n<meta property=\"article:modified_time\" content=\"2022-10-04T16:38:28+00:00\" \/>\n<meta property=\"og:image\" content=\"https:\/\/hundreds-wordpress-uploads.s3.amazonaws.com\/girbaulab\/uploads\/2022\/10\/news_girbau_lab.jpg\" \/>\n\t<meta property=\"og:image:width\" content=\"1673\" \/>\n\t<meta property=\"og:image:height\" content=\"739\" \/>\n\t<meta property=\"og:image:type\" content=\"image\/jpeg\" \/>\n<meta name=\"twitter:card\" content=\"summary_large_image\" \/>\n<meta name=\"twitter:image\" content=\"https:\/\/hundreds-wordpress-uploads.s3.amazonaws.com\/girbaulab\/uploads\/2022\/10\/news_girbau_lab.jpg\" \/>\n<meta name=\"twitter:site\" content=\"@girbaulab\" \/>\n<script type=\"application\/ld+json\" class=\"yoast-schema-graph\">{\"@context\":\"https:\/\/schema.org\",\"@graph\":[{\"@type\":\"WebPage\",\"@id\":\"https:\/\/labs.100x100.net\/projects\/girbaulab\/es\/noticias\/\",\"url\":\"https:\/\/labs.100x100.net\/projects\/girbaulab\/es\/noticias\/\",\"name\":\"Noticias - Innovaci\u00f3n colaborativa - Girbau LAB\",\"isPartOf\":{\"@id\":\"https:\/\/labs.100x100.net\/projects\/girbaulab\/#website\"},\"datePublished\":\"2022-09-08T15:35:01+00:00\",\"dateModified\":\"2022-10-04T16:38:28+00:00\",\"description\":\"Las \u00faltimas noticias de Girbau LAB. Inspirar la innovaci\u00f3n colaborativa y empujar la industria hacia la econom\u00eda circular y regenerativa\",\"breadcrumb\":{\"@id\":\"https:\/\/labs.100x100.net\/projects\/girbaulab\/es\/noticias\/#breadcrumb\"},\"inLanguage\":\"es\",\"potentialAction\":[{\"@type\":\"ReadAction\",\"target\":[\"https:\/\/labs.100x100.net\/projects\/girbaulab\/es\/noticias\/\"]}]},{\"@type\":\"BreadcrumbList\",\"@id\":\"https:\/\/labs.100x100.net\/projects\/girbaulab\/es\/noticias\/#breadcrumb\",\"itemListElement\":[{\"@type\":\"ListItem\",\"position\":1,\"name\":\"Home\",\"item\":\"https:\/\/labs.100x100.net\/projects\/girbaulab\/es\/\"},{\"@type\":\"ListItem\",\"position\":2,\"name\":\"Noticias\"}]},{\"@type\":\"WebSite\",\"@id\":\"https:\/\/labs.100x100.net\/projects\/girbaulab\/#website\",\"url\":\"https:\/\/labs.100x100.net\/projects\/girbaulab\/\",\"name\":\"Girbau LAB\",\"description\":\"Girbau LAB is a space for collaboration created to add value to the laundry industry through innovation\",\"publisher\":{\"@id\":\"https:\/\/labs.100x100.net\/projects\/girbaulab\/#organization\"},\"potentialAction\":[{\"@type\":\"SearchAction\",\"target\":{\"@type\":\"EntryPoint\",\"urlTemplate\":\"https:\/\/labs.100x100.net\/projects\/girbaulab\/?s={search_term_string}\"},\"query-input\":\"required name=search_term_string\"}],\"inLanguage\":\"es\"},{\"@type\":\"Organization\",\"@id\":\"https:\/\/labs.100x100.net\/projects\/girbaulab\/#organization\",\"name\":\"Girbau LAB\",\"url\":\"https:\/\/labs.100x100.net\/projects\/girbaulab\/\",\"logo\":{\"@type\":\"ImageObject\",\"inLanguage\":\"es\",\"@id\":\"https:\/\/labs.100x100.net\/projects\/girbaulab\/#\/schema\/logo\/image\/\",\"url\":\"https:\/\/hundreds-wordpress-uploads.s3.amazonaws.com\/girbaulab\/uploads\/2022\/10\/Girbau_LAB_logo.png\",\"contentUrl\":\"https:\/\/hundreds-wordpress-uploads.s3.amazonaws.com\/girbaulab\/uploads\/2022\/10\/Girbau_LAB_logo.png\",\"width\":562,\"height\":90,\"caption\":\"Girbau LAB\"},\"image\":{\"@id\":\"https:\/\/labs.100x100.net\/projects\/girbaulab\/#\/schema\/logo\/image\/\"},\"sameAs\":[\"https:\/\/x.com\/girbaulab\",\"https:\/\/www.linkedin.com\/company\/girbaulab\/\"]}]}<\/script>\n<!-- \/ Yoast SEO plugin. -->","yoast_head_json":{"title":"Noticias - Innovaci\u00f3n colaborativa - Girbau LAB","description":"Las \u00faltimas noticias de Girbau LAB. Inspirar la innovaci\u00f3n colaborativa y empujar la industria hacia la econom\u00eda circular y regenerativa","robots":{"index":"noindex","follow":"follow","max-snippet":"max-snippet:-1","max-image-preview":"max-image-preview:large","max-video-preview":"max-video-preview:-1"},"og_locale":"es_ES","og_type":"article","og_title":"Noticias - Innovaci\u00f3n colaborativa - Girbau LAB","og_description":"Las \u00faltimas noticias de Girbau LAB. Inspirar la innovaci\u00f3n colaborativa y empujar la industria hacia la econom\u00eda circular y regenerativa","og_url":"https:\/\/labs.100x100.net\/projects\/girbaulab\/es\/noticias\/","og_site_name":"Girbau LAB","article_modified_time":"2022-10-04T16:38:28+00:00","og_image":[{"width":1673,"height":739,"url":"https:\/\/hundreds-wordpress-uploads.s3.amazonaws.com\/girbaulab\/uploads\/2022\/10\/news_girbau_lab.jpg","type":"image\/jpeg"}],"twitter_card":"summary_large_image","twitter_image":"https:\/\/hundreds-wordpress-uploads.s3.amazonaws.com\/girbaulab\/uploads\/2022\/10\/news_girbau_lab.jpg","twitter_site":"@girbaulab","schema":{"@context":"https:\/\/schema.org","@graph":[{"@type":"WebPage","@id":"https:\/\/labs.100x100.net\/projects\/girbaulab\/es\/noticias\/","url":"https:\/\/labs.100x100.net\/projects\/girbaulab\/es\/noticias\/","name":"Noticias - Innovaci\u00f3n colaborativa - Girbau LAB","isPartOf":{"@id":"https:\/\/labs.100x100.net\/projects\/girbaulab\/#website"},"datePublished":"2022-09-08T15:35:01+00:00","dateModified":"2022-10-04T16:38:28+00:00","description":"Las \u00faltimas noticias de Girbau LAB. Inspirar la innovaci\u00f3n colaborativa y empujar la industria hacia la econom\u00eda circular y regenerativa","breadcrumb":{"@id":"https:\/\/labs.100x100.net\/projects\/girbaulab\/es\/noticias\/#breadcrumb"},"inLanguage":"es","potentialAction":[{"@type":"ReadAction","target":["https:\/\/labs.100x100.net\/projects\/girbaulab\/es\/noticias\/"]}]},{"@type":"BreadcrumbList","@id":"https:\/\/labs.100x100.net\/projects\/girbaulab\/es\/noticias\/#breadcrumb","itemListElement":[{"@type":"ListItem","position":1,"name":"Home","item":"https:\/\/labs.100x100.net\/projects\/girbaulab\/es\/"},{"@type":"ListItem","position":2,"name":"Noticias"}]},{"@type":"WebSite","@id":"https:\/\/labs.100x100.net\/projects\/girbaulab\/#website","url":"https:\/\/labs.100x100.net\/projects\/girbaulab\/","name":"Girbau LAB","description":"Girbau LAB is a space for collaboration created to add value to the laundry industry through innovation","publisher":{"@id":"https:\/\/labs.100x100.net\/projects\/girbaulab\/#organization"},"potentialAction":[{"@type":"SearchAction","target":{"@type":"EntryPoint","urlTemplate":"https:\/\/labs.100x100.net\/projects\/girbaulab\/?s={search_term_string}"},"query-input":"required name=search_term_string"}],"inLanguage":"es"},{"@type":"Organization","@id":"https:\/\/labs.100x100.net\/projects\/girbaulab\/#organization","name":"Girbau LAB","url":"https:\/\/labs.100x100.net\/projects\/girbaulab\/","logo":{"@type":"ImageObject","inLanguage":"es","@id":"https:\/\/labs.100x100.net\/projects\/girbaulab\/#\/schema\/logo\/image\/","url":"https:\/\/hundreds-wordpress-uploads.s3.amazonaws.com\/girbaulab\/uploads\/2022\/10\/Girbau_LAB_logo.png","contentUrl":"https:\/\/hundreds-wordpress-uploads.s3.amazonaws.com\/girbaulab\/uploads\/2022\/10\/Girbau_LAB_logo.png","width":562,"height":90,"caption":"Girbau LAB"},"image":{"@id":"https:\/\/labs.100x100.net\/projects\/girbaulab\/#\/schema\/logo\/image\/"},"sameAs":["https:\/\/x.com\/girbaulab","https:\/\/www.linkedin.com\/company\/girbaulab\/"]}]}},"_links":{"self":[{"href":"https:\/\/labs.100x100.net\/projects\/girbaulab\/es\/wp-json\/wp\/v2\/pages\/164"}],"collection":[{"href":"https:\/\/labs.100x100.net\/projects\/girbaulab\/es\/wp-json\/wp\/v2\/pages"}],"about":[{"href":"https:\/\/labs.100x100.net\/projects\/girbaulab\/es\/wp-json\/wp\/v2\/types\/page"}],"author":[{"embeddable":true,"href":"https:\/\/labs.100x100.net\/projects\/girbaulab\/es\/wp-json\/wp\/v2\/users\/1"}],"replies":[{"embeddable":true,"href":"https:\/\/labs.100x100.net\/projects\/girbaulab\/es\/wp-json\/wp\/v2\/comments?post=164"}],"version-history":[{"count":1,"href":"https:\/\/labs.100x100.net\/projects\/girbaulab\/es\/wp-json\/wp\/v2\/pages\/164\/revisions"}],"predecessor-version":[{"id":165,"href":"https:\/\/labs.100x100.net\/projects\/girbaulab\/es\/wp-json\/wp\/v2\/pages\/164\/revisions\/165"}],"wp:attachment":[{"href":"https:\/\/labs.100x100.net\/projects\/girbaulab\/es\/wp-json\/wp\/v2\/media?parent=164"}],"curies":[{"name":"wp","href":"https:\/\/api.w.org\/{rel}","templated":true}]}}