{"id":890,"date":"2022-09-28T08:13:01","date_gmt":"2022-09-28T08:13:01","guid":{"rendered":"https:\/\/labs.100x100.net\/projects\/girbaulab\/?page_id=890"},"modified":"2025-02-07T15:02:27","modified_gmt":"2025-02-07T15:02:27","slug":"politica-de-cookies","status":"publish","type":"page","link":"https:\/\/labs.100x100.net\/projects\/girbaulab\/ca\/politica-de-cookies\/","title":{"rendered":"Pol\u00edtica de cookies"},"content":{"rendered":"<div id=\"cookiefirst-policy-page\" data-language=\"ca\">\n<h2>3.1 POL\u00cdTICA DE GALETES<\/h2>\n<p>A Girbau S.A., hem desenvolupat aquesta pol\u00edtica per informar-te sobre l&#8217;\u00fas de galetes a la nostra p\u00e0gina web (la &#8220;Web&#8221;), el seu funcionament i com pots configurar-les d&#8217;acord amb les teves prefer\u00e8ncies. Aquesta acci\u00f3 es realitza en compliment de l&#8217;article 22.1 de la Llei 34\/2002, de 11 de juliol, de Serveis de la Societat de la Informaci\u00f3 i Comer\u00e7 Electr\u00f2nic (&#8220;LSSI&#8221;).<\/p>\n<p>En accedir a la nostra Web per primera vegada, et notifiquem de la pres\u00e8ncia de galetes pr\u00f2pies i de tercers mitjan\u00e7ant un av\u00eds informatiu. Per a m\u00e9s detalls sobre com ajustar les galetes que vols instal\u00b7lar en les diferents categories que utilitzem, pots consultar aquesta pol\u00edtica.<\/p>\n<p>Tens l&#8217;opci\u00f3 d&#8217;acceptar, seleccionar o rebutjar les galetes segons la teva configuraci\u00f3. En realitzar aquesta acci\u00f3, consenteixes la instal\u00b7laci\u00f3 de totes les galetes, o de nom\u00e9s d&#8217;aquelles que tri\u00efs.<\/p>\n<p>\u00c9s important destacar que algunes galetes no requereixen el teu consentiment, ja que s\u00f3n essencials per al funcionament de la Web. Aquestes inclouen galetes t\u00e8cniques que permeten la navegaci\u00f3, l&#8217;\u00fas dels serveis disponibles, i la gesti\u00f3 del tr\u00e0nsit i la comunicaci\u00f3 de dades, entre altres.<\/p>\n<p><strong>Qu\u00e8 s\u00f3n les galetes?<\/strong><\/p>\n<p>Una galeta \u00e9s un petit fitxer de text que un lloc web emmagatzema en el navegador de l&#8217;usuari. Aquestes galetes faciliten la navegaci\u00f3 i l&#8217;\u00fas de la p\u00e0gina web. S\u00f3n essencials per al funcionament d&#8217;Internet i ofereixen m\u00faltiples avantatges en els serveis interactius.<\/p>\n<p>Les galetes s&#8217;utilitzen, per exemple, per gestionar la sessi\u00f3 de l&#8217;usuari, la qual cosa redueix la necessitat d&#8217;haver d\u2019entrar la contrasenya repetidament. A m\u00e9s, permeten personalitzar el contingut de la p\u00e0gina segons les prefer\u00e8ncies de l&#8217;usuari, cosa que millora significativament l&#8217;experi\u00e8ncia de navegaci\u00f3.<\/p>\n<p>Les galetes es classifiquen en diferents categories:<\/p>\n<p><strong>1. Per durada:<\/strong><\/p>\n<ul>\n<li><strong>Galetes de sessi\u00f3<\/strong>: S&#8217;eliminen quan l&#8217;usuari abandona la p\u00e0gina web.<\/li>\n<li><strong>Galetes persistents:<\/strong> Romanen en el dispositiu de l&#8217;usuari durant un temps determinat.<\/li>\n<\/ul>\n<p><strong>2. Per entitat:<\/strong><\/p>\n<ul>\n<li><strong>Galetes pr\u00f2pies<\/strong>: Enviades al dispositiu de l&#8217;usuari des d&#8217;un domini gestionat per Girbau S.A., que proporciona el servei sol\u00b7licitat.<\/li>\n<li><strong>Galetes de tercers<\/strong>: Enviades des d&#8217;un domini que no est\u00e0 gestionat per Girbau S.A. A vegades, aquestes galetes poden ser enviades des d&#8217;un domini gestionat per GirbauS.A. per\u00f2 tractades per una altra entitat per a fins diferents, com passa amb alguns prove\u00efdors d&#8217;an\u00e0lisi web, com Google.<\/li>\n<\/ul>\n<p>Per a m\u00e9s informaci\u00f3 sobre galetes, pots visitar <a href=\"http:\/\/www.allaboutcookies.org\/es\">www.allaboutcookies.org\/es<\/a>.<\/p>\n<p>Altres tecnologies similars<\/p>\n<p>A m\u00e9s de les galetes, tamb\u00e9 es poden utilitzar tecnologies com p\u00edxels de seguiment o web beacons.<\/p>\n<p>Els p\u00edxels s\u00f3n petits gr\u00e0fics que recullen informaci\u00f3 sobre l&#8217;\u00fas del lloc web, incloent el navegador, l&#8217;adre\u00e7a IP i la freq\u00fc\u00e8ncia de visites. S&#8217;utilitzen per a finalitats anal\u00edtiques i publicit\u00e0ries i rastregen accions com ara compres i obertures de newsletters.<\/p>\n<p>Tamb\u00e9 podem utilitzar &#8220;fingerprinting&#8221;, que verifica par\u00e0metres t\u00e8cnics del dispositiu de l&#8217;usuari, com el navegador, el sistema operatiu i la resoluci\u00f3 de pantalla. Aquesta informaci\u00f3 s&#8217;utilitza per seguir l&#8217;activitat de l&#8217;usuari i crear un perfil.<\/p>\n<p><strong>\u00bfQuines galetes utilitzem?<\/strong><\/p>\n<p>A la nostra Web, utilitzem galetes t\u00e8cniques, de prefer\u00e8ncies, anal\u00edtiques i de publicitat. T&#8217;informarem sobre cada tipus de galeta i si la informaci\u00f3 recopilada pot ser tractada per tercers com a corresponsables.<\/p>\n<p><strong>Galetes t\u00e8cniques<\/strong><\/p>\n<p>Les galetes t\u00e8cniques s\u00f3n essencials per navegar per la p\u00e0gina web de Girbau S.A. i accedir a les seves funcions i serveis. Aquestes galetes faciliten el control del tr\u00e0nsit de dades, la identificaci\u00f3 de sessions, l&#8217;acc\u00e9s a \u00e0rees restringides, la gesti\u00f3 de comandes i pagaments, la prevenci\u00f3 de fraus i la participaci\u00f3 en esdeveniments.<\/p>\n<p>Aquestes galetes estan exemptes de les obligacions de l&#8217;article 22.2 de la LSSI sempre que s&#8217;utilitzin \u00fanicament per prestar el servei sol\u00b7licitat. No obstant aix\u00f2, si s&#8217;utilitzen per a finalitats com la publicitat comportamental, hauran de complir amb aquestes obligacions.<\/p>\n<p>Donat que s\u00f3n indispensables per al funcionament del lloc, no \u00e9s possible desactivar-les. Si decideixes bloquejar aquestes galetes al teu navegador (pots consultar la secci\u00f3 &#8220;Com gestionar les galetes&#8221; m\u00e9s endavant), el lloc web podria no funcionar correctament.<\/p>\n<p>Per a m\u00e9s detalls sobre les galetes t\u00e8cniques que utilitzem, t\u2019invitem a consultar el contingut complet en el nostre configurador de galetes, accessible al peu de la nostra p\u00e0gina web.<\/p>\n<p><strong>Galetes de prefer\u00e8ncia<\/strong><\/p>\n<p>Les galetes de prefer\u00e8ncia permeten recordar informaci\u00f3 que millora l&#8217;experi\u00e8ncia de l&#8217;usuari, com ara l&#8217;idioma, el nombre de resultats en cerques, el disseny del servei segons el navegador o la regi\u00f3 des de la qual s&#8217;accedeix.<\/p>\n<p>Generalment, s&#8217;instal\u00b7len quan l&#8217;usuari realitza accions a la web, com seleccionar un idioma, i estan exemptes del consentiment exigit per la LSSI, ja que es consideren un servei sol\u00b7licitat per l&#8217;usuari, sempre que no s&#8217;utilitzin per a altres finalitats.<\/p>\n<p>Per a m\u00e9s detalls sobre les galetes de prefer\u00e8ncia utilitzades, t\u2019invitem a consultar el contingut complet en el nostre configurador de galetes, accessible al peu de la nostra p\u00e0gina web.<\/p>\n<p><strong>Galetes anal\u00edtiques<\/strong><\/p>\n<p>Les galetes anal\u00edtiques permeten seguir i analitzar el comportament dels usuaris a les nostres p\u00e0gines web. Recullen dades com el nombre de p\u00e0gines visitades, l&#8217;idioma, la freq\u00fc\u00e8ncia de visites, el temps de perman\u00e8ncia a cada secci\u00f3 i l&#8217;efectivitat dels anuncis.<\/p>\n<p>La informaci\u00f3 recopilada, ja sigui per nosaltres o per tercers, ens ajuda a quantificar el nombre d&#8217;usuaris i a realitzar an\u00e0lisis estad\u00edstiques sobre com utilitzen la nostra Web. Aix\u00f2 ens permet millorar la nostra oferta de productes i serveis analitzant l&#8217;origen de les visites, els continguts visualitzats i el temps de navegaci\u00f3.<\/p>\n<p>Per a m\u00e9s detalls sobre les galetes anal\u00edtiques utilitzades, t&#8217;invitem a consultar el contingut complet en el nostre configurador de galetes, accessible en el peu de la nostra p\u00e0gina web.<\/p>\n<p><strong>Galetes publicit\u00e0ries<\/strong><\/p>\n<p>Les galetes publicit\u00e0ries emmagatzemen informaci\u00f3 sobre el comportament dels usuaris mitjan\u00e7ant l&#8217;observaci\u00f3 dels seus h\u00e0bits de navegaci\u00f3, cosa que permet crear un perfil per mostrar publicitat personalitzada.<\/p>\n<p>Normalment, s\u00f3n gestionades per tercers que administren els espais publicitaris a la nostra Web i en altres llocs. Aquestes galetes ajuden a mesurar l&#8217;efectivitat de les nostres campanyes, oferir anuncis rellevants i limitar la quantitat de publicitat que rep cada usuari.<\/p>\n<p>Alguns gestors de publicitat poden utilitzar galetes an\u00f2nimes per mostrar anuncis d&#8217;inter\u00e8s en altres p\u00e0gines, creuant informaci\u00f3 de navegaci\u00f3.<\/p>\n<p>Per a m\u00e9s detalls sobre les galetes publicit\u00e0ries utilitzades, t&#8217;invitem a consultar el contingut complet al nostre configurador de galetes, accessible al peu de la nostra p\u00e0gina web.<\/p>\n<p><strong>\u00bfQui utilitza les dades de les galetes?<\/strong><\/p>\n<p>Pots trobar m\u00e9s informaci\u00f3 sobre l&#8217;\u00fas de dades de galetes al configurador de galetes, accessible al peu de la nostra p\u00e0gina web.<\/p>\n<p><strong>On es tracta la teva informaci\u00f3?<\/strong><\/p>\n<p>Per norma general, procurem tractar sempre les dades personals a Europa o a l&#8217;Espai Econ\u00f2mic Europeu i assegurar el compliment del RGPD tant per part nostra com dels nostres prove\u00efdors de serveis que tracten les dades en nom nostre i sota les nostres instruccions.<\/p>\n<p>No obstant aix\u00f2, oferim els nostres serveis a nivell global, per tant, \u00e9s possible que haguem de tractar les dades en altres pa\u00efsos que poden oferir o no les mateixes garanties que el RGPD. En el sup\u00f2sit que fos necessari realitzar transfer\u00e8ncies internacionals des de la UE a pa\u00efsos fora de la UE que no compleixin amb aquestes garanties, ens comprometem a dur-les sempre a terme i assegurar que es protegeixin amb les garanties oportunes, que podran incloure les (i) Cl\u00e0usules Tipus aprovades per la UE, (ii) Certificacions de tercers, (iii) Normes corporatives vinculants o (iv) qualsevol altre mecanisme v\u00e0lid d&#8217;acord amb la normativa o aprovat per les autoritats competents.<\/p>\n<p><strong>\u00bfDurant quant de temps conservem la informaci\u00f3?<\/strong><\/p>\n<p>Els terminis de conservaci\u00f3 de la informaci\u00f3 obtinguda a trav\u00e9s de les galetes s&#8217;especifiquen al configurador de galetes, accessible al peu de la nostra p\u00e0gina web.<\/p>\n<p>Com gestionar les galetes?<\/p>\n<p>En visitar per primera vegada la nostra Web, t\u2019oferim la possibilitat de configurar les galetes que desitgis instal\u00b7lar o rebutjar. Podr\u00e0s rebutjar la instal\u00b7laci\u00f3 de qualsevol categoria de galeta excepte les t\u00e8cniques, que s\u00f3n necess\u00e0ries per al correcte funcionament de la Web.<\/p>\n<p>Si mitjan\u00e7ant el gestor de galetes has acceptat instal\u00b7lar determinades galetes que posteriorment vols rebutjar i el mateix gestor de galetes t\u2019ho permet, podr\u00e0s modificar la teva selecci\u00f3 inicial o reconfigurar-les.<\/p>\n<p>Si, en canvi, el teu gestor de galetes no et permet\u00e9s reconfigurar-les, tindr\u00e0s en qualsevol moment la possibilitat d&#8217;acceptar o rebutjar la instal\u00b7laci\u00f3 de galetes o b\u00e9 rebutjar la instal\u00b7laci\u00f3 d&#8217;un determinat tipus de galeta, modificant les prefer\u00e8ncies del vostre navegador web.<\/p>\n<p>A trav\u00e9s del navegador web l&#8217;usuari pot:<\/p>\n<ul>\n<li>activar la navegaci\u00f3 privada, mitjan\u00e7ant la qual el navegador deixa de guardar l&#8217;historial de navegaci\u00f3, contrasenyes de llocs web, galetes i altra informaci\u00f3 de les p\u00e0gines que visiti; o<\/li>\n<li>activar la funci\u00f3 de no rastrejar, per la que el navegador demana als llocs web que visiti que no rastregin els seus h\u00e0bits de navegaci\u00f3 per, per exemple, servir-li publicitat del seu inter\u00e8s en els llocs que visiti.<\/li>\n<\/ul>\n<p>&nbsp;<\/p>\n<p>Tingues en compte que el bloqueig de galetes pot afectar totes o algunes de les funcionalitats del nostre Web. Per a la teva comoditat, a continuaci\u00f3, et proporcionem els enlla\u00e7os d&#8217;ajuda per a la configuraci\u00f3 de galetes dels principals navegadors:<\/p>\n<p>Microsoft Internet Explorer<br \/>\n<a href=\"https:\/\/support.microsoft.com\/es-es\/topic\/eliminar-y-administrar-galetes-168dab11-0753-043d-7c16-ede5947fc64d\">https:\/\/support.microsoft.com\/es-es\/topic\/eliminar-y-administrar-galetes-168dab11-0753-043d-7c16-ede5947fc64d<\/a><\/p>\n<p>Apple Safari<br \/>\n<a href=\"https:\/\/support.apple.com\/ca-es\/guide\/safari\/sfri11471\/mac\">https:\/\/support.apple.com\/ca-es\/guide\/safari\/sfri11471\/mac<\/a><\/p>\n<p>Google Chrome<br \/>\n<a href=\"https:\/\/support.google.com\/chrome\/answer\/95647?hl=ca\">https:\/\/support.google.com\/chrome\/answer\/95647?hl=ca<\/a><\/p>\n<p>Mozilla Firefox<br \/>\n<a href=\"https:\/\/support.mozilla.org\/ca\/kb\/enhanced-tracking-protection-firefox-desktop\">https:\/\/support.mozilla.org\/ca\/kb\/enhanced-tracking-protection-firefox-desktop<\/a><\/p>\n<p>Els enlla\u00e7os poden canviar per part dels desenvolupadors dels navegadors. Girbau S.A. intentar\u00e0 mantenir la llista actualitzada, per\u00f2 si algun enlla\u00e7 no funciona, pots consultar el men\u00fa &#8220;Ajuda&#8221; del teu navegador per a m\u00e9s informaci\u00f3.<\/p>\n<p>Si elimines les galetes del teu navegador, podries perdre les teves prefer\u00e8ncies de rebuig i caldr\u00e0 que les tornis a desactivar.<\/p>\n<p>A m\u00e9s, pots instal\u00b7lar programes o complements al teu navegador, coneguts com a &#8220;Do Not Track&#8221; o &#8220;DNT&#8221;, per controlar quines galetes vols habilitar.<\/p>\n<p><strong>Informaci\u00f3 addicional<\/strong><\/p>\n<p>Per a m\u00e9s informaci\u00f3 sobre la manera en qu\u00e8 pots exercir els teus drets d&#8217;acc\u00e9s, rectificaci\u00f3, supressi\u00f3, limitaci\u00f3 del tractament i portabilitat o qualsevol altra q\u00fcesti\u00f3 relativa al tractament de dades que realitzem mitjan\u00e7ant l&#8217;\u00fas de les galetes, pots consultar la pol\u00edtica de privacitat de la nostra Web.<\/p>\n<p>Actualitzaci\u00f3 de la pol\u00edtica de galetes<\/p>\n<p>Aquesta pol\u00edtica de galetes podr\u00e0 ser modificada o actualitzada en qualsevol moment. Per aix\u00f2, et recomanem que la revisis cada vegada que accedeixis a aquesta Web.<\/p>\n<p>Actualitzada per \u00faltima vegada 7 febrer 2025<\/p>\n<\/div>\n","protected":false},"excerpt":{"rendered":"<p>3.1 POL\u00cdTICA DE GALETES A Girbau S.A., hem desenvolupat aquesta pol\u00edtica per informar-te sobre l&#8217;\u00fas de galetes a la nostra p\u00e0gina web (la &#8220;Web&#8221;), el seu funcionament i com pots configurar-les d&#8217;acord amb les teves prefer\u00e8ncies. Aquesta acci\u00f3 es realitza en compliment de l&#8217;article 22.1 de la Llei 34\/2002, de 11 de juliol, de Serveis [&hellip;]<\/p>\n","protected":false},"author":1,"featured_media":0,"parent":0,"menu_order":0,"comment_status":"closed","ping_status":"closed","template":"","meta":{"_acf_changed":false,"footnotes":""},"acf":[],"yoast_head":"<!-- This site is optimized with the Yoast SEO plugin v22.6 - https:\/\/yoast.com\/wordpress\/plugins\/seo\/ -->\n<title>Pol\u00edtica de cookies - Girbau LAB<\/title>\n<meta name=\"robots\" content=\"noindex, nofollow\" \/>\n<meta property=\"og:locale\" content=\"ca_ES\" \/>\n<meta property=\"og:type\" content=\"article\" \/>\n<meta property=\"og:title\" content=\"Pol\u00edtica de cookies - Girbau LAB\" \/>\n<meta property=\"og:description\" content=\"3.1 POL\u00cdTICA DE GALETES A Girbau S.A., hem desenvolupat aquesta pol\u00edtica per informar-te sobre l&#8217;\u00fas de galetes a la nostra p\u00e0gina web (la &#8220;Web&#8221;), el seu funcionament i com pots configurar-les d&#8217;acord amb les teves prefer\u00e8ncies. Aquesta acci\u00f3 es realitza en compliment de l&#8217;article 22.1 de la Llei 34\/2002, de 11 de juliol, de Serveis [&hellip;]\" \/>\n<meta property=\"og:url\" content=\"https:\/\/labs.100x100.net\/projects\/girbaulab\/ca\/politica-de-cookies\/\" \/>\n<meta property=\"og:site_name\" content=\"Girbau LAB\" \/>\n<meta property=\"article:modified_time\" content=\"2025-02-07T15:02:27+00:00\" \/>\n<meta name=\"twitter:card\" content=\"summary_large_image\" \/>\n<meta name=\"twitter:site\" content=\"@girbaulab\" \/>\n<meta name=\"twitter:label1\" content=\"Est. reading time\" \/>\n\t<meta name=\"twitter:data1\" content=\"8 minutes\" \/>\n<script type=\"application\/ld+json\" class=\"yoast-schema-graph\">{\"@context\":\"https:\/\/schema.org\",\"@graph\":[{\"@type\":\"WebPage\",\"@id\":\"https:\/\/labs.100x100.net\/projects\/girbaulab\/ca\/politica-de-cookies\/\",\"url\":\"https:\/\/labs.100x100.net\/projects\/girbaulab\/ca\/politica-de-cookies\/\",\"name\":\"Pol\u00edtica de cookies - Girbau LAB\",\"isPartOf\":{\"@id\":\"https:\/\/labs.100x100.net\/projects\/girbaulab\/#website\"},\"datePublished\":\"2022-09-28T08:13:01+00:00\",\"dateModified\":\"2025-02-07T15:02:27+00:00\",\"breadcrumb\":{\"@id\":\"https:\/\/labs.100x100.net\/projects\/girbaulab\/ca\/politica-de-cookies\/#breadcrumb\"},\"inLanguage\":\"ca\",\"potentialAction\":[{\"@type\":\"ReadAction\",\"target\":[\"https:\/\/labs.100x100.net\/projects\/girbaulab\/ca\/politica-de-cookies\/\"]}]},{\"@type\":\"BreadcrumbList\",\"@id\":\"https:\/\/labs.100x100.net\/projects\/girbaulab\/ca\/politica-de-cookies\/#breadcrumb\",\"itemListElement\":[{\"@type\":\"ListItem\",\"position\":1,\"name\":\"Home\",\"item\":\"https:\/\/labs.100x100.net\/projects\/girbaulab\/ca\/\"},{\"@type\":\"ListItem\",\"position\":2,\"name\":\"Pol\u00edtica de cookies\"}]},{\"@type\":\"WebSite\",\"@id\":\"https:\/\/labs.100x100.net\/projects\/girbaulab\/#website\",\"url\":\"https:\/\/labs.100x100.net\/projects\/girbaulab\/\",\"name\":\"Girbau LAB\",\"description\":\"Girbau LAB is a space for collaboration created to add value to the laundry industry through innovation\",\"publisher\":{\"@id\":\"https:\/\/labs.100x100.net\/projects\/girbaulab\/#organization\"},\"potentialAction\":[{\"@type\":\"SearchAction\",\"target\":{\"@type\":\"EntryPoint\",\"urlTemplate\":\"https:\/\/labs.100x100.net\/projects\/girbaulab\/?s={search_term_string}\"},\"query-input\":\"required name=search_term_string\"}],\"inLanguage\":\"ca\"},{\"@type\":\"Organization\",\"@id\":\"https:\/\/labs.100x100.net\/projects\/girbaulab\/#organization\",\"name\":\"Girbau LAB\",\"url\":\"https:\/\/labs.100x100.net\/projects\/girbaulab\/\",\"logo\":{\"@type\":\"ImageObject\",\"inLanguage\":\"ca\",\"@id\":\"https:\/\/labs.100x100.net\/projects\/girbaulab\/#\/schema\/logo\/image\/\",\"url\":\"https:\/\/hundreds-wordpress-uploads.s3.amazonaws.com\/girbaulab\/uploads\/2022\/10\/Girbau_LAB_logo.png\",\"contentUrl\":\"https:\/\/hundreds-wordpress-uploads.s3.amazonaws.com\/girbaulab\/uploads\/2022\/10\/Girbau_LAB_logo.png\",\"width\":562,\"height\":90,\"caption\":\"Girbau LAB\"},\"image\":{\"@id\":\"https:\/\/labs.100x100.net\/projects\/girbaulab\/#\/schema\/logo\/image\/\"},\"sameAs\":[\"https:\/\/x.com\/girbaulab\",\"https:\/\/www.linkedin.com\/company\/girbaulab\/\"]}]}<\/script>\n<!-- \/ Yoast SEO plugin. -->","yoast_head_json":{"title":"Pol\u00edtica de cookies - Girbau LAB","robots":{"index":"noindex","follow":"nofollow"},"og_locale":"ca_ES","og_type":"article","og_title":"Pol\u00edtica de cookies - Girbau LAB","og_description":"3.1 POL\u00cdTICA DE GALETES A Girbau S.A., hem desenvolupat aquesta pol\u00edtica per informar-te sobre l&#8217;\u00fas de galetes a la nostra p\u00e0gina web (la &#8220;Web&#8221;), el seu funcionament i com pots configurar-les d&#8217;acord amb les teves prefer\u00e8ncies. Aquesta acci\u00f3 es realitza en compliment de l&#8217;article 22.1 de la Llei 34\/2002, de 11 de juliol, de Serveis [&hellip;]","og_url":"https:\/\/labs.100x100.net\/projects\/girbaulab\/ca\/politica-de-cookies\/","og_site_name":"Girbau LAB","article_modified_time":"2025-02-07T15:02:27+00:00","twitter_card":"summary_large_image","twitter_site":"@girbaulab","twitter_misc":{"Est. reading time":"8 minutes"},"schema":{"@context":"https:\/\/schema.org","@graph":[{"@type":"WebPage","@id":"https:\/\/labs.100x100.net\/projects\/girbaulab\/ca\/politica-de-cookies\/","url":"https:\/\/labs.100x100.net\/projects\/girbaulab\/ca\/politica-de-cookies\/","name":"Pol\u00edtica de cookies - Girbau LAB","isPartOf":{"@id":"https:\/\/labs.100x100.net\/projects\/girbaulab\/#website"},"datePublished":"2022-09-28T08:13:01+00:00","dateModified":"2025-02-07T15:02:27+00:00","breadcrumb":{"@id":"https:\/\/labs.100x100.net\/projects\/girbaulab\/ca\/politica-de-cookies\/#breadcrumb"},"inLanguage":"ca","potentialAction":[{"@type":"ReadAction","target":["https:\/\/labs.100x100.net\/projects\/girbaulab\/ca\/politica-de-cookies\/"]}]},{"@type":"BreadcrumbList","@id":"https:\/\/labs.100x100.net\/projects\/girbaulab\/ca\/politica-de-cookies\/#breadcrumb","itemListElement":[{"@type":"ListItem","position":1,"name":"Home","item":"https:\/\/labs.100x100.net\/projects\/girbaulab\/ca\/"},{"@type":"ListItem","position":2,"name":"Pol\u00edtica de cookies"}]},{"@type":"WebSite","@id":"https:\/\/labs.100x100.net\/projects\/girbaulab\/#website","url":"https:\/\/labs.100x100.net\/projects\/girbaulab\/","name":"Girbau LAB","description":"Girbau LAB is a space for collaboration created to add value to the laundry industry through innovation","publisher":{"@id":"https:\/\/labs.100x100.net\/projects\/girbaulab\/#organization"},"potentialAction":[{"@type":"SearchAction","target":{"@type":"EntryPoint","urlTemplate":"https:\/\/labs.100x100.net\/projects\/girbaulab\/?s={search_term_string}"},"query-input":"required name=search_term_string"}],"inLanguage":"ca"},{"@type":"Organization","@id":"https:\/\/labs.100x100.net\/projects\/girbaulab\/#organization","name":"Girbau LAB","url":"https:\/\/labs.100x100.net\/projects\/girbaulab\/","logo":{"@type":"ImageObject","inLanguage":"ca","@id":"https:\/\/labs.100x100.net\/projects\/girbaulab\/#\/schema\/logo\/image\/","url":"https:\/\/hundreds-wordpress-uploads.s3.amazonaws.com\/girbaulab\/uploads\/2022\/10\/Girbau_LAB_logo.png","contentUrl":"https:\/\/hundreds-wordpress-uploads.s3.amazonaws.com\/girbaulab\/uploads\/2022\/10\/Girbau_LAB_logo.png","width":562,"height":90,"caption":"Girbau LAB"},"image":{"@id":"https:\/\/labs.100x100.net\/projects\/girbaulab\/#\/schema\/logo\/image\/"},"sameAs":["https:\/\/x.com\/girbaulab","https:\/\/www.linkedin.com\/company\/girbaulab\/"]}]}},"_links":{"self":[{"href":"https:\/\/labs.100x100.net\/projects\/girbaulab\/ca\/wp-json\/wp\/v2\/pages\/890"}],"collection":[{"href":"https:\/\/labs.100x100.net\/projects\/girbaulab\/ca\/wp-json\/wp\/v2\/pages"}],"about":[{"href":"https:\/\/labs.100x100.net\/projects\/girbaulab\/ca\/wp-json\/wp\/v2\/types\/page"}],"author":[{"embeddable":true,"href":"https:\/\/labs.100x100.net\/projects\/girbaulab\/ca\/wp-json\/wp\/v2\/users\/1"}],"replies":[{"embeddable":true,"href":"https:\/\/labs.100x100.net\/projects\/girbaulab\/ca\/wp-json\/wp\/v2\/comments?post=890"}],"version-history":[{"count":4,"href":"https:\/\/labs.100x100.net\/projects\/girbaulab\/ca\/wp-json\/wp\/v2\/pages\/890\/revisions"}],"predecessor-version":[{"id":2819,"href":"https:\/\/labs.100x100.net\/projects\/girbaulab\/ca\/wp-json\/wp\/v2\/pages\/890\/revisions\/2819"}],"wp:attachment":[{"href":"https:\/\/labs.100x100.net\/projects\/girbaulab\/ca\/wp-json\/wp\/v2\/media?parent=890"}],"curies":[{"name":"wp","href":"https:\/\/api.w.org\/{rel}","templated":true}]}}