{"id":3112,"date":"2025-03-14T15:04:23","date_gmt":"2025-03-14T15:04:23","guid":{"rendered":"https:\/\/labs.100x100.net\/projects\/girbaulab\/culture\/adi-awards-2024\/"},"modified":"2025-03-14T15:30:23","modified_gmt":"2025-03-14T15:30:23","slug":"premis-adi-2024","status":"publish","type":"page","link":"https:\/\/labs.100x100.net\/projects\/girbaulab\/ca\/cultura\/premis-adi-2024\/","title":{"rendered":"Premis ADI 2024"},"content":{"rendered":"<p>Del 31 de maig al 25 d\u2019agost es pot visitar al Disseny Hub Barcelona l\u2019exposici\u00f3 \u00abPremis ADI 2024. Disseny industrial i cultura del disseny\u00bb, una gran mostra que presenta alguns dels millors productes dissenyats i comercialitzats en els darrers dos anys, tant a nivell nacional com internacional. Aquesta exposici\u00f3, organitzada per l\u2019ADI-FAD (Associaci\u00f3 de Disseny Industrial del Foment de les Arts i del Disseny), exhibeix 164 productes i projectes seleccionats d\u2019entre els presentats als Premis ADI.<\/p>\n<p>Els Premis ADI reconeixen l\u2019excel\u00b7l\u00e8ncia en tres \u00e0mbits diferents del disseny: els Premis Delta, destinats a professionals i empreses de disseny industrial; les Medalles ADI, dirigides a estudiants; i els Premis ADI Cultura, que valoren projectes que promouen la cultura del disseny. En aquesta nova convocat\u00f2ria, marcada per una gran participaci\u00f3, un grup d\u2019experts de diversos camps del disseny, la comunicaci\u00f3, la doc\u00e8ncia i la teoria del disseny ha avaluat els 350 productes i projectes presentats, seleccionant els 164 que es poden veure a l\u2019exposici\u00f3.<\/p>\n<h3>Entre els objectes seleccionats en aquesta 42a edici\u00f3 dels Premis Delta trobem la Genius de Girbau, per l\u2019excel\u00b7l\u00e8ncia en l\u2019articulaci\u00f3 d\u2019un objecte d\u00b4\u00fas quotidi\u00e0 innovador i funcional.<\/h3>\n<p>L\u2019exposici\u00f3 \u00e9s imprescindible per a con\u00e8ixer el disseny industrial al nostre pa\u00eds, ja que inclou una \u00e0mplia gamma de productes comercialitzats en \u00e0mbits tan diversos com el disseny per a l\u2019alimentaci\u00f3, dispositius digitals, disseny per al cos, complements i eines, equipament exterior i interior, il\u00b7luminaci\u00f3, materials i elements constructius, mobilitat i packaging.<\/p>\n<p>Un dels aspectes m\u00e9s destacats de la mostra \u00e9s la connexi\u00f3 evident entre el disseny i la ind\u00fastria en els productes seleccionats, incloent-hi alguns dels projectes presentats pels estudiants. Les empreses aposten clarament per la sostenibilitat i les innovacions tecnol\u00f2giques, sense oblidar la forma, que integra la funci\u00f3 que tot objecte ha de complir.<\/p>\n<p>El lliurament dels guardons tindr\u00e0 lloc el 13 de juny del 2024, en una cerim\u00f2nia al Disseny Hub Barcelona.<\/p>\n<h3>L\u2019exposici\u00f3 \u00e9s un fant\u00e0stic retrat de l\u2019estat del disseny del nostre pa\u00eds i exposa una selecci\u00f3 de 164 objectes on el disseny dibuixa nous vincles amb els usuaris i ajuda a millorar el seu dia a dia.<\/h3>\n<p>Enguany, l\u2019exposici\u00f3 de productes s\u2019ha contextualitzat amb una s\u00e8rie de conceptes clau per entendre com el disseny ens possibilita relacionar-nos amb el m\u00f3n a trav\u00e9s d\u2019objectes accessibles, que expliquen la nostra relaci\u00f3 amb l\u2019entorn i les convencions humanes. Els l\u00edmits entre l\u2019objecte dissenyat i l\u2019objecte art\u00edstic no sempre s\u00f3n evidents. Mentre l\u2019objecte dissenyat permet establir f\u00e0cilment analogies, l\u2019objecte art\u00edstic construeix met\u00e0fores que ens connecten amb l\u2019experi\u00e8ncia directa del m\u00f3n.<\/p>\n<div id=\"attachment_2184\" style=\"width: 1210px\" class=\"wp-caption alignnone\"><img loading=\"lazy\" decoding=\"async\" aria-describedby=\"caption-attachment-2184\" class=\"size-full wp-image-2184\" src=\"https:\/\/hundreds-wordpress-uploads.s3.amazonaws.com\/girbaulab\/uploads\/2024\/06\/240314-GIRBAULAB-GISJ8062-Mejorado-NR-giselajane.jpg\" alt=\"\" width=\"1200\" height=\"800\" srcset=\"https:\/\/hundreds-wordpress-uploads.s3.amazonaws.com\/girbaulab\/uploads\/2024\/06\/240314-GIRBAULAB-GISJ8062-Mejorado-NR-giselajane.jpg 1200w, https:\/\/hundreds-wordpress-uploads.s3.amazonaws.com\/girbaulab\/uploads\/2024\/06\/240314-GIRBAULAB-GISJ8062-Mejorado-NR-giselajane-300x200.jpg 300w, https:\/\/hundreds-wordpress-uploads.s3.amazonaws.com\/girbaulab\/uploads\/2024\/06\/240314-GIRBAULAB-GISJ8062-Mejorado-NR-giselajane-1024x683.jpg 1024w, https:\/\/hundreds-wordpress-uploads.s3.amazonaws.com\/girbaulab\/uploads\/2024\/06\/240314-GIRBAULAB-GISJ8062-Mejorado-NR-giselajane-768x512.jpg 768w\" sizes=\"(max-width: 1200px) 100vw, 1200px\" \/><p id=\"caption-attachment-2184\" class=\"wp-caption-text\">\u00a9 Gisela Jan\u00e9<\/p><\/div>\n<p>Foto de portada: \u00a9 Anna Mas (@annamas_photo)<\/p>\n","protected":false},"excerpt":{"rendered":"<p>Del 31 de maig al 25 d\u2019agost es pot visitar al Disseny Hub Barcelona l\u2019exposici\u00f3 \u00abPremis ADI 2024. Disseny industrial i cultura del disseny\u00bb, una gran mostra que presenta alguns dels millors productes dissenyats i comercialitzats en els darrers dos anys, tant a nivell nacional com internacional. Aquesta exposici\u00f3, organitzada per l\u2019ADI-FAD (Associaci\u00f3 de Disseny [&hellip;]<\/p>\n","protected":false},"author":1,"featured_media":0,"parent":3034,"menu_order":0,"comment_status":"closed","ping_status":"closed","template":"page-culture-single.php","meta":{"_acf_changed":false,"footnotes":""},"acf":[],"yoast_head":"<!-- This site is optimized with the Yoast SEO plugin v22.6 - https:\/\/yoast.com\/wordpress\/plugins\/seo\/ -->\n<title>Premis ADI 2024 - Girbau LAB<\/title>\n<meta name=\"robots\" content=\"noindex, follow, max-snippet:-1, max-image-preview:large, max-video-preview:-1\" \/>\n<meta property=\"og:locale\" content=\"ca_ES\" \/>\n<meta property=\"og:type\" content=\"article\" \/>\n<meta property=\"og:title\" content=\"Premis ADI 2024 - Girbau LAB\" \/>\n<meta property=\"og:description\" content=\"Del 31 de maig al 25 d\u2019agost es pot visitar al Disseny Hub Barcelona l\u2019exposici\u00f3 \u00abPremis ADI 2024. Disseny industrial i cultura del disseny\u00bb, una gran mostra que presenta alguns dels millors productes dissenyats i comercialitzats en els darrers dos anys, tant a nivell nacional com internacional. Aquesta exposici\u00f3, organitzada per l\u2019ADI-FAD (Associaci\u00f3 de Disseny [&hellip;]\" \/>\n<meta property=\"og:url\" content=\"https:\/\/labs.100x100.net\/projects\/girbaulab\/ca\/cultura\/premis-adi-2024\/\" \/>\n<meta property=\"og:site_name\" content=\"Girbau LAB\" \/>\n<meta property=\"article:modified_time\" content=\"2025-03-14T15:30:23+00:00\" \/>\n<meta property=\"og:image\" content=\"https:\/\/hundreds-wordpress-uploads.s3.amazonaws.com\/girbaulab\/uploads\/2024\/06\/240314-GIRBAULAB-GISJ8062-Mejorado-NR-giselajane.jpg\" \/>\n<meta name=\"twitter:card\" content=\"summary_large_image\" \/>\n<meta name=\"twitter:site\" content=\"@girbaulab\" \/>\n<meta name=\"twitter:label1\" content=\"Est. reading time\" \/>\n\t<meta name=\"twitter:data1\" content=\"3 minutes\" \/>\n<script type=\"application\/ld+json\" class=\"yoast-schema-graph\">{\"@context\":\"https:\/\/schema.org\",\"@graph\":[{\"@type\":\"WebPage\",\"@id\":\"https:\/\/labs.100x100.net\/projects\/girbaulab\/ca\/cultura\/premis-adi-2024\/\",\"url\":\"https:\/\/labs.100x100.net\/projects\/girbaulab\/ca\/cultura\/premis-adi-2024\/\",\"name\":\"Premis ADI 2024 - Girbau LAB\",\"isPartOf\":{\"@id\":\"https:\/\/labs.100x100.net\/projects\/girbaulab\/#website\"},\"primaryImageOfPage\":{\"@id\":\"https:\/\/labs.100x100.net\/projects\/girbaulab\/ca\/cultura\/premis-adi-2024\/#primaryimage\"},\"image\":{\"@id\":\"https:\/\/labs.100x100.net\/projects\/girbaulab\/ca\/cultura\/premis-adi-2024\/#primaryimage\"},\"thumbnailUrl\":\"https:\/\/hundreds-wordpress-uploads.s3.amazonaws.com\/girbaulab\/uploads\/2024\/06\/240314-GIRBAULAB-GISJ8062-Mejorado-NR-giselajane.jpg\",\"datePublished\":\"2025-03-14T15:04:23+00:00\",\"dateModified\":\"2025-03-14T15:30:23+00:00\",\"breadcrumb\":{\"@id\":\"https:\/\/labs.100x100.net\/projects\/girbaulab\/ca\/cultura\/premis-adi-2024\/#breadcrumb\"},\"inLanguage\":\"ca\",\"potentialAction\":[{\"@type\":\"ReadAction\",\"target\":[\"https:\/\/labs.100x100.net\/projects\/girbaulab\/ca\/cultura\/premis-adi-2024\/\"]}]},{\"@type\":\"ImageObject\",\"inLanguage\":\"ca\",\"@id\":\"https:\/\/labs.100x100.net\/projects\/girbaulab\/ca\/cultura\/premis-adi-2024\/#primaryimage\",\"url\":\"https:\/\/hundreds-wordpress-uploads.s3.amazonaws.com\/girbaulab\/uploads\/2024\/06\/240314-GIRBAULAB-GISJ8062-Mejorado-NR-giselajane.jpg\",\"contentUrl\":\"https:\/\/hundreds-wordpress-uploads.s3.amazonaws.com\/girbaulab\/uploads\/2024\/06\/240314-GIRBAULAB-GISJ8062-Mejorado-NR-giselajane.jpg\"},{\"@type\":\"BreadcrumbList\",\"@id\":\"https:\/\/labs.100x100.net\/projects\/girbaulab\/ca\/cultura\/premis-adi-2024\/#breadcrumb\",\"itemListElement\":[{\"@type\":\"ListItem\",\"position\":1,\"name\":\"Home\",\"item\":\"https:\/\/labs.100x100.net\/projects\/girbaulab\/ca\/\"},{\"@type\":\"ListItem\",\"position\":2,\"name\":\"Cultura\",\"item\":\"https:\/\/labs.100x100.net\/projects\/girbaulab\/ca\/cultura\/\"},{\"@type\":\"ListItem\",\"position\":3,\"name\":\"Premis ADI 2024\"}]},{\"@type\":\"WebSite\",\"@id\":\"https:\/\/labs.100x100.net\/projects\/girbaulab\/#website\",\"url\":\"https:\/\/labs.100x100.net\/projects\/girbaulab\/\",\"name\":\"Girbau LAB\",\"description\":\"Girbau LAB is a space for collaboration created to add value to the laundry industry through innovation\",\"publisher\":{\"@id\":\"https:\/\/labs.100x100.net\/projects\/girbaulab\/#organization\"},\"potentialAction\":[{\"@type\":\"SearchAction\",\"target\":{\"@type\":\"EntryPoint\",\"urlTemplate\":\"https:\/\/labs.100x100.net\/projects\/girbaulab\/?s={search_term_string}\"},\"query-input\":\"required name=search_term_string\"}],\"inLanguage\":\"ca\"},{\"@type\":\"Organization\",\"@id\":\"https:\/\/labs.100x100.net\/projects\/girbaulab\/#organization\",\"name\":\"Girbau LAB\",\"url\":\"https:\/\/labs.100x100.net\/projects\/girbaulab\/\",\"logo\":{\"@type\":\"ImageObject\",\"inLanguage\":\"ca\",\"@id\":\"https:\/\/labs.100x100.net\/projects\/girbaulab\/#\/schema\/logo\/image\/\",\"url\":\"https:\/\/hundreds-wordpress-uploads.s3.amazonaws.com\/girbaulab\/uploads\/2022\/10\/Girbau_LAB_logo.png\",\"contentUrl\":\"https:\/\/hundreds-wordpress-uploads.s3.amazonaws.com\/girbaulab\/uploads\/2022\/10\/Girbau_LAB_logo.png\",\"width\":562,\"height\":90,\"caption\":\"Girbau LAB\"},\"image\":{\"@id\":\"https:\/\/labs.100x100.net\/projects\/girbaulab\/#\/schema\/logo\/image\/\"},\"sameAs\":[\"https:\/\/x.com\/girbaulab\",\"https:\/\/www.linkedin.com\/company\/girbaulab\/\"]}]}<\/script>\n<!-- \/ Yoast SEO plugin. -->","yoast_head_json":{"title":"Premis ADI 2024 - Girbau LAB","robots":{"index":"noindex","follow":"follow","max-snippet":"max-snippet:-1","max-image-preview":"max-image-preview:large","max-video-preview":"max-video-preview:-1"},"og_locale":"ca_ES","og_type":"article","og_title":"Premis ADI 2024 - Girbau LAB","og_description":"Del 31 de maig al 25 d\u2019agost es pot visitar al Disseny Hub Barcelona l\u2019exposici\u00f3 \u00abPremis ADI 2024. Disseny industrial i cultura del disseny\u00bb, una gran mostra que presenta alguns dels millors productes dissenyats i comercialitzats en els darrers dos anys, tant a nivell nacional com internacional. Aquesta exposici\u00f3, organitzada per l\u2019ADI-FAD (Associaci\u00f3 de Disseny [&hellip;]","og_url":"https:\/\/labs.100x100.net\/projects\/girbaulab\/ca\/cultura\/premis-adi-2024\/","og_site_name":"Girbau LAB","article_modified_time":"2025-03-14T15:30:23+00:00","og_image":[{"url":"https:\/\/hundreds-wordpress-uploads.s3.amazonaws.com\/girbaulab\/uploads\/2024\/06\/240314-GIRBAULAB-GISJ8062-Mejorado-NR-giselajane.jpg"}],"twitter_card":"summary_large_image","twitter_site":"@girbaulab","twitter_misc":{"Est. reading time":"3 minutes"},"schema":{"@context":"https:\/\/schema.org","@graph":[{"@type":"WebPage","@id":"https:\/\/labs.100x100.net\/projects\/girbaulab\/ca\/cultura\/premis-adi-2024\/","url":"https:\/\/labs.100x100.net\/projects\/girbaulab\/ca\/cultura\/premis-adi-2024\/","name":"Premis ADI 2024 - Girbau LAB","isPartOf":{"@id":"https:\/\/labs.100x100.net\/projects\/girbaulab\/#website"},"primaryImageOfPage":{"@id":"https:\/\/labs.100x100.net\/projects\/girbaulab\/ca\/cultura\/premis-adi-2024\/#primaryimage"},"image":{"@id":"https:\/\/labs.100x100.net\/projects\/girbaulab\/ca\/cultura\/premis-adi-2024\/#primaryimage"},"thumbnailUrl":"https:\/\/hundreds-wordpress-uploads.s3.amazonaws.com\/girbaulab\/uploads\/2024\/06\/240314-GIRBAULAB-GISJ8062-Mejorado-NR-giselajane.jpg","datePublished":"2025-03-14T15:04:23+00:00","dateModified":"2025-03-14T15:30:23+00:00","breadcrumb":{"@id":"https:\/\/labs.100x100.net\/projects\/girbaulab\/ca\/cultura\/premis-adi-2024\/#breadcrumb"},"inLanguage":"ca","potentialAction":[{"@type":"ReadAction","target":["https:\/\/labs.100x100.net\/projects\/girbaulab\/ca\/cultura\/premis-adi-2024\/"]}]},{"@type":"ImageObject","inLanguage":"ca","@id":"https:\/\/labs.100x100.net\/projects\/girbaulab\/ca\/cultura\/premis-adi-2024\/#primaryimage","url":"https:\/\/hundreds-wordpress-uploads.s3.amazonaws.com\/girbaulab\/uploads\/2024\/06\/240314-GIRBAULAB-GISJ8062-Mejorado-NR-giselajane.jpg","contentUrl":"https:\/\/hundreds-wordpress-uploads.s3.amazonaws.com\/girbaulab\/uploads\/2024\/06\/240314-GIRBAULAB-GISJ8062-Mejorado-NR-giselajane.jpg"},{"@type":"BreadcrumbList","@id":"https:\/\/labs.100x100.net\/projects\/girbaulab\/ca\/cultura\/premis-adi-2024\/#breadcrumb","itemListElement":[{"@type":"ListItem","position":1,"name":"Home","item":"https:\/\/labs.100x100.net\/projects\/girbaulab\/ca\/"},{"@type":"ListItem","position":2,"name":"Cultura","item":"https:\/\/labs.100x100.net\/projects\/girbaulab\/ca\/cultura\/"},{"@type":"ListItem","position":3,"name":"Premis ADI 2024"}]},{"@type":"WebSite","@id":"https:\/\/labs.100x100.net\/projects\/girbaulab\/#website","url":"https:\/\/labs.100x100.net\/projects\/girbaulab\/","name":"Girbau LAB","description":"Girbau LAB is a space for collaboration created to add value to the laundry industry through innovation","publisher":{"@id":"https:\/\/labs.100x100.net\/projects\/girbaulab\/#organization"},"potentialAction":[{"@type":"SearchAction","target":{"@type":"EntryPoint","urlTemplate":"https:\/\/labs.100x100.net\/projects\/girbaulab\/?s={search_term_string}"},"query-input":"required name=search_term_string"}],"inLanguage":"ca"},{"@type":"Organization","@id":"https:\/\/labs.100x100.net\/projects\/girbaulab\/#organization","name":"Girbau LAB","url":"https:\/\/labs.100x100.net\/projects\/girbaulab\/","logo":{"@type":"ImageObject","inLanguage":"ca","@id":"https:\/\/labs.100x100.net\/projects\/girbaulab\/#\/schema\/logo\/image\/","url":"https:\/\/hundreds-wordpress-uploads.s3.amazonaws.com\/girbaulab\/uploads\/2022\/10\/Girbau_LAB_logo.png","contentUrl":"https:\/\/hundreds-wordpress-uploads.s3.amazonaws.com\/girbaulab\/uploads\/2022\/10\/Girbau_LAB_logo.png","width":562,"height":90,"caption":"Girbau LAB"},"image":{"@id":"https:\/\/labs.100x100.net\/projects\/girbaulab\/#\/schema\/logo\/image\/"},"sameAs":["https:\/\/x.com\/girbaulab","https:\/\/www.linkedin.com\/company\/girbaulab\/"]}]}},"_links":{"self":[{"href":"https:\/\/labs.100x100.net\/projects\/girbaulab\/ca\/wp-json\/wp\/v2\/pages\/3112"}],"collection":[{"href":"https:\/\/labs.100x100.net\/projects\/girbaulab\/ca\/wp-json\/wp\/v2\/pages"}],"about":[{"href":"https:\/\/labs.100x100.net\/projects\/girbaulab\/ca\/wp-json\/wp\/v2\/types\/page"}],"author":[{"embeddable":true,"href":"https:\/\/labs.100x100.net\/projects\/girbaulab\/ca\/wp-json\/wp\/v2\/users\/1"}],"replies":[{"embeddable":true,"href":"https:\/\/labs.100x100.net\/projects\/girbaulab\/ca\/wp-json\/wp\/v2\/comments?post=3112"}],"version-history":[{"count":4,"href":"https:\/\/labs.100x100.net\/projects\/girbaulab\/ca\/wp-json\/wp\/v2\/pages\/3112\/revisions"}],"predecessor-version":[{"id":3122,"href":"https:\/\/labs.100x100.net\/projects\/girbaulab\/ca\/wp-json\/wp\/v2\/pages\/3112\/revisions\/3122"}],"up":[{"embeddable":true,"href":"https:\/\/labs.100x100.net\/projects\/girbaulab\/ca\/wp-json\/wp\/v2\/pages\/3034"}],"wp:attachment":[{"href":"https:\/\/labs.100x100.net\/projects\/girbaulab\/ca\/wp-json\/wp\/v2\/media?parent=3112"}],"curies":[{"name":"wp","href":"https:\/\/api.w.org\/{rel}","templated":true}]}}