{"id":243,"date":"2022-09-08T18:03:37","date_gmt":"2022-09-08T18:03:37","guid":{"rendered":"https:\/\/labs.100x100.net\/projects\/girbaulab\/?page_id=243"},"modified":"2025-02-07T14:55:31","modified_gmt":"2025-02-07T14:55:31","slug":"politica-de-privacitat","status":"publish","type":"page","link":"https:\/\/labs.100x100.net\/projects\/girbaulab\/ca\/politica-de-privacitat\/","title":{"rendered":"Pol\u00edtica de privacitat"},"content":{"rendered":"<h2>3.2 POL\u00cdTICA DE PRIVACITAT WWW.GIRBAULAB.COM<\/h2>\n<p><strong>1. Responsable del tractament.<\/strong><\/p>\n<p>El responsable del tractament de les teves dades personals \u00e9s Girbau S.A., amb NIF A08276438 i domicili a Carretera de Manlleu, km 1, 08500 Vic, Barcelona.<\/p>\n<p>Per a qualsevol consulta o dubte relacionats amb el tractament de les teves dades personals, pots posar-te en contacte amb nosaltres a trav\u00e9s del correu electr\u00f2nic: <a href=\"mailto:dataprotection@girbau.com\">dataprotection@girbau.com<\/a>.<\/p>\n<p><strong>2. Tractaments de dades<\/strong><\/p>\n<p><strong>2.1 Consultes i sol\u00b7licituds d&#8217;informaci\u00f3<\/strong><\/p>\n<p><strong>Finalitat<\/strong><\/p>\n<p>Girbau S.A. processar\u00e0 les dades per gestionar i respondre a les teves consultes o sol\u00b7licituds, independentment del mitj\u00e0 per el qual es rebin. Aix\u00f2 inclou proporcionar-te informaci\u00f3 sobre els nostres productes i serveis, aix\u00ed com garantir que les teves inquietuds siguin ateses de manera efectiva.<\/p>\n<p><strong>Comunicacions de dades<\/strong><\/p>\n<p>Les dades relacionades amb aquest tractament no es compartiran amb cap tercer.<\/p>\n<p><strong>Base de legitimaci\u00f3<\/strong><\/p>\n<p>Girbau S.A. tractar\u00e0 les dades sobre la base del consentiment atorgat per l&#8217;usuari en contactar-nos per a aquestes finalitats.<\/p>\n<p>Aix\u00ed mateix, Girbau S.A. podr\u00e0 tractar les dades basant-se en l&#8217;inter\u00e8s leg\u00edtim de respondre a sol\u00b7licituds d&#8217;informaci\u00f3 relacionades. Aquest inter\u00e8s leg\u00edtim es basa en una an\u00e0lisi de ponderaci\u00f3, en qu\u00e8 s&#8217;han avaluat els beneficis del tractament tant per a la nostra organitzaci\u00f3 com a responsable del tractament, com per a tercers. En qualsevol moment, podr\u00e0s sol\u00b7licitar m\u00e9s informaci\u00f3 sobre aquesta ponderaci\u00f3 posant-te en contacte amb el nostre Delegat de Protecci\u00f3 de Dades (DPD) a l&#8217;adre\u00e7a indicada en l&#8217;apartat corresponent d&#8217;aquesta pol\u00edtica de privacitat. Tamb\u00e9 et recordem que tens dret a oposar-te als tractaments basats en l&#8217;inter\u00e8s leg\u00edtim.<\/p>\n<p><strong>Termini de conservaci\u00f3<\/strong><\/p>\n<p>Les dades tractades per respondre a les sol\u00b7licituds de col\u00b7laboraci\u00f3 o contractaci\u00f3 es conservaran mentre siguin necess\u00e0ries per gestionar adequadament la sol\u00b7licitud i es compliran amb els terminis legals de conservaci\u00f3 aplicables.<\/p>\n<p><strong>2.2. Comunicacions comercials per mitjans electr\u00f2nics<\/strong><\/p>\n<p><strong>Finalitat<\/strong><\/p>\n<p>Girbau S.A. tractar\u00e0 les dades personals \u00fanicament amb l&#8217;objectiu d&#8217;enviar comunicacions comercials relacionades amb els nostres productes, serveis i ofertes, aix\u00ed com informaci\u00f3 corporativa de l&#8217;empresa, invitacions a fires, esdeveniments i altres activitats rellevants. Aix\u00f2 inclou actualitzacions, novetats i promocions que considerem d&#8217;inter\u00e8s per a l&#8217;usuari.<\/p>\n<p><strong>Comunicacions de dades<\/strong><\/p>\n<p>Les dades relacionades amb aquest tractament no es compartiran amb cap tercer.<\/p>\n<p><strong>Base de legitimaci\u00f3<\/strong><\/p>\n<p>Girbau S.A. tractar\u00e0 les dades sobre la base del consentiment atorgat per l&#8217;usuari en subscriure&#8217;s per rebre aquestes comunicacions comercials.<\/p>\n<p><strong>Termini de conservaci\u00f3<\/strong><\/p>\n<p>Les dades tractades per a l&#8217;enviament de comunicacions comercials es conservaran mentre l&#8217;usuari mantingui el seu consentiment actiu i fins que decideixi donar-se de baixa d&#8217;aquestes comunicacions, complint sempre amb els terminis legals aplicables, o fins que considerem que ja no t\u00e9 inter\u00e8s en aquestes.<\/p>\n<p><strong>2.3 Newsletter<\/strong><\/p>\n<p><strong>Finalitat<\/strong><\/p>\n<p>Girbau S.A. processar\u00e0 les dades exclusivament per enviar-te informaci\u00f3 sobre les nostres ofertes, serveis i promocions relacionades amb els nostres productes a trav\u00e9s de la Newsletter. Ens comprometem a que aquestes comunicacions s&#8217;aline\u00efn amb les teves necessitats i interessos.<\/p>\n<p><strong>Comunicacions de dades<\/strong><\/p>\n<p>Les dades relacionades amb aquest tractament no es compartiran amb cap tercer.<\/p>\n<p><strong>Base de legitimaci\u00f3<\/strong><\/p>\n<p>Girbau S.A. tractar\u00e0 les dades sobre la base del consentiment atorgat per l&#8217;usuari en subscriure&#8217;s a la newsletter<\/p>\n<p><strong>Termini de conservaci\u00f3<\/strong><\/p>\n<p>Les dades tractades per a la subscripci\u00f3 a la newsletter es conservaran mentre l&#8217;usuari mantingui el seu consentiment actiu i fins que decideixi donar-se de baixa d&#8217;aquestes comunicacions, complint sempre amb els terminis legals aplicables, o fins que considerem que ja no t\u00e9 inter\u00e8s en elles.<\/p>\n<p><strong>3. Comunicacions de dades<\/strong><\/p>\n<p>Sens perjudici de l\u2019esmentat en cadascun dels tractaments anteriors, determinats prove\u00efdors que presten serveis a la nostra empresa, com l&#8217;enviament de les comunicacions, l&#8217;emmagatzematge de dades o gesti\u00f3 de p\u00e0gines web, poden accedir a les dades personals per\u00f2, que en cap cas, tractaran les dades per finalitats pr\u00f2pies.<\/p>\n<p><strong>4. Transfer\u00e8ncies internacionals<\/strong><\/p>\n<p>Per norma general, procurem tractar sempre les dades personals a Europa o l&#8217;Espai Econ\u00f2mic Europeu, assegurant el compliment del RGPD tant per part nostra com dels nostres prove\u00efdors de serveis, que tracten les dades en nom nostre i sota les nostres instruccions.<\/p>\n<p>No obstant aix\u00f2, oferim els nostres serveis a nivell global, per tant, \u00e9s possible que haguem de tractar les dades en altres pa\u00efsos, que poden oferir o no les mateixes garanties que el RGPD. En el sup\u00f2sit que fos necessari realitzar transfer\u00e8ncies internacionals des de la UE a pa\u00efsos fora de la UE que no compleixin amb aquestes garanties, ens comprometem a dur-les sempre a terme assegurant que es protegeixin amb les garanties oportunes, que podran incloure les (i) Cl\u00e0usules Tipus aprovades per la UE, (ii) Certificacions de tercers, (iii) Normes corporatives vinculants o (iv) qualsevol altre mecanisme v\u00e0lid d&#8217;acord amb la normativa o aprovat per les autoritats competents.<\/p>\n<p><strong>5. Drets dels interessats<\/strong><\/p>\n<p>Quan ens proporciones les teves dades personals, tens una seguit de drets que pots exercir en relaci\u00f3 amb el seu tractament. A continuaci\u00f3, es detallen els teus drets i com pots exercir-los:<\/p>\n<ol>\n<li><strong>Acc\u00e9s<\/strong>: Tens dret a accedir a les teves dades personals i a sol\u00b7licitar la correcci\u00f3 de qualsevol informaci\u00f3 que consideris inexacta.<\/li>\n<li><strong>Rectificaci\u00f3<\/strong>: Pots sol\u00b7licitar la modificaci\u00f3 de les teves dades personals quan aquestes siguin inexactes o incompletes, per garantir que sempre estiguin actualitzades.<\/li>\n<li><strong>Supressi\u00f3<\/strong>: Pots sol\u00b7licitar l&#8217;eliminaci\u00f3 de les teves dades quan ja no siguin necess\u00e0ries per als fins amb els quals van ser recollides.<\/li>\n<li><strong>Limitaci\u00f3<\/strong>: En determinades circumst\u00e0ncies, tens dret a sol\u00b7licitar la limitaci\u00f3 del tractament de les teves dades. En aquest cas, les mantindrem \u00fanicament per a l&#8217;exercici o la defensa de reclamacions.<\/li>\n<li><strong>Oposici\u00f3<\/strong>: Pots oposar-te al tractament de les teves dades per motius relacionats amb la teva situaci\u00f3 particular. Si decideixes exercir aquest dret, Girbau S.A. deixar\u00e0 de processar les teves dades, llevat que hi hagi raons leg\u00edtimes que justifiquin el seu tractament o siguin necessaris per a la defensa de reclamacions.<\/li>\n<li><strong>Portabilitat<\/strong>: Tens dret a sol\u00b7licitar la portabilitat de les teves dades d&#8217;acord amb la normativa vigent.<\/li>\n<\/ol>\n<p>Si vols exercir algun d&#8217;aquests drets, ho pots fer contactant-nos per correu electr\u00f2nic a <a href=\"mailto:dataprotection@girbau.com\">dataprotection@girbau.com<\/a> o enviant una carta a l&#8217;adre\u00e7a seg\u00fcent Carretera de Manlleu, km 1 08500 Vic, Barcelona. Assegura&#8217;t d&#8217;indicar &#8220;Protecci\u00f3 de Dades&#8221; a la sobre i d&#8217;incloure el teu nom complet, aix\u00ed com l&#8217;adre\u00e7a de correu electr\u00f2nic associada al teu compte.<\/p>\n<p>Si consideres que els teus drets no han estat respectats, tens l&#8217;opci\u00f3 de presentar una reclamaci\u00f3 davant l&#8217;Ag\u00e8ncia Espanyola de Protecci\u00f3 de Dades o davant altres organismes p\u00fablics competents en mat\u00e8ria de protecci\u00f3 de dades personals.<\/p>\n<p>Actualitzat a febrer 2025<\/p>\n","protected":false},"excerpt":{"rendered":"<p>3.2 POL\u00cdTICA DE PRIVACITAT WWW.GIRBAULAB.COM 1. Responsable del tractament. El responsable del tractament de les teves dades personals \u00e9s Girbau S.A., amb NIF A08276438 i domicili a Carretera de Manlleu, km 1, 08500 Vic, Barcelona. Per a qualsevol consulta o dubte relacionats amb el tractament de les teves dades personals, pots posar-te en contacte amb [&hellip;]<\/p>\n","protected":false},"author":1,"featured_media":0,"parent":0,"menu_order":0,"comment_status":"closed","ping_status":"closed","template":"","meta":{"_acf_changed":false,"footnotes":""},"acf":[],"yoast_head":"<!-- This site is optimized with the Yoast SEO plugin v22.6 - https:\/\/yoast.com\/wordpress\/plugins\/seo\/ -->\n<title>Pol\u00edtica de privacitat - Girbau LAB<\/title>\n<meta name=\"robots\" content=\"noindex, nofollow\" \/>\n<meta property=\"og:locale\" content=\"ca_ES\" \/>\n<meta property=\"og:type\" content=\"article\" \/>\n<meta property=\"og:title\" content=\"Pol\u00edtica de privacitat - Girbau LAB\" \/>\n<meta property=\"og:description\" content=\"3.2 POL\u00cdTICA DE PRIVACITAT WWW.GIRBAULAB.COM 1. Responsable del tractament. El responsable del tractament de les teves dades personals \u00e9s Girbau S.A., amb NIF A08276438 i domicili a Carretera de Manlleu, km 1, 08500 Vic, Barcelona. Per a qualsevol consulta o dubte relacionats amb el tractament de les teves dades personals, pots posar-te en contacte amb [&hellip;]\" \/>\n<meta property=\"og:url\" content=\"https:\/\/labs.100x100.net\/projects\/girbaulab\/ca\/politica-de-privacitat\/\" \/>\n<meta property=\"og:site_name\" content=\"Girbau LAB\" \/>\n<meta property=\"article:modified_time\" content=\"2025-02-07T14:55:31+00:00\" \/>\n<meta name=\"twitter:card\" content=\"summary_large_image\" \/>\n<meta name=\"twitter:site\" content=\"@girbaulab\" \/>\n<meta name=\"twitter:label1\" content=\"Est. reading time\" \/>\n\t<meta name=\"twitter:data1\" content=\"5 minutes\" \/>\n<script type=\"application\/ld+json\" class=\"yoast-schema-graph\">{\"@context\":\"https:\/\/schema.org\",\"@graph\":[{\"@type\":\"WebPage\",\"@id\":\"https:\/\/labs.100x100.net\/projects\/girbaulab\/ca\/politica-de-privacitat\/\",\"url\":\"https:\/\/labs.100x100.net\/projects\/girbaulab\/ca\/politica-de-privacitat\/\",\"name\":\"Pol\u00edtica de privacitat - Girbau LAB\",\"isPartOf\":{\"@id\":\"https:\/\/labs.100x100.net\/projects\/girbaulab\/#website\"},\"datePublished\":\"2022-09-08T18:03:37+00:00\",\"dateModified\":\"2025-02-07T14:55:31+00:00\",\"breadcrumb\":{\"@id\":\"https:\/\/labs.100x100.net\/projects\/girbaulab\/ca\/politica-de-privacitat\/#breadcrumb\"},\"inLanguage\":\"ca\",\"potentialAction\":[{\"@type\":\"ReadAction\",\"target\":[\"https:\/\/labs.100x100.net\/projects\/girbaulab\/ca\/politica-de-privacitat\/\"]}]},{\"@type\":\"BreadcrumbList\",\"@id\":\"https:\/\/labs.100x100.net\/projects\/girbaulab\/ca\/politica-de-privacitat\/#breadcrumb\",\"itemListElement\":[{\"@type\":\"ListItem\",\"position\":1,\"name\":\"Home\",\"item\":\"https:\/\/labs.100x100.net\/projects\/girbaulab\/ca\/\"},{\"@type\":\"ListItem\",\"position\":2,\"name\":\"Pol\u00edtica de privacitat\"}]},{\"@type\":\"WebSite\",\"@id\":\"https:\/\/labs.100x100.net\/projects\/girbaulab\/#website\",\"url\":\"https:\/\/labs.100x100.net\/projects\/girbaulab\/\",\"name\":\"Girbau LAB\",\"description\":\"Girbau LAB is a space for collaboration created to add value to the laundry industry through innovation\",\"publisher\":{\"@id\":\"https:\/\/labs.100x100.net\/projects\/girbaulab\/#organization\"},\"potentialAction\":[{\"@type\":\"SearchAction\",\"target\":{\"@type\":\"EntryPoint\",\"urlTemplate\":\"https:\/\/labs.100x100.net\/projects\/girbaulab\/?s={search_term_string}\"},\"query-input\":\"required name=search_term_string\"}],\"inLanguage\":\"ca\"},{\"@type\":\"Organization\",\"@id\":\"https:\/\/labs.100x100.net\/projects\/girbaulab\/#organization\",\"name\":\"Girbau LAB\",\"url\":\"https:\/\/labs.100x100.net\/projects\/girbaulab\/\",\"logo\":{\"@type\":\"ImageObject\",\"inLanguage\":\"ca\",\"@id\":\"https:\/\/labs.100x100.net\/projects\/girbaulab\/#\/schema\/logo\/image\/\",\"url\":\"https:\/\/hundreds-wordpress-uploads.s3.amazonaws.com\/girbaulab\/uploads\/2022\/10\/Girbau_LAB_logo.png\",\"contentUrl\":\"https:\/\/hundreds-wordpress-uploads.s3.amazonaws.com\/girbaulab\/uploads\/2022\/10\/Girbau_LAB_logo.png\",\"width\":562,\"height\":90,\"caption\":\"Girbau LAB\"},\"image\":{\"@id\":\"https:\/\/labs.100x100.net\/projects\/girbaulab\/#\/schema\/logo\/image\/\"},\"sameAs\":[\"https:\/\/x.com\/girbaulab\",\"https:\/\/www.linkedin.com\/company\/girbaulab\/\"]}]}<\/script>\n<!-- \/ Yoast SEO plugin. -->","yoast_head_json":{"title":"Pol\u00edtica de privacitat - Girbau LAB","robots":{"index":"noindex","follow":"nofollow"},"og_locale":"ca_ES","og_type":"article","og_title":"Pol\u00edtica de privacitat - Girbau LAB","og_description":"3.2 POL\u00cdTICA DE PRIVACITAT WWW.GIRBAULAB.COM 1. Responsable del tractament. El responsable del tractament de les teves dades personals \u00e9s Girbau S.A., amb NIF A08276438 i domicili a Carretera de Manlleu, km 1, 08500 Vic, Barcelona. Per a qualsevol consulta o dubte relacionats amb el tractament de les teves dades personals, pots posar-te en contacte amb [&hellip;]","og_url":"https:\/\/labs.100x100.net\/projects\/girbaulab\/ca\/politica-de-privacitat\/","og_site_name":"Girbau LAB","article_modified_time":"2025-02-07T14:55:31+00:00","twitter_card":"summary_large_image","twitter_site":"@girbaulab","twitter_misc":{"Est. reading time":"5 minutes"},"schema":{"@context":"https:\/\/schema.org","@graph":[{"@type":"WebPage","@id":"https:\/\/labs.100x100.net\/projects\/girbaulab\/ca\/politica-de-privacitat\/","url":"https:\/\/labs.100x100.net\/projects\/girbaulab\/ca\/politica-de-privacitat\/","name":"Pol\u00edtica de privacitat - Girbau LAB","isPartOf":{"@id":"https:\/\/labs.100x100.net\/projects\/girbaulab\/#website"},"datePublished":"2022-09-08T18:03:37+00:00","dateModified":"2025-02-07T14:55:31+00:00","breadcrumb":{"@id":"https:\/\/labs.100x100.net\/projects\/girbaulab\/ca\/politica-de-privacitat\/#breadcrumb"},"inLanguage":"ca","potentialAction":[{"@type":"ReadAction","target":["https:\/\/labs.100x100.net\/projects\/girbaulab\/ca\/politica-de-privacitat\/"]}]},{"@type":"BreadcrumbList","@id":"https:\/\/labs.100x100.net\/projects\/girbaulab\/ca\/politica-de-privacitat\/#breadcrumb","itemListElement":[{"@type":"ListItem","position":1,"name":"Home","item":"https:\/\/labs.100x100.net\/projects\/girbaulab\/ca\/"},{"@type":"ListItem","position":2,"name":"Pol\u00edtica de privacitat"}]},{"@type":"WebSite","@id":"https:\/\/labs.100x100.net\/projects\/girbaulab\/#website","url":"https:\/\/labs.100x100.net\/projects\/girbaulab\/","name":"Girbau LAB","description":"Girbau LAB is a space for collaboration created to add value to the laundry industry through innovation","publisher":{"@id":"https:\/\/labs.100x100.net\/projects\/girbaulab\/#organization"},"potentialAction":[{"@type":"SearchAction","target":{"@type":"EntryPoint","urlTemplate":"https:\/\/labs.100x100.net\/projects\/girbaulab\/?s={search_term_string}"},"query-input":"required name=search_term_string"}],"inLanguage":"ca"},{"@type":"Organization","@id":"https:\/\/labs.100x100.net\/projects\/girbaulab\/#organization","name":"Girbau LAB","url":"https:\/\/labs.100x100.net\/projects\/girbaulab\/","logo":{"@type":"ImageObject","inLanguage":"ca","@id":"https:\/\/labs.100x100.net\/projects\/girbaulab\/#\/schema\/logo\/image\/","url":"https:\/\/hundreds-wordpress-uploads.s3.amazonaws.com\/girbaulab\/uploads\/2022\/10\/Girbau_LAB_logo.png","contentUrl":"https:\/\/hundreds-wordpress-uploads.s3.amazonaws.com\/girbaulab\/uploads\/2022\/10\/Girbau_LAB_logo.png","width":562,"height":90,"caption":"Girbau LAB"},"image":{"@id":"https:\/\/labs.100x100.net\/projects\/girbaulab\/#\/schema\/logo\/image\/"},"sameAs":["https:\/\/x.com\/girbaulab","https:\/\/www.linkedin.com\/company\/girbaulab\/"]}]}},"_links":{"self":[{"href":"https:\/\/labs.100x100.net\/projects\/girbaulab\/ca\/wp-json\/wp\/v2\/pages\/243"}],"collection":[{"href":"https:\/\/labs.100x100.net\/projects\/girbaulab\/ca\/wp-json\/wp\/v2\/pages"}],"about":[{"href":"https:\/\/labs.100x100.net\/projects\/girbaulab\/ca\/wp-json\/wp\/v2\/types\/page"}],"author":[{"embeddable":true,"href":"https:\/\/labs.100x100.net\/projects\/girbaulab\/ca\/wp-json\/wp\/v2\/users\/1"}],"replies":[{"embeddable":true,"href":"https:\/\/labs.100x100.net\/projects\/girbaulab\/ca\/wp-json\/wp\/v2\/comments?post=243"}],"version-history":[{"count":3,"href":"https:\/\/labs.100x100.net\/projects\/girbaulab\/ca\/wp-json\/wp\/v2\/pages\/243\/revisions"}],"predecessor-version":[{"id":2816,"href":"https:\/\/labs.100x100.net\/projects\/girbaulab\/ca\/wp-json\/wp\/v2\/pages\/243\/revisions\/2816"}],"wp:attachment":[{"href":"https:\/\/labs.100x100.net\/projects\/girbaulab\/ca\/wp-json\/wp\/v2\/media?parent=243"}],"curies":[{"name":"wp","href":"https:\/\/api.w.org\/{rel}","templated":true}]}}