{"id":373,"date":"2025-08-26T15:22:53","date_gmt":"2025-08-26T13:22:53","guid":{"rendered":"https:\/\/labs.100x100.net\/projects\/enregata\/?page_id=373"},"modified":"2025-08-27T09:20:44","modified_gmt":"2025-08-27T07:20:44","slug":"regata-bahia-de-pollenca","status":"publish","type":"page","link":"https:\/\/labs.100x100.net\/projects\/enregata\/regatas\/regata-bahia-de-pollenca\/","title":{"rendered":"Regata Bah\u00eda de Pollen\u00e7a"},"content":{"rendered":"","protected":false},"excerpt":{"rendered":"","protected":false},"author":1,"featured_media":0,"parent":15,"menu_order":0,"comment_status":"closed","ping_status":"closed","template":"page-regata-home.php","meta":{"_acf_changed":false,"footnotes":""},"class_list":["post-373","page","type-page","status-publish","hentry"],"acf":[],"yoast_head":"<!-- This site is optimized with the Yoast SEO plugin v25.2 - https:\/\/yoast.com\/wordpress\/plugins\/seo\/ -->\n<title>Regata Bah\u00eda de Pollen\u00e7a - EnRegata<\/title>\n<meta name=\"description\" content=\"Regata Bah\u00eda de Pollen\u00e7a. Regata de Altura Mediterr\u00e1nea para embarcaciones de crucero a vela. De Barcelona a Bah\u00eda de Pollen\u00e7a.\" \/>\n<meta name=\"robots\" content=\"noindex, follow, max-snippet:-1, max-image-preview:large, max-video-preview:-1\" \/>\n<meta property=\"og:locale\" content=\"es_ES\" \/>\n<meta property=\"og:type\" content=\"article\" \/>\n<meta property=\"og:title\" content=\"Regata Bah\u00eda de Pollen\u00e7a - EnRegata\" \/>\n<meta property=\"og:description\" content=\"Regata Bah\u00eda de Pollen\u00e7a. Regata de Altura Mediterr\u00e1nea para embarcaciones de crucero a vela. De Barcelona a Bah\u00eda de Pollen\u00e7a.\" \/>\n<meta property=\"og:url\" content=\"https:\/\/labs.100x100.net\/projects\/enregata\/regatas\/regata-bahia-de-pollenca\/\" \/>\n<meta property=\"og:site_name\" content=\"EnRegata\" \/>\n<meta property=\"article:modified_time\" content=\"2025-08-27T07:20:44+00:00\" \/>\n<meta name=\"twitter:card\" content=\"summary_large_image\" \/>\n<script type=\"application\/ld+json\" class=\"yoast-schema-graph\">{\"@context\":\"https:\/\/schema.org\",\"@graph\":[{\"@type\":\"WebPage\",\"@id\":\"https:\/\/labs.100x100.net\/projects\/enregata\/regatas\/regata-bahia-de-pollenca\/\",\"url\":\"https:\/\/labs.100x100.net\/projects\/enregata\/regatas\/regata-bahia-de-pollenca\/\",\"name\":\"Regata Bah\u00eda de Pollen\u00e7a - EnRegata\",\"isPartOf\":{\"@id\":\"https:\/\/labs.100x100.net\/projects\/enregata\/#website\"},\"datePublished\":\"2025-08-26T13:22:53+00:00\",\"dateModified\":\"2025-08-27T07:20:44+00:00\",\"description\":\"Regata Bah\u00eda de Pollen\u00e7a. Regata de Altura Mediterr\u00e1nea para embarcaciones de crucero a vela. De Barcelona a Bah\u00eda de Pollen\u00e7a.\",\"breadcrumb\":{\"@id\":\"https:\/\/labs.100x100.net\/projects\/enregata\/regatas\/regata-bahia-de-pollenca\/#breadcrumb\"},\"inLanguage\":\"es\",\"potentialAction\":[{\"@type\":\"ReadAction\",\"target\":[\"https:\/\/labs.100x100.net\/projects\/enregata\/regatas\/regata-bahia-de-pollenca\/\"]}]},{\"@type\":\"BreadcrumbList\",\"@id\":\"https:\/\/labs.100x100.net\/projects\/enregata\/regatas\/regata-bahia-de-pollenca\/#breadcrumb\",\"itemListElement\":[{\"@type\":\"ListItem\",\"position\":1,\"name\":\"Home\",\"item\":\"https:\/\/labs.100x100.net\/projects\/enregata\/\"},{\"@type\":\"ListItem\",\"position\":2,\"name\":\"Regatas\",\"item\":\"https:\/\/labs.100x100.net\/projects\/enregata\/regatas\/\"},{\"@type\":\"ListItem\",\"position\":3,\"name\":\"Regata Bah\u00eda de Pollen\u00e7a\"}]},{\"@type\":\"WebSite\",\"@id\":\"https:\/\/labs.100x100.net\/projects\/enregata\/#website\",\"url\":\"https:\/\/labs.100x100.net\/projects\/enregata\/\",\"name\":\"EnRegata\",\"description\":\"\",\"potentialAction\":[{\"@type\":\"SearchAction\",\"target\":{\"@type\":\"EntryPoint\",\"urlTemplate\":\"https:\/\/labs.100x100.net\/projects\/enregata\/?s={search_term_string}\"},\"query-input\":{\"@type\":\"PropertyValueSpecification\",\"valueRequired\":true,\"valueName\":\"search_term_string\"}}],\"inLanguage\":\"es\"}]}<\/script>\n<!-- \/ Yoast SEO plugin. -->","yoast_head_json":{"title":"Regata Bah\u00eda de Pollen\u00e7a - EnRegata","description":"Regata Bah\u00eda de Pollen\u00e7a. Regata de Altura Mediterr\u00e1nea para embarcaciones de crucero a vela. De Barcelona a Bah\u00eda de Pollen\u00e7a.","robots":{"index":"noindex","follow":"follow","max-snippet":"max-snippet:-1","max-image-preview":"max-image-preview:large","max-video-preview":"max-video-preview:-1"},"og_locale":"es_ES","og_type":"article","og_title":"Regata Bah\u00eda de Pollen\u00e7a - EnRegata","og_description":"Regata Bah\u00eda de Pollen\u00e7a. Regata de Altura Mediterr\u00e1nea para embarcaciones de crucero a vela. De Barcelona a Bah\u00eda de Pollen\u00e7a.","og_url":"https:\/\/labs.100x100.net\/projects\/enregata\/regatas\/regata-bahia-de-pollenca\/","og_site_name":"EnRegata","article_modified_time":"2025-08-27T07:20:44+00:00","twitter_card":"summary_large_image","schema":{"@context":"https:\/\/schema.org","@graph":[{"@type":"WebPage","@id":"https:\/\/labs.100x100.net\/projects\/enregata\/regatas\/regata-bahia-de-pollenca\/","url":"https:\/\/labs.100x100.net\/projects\/enregata\/regatas\/regata-bahia-de-pollenca\/","name":"Regata Bah\u00eda de Pollen\u00e7a - EnRegata","isPartOf":{"@id":"https:\/\/labs.100x100.net\/projects\/enregata\/#website"},"datePublished":"2025-08-26T13:22:53+00:00","dateModified":"2025-08-27T07:20:44+00:00","description":"Regata Bah\u00eda de Pollen\u00e7a. Regata de Altura Mediterr\u00e1nea para embarcaciones de crucero a vela. De Barcelona a Bah\u00eda de Pollen\u00e7a.","breadcrumb":{"@id":"https:\/\/labs.100x100.net\/projects\/enregata\/regatas\/regata-bahia-de-pollenca\/#breadcrumb"},"inLanguage":"es","potentialAction":[{"@type":"ReadAction","target":["https:\/\/labs.100x100.net\/projects\/enregata\/regatas\/regata-bahia-de-pollenca\/"]}]},{"@type":"BreadcrumbList","@id":"https:\/\/labs.100x100.net\/projects\/enregata\/regatas\/regata-bahia-de-pollenca\/#breadcrumb","itemListElement":[{"@type":"ListItem","position":1,"name":"Home","item":"https:\/\/labs.100x100.net\/projects\/enregata\/"},{"@type":"ListItem","position":2,"name":"Regatas","item":"https:\/\/labs.100x100.net\/projects\/enregata\/regatas\/"},{"@type":"ListItem","position":3,"name":"Regata Bah\u00eda de Pollen\u00e7a"}]},{"@type":"WebSite","@id":"https:\/\/labs.100x100.net\/projects\/enregata\/#website","url":"https:\/\/labs.100x100.net\/projects\/enregata\/","name":"EnRegata","description":"","potentialAction":[{"@type":"SearchAction","target":{"@type":"EntryPoint","urlTemplate":"https:\/\/labs.100x100.net\/projects\/enregata\/?s={search_term_string}"},"query-input":{"@type":"PropertyValueSpecification","valueRequired":true,"valueName":"search_term_string"}}],"inLanguage":"es"}]}},"_links":{"self":[{"href":"https:\/\/labs.100x100.net\/projects\/enregata\/wp-json\/wp\/v2\/pages\/373","targetHints":{"allow":["GET"]}}],"collection":[{"href":"https:\/\/labs.100x100.net\/projects\/enregata\/wp-json\/wp\/v2\/pages"}],"about":[{"href":"https:\/\/labs.100x100.net\/projects\/enregata\/wp-json\/wp\/v2\/types\/page"}],"author":[{"embeddable":true,"href":"https:\/\/labs.100x100.net\/projects\/enregata\/wp-json\/wp\/v2\/users\/1"}],"replies":[{"embeddable":true,"href":"https:\/\/labs.100x100.net\/projects\/enregata\/wp-json\/wp\/v2\/comments?post=373"}],"version-history":[{"count":25,"href":"https:\/\/labs.100x100.net\/projects\/enregata\/wp-json\/wp\/v2\/pages\/373\/revisions"}],"predecessor-version":[{"id":983,"href":"https:\/\/labs.100x100.net\/projects\/enregata\/wp-json\/wp\/v2\/pages\/373\/revisions\/983"}],"up":[{"embeddable":true,"href":"https:\/\/labs.100x100.net\/projects\/enregata\/wp-json\/wp\/v2\/pages\/15"}],"wp:attachment":[{"href":"https:\/\/labs.100x100.net\/projects\/enregata\/wp-json\/wp\/v2\/media?parent=373"}],"curies":[{"name":"wp","href":"https:\/\/api.w.org\/{rel}","templated":true}]}}