{"id":76,"date":"2018-06-21T10:18:55","date_gmt":"2018-06-21T10:18:55","guid":{"rendered":"http:\/\/calisidre.com\/?page_id=76"},"modified":"2022-10-20T09:43:04","modified_gmt":"2022-10-20T09:43:04","slug":"politica-de-cookies","status":"publish","type":"page","link":"https:\/\/labs.100x100.net\/projects\/calisidre\/politica-de-cookies\/","title":{"rendered":"Pol\u00edtica de Cookies"},"content":{"rendered":"<div id=\"cookiefirst-policy-page\"><\/div>\n<p><!--\n<strong>AV\u00cdS DE COOKIES<\/strong>\n&nbsp;\nPer al bon funcionament de la p\u00e0gina web de CA L\u2019 ISIDRE, el sistema de navegaci\u00f3 i el software utilitzat recullen algunes dades de navegaci\u00f3 (d'ara endavant \"cookies\") que s\u00f3n necess\u00e0ries en l'\u00fas dels protocols de comunicaci\u00f3 d'Internet. Les \"cookies\" s\u00f3n petits arxius de text que el navegador emmagatzema quan es navega per llocs web i aplicacions. Es pot recollir l'adre\u00e7a IP que utilitza l'ordinador per connectar-se al lloc web, l'adre\u00e7a URL de la p\u00e0gina web sol\u00b7licitada, l'hora de la connexi\u00f3 i altres par\u00e0metres relatius al sistema operatiu de l'entorn inform\u00e0tic usuari. Aquesta informaci\u00f3 no s'associa a cap persona perqu\u00e8 no s'emmagatzemen dades personals identificatives, sin\u00f3 que \u00e9s nom\u00e9s una informaci\u00f3 que es recull per identificar la sessi\u00f3 amb l'objectiu de facilitar les an\u00e0lisis del lloc web.\n&nbsp;\nLes \"cookies\" queden guardades en la mem\u00f2ria del navegador de l'usuari, encara que la informaci\u00f3 que contenen no s'utilitza.\n&nbsp;\nEn aquesta secci\u00f3 donarem a l'usuari informaci\u00f3 espec\u00edfica de les \"cookies\" que s'utilitzen a la p\u00e0gina web de CA L\u2019 ISIDRE li informarem a l'usuari de les maneres m\u00e9s habituals per esborrar-les o desactivar-les. Per controlar l'\u00fas de les \"cookies\" per part dels llocs web, l'usuari pot definir la configuraci\u00f3 de privadesa del seu navegador. Si es deshabiliten completament les \"cookies\" \u00e9s possible que alguns serveis de la web no funcionin correctament.\n&nbsp;\n&nbsp;\n\n1. Gesti\u00f3 de les \"cookies\"\nEncara que la p\u00e0gina web de CA L\u2019 ISIDRE no utilitza \"cookies\" per recaptar dades personals identificatives, informem de la forma en qu\u00e8 l'usuari pot restringir o bloquejar les \"cookies\" quan navega per la nostra p\u00e0gina web.\nRecomanem el lloc web www.aboutcookies.org els usuaris que vulguin m\u00e9s informaci\u00f3 i m\u00e9s detalls sobre la gesti\u00f3 de \"cookies\".\nEn aquesta adre\u00e7a www.aboutcookies.org\/how-to-control-cookies\/ es pot consultar com gestionar les \"cookies\" segons el navegador.\n&nbsp;\n2. \"Cookies\" que guarda p\u00e0gina web de CA L\u2019 ISIDRE\nQuan els usuaris naveguen per la p\u00e0gina web de CA L\u2019 ISIDRE es guarda informaci\u00f3 an\u00f2nima per facilitar l'acc\u00e9s a la informaci\u00f3. Correspon a la sessi\u00f3 d'usuari.\n&nbsp;\n3. \"Cookies\" de tercers\nLa p\u00e0gina web de CA L\u2019 ISIDRE tamb\u00e9 utilitzen \"cookies\" i tecnologies d'altres empreses dedicades: Google Analytics. Per mesurar estad\u00edstiques d'acc\u00e9s a les p\u00e0gines. (M\u00e9s informaci\u00f3: https:\/\/developers.google.com\/analytics\/devguides\/collection\/gajs\/cookie-usage?hl=es)\n&nbsp;\n4. \"Cookies\" de llocs web de tercers\nLa p\u00e0gina web de CA L\u2019 ISIDRE, hi ha vegades que s'insereixen funcionalitats de llocs web externs, com Instagram o les passarel\u00b7les de reserves. El contingut est\u00e0 inserit als nostres portals i existeix la possibilitat que els llocs web de refer\u00e8ncia disposin de \"cookies\". CA L\u2019 ISIDRE no t\u00e9 el control sobre la gesti\u00f3 d'aquestes \"cookies\" i, per tant, es recomana que es revisin les pol\u00edtiques de privadesa d'aquests llocs web per determinar-ho.\n--><\/p>\n","protected":false},"excerpt":{"rendered":"","protected":false},"author":1,"featured_media":0,"parent":0,"menu_order":0,"comment_status":"closed","ping_status":"closed","template":"legal-policy.php","meta":{"_acf_changed":false,"footnotes":""},"class_list":["post-76","page","type-page","status-publish","hentry"],"acf":[],"_links":{"self":[{"href":"https:\/\/labs.100x100.net\/projects\/calisidre\/wp-json\/wp\/v2\/pages\/76","targetHints":{"allow":["GET"]}}],"collection":[{"href":"https:\/\/labs.100x100.net\/projects\/calisidre\/wp-json\/wp\/v2\/pages"}],"about":[{"href":"https:\/\/labs.100x100.net\/projects\/calisidre\/wp-json\/wp\/v2\/types\/page"}],"author":[{"embeddable":true,"href":"https:\/\/labs.100x100.net\/projects\/calisidre\/wp-json\/wp\/v2\/users\/1"}],"replies":[{"embeddable":true,"href":"https:\/\/labs.100x100.net\/projects\/calisidre\/wp-json\/wp\/v2\/comments?post=76"}],"version-history":[{"count":10,"href":"https:\/\/labs.100x100.net\/projects\/calisidre\/wp-json\/wp\/v2\/pages\/76\/revisions"}],"predecessor-version":[{"id":1835,"href":"https:\/\/labs.100x100.net\/projects\/calisidre\/wp-json\/wp\/v2\/pages\/76\/revisions\/1835"}],"wp:attachment":[{"href":"https:\/\/labs.100x100.net\/projects\/calisidre\/wp-json\/wp\/v2\/media?parent=76"}],"curies":[{"name":"wp","href":"https:\/\/api.w.org\/{rel}","templated":true}]}}