{"id":74,"date":"2018-06-21T10:18:41","date_gmt":"2018-06-21T10:18:41","guid":{"rendered":"http:\/\/calisidre.com\/?page_id=74"},"modified":"2018-07-03T14:16:57","modified_gmt":"2018-07-03T14:16:57","slug":"politica-de-proteccio-de-dades-i-privacitat","status":"publish","type":"page","link":"https:\/\/labs.100x100.net\/projects\/calisidre\/politica-de-proteccio-de-dades-i-privacitat\/","title":{"rendered":"Pol\u00edtica de protecci\u00f3 de dades i privacitat"},"content":{"rendered":"<p>CA L\u2019ISIDRE, t\u00e9 com a objectiu respectar la privadesa dels seus usuaris i protegir les dades de car\u00e0cter personal que aquests puguin facilitar a trav\u00e9s dels formularis facilitats en o a trav\u00e9s de qualsevol forma de contacte referida a la p\u00e0gina web.<\/p>\n<p>L&#8217;usuari consent expressa i inequ\u00edvocament que aquelles dades de car\u00e0cter personal que siguin facilitats arran de les comunicacions amb CA L\u2019ISIDRE siguin incorporats en els fitxers dels quals \u00e9s titular aix\u00ed com al tractament automatitzat, o no, d&#8217;aquells amb les seg\u00fcents finalitats:<br \/>\n&#8211; Gestionar el motiu del seu contacte.<br \/>\n&#8211; Prestaci\u00f3 del servei que ens hagi sol\u00b7licitat.<br \/>\n&#8211; Remissi\u00f3 de comunicacions comercials, promocionals o publicit\u00e0ries, incloent-se l&#8217;enviament de Newsletter en les condicions que s&#8217;exposaran a l&#8217;apartat corresponent si l&#8217;usuari ho ha sol\u00b7licitat.<br \/>\n&nbsp;<br \/>\nCA L\u2019ISIDRE li informa que ha adoptat les mesures de seguretat d&#8217;\u00edndole t\u00e8cniques i organitzatives necess\u00e0ries per garantir la seguretat i integritat de les dades, aix\u00ed com per evitar la seva p\u00e8rdua, tractament o acc\u00e9s no autoritzat conforme a la legislaci\u00f3 vigent en mat\u00e8ria de protecci\u00f3 de dades tenint en compte de l&#8217;estat de la tecnologia i la naturalesa de les dades emmagatzemades.<br \/>\n&nbsp;<br \/>\nAquest consentiment pot ser revocat i per aix\u00f2 els usuaris poden exercir els seus drets d&#8217;acc\u00e9s, rectificaci\u00f3, supressi\u00f3 i portabilitat de les seves dades; i la limitaci\u00f3 o oposici\u00f3 al seu tractament previstos en el Reglament General Europeu de Protecci\u00f3 de Dades (RGDP) i la Llei Org\u00e0nica 15\/1999, de 13 de desembre, de Protecci\u00f3 de Dades de Car\u00e0cter Personal dirigint una comunicaci\u00f3 per escrit al domicili social de CA L\u2019ISIDRE en C\/ ELS FLORS 10 &#8211; 12, 08001 BARCELONA o b\u00e9, a l&#8217;adre\u00e7a de correu electr\u00f2nic info@calisidre.com; incloent en tots dos casos fotocopia del seu DNI o un altre document identificatiu similar.<\/p>\n<p>&nbsp;<br \/>\n&nbsp;<br \/>\n<strong>XARXES SOCIALS<\/strong><br \/>\n&nbsp;<br \/>\nCA L\u2019ISIDRE est\u00e0 present a les principals xarxes socials: Facebook, Twitter, Google+,Instagram, Linkedin. Per aquest motiu assumeix el paper de Responsable del Tractament de les dades abocades en els seus perfils derivat d&#8217;amics, likes, followers o seguidors, comments, pines, etc.<br \/>\n&nbsp;<br \/>\nL&#8217;usuari accepta expressament estar sotm\u00e8s a les condicions i termes que, en mat\u00e8ria de privadesa, disposen les diferents xarxes socials o plataformes on CA L\u2019ISIDRE est\u00e0 present, facultant a aquest a utilitzar els mitjans que les mateixes xarxes li permet per informar als usuaris sobre les diferents activitats i serveis que realitza.<\/p>\n<p>&nbsp;<br \/>\n&nbsp;<br \/>\n<strong>NEWSLETTER<\/strong><br \/>\n&nbsp;<br \/>\nCA L\u2019ISIDRE podr\u00e0 oferir de manera gratu\u00efta als usuaris el servei de Newsletter, que consisteix en l&#8217;enviament peri\u00f2dic de not\u00edcies i comunicacions comercials relacionades amb l&#8217;entorn del restaurant.<\/p>\n<p>&nbsp;<br \/>\n&nbsp;<br \/>\n<strong>MODIFICACIONS<\/strong><br \/>\n&nbsp;<br \/>\nLa present Pol\u00edtica de Privadesa podr\u00e0 ser actualitzada a qualsevol moment sobre la base de les necessitats pr\u00f2pies de la website i futurs canvis legislatius en mat\u00e8ria de privadesa, reservant-se CA L\u2019ISIDRE aquest dret en exclusiva.<\/p>\n<p>&nbsp;<br \/>\n&nbsp;<br \/>\n<strong>DADES DE CONTACTE<\/strong><br \/>\n&nbsp;<br \/>\nTUYOTU SL<br \/>\nC\/ ELS FLORS 10 &#8211; 12, 08001 BARCELONA<br \/>\nwww.calisidre.com<\/p>\n<p>&nbsp;<br \/>\n&nbsp;<br \/>\n<strong>ACCIONS LEGALS, LEGISLACI\u00d3 APLICABLE I JURISDICCI\u00d3<\/strong><br \/>\n&nbsp;<br \/>\nCA L\u2019ISIDRE es reserva, aix\u00ed mateix, la facultat de presentar les accions civils o penals que consideri oportunes per la utilitzaci\u00f3 indeguda del seu lloc web i continguts, o per l&#8217;incompliment de les presents condicions.<\/p>\n<p>La relaci\u00f3 entre l&#8217;usuari i el prestador es regir\u00e0 per la normativa vigent i d&#8217;aplicaci\u00f3 al territori espanyol. De sorgir qualsevol controv\u00e8rsia les parts podran sotmetre els seus conflictes a arbitratge o acudir a la jurisdicci\u00f3 ordin\u00e0ria complint amb les normes sobre jurisdicci\u00f3 i compet\u00e8ncia sobre aquest tema. CA L\u2019ISIDRE t\u00e9 el seu domicili a BARCELONA, Espanya.<\/p>\n","protected":false},"excerpt":{"rendered":"<p>CA L\u2019ISIDRE, t\u00e9 com a objectiu respectar la privadesa dels seus usuaris i protegir les dades de car\u00e0cter personal que aquests puguin facilitar a trav\u00e9s dels formularis facilitats en o a trav\u00e9s de qualsevol forma de contacte referida a la p\u00e0gina web. L&#8217;usuari consent expressa i inequ\u00edvocament que aquelles dades de car\u00e0cter personal que siguin [&hellip;]<\/p>\n","protected":false},"author":1,"featured_media":0,"parent":0,"menu_order":0,"comment_status":"closed","ping_status":"closed","template":"legal-policy.php","meta":{"_acf_changed":false,"footnotes":""},"class_list":["post-74","page","type-page","status-publish","hentry"],"acf":[],"_links":{"self":[{"href":"https:\/\/labs.100x100.net\/projects\/calisidre\/wp-json\/wp\/v2\/pages\/74","targetHints":{"allow":["GET"]}}],"collection":[{"href":"https:\/\/labs.100x100.net\/projects\/calisidre\/wp-json\/wp\/v2\/pages"}],"about":[{"href":"https:\/\/labs.100x100.net\/projects\/calisidre\/wp-json\/wp\/v2\/types\/page"}],"author":[{"embeddable":true,"href":"https:\/\/labs.100x100.net\/projects\/calisidre\/wp-json\/wp\/v2\/users\/1"}],"replies":[{"embeddable":true,"href":"https:\/\/labs.100x100.net\/projects\/calisidre\/wp-json\/wp\/v2\/comments?post=74"}],"version-history":[{"count":7,"href":"https:\/\/labs.100x100.net\/projects\/calisidre\/wp-json\/wp\/v2\/pages\/74\/revisions"}],"predecessor-version":[{"id":240,"href":"https:\/\/labs.100x100.net\/projects\/calisidre\/wp-json\/wp\/v2\/pages\/74\/revisions\/240"}],"wp:attachment":[{"href":"https:\/\/labs.100x100.net\/projects\/calisidre\/wp-json\/wp\/v2\/media?parent=74"}],"curies":[{"name":"wp","href":"https:\/\/api.w.org\/{rel}","templated":true}]}}