{"id":483,"date":"2018-07-11T07:09:26","date_gmt":"2018-07-11T07:09:26","guid":{"rendered":"http:\/\/calisidre.com\/menu\/"},"modified":"2025-10-29T20:25:17","modified_gmt":"2025-10-29T20:25:17","slug":"menu","status":"publish","type":"page","link":"https:\/\/labs.100x100.net\/projects\/calisidre\/menu\/","title":{"rendered":"Men\u00fas de grup"},"content":{"rendered":"<p>Elaborem men\u00fas per a grups de m\u00e9s de 5 persones a partir de 70\u20ac per comensal.<\/p>\n<p>Cliqui aqu\u00ed per veure els men\u00fas disponibles per desembre. <a href=\"http:\/\/calisidre.com\/custom\/uploads\/2025\/10\/Menus-12-25-cat.pdf\">Men\u00fas 12-25 cat<\/a><\/p>\n<p>Poseu-vos en contacte amb nosaltres per poder elaborar-vos un men\u00fa a la vostra mida.<\/p>\n<p><a href=\"mailto:info@calisidre.com\">info@calisidre.com<\/a><\/p>\n<p>&nbsp;<\/p>\n","protected":false},"excerpt":{"rendered":"<p>Elaborem men\u00fas per a grups de m\u00e9s de 5 persones a partir de 70\u20ac per comensal. Cliqui aqu\u00ed per veure els men\u00fas disponibles per desembre. Men\u00fas 12-25 cat Poseu-vos en contacte amb nosaltres per poder elaborar-vos un men\u00fa a la vostra mida. info@calisidre.com &nbsp;<\/p>\n","protected":false},"author":1,"featured_media":1785,"parent":0,"menu_order":0,"comment_status":"closed","ping_status":"closed","template":"carta-menu.php","meta":{"_acf_changed":false,"footnotes":""},"class_list":["post-483","page","type-page","status-publish","has-post-thumbnail","hentry"],"acf":[],"_links":{"self":[{"href":"https:\/\/labs.100x100.net\/projects\/calisidre\/wp-json\/wp\/v2\/pages\/483","targetHints":{"allow":["GET"]}}],"collection":[{"href":"https:\/\/labs.100x100.net\/projects\/calisidre\/wp-json\/wp\/v2\/pages"}],"about":[{"href":"https:\/\/labs.100x100.net\/projects\/calisidre\/wp-json\/wp\/v2\/types\/page"}],"author":[{"embeddable":true,"href":"https:\/\/labs.100x100.net\/projects\/calisidre\/wp-json\/wp\/v2\/users\/1"}],"replies":[{"embeddable":true,"href":"https:\/\/labs.100x100.net\/projects\/calisidre\/wp-json\/wp\/v2\/comments?post=483"}],"version-history":[{"count":38,"href":"https:\/\/labs.100x100.net\/projects\/calisidre\/wp-json\/wp\/v2\/pages\/483\/revisions"}],"predecessor-version":[{"id":2544,"href":"https:\/\/labs.100x100.net\/projects\/calisidre\/wp-json\/wp\/v2\/pages\/483\/revisions\/2544"}],"wp:featuredmedia":[{"embeddable":true,"href":"https:\/\/labs.100x100.net\/projects\/calisidre\/wp-json\/wp\/v2\/media\/1785"}],"wp:attachment":[{"href":"https:\/\/labs.100x100.net\/projects\/calisidre\/wp-json\/wp\/v2\/media?parent=483"}],"curies":[{"name":"wp","href":"https:\/\/api.w.org\/{rel}","templated":true}]}}