{"id":99,"date":"2018-06-21T10:18:41","date_gmt":"2018-06-21T10:18:41","guid":{"rendered":"http:\/\/calisidre.com\/politica-de-proteccio-de-dades-i-privacitat\/"},"modified":"2018-07-03T14:44:32","modified_gmt":"2018-07-03T14:44:32","slug":"politica-de-proteccion-de-datos-y-privacidad","status":"publish","type":"page","link":"https:\/\/labs.100x100.net\/projects\/calisidre\/es\/politica-de-proteccion-de-datos-y-privacidad\/","title":{"rendered":"Pol\u00edtica de protecci\u00f3n de datos y privacidad"},"content":{"rendered":"<p>CA L\u2019ISIDRE, tiene como objetivo respetar la privacidad de sus usuarios y proteger los datos de car\u00e1cter personal que \u00e9stos puedan facilitar a trav\u00e9s de los formularios facilitados en o a trav\u00e9s de cualquier forma de contacto referida en la p\u00e1gina web.<\/p>\n<p>El usuario consiente expresa e inequ\u00edvocamente que aquellos datos de car\u00e1cter personal que sean facilitados a ra\u00edz de las comunicaciones con CA L\u2019ISIDRE sean incorporados en los ficheros de los que es titular as\u00ed como al tratamiento automatizado, o no, de aquellos con las siguientes finalidades:<br \/>\n &#8211; Gestionar el motivo de su contacto.<br \/>\n &#8211; Prestaci\u00f3n del servicio que nos haya solicitado.<br \/>\n &#8211; Remisi\u00f3n de comunicaciones comerciales, promocionales o publicitarias, incluy\u00e9ndose el env\u00edo de Newsletter en las condiciones que se expondr\u00e1n en el apartado correspondiente si el usuario lo ha solicitado.<br \/>\n&nbsp;<br \/>\nCA L\u2019ISIDRE le informa que ha adoptado las medidas de seguridad de \u00edndole t\u00e9cnicas y organizativas necesarias para garantizar la seguridad e integridad de los datos, as\u00ed como para evitar su p\u00e9rdida, tratamiento o acceso no autorizado conforme a la legislaci\u00f3n vigente en materia de protecci\u00f3n de datos habida cuenta del estado de la tecnolog\u00eda y la naturaleza de los datos almacenados.<br \/>\n&nbsp;<br \/>\nEste consentimiento puede ser revocado y por ello los usuarios pueden ejercer sus derechos de acceso, rectificaci\u00f3n, supresi\u00f3n y portabilidad de sus datos; y la limitaci\u00f3n u oposici\u00f3n a su tratamiento previstos en el Reglamento General Europeo de Protecci\u00f3n de Datos (RGDP) y la Ley Org\u00e1nica 15\/1999, de 13 de diciembre, de Protecci\u00f3n de Datos de Car\u00e1cter Personal dirigiendo una comunicaci\u00f3n por escrito al domicilio social de CA L\u2019ISIDRE en C\/ LES FLORS 10 &#8211; 12, 08001 BARCELONA o bien, a la direcci\u00f3n de correo electr\u00f3nico info@calisidre.com; incluyendo en ambos casos fotocopia de su DNI u otro documento identificativo similar.<\/p>\n<p>&nbsp;<br \/>\n&nbsp;<br \/>\n<strong>REDES SOCIALES<\/strong><br \/>\n&nbsp;<br \/>\nCA L\u2019ISIDRE est\u00e1 presente en las principales redes sociales: Facebook, Twitter, Google+,Instagram, Linkedin. Por este motivo asume el papel de Responsable del Tratamiento de los datos vertidos en sus perfiles derivado de amigos, likes, followers o seguidores, comments, pines, etc.<\/p>\n<p>El usuario acepta expresamente estar sometido a las condiciones y t\u00e9rminos que, en materia<br \/>\nde privacidad, disponen las distintas redes sociales o plataformas donde CA L\u2019ISIDRE<br \/>\nest\u00e1 presente, facultando a \u00e9ste a utilizar los medios que las mismas redes le permite para<br \/>\ninformar a los usuarios sobre las diferentes actividades y servicios que realiza.<\/p>\n<p>&nbsp;<br \/>\n&nbsp;<br \/>\n<strong>NEWSLETTER<\/strong><br \/>\n&nbsp;<br \/>\nCA L\u2019ISIDRE podr\u00e1 ofrecer de manera gratuita a los usuarios el servicio de Newsletter, que consiste en el env\u00edo peri\u00f3dico de noticias y comunicaciones comerciales relacionadas con el entorno del restaurante.<\/p>\n<p>&nbsp;<br \/>\n&nbsp;<br \/>\n<strong>MODIFICACIONES<\/strong><br \/>\n&nbsp;<br \/>\nLa presente Pol\u00edtica de Privacidad podr\u00e1 ser actualizada en cualquier momento en base a las necesidades propias de la website y futuros cambios legislativos en materia de privacidad, reserv\u00e1ndose CA L\u2019ISIDRE este derecho en exclusiva.<\/p>\n<p>&nbsp;<br \/>\n&nbsp;<br \/>\n<strong>DATOS DE CONTACTO<\/strong><br \/>\n&nbsp;<br \/>\nTUYOTU SL<br \/>\nC\/ LES FLORS 10 &#8211; 12, 08001 BARCELONA<br \/>\nwww.calisidre.com<\/p>\n<p>&nbsp;<br \/>\n&nbsp;<br \/>\n<strong>ACCIONES LEGALES, LEGISLACI\u00d3N APLICABLE Y JURISDICCI\u00d3N<\/strong><br \/>\n&nbsp;<br \/>\nCA L\u2019ISIDRE se reserva, asimismo, la facultad de presentar las acciones civiles o penales que considere oportunas por la utilizaci\u00f3n indebida de su sitio web y contenidos, o por el incumplimiento de las presentes condiciones.<\/p>\n<p>La relaci\u00f3n entre el usuario y el prestador se regir\u00e1 por la normativa vigente y de aplicaci\u00f3n en el territorio espa\u00f1ol. De surgir cualquier controversia las partes podr\u00e1n someter sus conflictos a arbitraje o acudir a la jurisdicci\u00f3n ordinaria cumpliendo con las normas sobre jurisdicci\u00f3n y competencia al respecto. CA L\u2019ISIDRE tiene su domicilio en BARCELONA, Espa\u00f1a.<\/p>\n","protected":false},"excerpt":{"rendered":"<p>CA L\u2019ISIDRE, tiene como objetivo respetar la privacidad de sus usuarios y proteger los datos de car\u00e1cter personal que \u00e9stos puedan facilitar a trav\u00e9s de los formularios facilitados en o a trav\u00e9s de cualquier forma de contacto referida en la p\u00e1gina web. El usuario consiente expresa e inequ\u00edvocamente que aquellos datos de car\u00e1cter personal que [&hellip;]<\/p>\n","protected":false},"author":1,"featured_media":0,"parent":0,"menu_order":0,"comment_status":"closed","ping_status":"closed","template":"legal-policy.php","meta":{"_acf_changed":false,"footnotes":""},"class_list":["post-99","page","type-page","status-publish","hentry"],"acf":[],"_links":{"self":[{"href":"https:\/\/labs.100x100.net\/projects\/calisidre\/es\/wp-json\/wp\/v2\/pages\/99","targetHints":{"allow":["GET"]}}],"collection":[{"href":"https:\/\/labs.100x100.net\/projects\/calisidre\/es\/wp-json\/wp\/v2\/pages"}],"about":[{"href":"https:\/\/labs.100x100.net\/projects\/calisidre\/es\/wp-json\/wp\/v2\/types\/page"}],"author":[{"embeddable":true,"href":"https:\/\/labs.100x100.net\/projects\/calisidre\/es\/wp-json\/wp\/v2\/users\/1"}],"replies":[{"embeddable":true,"href":"https:\/\/labs.100x100.net\/projects\/calisidre\/es\/wp-json\/wp\/v2\/comments?post=99"}],"version-history":[{"count":4,"href":"https:\/\/labs.100x100.net\/projects\/calisidre\/es\/wp-json\/wp\/v2\/pages\/99\/revisions"}],"predecessor-version":[{"id":283,"href":"https:\/\/labs.100x100.net\/projects\/calisidre\/es\/wp-json\/wp\/v2\/pages\/99\/revisions\/283"}],"wp:attachment":[{"href":"https:\/\/labs.100x100.net\/projects\/calisidre\/es\/wp-json\/wp\/v2\/media?parent=99"}],"curies":[{"name":"wp","href":"https:\/\/api.w.org\/{rel}","templated":true}]}}