{"id":97,"date":"2018-06-21T10:18:55","date_gmt":"2018-06-21T10:18:55","guid":{"rendered":"http:\/\/calisidre.com\/politica-de-cookies\/"},"modified":"2022-10-20T09:43:37","modified_gmt":"2022-10-20T09:43:37","slug":"politica-de-cookies","status":"publish","type":"page","link":"https:\/\/labs.100x100.net\/projects\/calisidre\/es\/politica-de-cookies\/","title":{"rendered":"Pol\u00edtica de Cookies"},"content":{"rendered":"<div id=\"cookiefirst-policy-page\"><\/div>\n<p><!--\n<strong>AVISO DE COOKIES<\/strong>\n&nbsp;\nPara el buen funcionamiento de la p\u00e1gina web de CA L\u2019 ISIDRE, el sistema de navegaci\u00f3n y el software utilizado recogen algunos datos de navegaci\u00f3n (adelante llamadas \"cookies\") que son necesarias en el uso de los protocolos de comunicaci\u00f3n de Internet. Las \"cookies\" son peque\u00f1os archivos de texto que el navegador almacena cuando se navega por sitios web y aplicaciones. Se puede recoger la direcci\u00f3n IP que utiliza el ordenador para conectarse al sitio web, la direcci\u00f3n URL de la p\u00e1gina web solicitada, la hora de la conexi\u00f3n y otros par\u00e1metros relativos al sistema operativo del entorno inform\u00e1tico usuario. Esta informaci\u00f3n no se asocia a ninguna persona para que no se almacenan datos personales identificativos, sino que es s\u00f3lo una informaci\u00f3n que se recoge para identificar la sesi\u00f3n con el objetivo de facilitar los an\u00e1lisis del sitio web.\n&nbsp;\nLas \"cookies\" quedan guardadas en la memoria del navegador del usuario, aunque la informaci\u00f3n que contienen no se utiliza.\n&nbsp;\nEn esta secci\u00f3n daremos al usuario informaci\u00f3n espec\u00edfica de las \"cookies\" que se utilizan en la p\u00e1gina web de CA L\u2019 ISIDRE le informaremos al usuario de las maneras m\u00e1s habituales para borrarlas o desactivarlas. Para controlar el uso de las \"cookies\" por parte de los sitios web, el usuario puede definir la configuraci\u00f3n de privacidad de su navegador. Si se deshabilitan completamente las \"cookies\" es posible que algunos servicios de la web no funcionen correctamente.\n&nbsp;\n&nbsp;\n\n1. Gesti\u00f3n de las \"cookies\"\nAunque la p\u00e1gina web de CA L\u2019 ISIDRE no utiliza \"cookies\" para recabar datos personales identificativos, informamos de la forma en que el usuario puede restringir o bloquear las \"cookies\" cuando navega por nuestra p\u00e1gina web.\nRecomendamos el sitio web www.aboutcookies.org los usuarios que quieran m\u00e1s informaci\u00f3n y m\u00e1s detalles sobre la gesti\u00f3n de \"cookies\".\nEn esta direcci\u00f3n www.aboutcookies.org\/how-to-control-cookies\/ se puede consultar c\u00f3mo gestionar las \"cookies\" seg\u00fan el navegador.\n&nbsp;\n2. \"Cookies\" que guarda p\u00e1gina web de CA L\u2019 ISIDRE\nCuando los usuarios navegan por la p\u00e1gina web de CA L\u2019 ISIDRE se guarda informaci\u00f3n an\u00f3nima para facilitar el acceso a la informaci\u00f3n. Corresponde a la sesi\u00f3n de usuario.\n&nbsp;\n3. \"Cookies\" de terceros\nLa p\u00e1gina web de CA L\u2019 ISIDRE tambi\u00e9n utilizan \"cookies\" y tecnolog\u00edas de otras empresas dedicadas: Google Analytics. Para medir estad\u00edsticas de acceso a las p\u00e1ginas. (M\u00e1s informaci\u00f3n: https:\/\/developers.google.com\/analytics\/devguides\/collection\/gajs\/cookie-usage?hl=es)\n&nbsp;\n4. \"Cookies\" de sitios web de terceros\nLa p\u00e1gina web de CA L\u2019 ISIDRE, hay veces que se insertan funcionalidades de sitios web externos, como Instagram o las pasarelas de reservas. El contenido est\u00e1 insertado en nuestros portales y existe la posibilidad de que los sitios web de referencia dispongan de \"cookies\". CA L\u2019 ISIDRE no tiene el control sobre la gesti\u00f3n de estas \"cookies\" y, por tanto, se recomienda que se revisen las pol\u00edticas de privacidad de estos sitios web para determinarlo.\n--><\/p>\n","protected":false},"excerpt":{"rendered":"","protected":false},"author":1,"featured_media":0,"parent":0,"menu_order":0,"comment_status":"closed","ping_status":"closed","template":"legal-policy.php","meta":{"_acf_changed":false,"footnotes":""},"class_list":["post-97","page","type-page","status-publish","hentry"],"acf":[],"_links":{"self":[{"href":"https:\/\/labs.100x100.net\/projects\/calisidre\/es\/wp-json\/wp\/v2\/pages\/97","targetHints":{"allow":["GET"]}}],"collection":[{"href":"https:\/\/labs.100x100.net\/projects\/calisidre\/es\/wp-json\/wp\/v2\/pages"}],"about":[{"href":"https:\/\/labs.100x100.net\/projects\/calisidre\/es\/wp-json\/wp\/v2\/types\/page"}],"author":[{"embeddable":true,"href":"https:\/\/labs.100x100.net\/projects\/calisidre\/es\/wp-json\/wp\/v2\/users\/1"}],"replies":[{"embeddable":true,"href":"https:\/\/labs.100x100.net\/projects\/calisidre\/es\/wp-json\/wp\/v2\/comments?post=97"}],"version-history":[{"count":5,"href":"https:\/\/labs.100x100.net\/projects\/calisidre\/es\/wp-json\/wp\/v2\/pages\/97\/revisions"}],"predecessor-version":[{"id":1837,"href":"https:\/\/labs.100x100.net\/projects\/calisidre\/es\/wp-json\/wp\/v2\/pages\/97\/revisions\/1837"}],"wp:attachment":[{"href":"https:\/\/labs.100x100.net\/projects\/calisidre\/es\/wp-json\/wp\/v2\/media?parent=97"}],"curies":[{"name":"wp","href":"https:\/\/api.w.org\/{rel}","templated":true}]}}