{"id":95,"date":"2018-06-21T10:18:17","date_gmt":"2018-06-21T10:18:17","guid":{"rendered":"http:\/\/calisidre.com\/avis-legal\/"},"modified":"2018-07-03T14:24:49","modified_gmt":"2018-07-03T14:24:49","slug":"aviso-legal","status":"publish","type":"page","link":"https:\/\/labs.100x100.net\/projects\/calisidre\/es\/aviso-legal\/","title":{"rendered":"Aviso Legal"},"content":{"rendered":"<p><strong>INFORMACI\u00d3N LEGAL<\/strong><\/p>\n<p>En cumplimiento de la Ley 34\/2002, de 11 de julio, de Servicios de la Sociedad de la Informaci\u00f3n y de Comercio Electr\u00f3nico (LSSI-CE), TUYOTU SL, en adelante CA L\u2019ISIDRE, informa que es titular del sitio web www.calisidre.com. De acuerdo con la exigencia del art\u00edculo 10 de la citada Ley, CA L\u2019ISIDRE informa de los siguientes datos:<\/p>\n<p>El titular de este sitio web es TUYOTU SL, con CIF B62611116 y domicilio social en C\/ LES FLORS 10 &#8211; 12, 08001 BARCELONA, inscrita en el Registro Mercantil, en el tomo 33714, folio 67, hoja B235176 e inscripci\u00f3n 1. La direcci\u00f3n de correo electr\u00f3nico de contacto con la empresa es: info@calisidre.com.<\/p>\n<p>&nbsp;<\/p>\n<p><strong>USUARIO Y R\u00c9GIMEN DE RESPONSABILIDADES<\/strong><\/p>\n<p>La navegaci\u00f3n, acceso y uso por el sitio web de CA L\u2019ISIDRE confiere la condici\u00f3n de usuario, por la que se aceptan, desde la navegaci\u00f3n por el sitio web de CA L\u2019ISIDRE, todas las condiciones de uso aqu\u00ed establecidas sin perjuicio de la aplicaci\u00f3n de la correspondiente normativa de obligado cumplimiento legal seg\u00fan el caso.<\/p>\n<p>El sitio web de CA L\u2019ISIDRE proporciona gran diversidad de informaci\u00f3n, servicios y datos. El usuario asume su responsabilidad en el uso correcto del sitio web. Esta responsabilidad se extender\u00e1 a:<\/p>\n<p> &#8211; La veracidad y licitud de las informaciones aportadas por el usuario en los formularios extendidos por CA L\u2019ISIDRE para el acceso a ciertos contenidos o servicios ofrecidos por el web.<\/li>\n<p> &#8211; El uso de la informaci\u00f3n, servicios y datos ofrecidos por CA L\u2019ISIDRE contrariamente a lo dispuesto por las presentes condiciones, la Ley, la moral, las buenas costumbres o el orden p\u00fablico, o que de cualquier otro modo puedan suponer lesi\u00f3n de los derechos de terceros o del mismo funcionamiento del sitio web.<\/p>\n<p>&nbsp;<\/p>\n<p><strong>POL\u00cdTICA DE ENLACES Y EXENCIONES DE RESPONSABILIDAD<\/strong><\/p>\n<p>CA L\u2019ISIDRE no se hace responsable del contenido de los sitios web a los que el usuario pueda acceder a trav\u00e9s de los enlaces establecidos en su sitio web y declara que en ning\u00fan caso proceder\u00e1 a examinar o ejercitar ning\u00fan tipo de control sobre el contenido de otros sitios de la red. Asimismo, tampoco garantizar\u00e1 la disponibilidad t\u00e9cnica, exactitud, veracidad, validez o legalidad de sitios ajenos a su propiedad a los que se pueda acceder por medio de los enlaces.<\/p>\n<p>CA L\u2019ISIDRE declara haber adoptado todas las medidas necesarias para evitar cualquier da\u00f1o a los usuarios de su sitio web, que pudieran derivarse de la navegaci\u00f3n por su sitio web. En consecuencia, CA L\u2019ISIDRE no se hace responsable, en ning\u00fan caso, de los eventuales da\u00f1os que por la navegaci\u00f3n por Internet pudiera sufrir el usuario.<\/p>\n<p>&nbsp;<\/p>\n<p><strong>MODIFICACIONES<\/strong><\/p>\n<p>CA L\u2019ISIDRE se reserva el derecho a realizar las modificaciones que considere oportunas, sin aviso previo, en el contenido de su sitio web. Tanto en lo referente a los contenidos del sitio web, como en las condiciones de uso del mismo. Dichas modificaciones podr\u00e1n realizarse a trav\u00e9s de su sitio web por cualquier forma admisible en derecho y ser\u00e1n de obligado cumplimiento durante el tiempo en que se encuentren publicadas en la web y hasta que no sean modificadas v\u00e1lidamente por otras posteriores.<\/p>\n<p>&nbsp;<\/p>\n<p><strong>PROPIEDAD INTELECTUAL E INDUSTRIAL<\/strong><\/p>\n<p>CA L\u2019ISIDRE por s\u00ed misma o como cesionaria, es titular de todos los derechos de propiedad intelectual e industrial de su p\u00e1gina web, as\u00ed como de los elementos contenidos en la misma (a t\u00edtulo enunciativo, im\u00e1genes, sonido, audio, v\u00eddeo, dise\u00f1o, textos; marcas, logotipos, combinaciones de colores, estructura y dise\u00f1o, selecci\u00f3n de materiales usados, etc.), titularidad de CA L\u2019ISIDRE. Ser\u00e1n, por consiguiente, obras protegidas como propiedad intelectual por el ordenamiento jur\u00eddico espa\u00f1ol, si\u00e9ndoles aplicables tanto la normativa espa\u00f1ola y comunitaria en este campo, como los tratados internacionales relativos a la materia y suscritos por Espa\u00f1a.<\/p>\n<p>Todos los derechos reservados. En virtud de lo dispuesto en los art\u00edculos 8 y 32.1, p\u00e1rrafo segundo, de la Ley de Propiedad Intelectual, quedan expresamente prohibidas la reproducci\u00f3n, la distribuci\u00f3n y la comunicaci\u00f3n p\u00fablica, incluida su modalidad de puesta a disposici\u00f3n, de la totalidad o parte de los contenidos de esta p\u00e1gina web, con fines comerciales, en cualquier soporte y por cualquier medio t\u00e9cnico, sin la autorizaci\u00f3n de CA L\u2019ISIDRE.<\/p>\n<p>El usuario se compromete a respetar los derechos de Propiedad Intelectual e Industrial titularidad de CA L\u2019ISIDRE. Podr\u00e1 visualizar los elementos del portal e incluso imprimirlos, copiarlos y almacenarlos en el disco duro de su ordenador o en cualquier otro soporte f\u00edsico siempre y cuando sea, \u00fanica y exclusivamente, para su uso personal y privado. El usuario deber\u00e1 abstenerse de suprimir, alterar, eludir o manipular cualquier dispositivo de protecci\u00f3n o sistema de seguridad que estuviera instalado en las p\u00e1ginas de CA L\u2019ISIDRE.<\/p>\n","protected":false},"excerpt":{"rendered":"<p>INFORMACI\u00d3N LEGAL En cumplimiento de la Ley 34\/2002, de 11 de julio, de Servicios de la Sociedad de la Informaci\u00f3n y de Comercio Electr\u00f3nico (LSSI-CE), TUYOTU SL, en adelante CA L\u2019ISIDRE, informa que es titular del sitio web www.calisidre.com. De acuerdo con la exigencia del art\u00edculo 10 de la citada Ley, CA L\u2019ISIDRE informa de [&hellip;]<\/p>\n","protected":false},"author":1,"featured_media":0,"parent":0,"menu_order":0,"comment_status":"closed","ping_status":"closed","template":"legal-policy.php","meta":{"_acf_changed":false,"footnotes":""},"class_list":["post-95","page","type-page","status-publish","hentry"],"acf":[],"_links":{"self":[{"href":"https:\/\/labs.100x100.net\/projects\/calisidre\/es\/wp-json\/wp\/v2\/pages\/95","targetHints":{"allow":["GET"]}}],"collection":[{"href":"https:\/\/labs.100x100.net\/projects\/calisidre\/es\/wp-json\/wp\/v2\/pages"}],"about":[{"href":"https:\/\/labs.100x100.net\/projects\/calisidre\/es\/wp-json\/wp\/v2\/types\/page"}],"author":[{"embeddable":true,"href":"https:\/\/labs.100x100.net\/projects\/calisidre\/es\/wp-json\/wp\/v2\/users\/1"}],"replies":[{"embeddable":true,"href":"https:\/\/labs.100x100.net\/projects\/calisidre\/es\/wp-json\/wp\/v2\/comments?post=95"}],"version-history":[{"count":3,"href":"https:\/\/labs.100x100.net\/projects\/calisidre\/es\/wp-json\/wp\/v2\/pages\/95\/revisions"}],"predecessor-version":[{"id":281,"href":"https:\/\/labs.100x100.net\/projects\/calisidre\/es\/wp-json\/wp\/v2\/pages\/95\/revisions\/281"}],"wp:attachment":[{"href":"https:\/\/labs.100x100.net\/projects\/calisidre\/es\/wp-json\/wp\/v2\/media?parent=95"}],"curies":[{"name":"wp","href":"https:\/\/api.w.org\/{rel}","templated":true}]}}