{"id":452,"date":"2018-07-11T07:09:26","date_gmt":"2018-07-11T07:09:26","guid":{"rendered":"http:\/\/calisidre.com\/?page_id=452"},"modified":"2025-10-29T20:23:39","modified_gmt":"2025-10-29T20:23:39","slug":"menu","status":"publish","type":"page","link":"https:\/\/labs.100x100.net\/projects\/calisidre\/es\/menu\/","title":{"rendered":"Men\u00fas de grupo"},"content":{"rendered":"<p>Elaboramos men\u00fas para grupos de m\u00e1s de 5 personas a partir de 70\u20ac por comensal.<\/p>\n<p>Clique aqu\u00ed para ver los men\u00fas disponibles en diciembre. <a href=\"http:\/\/calisidre.com\/custom\/uploads\/2025\/10\/Menus-12-25.pdf\">Men\u00fas 12-25<\/a><\/p>\n<p>P\u00f3ngase en contacto con nosotros para poder elaborarles un men\u00fa a su medida.<\/p>\n<p><a href=\"mailto:info@calisidre.com\">info@calisidre.com<\/a><\/p>\n<p>&nbsp;<\/p>\n","protected":false},"excerpt":{"rendered":"<p>Elaboramos men\u00fas para grupos de m\u00e1s de 5 personas a partir de 70\u20ac por comensal. Clique aqu\u00ed para ver los men\u00fas disponibles en diciembre. Men\u00fas 12-25 P\u00f3ngase en contacto con nosotros para poder elaborarles un men\u00fa a su medida. info@calisidre.com &nbsp;<\/p>\n","protected":false},"author":1,"featured_media":1788,"parent":0,"menu_order":0,"comment_status":"closed","ping_status":"closed","template":"carta-menu.php","meta":{"_acf_changed":false,"footnotes":""},"class_list":["post-452","page","type-page","status-publish","has-post-thumbnail","hentry"],"acf":[],"_links":{"self":[{"href":"https:\/\/labs.100x100.net\/projects\/calisidre\/es\/wp-json\/wp\/v2\/pages\/452","targetHints":{"allow":["GET"]}}],"collection":[{"href":"https:\/\/labs.100x100.net\/projects\/calisidre\/es\/wp-json\/wp\/v2\/pages"}],"about":[{"href":"https:\/\/labs.100x100.net\/projects\/calisidre\/es\/wp-json\/wp\/v2\/types\/page"}],"author":[{"embeddable":true,"href":"https:\/\/labs.100x100.net\/projects\/calisidre\/es\/wp-json\/wp\/v2\/users\/1"}],"replies":[{"embeddable":true,"href":"https:\/\/labs.100x100.net\/projects\/calisidre\/es\/wp-json\/wp\/v2\/comments?post=452"}],"version-history":[{"count":39,"href":"https:\/\/labs.100x100.net\/projects\/calisidre\/es\/wp-json\/wp\/v2\/pages\/452\/revisions"}],"predecessor-version":[{"id":2543,"href":"https:\/\/labs.100x100.net\/projects\/calisidre\/es\/wp-json\/wp\/v2\/pages\/452\/revisions\/2543"}],"wp:featuredmedia":[{"embeddable":true,"href":"https:\/\/labs.100x100.net\/projects\/calisidre\/es\/wp-json\/wp\/v2\/media\/1788"}],"wp:attachment":[{"href":"https:\/\/labs.100x100.net\/projects\/calisidre\/es\/wp-json\/wp\/v2\/media?parent=452"}],"curies":[{"name":"wp","href":"https:\/\/api.w.org\/{rel}","templated":true}]}}