{"id":3,"date":"2026-03-03T11:34:49","date_gmt":"2026-03-03T10:34:49","guid":{"rendered":"https:\/\/labs.100x100.net\/projects\/anima\/?page_id=3"},"modified":"2026-03-05T14:32:11","modified_gmt":"2026-03-05T13:32:11","slug":"politica-privacidad","status":"publish","type":"page","link":"https:\/\/labs.100x100.net\/projects\/anima\/politica-privacidad\/","title":{"rendered":"Pol\u00edtica de privacidad"},"content":{"rendered":"<p>Davant l\u2019entrada en vigor del Reglament (UE) 2016\/679 del Parlament Europeu i del Consell de 27 d\u2019abril de 2016 relatiu a la Protecci\u00f3 de les Persones F\u00edsiques respecte al tractament de dades personals i a la lliure circulaci\u00f3 de dades i la Llei Org\u00e0nica 15\/1999 de Protecci\u00f3 de Dades de Car\u00e0cter Personal, per poder continuar informant dels productes, promocions i novetats de ANgrup aix\u00ed com informacions d\u2019inter\u00e8s i novetats del sector de la restauraci\u00f3 i la gastronomia cal que ens doni el seu consentiment prement el bot\u00f3 d\u2019acceptaci\u00f3.<\/p>\n<p>L\u2019informem que les seves dades de contacte estan incorporades en un fitxer titularitat de Produccions amb \u00c0nima, S.L. amb domicili a Carrer Hurtado, 7 entresol 1\u00aa 08023 Barcelona, i no seran cedides ni comunicades a tercers per a finalitats diferents per a les quals han estat subministrades, excepte en els sup\u00f2sits d\u2019obligaci\u00f3 legal.<\/p>\n<p>En qualsevol moment pot exercir els drets d\u2019acc\u00e9s, rectificaci\u00f3, supressi\u00f3, limitaci\u00f3, portabilitat i oposici\u00f3 respecte a les seves dades de car\u00e0cter personal previstos a la llei, enviant un escrit acompanyat d\u2019una fotocopia del document d\u2019identitat a l\u2019adre\u00e7a postal de Carrer Hurtado, 7 entresol 1\u00aa 08023 Barcelona.<\/p>\n<p>En cas de disconformitat en relaci\u00f3 a la tramitaci\u00f3 de les seves dades pot presentar una reclamaci\u00f3 davant l\u2019Ag\u00e8ncia Espanyola de Protecci\u00f3 de Dades, organisme que ostenta l\u2019autoritat de control en la mat\u00e8ria, ubicada al C\/ Jorge Juan, 6 (28001 Madrid).<\/p>\n<p>En cas que volgu\u00e9s donar-se de baixa de les comunicacions podr\u00e0 realitzar-ho a trav\u00e9s de qualsevol de les mateixes.<\/p>\n","protected":false},"excerpt":{"rendered":"<p>Davant l\u2019entrada en vigor del Reglament (UE) 2016\/679 del Parlament Europeu i del Consell de 27 d\u2019abril de 2016 relatiu a la Protecci\u00f3 de les Persones F\u00edsiques respecte al tractament de dades personals i a la lliure circulaci\u00f3 de dades i la Llei Org\u00e0nica 15\/1999 de Protecci\u00f3 de Dades de Car\u00e0cter Personal, per poder continuar [&hellip;]<\/p>\n","protected":false},"author":1,"featured_media":0,"parent":0,"menu_order":0,"comment_status":"closed","ping_status":"closed","template":"","meta":{"_acf_changed":false,"footnotes":""},"class_list":["post-3","page","type-page","status-publish","hentry"],"acf":[],"yoast_head":"<!-- This site is optimized with the Yoast SEO plugin v27.0 - https:\/\/yoast.com\/product\/yoast-seo-wordpress\/ -->\n<title>Pol\u00edtica de privacidad - \u00c0nima El Musical<\/title>\n<meta name=\"robots\" content=\"noindex, nofollow\" \/>\n<meta property=\"og:locale\" content=\"ca_ES\" \/>\n<meta property=\"og:type\" content=\"article\" \/>\n<meta property=\"og:title\" content=\"Pol\u00edtica de privacidad - \u00c0nima El Musical\" \/>\n<meta property=\"og:description\" content=\"Davant l\u2019entrada en vigor del Reglament (UE) 2016\/679 del Parlament Europeu i del Consell de 27 d\u2019abril de 2016 relatiu a la Protecci\u00f3 de les Persones F\u00edsiques respecte al tractament de dades personals i a la lliure circulaci\u00f3 de dades i la Llei Org\u00e0nica 15\/1999 de Protecci\u00f3 de Dades de Car\u00e0cter Personal, per poder continuar [&hellip;]\" \/>\n<meta property=\"og:url\" content=\"https:\/\/labs.100x100.net\/projects\/anima\/politica-privacidad\/\" \/>\n<meta property=\"og:site_name\" content=\"\u00c0nima El Musical\" \/>\n<meta property=\"article:modified_time\" content=\"2026-03-05T13:32:11+00:00\" \/>\n<meta name=\"twitter:card\" content=\"summary_large_image\" \/>\n<meta name=\"twitter:label1\" content=\"Temps estimat de lectura\" \/>\n\t<meta name=\"twitter:data1\" content=\"2 minuts\" \/>\n<script type=\"application\/ld+json\" class=\"yoast-schema-graph\">{\"@context\":\"https:\/\/schema.org\",\"@graph\":[{\"@type\":\"WebPage\",\"@id\":\"https:\/\/labs.100x100.net\/projects\/anima\/politica-privacidad\/\",\"url\":\"https:\/\/labs.100x100.net\/projects\/anima\/politica-privacidad\/\",\"name\":\"Pol\u00edtica de privacidad - \u00c0nima El Musical\",\"isPartOf\":{\"@id\":\"https:\/\/labs.100x100.net\/projects\/anima\/#website\"},\"datePublished\":\"2026-03-03T10:34:49+00:00\",\"dateModified\":\"2026-03-05T13:32:11+00:00\",\"breadcrumb\":{\"@id\":\"https:\/\/labs.100x100.net\/projects\/anima\/politica-privacidad\/#breadcrumb\"},\"inLanguage\":\"ca\",\"potentialAction\":[{\"@type\":\"ReadAction\",\"target\":[\"https:\/\/labs.100x100.net\/projects\/anima\/politica-privacidad\/\"]}]},{\"@type\":\"BreadcrumbList\",\"@id\":\"https:\/\/labs.100x100.net\/projects\/anima\/politica-privacidad\/#breadcrumb\",\"itemListElement\":[{\"@type\":\"ListItem\",\"position\":1,\"name\":\"Inici\",\"item\":\"https:\/\/labs.100x100.net\/projects\/anima\/\"},{\"@type\":\"ListItem\",\"position\":2,\"name\":\"Pol\u00edtica de privacidad\"}]},{\"@type\":\"WebSite\",\"@id\":\"https:\/\/labs.100x100.net\/projects\/anima\/#website\",\"url\":\"https:\/\/labs.100x100.net\/projects\/anima\/\",\"name\":\"\u00c0nima El Musical\",\"description\":\"\",\"potentialAction\":[{\"@type\":\"SearchAction\",\"target\":{\"@type\":\"EntryPoint\",\"urlTemplate\":\"https:\/\/labs.100x100.net\/projects\/anima\/?s={search_term_string}\"},\"query-input\":{\"@type\":\"PropertyValueSpecification\",\"valueRequired\":true,\"valueName\":\"search_term_string\"}}],\"inLanguage\":\"ca\"}]}<\/script>\n<!-- \/ Yoast SEO plugin. -->","yoast_head_json":{"title":"Pol\u00edtica de privacidad - \u00c0nima El Musical","robots":{"index":"noindex","follow":"nofollow"},"og_locale":"ca_ES","og_type":"article","og_title":"Pol\u00edtica de privacidad - \u00c0nima El Musical","og_description":"Davant l\u2019entrada en vigor del Reglament (UE) 2016\/679 del Parlament Europeu i del Consell de 27 d\u2019abril de 2016 relatiu a la Protecci\u00f3 de les Persones F\u00edsiques respecte al tractament de dades personals i a la lliure circulaci\u00f3 de dades i la Llei Org\u00e0nica 15\/1999 de Protecci\u00f3 de Dades de Car\u00e0cter Personal, per poder continuar [&hellip;]","og_url":"https:\/\/labs.100x100.net\/projects\/anima\/politica-privacidad\/","og_site_name":"\u00c0nima El Musical","article_modified_time":"2026-03-05T13:32:11+00:00","twitter_card":"summary_large_image","twitter_misc":{"Temps estimat de lectura":"2 minuts"},"schema":{"@context":"https:\/\/schema.org","@graph":[{"@type":"WebPage","@id":"https:\/\/labs.100x100.net\/projects\/anima\/politica-privacidad\/","url":"https:\/\/labs.100x100.net\/projects\/anima\/politica-privacidad\/","name":"Pol\u00edtica de privacidad - \u00c0nima El Musical","isPartOf":{"@id":"https:\/\/labs.100x100.net\/projects\/anima\/#website"},"datePublished":"2026-03-03T10:34:49+00:00","dateModified":"2026-03-05T13:32:11+00:00","breadcrumb":{"@id":"https:\/\/labs.100x100.net\/projects\/anima\/politica-privacidad\/#breadcrumb"},"inLanguage":"ca","potentialAction":[{"@type":"ReadAction","target":["https:\/\/labs.100x100.net\/projects\/anima\/politica-privacidad\/"]}]},{"@type":"BreadcrumbList","@id":"https:\/\/labs.100x100.net\/projects\/anima\/politica-privacidad\/#breadcrumb","itemListElement":[{"@type":"ListItem","position":1,"name":"Inici","item":"https:\/\/labs.100x100.net\/projects\/anima\/"},{"@type":"ListItem","position":2,"name":"Pol\u00edtica de privacidad"}]},{"@type":"WebSite","@id":"https:\/\/labs.100x100.net\/projects\/anima\/#website","url":"https:\/\/labs.100x100.net\/projects\/anima\/","name":"\u00c0nima El Musical","description":"","potentialAction":[{"@type":"SearchAction","target":{"@type":"EntryPoint","urlTemplate":"https:\/\/labs.100x100.net\/projects\/anima\/?s={search_term_string}"},"query-input":{"@type":"PropertyValueSpecification","valueRequired":true,"valueName":"search_term_string"}}],"inLanguage":"ca"}]}},"_links":{"self":[{"href":"https:\/\/labs.100x100.net\/projects\/anima\/wp-json\/wp\/v2\/pages\/3","targetHints":{"allow":["GET"]}}],"collection":[{"href":"https:\/\/labs.100x100.net\/projects\/anima\/wp-json\/wp\/v2\/pages"}],"about":[{"href":"https:\/\/labs.100x100.net\/projects\/anima\/wp-json\/wp\/v2\/types\/page"}],"author":[{"embeddable":true,"href":"https:\/\/labs.100x100.net\/projects\/anima\/wp-json\/wp\/v2\/users\/1"}],"replies":[{"embeddable":true,"href":"https:\/\/labs.100x100.net\/projects\/anima\/wp-json\/wp\/v2\/comments?post=3"}],"version-history":[{"count":2,"href":"https:\/\/labs.100x100.net\/projects\/anima\/wp-json\/wp\/v2\/pages\/3\/revisions"}],"predecessor-version":[{"id":14,"href":"https:\/\/labs.100x100.net\/projects\/anima\/wp-json\/wp\/v2\/pages\/3\/revisions\/14"}],"wp:attachment":[{"href":"https:\/\/labs.100x100.net\/projects\/anima\/wp-json\/wp\/v2\/media?parent=3"}],"curies":[{"name":"wp","href":"https:\/\/api.w.org\/{rel}","templated":true}]}}