{"id":24,"date":"2026-03-03T17:01:05","date_gmt":"2026-03-03T16:01:05","guid":{"rendered":"https:\/\/labs.100x100.net\/projects\/anima\/?page_id=24"},"modified":"2026-03-05T15:02:48","modified_gmt":"2026-03-05T14:02:48","slug":"media","status":"publish","type":"page","link":"https:\/\/labs.100x100.net\/projects\/anima\/media\/","title":{"rendered":"media"},"content":{"rendered":"","protected":false},"excerpt":{"rendered":"","protected":false},"author":1,"featured_media":0,"parent":0,"menu_order":0,"comment_status":"closed","ping_status":"closed","template":"page-media.php","meta":{"_acf_changed":false,"footnotes":""},"class_list":["post-24","page","type-page","status-publish","hentry"],"acf":[],"yoast_head":"<!-- This site is optimized with the Yoast SEO plugin v27.0 - https:\/\/yoast.com\/product\/yoast-seo-wordpress\/ -->\n<title>media - \u00c0nima El Musical<\/title>\n<meta name=\"description\" content=\"Accedeix al material oficial d&#039;\u00c0nima El Musical: galeria de fotos de l&#039;espectacle, cartells i desc\u00e0rrega del dossier de premsa actualitzat (T\u00edvoli 2026).\" \/>\n<meta name=\"robots\" content=\"noindex, follow, max-snippet:-1, max-image-preview:large, max-video-preview:-1\" \/>\n<meta property=\"og:locale\" content=\"ca_ES\" \/>\n<meta property=\"og:type\" content=\"article\" \/>\n<meta property=\"og:title\" content=\"media - \u00c0nima El Musical\" \/>\n<meta property=\"og:description\" content=\"Accedeix al material oficial d&#039;\u00c0nima El Musical: galeria de fotos de l&#039;espectacle, cartells i desc\u00e0rrega del dossier de premsa actualitzat (T\u00edvoli 2026).\" \/>\n<meta property=\"og:url\" content=\"https:\/\/labs.100x100.net\/projects\/anima\/media\/\" \/>\n<meta property=\"og:site_name\" content=\"\u00c0nima El Musical\" \/>\n<meta property=\"article:modified_time\" content=\"2026-03-05T14:02:48+00:00\" \/>\n<meta property=\"og:image\" content=\"https:\/\/hundreds-wordpress-uploads.s3.amazonaws.com\/anima\/uploads\/2026\/03\/Media_1.jpg\" \/>\n\t<meta property=\"og:image:width\" content=\"2500\" \/>\n\t<meta property=\"og:image:height\" content=\"1667\" \/>\n\t<meta property=\"og:image:type\" content=\"image\/jpeg\" \/>\n<meta name=\"twitter:card\" content=\"summary_large_image\" \/>\n<script type=\"application\/ld+json\" class=\"yoast-schema-graph\">{\"@context\":\"https:\/\/schema.org\",\"@graph\":[{\"@type\":\"WebPage\",\"@id\":\"https:\/\/labs.100x100.net\/projects\/anima\/media\/\",\"url\":\"https:\/\/labs.100x100.net\/projects\/anima\/media\/\",\"name\":\"media - \u00c0nima El Musical\",\"isPartOf\":{\"@id\":\"https:\/\/labs.100x100.net\/projects\/anima\/#website\"},\"datePublished\":\"2026-03-03T16:01:05+00:00\",\"dateModified\":\"2026-03-05T14:02:48+00:00\",\"description\":\"Accedeix al material oficial d'\u00c0nima El Musical: galeria de fotos de l'espectacle, cartells i desc\u00e0rrega del dossier de premsa actualitzat (T\u00edvoli 2026).\",\"breadcrumb\":{\"@id\":\"https:\/\/labs.100x100.net\/projects\/anima\/media\/#breadcrumb\"},\"inLanguage\":\"ca\",\"potentialAction\":[{\"@type\":\"ReadAction\",\"target\":[\"https:\/\/labs.100x100.net\/projects\/anima\/media\/\"]}]},{\"@type\":\"BreadcrumbList\",\"@id\":\"https:\/\/labs.100x100.net\/projects\/anima\/media\/#breadcrumb\",\"itemListElement\":[{\"@type\":\"ListItem\",\"position\":1,\"name\":\"Inici\",\"item\":\"https:\/\/labs.100x100.net\/projects\/anima\/\"},{\"@type\":\"ListItem\",\"position\":2,\"name\":\"media\"}]},{\"@type\":\"WebSite\",\"@id\":\"https:\/\/labs.100x100.net\/projects\/anima\/#website\",\"url\":\"https:\/\/labs.100x100.net\/projects\/anima\/\",\"name\":\"\u00c0nima El Musical\",\"description\":\"\",\"potentialAction\":[{\"@type\":\"SearchAction\",\"target\":{\"@type\":\"EntryPoint\",\"urlTemplate\":\"https:\/\/labs.100x100.net\/projects\/anima\/?s={search_term_string}\"},\"query-input\":{\"@type\":\"PropertyValueSpecification\",\"valueRequired\":true,\"valueName\":\"search_term_string\"}}],\"inLanguage\":\"ca\"}]}<\/script>\n<!-- \/ Yoast SEO plugin. -->","yoast_head_json":{"title":"media - \u00c0nima El Musical","description":"Accedeix al material oficial d'\u00c0nima El Musical: galeria de fotos de l'espectacle, cartells i desc\u00e0rrega del dossier de premsa actualitzat (T\u00edvoli 2026).","robots":{"index":"noindex","follow":"follow","max-snippet":"max-snippet:-1","max-image-preview":"max-image-preview:large","max-video-preview":"max-video-preview:-1"},"og_locale":"ca_ES","og_type":"article","og_title":"media - \u00c0nima El Musical","og_description":"Accedeix al material oficial d'\u00c0nima El Musical: galeria de fotos de l'espectacle, cartells i desc\u00e0rrega del dossier de premsa actualitzat (T\u00edvoli 2026).","og_url":"https:\/\/labs.100x100.net\/projects\/anima\/media\/","og_site_name":"\u00c0nima El Musical","article_modified_time":"2026-03-05T14:02:48+00:00","og_image":[{"width":2500,"height":1667,"url":"https:\/\/hundreds-wordpress-uploads.s3.amazonaws.com\/anima\/uploads\/2026\/03\/Media_1.jpg","type":"image\/jpeg"}],"twitter_card":"summary_large_image","schema":{"@context":"https:\/\/schema.org","@graph":[{"@type":"WebPage","@id":"https:\/\/labs.100x100.net\/projects\/anima\/media\/","url":"https:\/\/labs.100x100.net\/projects\/anima\/media\/","name":"media - \u00c0nima El Musical","isPartOf":{"@id":"https:\/\/labs.100x100.net\/projects\/anima\/#website"},"datePublished":"2026-03-03T16:01:05+00:00","dateModified":"2026-03-05T14:02:48+00:00","description":"Accedeix al material oficial d'\u00c0nima El Musical: galeria de fotos de l'espectacle, cartells i desc\u00e0rrega del dossier de premsa actualitzat (T\u00edvoli 2026).","breadcrumb":{"@id":"https:\/\/labs.100x100.net\/projects\/anima\/media\/#breadcrumb"},"inLanguage":"ca","potentialAction":[{"@type":"ReadAction","target":["https:\/\/labs.100x100.net\/projects\/anima\/media\/"]}]},{"@type":"BreadcrumbList","@id":"https:\/\/labs.100x100.net\/projects\/anima\/media\/#breadcrumb","itemListElement":[{"@type":"ListItem","position":1,"name":"Inici","item":"https:\/\/labs.100x100.net\/projects\/anima\/"},{"@type":"ListItem","position":2,"name":"media"}]},{"@type":"WebSite","@id":"https:\/\/labs.100x100.net\/projects\/anima\/#website","url":"https:\/\/labs.100x100.net\/projects\/anima\/","name":"\u00c0nima El Musical","description":"","potentialAction":[{"@type":"SearchAction","target":{"@type":"EntryPoint","urlTemplate":"https:\/\/labs.100x100.net\/projects\/anima\/?s={search_term_string}"},"query-input":{"@type":"PropertyValueSpecification","valueRequired":true,"valueName":"search_term_string"}}],"inLanguage":"ca"}]}},"_links":{"self":[{"href":"https:\/\/labs.100x100.net\/projects\/anima\/wp-json\/wp\/v2\/pages\/24","targetHints":{"allow":["GET"]}}],"collection":[{"href":"https:\/\/labs.100x100.net\/projects\/anima\/wp-json\/wp\/v2\/pages"}],"about":[{"href":"https:\/\/labs.100x100.net\/projects\/anima\/wp-json\/wp\/v2\/types\/page"}],"author":[{"embeddable":true,"href":"https:\/\/labs.100x100.net\/projects\/anima\/wp-json\/wp\/v2\/users\/1"}],"replies":[{"embeddable":true,"href":"https:\/\/labs.100x100.net\/projects\/anima\/wp-json\/wp\/v2\/comments?post=24"}],"version-history":[{"count":5,"href":"https:\/\/labs.100x100.net\/projects\/anima\/wp-json\/wp\/v2\/pages\/24\/revisions"}],"predecessor-version":[{"id":235,"href":"https:\/\/labs.100x100.net\/projects\/anima\/wp-json\/wp\/v2\/pages\/24\/revisions\/235"}],"wp:attachment":[{"href":"https:\/\/labs.100x100.net\/projects\/anima\/wp-json\/wp\/v2\/media?parent=24"}],"curies":[{"name":"wp","href":"https:\/\/api.w.org\/{rel}","templated":true}]}}