{"id":2,"date":"2026-03-03T11:34:49","date_gmt":"2026-03-03T10:34:49","guid":{"rendered":"https:\/\/labs.100x100.net\/projects\/anima\/?page_id=2"},"modified":"2026-03-05T15:19:53","modified_gmt":"2026-03-05T14:19:53","slug":"pagina-ejemplo","status":"publish","type":"page","link":"https:\/\/labs.100x100.net\/projects\/anima\/","title":{"rendered":"Home"},"content":{"rendered":"","protected":false},"excerpt":{"rendered":"","protected":false},"author":1,"featured_media":0,"parent":0,"menu_order":0,"comment_status":"closed","ping_status":"closed","template":"page-home.php","meta":{"_acf_changed":false,"footnotes":""},"class_list":["post-2","page","type-page","status-publish","hentry"],"acf":[],"yoast_head":"<!-- This site is optimized with the Yoast SEO plugin v27.0 - https:\/\/yoast.com\/product\/yoast-seo-wordpress\/ -->\n<title>\u00c0nima: el musical, amb un somni n&#039;hi ha prou | Teatre T\u00edvoli<\/title>\n<meta name=\"description\" content=\"Vero Vero presenta \u00c0nima al Teatre T\u00edvoli. El musical de gran format en catal\u00e0 que ha captivat la cr\u00edtica. Entrades ja a la venda.\" \/>\n<meta name=\"robots\" content=\"noindex, follow, max-snippet:-1, max-image-preview:large, max-video-preview:-1\" \/>\n<meta property=\"og:locale\" content=\"ca_ES\" \/>\n<meta property=\"og:type\" content=\"article\" \/>\n<meta property=\"og:title\" content=\"\u00c0nima: el musical, amb un somni n&#039;hi ha prou | Teatre T\u00edvoli\" \/>\n<meta property=\"og:description\" content=\"Vero Vero presenta \u00c0nima al Teatre T\u00edvoli. El musical de gran format en catal\u00e0 que ha captivat la cr\u00edtica. Entrades ja a la venda.\" \/>\n<meta property=\"og:url\" content=\"https:\/\/labs.100x100.net\/projects\/anima\/\" \/>\n<meta property=\"og:site_name\" content=\"\u00c0nima El Musical\" \/>\n<meta property=\"article:modified_time\" content=\"2026-03-05T14:19:53+00:00\" \/>\n<meta property=\"og:image\" content=\"https:\/\/hundreds-wordpress-uploads.s3.amazonaws.com\/anima\/uploads\/2026\/03\/anima_el_musical.png\" \/>\n\t<meta property=\"og:image:width\" content=\"1639\" \/>\n\t<meta property=\"og:image:height\" content=\"804\" \/>\n\t<meta property=\"og:image:type\" content=\"image\/png\" \/>\n<meta name=\"twitter:card\" content=\"summary_large_image\" \/>\n<script type=\"application\/ld+json\" class=\"yoast-schema-graph\">{\"@context\":\"https:\/\/schema.org\",\"@graph\":[{\"@type\":\"WebPage\",\"@id\":\"https:\/\/labs.100x100.net\/projects\/anima\/\",\"url\":\"https:\/\/labs.100x100.net\/projects\/anima\/\",\"name\":\"\u00c0nima: el musical, amb un somni n'hi ha prou | Teatre T\u00edvoli\",\"isPartOf\":{\"@id\":\"https:\/\/labs.100x100.net\/projects\/anima\/#website\"},\"datePublished\":\"2026-03-03T10:34:49+00:00\",\"dateModified\":\"2026-03-05T14:19:53+00:00\",\"description\":\"Vero Vero presenta \u00c0nima al Teatre T\u00edvoli. El musical de gran format en catal\u00e0 que ha captivat la cr\u00edtica. Entrades ja a la venda.\",\"breadcrumb\":{\"@id\":\"https:\/\/labs.100x100.net\/projects\/anima\/#breadcrumb\"},\"inLanguage\":\"ca\",\"potentialAction\":[{\"@type\":\"ReadAction\",\"target\":[\"https:\/\/labs.100x100.net\/projects\/anima\/\"]}]},{\"@type\":\"BreadcrumbList\",\"@id\":\"https:\/\/labs.100x100.net\/projects\/anima\/#breadcrumb\",\"itemListElement\":[{\"@type\":\"ListItem\",\"position\":1,\"name\":\"Inici\",\"item\":\"https:\/\/labs.100x100.net\/projects\/anima\/\"},{\"@type\":\"ListItem\",\"position\":2,\"name\":\"Home\"}]},{\"@type\":\"WebSite\",\"@id\":\"https:\/\/labs.100x100.net\/projects\/anima\/#website\",\"url\":\"https:\/\/labs.100x100.net\/projects\/anima\/\",\"name\":\"\u00c0nima El Musical\",\"description\":\"\",\"potentialAction\":[{\"@type\":\"SearchAction\",\"target\":{\"@type\":\"EntryPoint\",\"urlTemplate\":\"https:\/\/labs.100x100.net\/projects\/anima\/?s={search_term_string}\"},\"query-input\":{\"@type\":\"PropertyValueSpecification\",\"valueRequired\":true,\"valueName\":\"search_term_string\"}}],\"inLanguage\":\"ca\"}]}<\/script>\n<!-- \/ Yoast SEO plugin. -->","yoast_head_json":{"title":"\u00c0nima: el musical, amb un somni n'hi ha prou | Teatre T\u00edvoli","description":"Vero Vero presenta \u00c0nima al Teatre T\u00edvoli. El musical de gran format en catal\u00e0 que ha captivat la cr\u00edtica. Entrades ja a la venda.","robots":{"index":"noindex","follow":"follow","max-snippet":"max-snippet:-1","max-image-preview":"max-image-preview:large","max-video-preview":"max-video-preview:-1"},"og_locale":"ca_ES","og_type":"article","og_title":"\u00c0nima: el musical, amb un somni n'hi ha prou | Teatre T\u00edvoli","og_description":"Vero Vero presenta \u00c0nima al Teatre T\u00edvoli. El musical de gran format en catal\u00e0 que ha captivat la cr\u00edtica. Entrades ja a la venda.","og_url":"https:\/\/labs.100x100.net\/projects\/anima\/","og_site_name":"\u00c0nima El Musical","article_modified_time":"2026-03-05T14:19:53+00:00","og_image":[{"width":1639,"height":804,"url":"https:\/\/hundreds-wordpress-uploads.s3.amazonaws.com\/anima\/uploads\/2026\/03\/anima_el_musical.png","type":"image\/png"}],"twitter_card":"summary_large_image","schema":{"@context":"https:\/\/schema.org","@graph":[{"@type":"WebPage","@id":"https:\/\/labs.100x100.net\/projects\/anima\/","url":"https:\/\/labs.100x100.net\/projects\/anima\/","name":"\u00c0nima: el musical, amb un somni n'hi ha prou | Teatre T\u00edvoli","isPartOf":{"@id":"https:\/\/labs.100x100.net\/projects\/anima\/#website"},"datePublished":"2026-03-03T10:34:49+00:00","dateModified":"2026-03-05T14:19:53+00:00","description":"Vero Vero presenta \u00c0nima al Teatre T\u00edvoli. El musical de gran format en catal\u00e0 que ha captivat la cr\u00edtica. Entrades ja a la venda.","breadcrumb":{"@id":"https:\/\/labs.100x100.net\/projects\/anima\/#breadcrumb"},"inLanguage":"ca","potentialAction":[{"@type":"ReadAction","target":["https:\/\/labs.100x100.net\/projects\/anima\/"]}]},{"@type":"BreadcrumbList","@id":"https:\/\/labs.100x100.net\/projects\/anima\/#breadcrumb","itemListElement":[{"@type":"ListItem","position":1,"name":"Inici","item":"https:\/\/labs.100x100.net\/projects\/anima\/"},{"@type":"ListItem","position":2,"name":"Home"}]},{"@type":"WebSite","@id":"https:\/\/labs.100x100.net\/projects\/anima\/#website","url":"https:\/\/labs.100x100.net\/projects\/anima\/","name":"\u00c0nima El Musical","description":"","potentialAction":[{"@type":"SearchAction","target":{"@type":"EntryPoint","urlTemplate":"https:\/\/labs.100x100.net\/projects\/anima\/?s={search_term_string}"},"query-input":{"@type":"PropertyValueSpecification","valueRequired":true,"valueName":"search_term_string"}}],"inLanguage":"ca"}]}},"_links":{"self":[{"href":"https:\/\/labs.100x100.net\/projects\/anima\/wp-json\/wp\/v2\/pages\/2","targetHints":{"allow":["GET"]}}],"collection":[{"href":"https:\/\/labs.100x100.net\/projects\/anima\/wp-json\/wp\/v2\/pages"}],"about":[{"href":"https:\/\/labs.100x100.net\/projects\/anima\/wp-json\/wp\/v2\/types\/page"}],"author":[{"embeddable":true,"href":"https:\/\/labs.100x100.net\/projects\/anima\/wp-json\/wp\/v2\/users\/1"}],"replies":[{"embeddable":true,"href":"https:\/\/labs.100x100.net\/projects\/anima\/wp-json\/wp\/v2\/comments?post=2"}],"version-history":[{"count":6,"href":"https:\/\/labs.100x100.net\/projects\/anima\/wp-json\/wp\/v2\/pages\/2\/revisions"}],"predecessor-version":[{"id":74,"href":"https:\/\/labs.100x100.net\/projects\/anima\/wp-json\/wp\/v2\/pages\/2\/revisions\/74"}],"wp:attachment":[{"href":"https:\/\/labs.100x100.net\/projects\/anima\/wp-json\/wp\/v2\/media?parent=2"}],"curies":[{"name":"wp","href":"https:\/\/api.w.org\/{rel}","templated":true}]}}