{"id":18,"date":"2026-03-03T17:00:47","date_gmt":"2026-03-03T16:00:47","guid":{"rendered":"https:\/\/labs.100x100.net\/projects\/anima\/?page_id=18"},"modified":"2026-03-05T14:41:07","modified_gmt":"2026-03-05T13:41:07","slug":"elenc","status":"publish","type":"page","link":"https:\/\/labs.100x100.net\/projects\/anima\/elenc\/","title":{"rendered":"Elenc"},"content":{"rendered":"","protected":false},"excerpt":{"rendered":"","protected":false},"author":1,"featured_media":0,"parent":0,"menu_order":0,"comment_status":"closed","ping_status":"closed","template":"page-elenc.php","meta":{"_acf_changed":false,"footnotes":""},"class_list":["post-18","page","type-page","status-publish","hentry"],"acf":[],"yoast_head":"<!-- This site is optimized with the Yoast SEO plugin v27.0 - https:\/\/yoast.com\/product\/yoast-seo-wordpress\/ -->\n<title>Elenc - \u00c0nima El Musical<\/title>\n<meta name=\"description\" content=\"Descobreix l&#039;elenc d&#039;\u00c0nima. Coneix els actors i artistes que donen vida a la hist\u00f2ria de la Greta i el somni de l&#039;animaci\u00f3 al Teatre T\u00edvoli.\" \/>\n<meta name=\"robots\" content=\"noindex, follow, max-snippet:-1, max-image-preview:large, max-video-preview:-1\" \/>\n<meta property=\"og:locale\" content=\"ca_ES\" \/>\n<meta property=\"og:type\" content=\"article\" \/>\n<meta property=\"og:title\" content=\"Elenc - \u00c0nima El Musical\" \/>\n<meta property=\"og:description\" content=\"Descobreix l&#039;elenc d&#039;\u00c0nima. Coneix els actors i artistes que donen vida a la hist\u00f2ria de la Greta i el somni de l&#039;animaci\u00f3 al Teatre T\u00edvoli.\" \/>\n<meta property=\"og:url\" content=\"https:\/\/labs.100x100.net\/projects\/anima\/elenc\/\" \/>\n<meta property=\"og:site_name\" content=\"\u00c0nima El Musical\" \/>\n<meta property=\"article:modified_time\" content=\"2026-03-05T13:41:07+00:00\" \/>\n<meta name=\"twitter:card\" content=\"summary_large_image\" \/>\n<script type=\"application\/ld+json\" class=\"yoast-schema-graph\">{\"@context\":\"https:\/\/schema.org\",\"@graph\":[{\"@type\":\"WebPage\",\"@id\":\"https:\/\/labs.100x100.net\/projects\/anima\/elenc\/\",\"url\":\"https:\/\/labs.100x100.net\/projects\/anima\/elenc\/\",\"name\":\"Elenc - \u00c0nima El Musical\",\"isPartOf\":{\"@id\":\"https:\/\/labs.100x100.net\/projects\/anima\/#website\"},\"datePublished\":\"2026-03-03T16:00:47+00:00\",\"dateModified\":\"2026-03-05T13:41:07+00:00\",\"description\":\"Descobreix l'elenc d'\u00c0nima. Coneix els actors i artistes que donen vida a la hist\u00f2ria de la Greta i el somni de l'animaci\u00f3 al Teatre T\u00edvoli.\",\"breadcrumb\":{\"@id\":\"https:\/\/labs.100x100.net\/projects\/anima\/elenc\/#breadcrumb\"},\"inLanguage\":\"ca\",\"potentialAction\":[{\"@type\":\"ReadAction\",\"target\":[\"https:\/\/labs.100x100.net\/projects\/anima\/elenc\/\"]}]},{\"@type\":\"BreadcrumbList\",\"@id\":\"https:\/\/labs.100x100.net\/projects\/anima\/elenc\/#breadcrumb\",\"itemListElement\":[{\"@type\":\"ListItem\",\"position\":1,\"name\":\"Inici\",\"item\":\"https:\/\/labs.100x100.net\/projects\/anima\/\"},{\"@type\":\"ListItem\",\"position\":2,\"name\":\"Elenc\"}]},{\"@type\":\"WebSite\",\"@id\":\"https:\/\/labs.100x100.net\/projects\/anima\/#website\",\"url\":\"https:\/\/labs.100x100.net\/projects\/anima\/\",\"name\":\"\u00c0nima El Musical\",\"description\":\"\",\"potentialAction\":[{\"@type\":\"SearchAction\",\"target\":{\"@type\":\"EntryPoint\",\"urlTemplate\":\"https:\/\/labs.100x100.net\/projects\/anima\/?s={search_term_string}\"},\"query-input\":{\"@type\":\"PropertyValueSpecification\",\"valueRequired\":true,\"valueName\":\"search_term_string\"}}],\"inLanguage\":\"ca\"}]}<\/script>\n<!-- \/ Yoast SEO plugin. -->","yoast_head_json":{"title":"Elenc - \u00c0nima El Musical","description":"Descobreix l'elenc d'\u00c0nima. Coneix els actors i artistes que donen vida a la hist\u00f2ria de la Greta i el somni de l'animaci\u00f3 al Teatre T\u00edvoli.","robots":{"index":"noindex","follow":"follow","max-snippet":"max-snippet:-1","max-image-preview":"max-image-preview:large","max-video-preview":"max-video-preview:-1"},"og_locale":"ca_ES","og_type":"article","og_title":"Elenc - \u00c0nima El Musical","og_description":"Descobreix l'elenc d'\u00c0nima. Coneix els actors i artistes que donen vida a la hist\u00f2ria de la Greta i el somni de l'animaci\u00f3 al Teatre T\u00edvoli.","og_url":"https:\/\/labs.100x100.net\/projects\/anima\/elenc\/","og_site_name":"\u00c0nima El Musical","article_modified_time":"2026-03-05T13:41:07+00:00","twitter_card":"summary_large_image","schema":{"@context":"https:\/\/schema.org","@graph":[{"@type":"WebPage","@id":"https:\/\/labs.100x100.net\/projects\/anima\/elenc\/","url":"https:\/\/labs.100x100.net\/projects\/anima\/elenc\/","name":"Elenc - \u00c0nima El Musical","isPartOf":{"@id":"https:\/\/labs.100x100.net\/projects\/anima\/#website"},"datePublished":"2026-03-03T16:00:47+00:00","dateModified":"2026-03-05T13:41:07+00:00","description":"Descobreix l'elenc d'\u00c0nima. Coneix els actors i artistes que donen vida a la hist\u00f2ria de la Greta i el somni de l'animaci\u00f3 al Teatre T\u00edvoli.","breadcrumb":{"@id":"https:\/\/labs.100x100.net\/projects\/anima\/elenc\/#breadcrumb"},"inLanguage":"ca","potentialAction":[{"@type":"ReadAction","target":["https:\/\/labs.100x100.net\/projects\/anima\/elenc\/"]}]},{"@type":"BreadcrumbList","@id":"https:\/\/labs.100x100.net\/projects\/anima\/elenc\/#breadcrumb","itemListElement":[{"@type":"ListItem","position":1,"name":"Inici","item":"https:\/\/labs.100x100.net\/projects\/anima\/"},{"@type":"ListItem","position":2,"name":"Elenc"}]},{"@type":"WebSite","@id":"https:\/\/labs.100x100.net\/projects\/anima\/#website","url":"https:\/\/labs.100x100.net\/projects\/anima\/","name":"\u00c0nima El Musical","description":"","potentialAction":[{"@type":"SearchAction","target":{"@type":"EntryPoint","urlTemplate":"https:\/\/labs.100x100.net\/projects\/anima\/?s={search_term_string}"},"query-input":{"@type":"PropertyValueSpecification","valueRequired":true,"valueName":"search_term_string"}}],"inLanguage":"ca"}]}},"_links":{"self":[{"href":"https:\/\/labs.100x100.net\/projects\/anima\/wp-json\/wp\/v2\/pages\/18","targetHints":{"allow":["GET"]}}],"collection":[{"href":"https:\/\/labs.100x100.net\/projects\/anima\/wp-json\/wp\/v2\/pages"}],"about":[{"href":"https:\/\/labs.100x100.net\/projects\/anima\/wp-json\/wp\/v2\/types\/page"}],"author":[{"embeddable":true,"href":"https:\/\/labs.100x100.net\/projects\/anima\/wp-json\/wp\/v2\/users\/1"}],"replies":[{"embeddable":true,"href":"https:\/\/labs.100x100.net\/projects\/anima\/wp-json\/wp\/v2\/comments?post=18"}],"version-history":[{"count":4,"href":"https:\/\/labs.100x100.net\/projects\/anima\/wp-json\/wp\/v2\/pages\/18\/revisions"}],"predecessor-version":[{"id":231,"href":"https:\/\/labs.100x100.net\/projects\/anima\/wp-json\/wp\/v2\/pages\/18\/revisions\/231"}],"wp:attachment":[{"href":"https:\/\/labs.100x100.net\/projects\/anima\/wp-json\/wp\/v2\/media?parent=18"}],"curies":[{"name":"wp","href":"https:\/\/api.w.org\/{rel}","templated":true}]}}